{"id":26381,"date":"2021-10-25T17:54:41","date_gmt":"2021-10-25T17:54:41","guid":{"rendered":"https:\/\/terracotadoalgarve.com\/fr\/?page_id=26381"},"modified":"2025-02-16T10:53:57","modified_gmt":"2025-02-16T10:53:57","slug":"placement-du-carreau-de-ciment","status":"publish","type":"page","link":"https:\/\/terracotadoalgarve.com\/fr\/placement-du-carreau-de-ciment\/","title":{"rendered":"Placement du Carreau de Ciment"},"content":{"rendered":"<div class=\"wpb-content-wrapper\"><p>[vc_row][vc_column width=\u00a0\u00bb1\/3&Prime;][vc_single_image image=\u00a0\u00bb26373&Prime; img_size=\u00a0\u00bbfull\u00a0\u00bb][vc_single_image image=\u00a0\u00bb26374&Prime; img_size=\u00a0\u00bbfull\u00a0\u00bb][\/vc_column][vc_column width=\u00a0\u00bb2\/3&Prime;][vc_column_text css=\u00a0\u00bb\u00a0\u00bb]<span style=\"font-weight: 400;\">Le processus de placement que nous recommandons est simple, propre et rapide.<\/span><\/p>\n<p><span style=\"font-weight: 400;\">Nous recommandons \u00e9galement l&#8217;embauche d&rsquo;un applicateur professionnel.<\/span><\/p>\n<p>&nbsp;<\/p>\n<p><b>1 Pr\u00e9paration de la surface<\/b><\/p>\n<p><span style=\"font-weight: 400;\">Pr\u00e9parer une surface parfaitement plane en, laissant un espace de la hauteur de 24mm pour coller les mosa\u00efques (20mm pour les mosa\u00efques, 4 mm pour le ciment colle).\u00a0<\/span><\/p>\n<p><span style=\"font-weight: 400;\">Attendez que la surface soit compl\u00e8tement s\u00e8che, sinon l&rsquo;humidit\u00e9 du chantier va s&rsquo;\u00e9vaporer \u00e0 travers les mosa\u00efques et laisser des taches de salp\u00eatre.<\/span><\/p>\n<p><span style=\"font-weight: 400;\">Si le mod\u00e8le choisi est un tapis de style traditionnel commencez par le centre, puis le bord et enfin les mosa\u00efques ext\u00e9rieures simples jusqu\u2019aux murs.<\/span><\/p>\n<p>&nbsp;<\/p>\n<p><b>2 Pr\u00e9paration de la mosa\u00efque<\/b><\/p>\n<p><span style=\"font-weight: 400;\">Nettoyer et humidifier la face inf\u00e9rieure (grise) de la mosa\u00efque pour faciliter l&rsquo;adh\u00e9rence du ciment colle.<\/span><\/p>\n<p><span style=\"font-weight: 400;\">Nettoyer \u00e9galement les faces lat\u00e9rales afin d&rsquo;assurer une jonction parfaite.<\/span><\/p>\n<p><span style=\"font-weight: 400;\">Pour couper les carreaux utilisez une lame diamant\u00e9e.<\/span><\/p>\n<p>&nbsp;<\/p>\n<p><b>3 Application du ciment colle<\/b><\/p>\n<p><span style=\"font-weight: 400;\">Appliquer le ciment colle uniform\u00e9ment sur la surface du b\u00e9ton \u00e0 l&rsquo;aide d&rsquo;une spatule large.<\/span><\/p>\n<p><span style=\"font-weight: 400;\">Appliquer le ciment colle aussi sur la face inf\u00e9rieure de la mosa\u00efque.<\/span><\/p>\n<p>&nbsp;<\/p>\n<p><b>4 Pose<\/b><\/p>\n<p><span style=\"font-weight: 400;\">Poser les mosa\u00efques et les niveler tr\u00e8s soigneusement, un par un, en les pressant avec la paume de la main. Marteler trop vigoureusement avec un maillet en caoutchouc ira provoquer l&rsquo;apparition progressive de microfissures.<\/span><\/p>\n<p><span style=\"font-weight: 400;\">Les mosa\u00efques sont plac\u00e9es:<\/span><\/p>\n<ul>\n<li><span style=\"font-weight: 400;\"> Sans laisser de joints entre les mosa\u00efques (la distance entre chaque mosa\u00efque est de plus ou moins 1 mm);<\/span><\/li>\n<li><span style=\"font-weight: 400;\"> Bien align\u00e9s (pour respecter le dessin);<\/span><\/li>\n<li><span style=\"font-weight: 400;\"> Parfaitement nivel\u00e9s, les variations d\u2019\u00e9paisseur tol\u00e9r\u00e9es sont de plus ou moins 1 mm et sont compens\u00e9es avec du ciment colle).<\/span><\/li>\n<\/ul>\n<p><span style=\"font-weight: 400;\">Nous vous d\u00e9conseillons Cat\u00e9goriquement le placement des carreaux directement sur le dessus d&rsquo;une chape fra\u00eeche. Le r\u00e9sultat serait au fil du temps, presque certainement, des mosa\u00efques d\u00e9nivel\u00e9es, sans adh\u00e9rence ou creux.<\/span><\/p>\n<p><b>5 Joints<\/b><\/p>\n<p><span style=\"font-weight: 400;\">L&rsquo;espace (tr\u00e8s mince) entre les mosa\u00efques est rempli de mortier pour joints \u00e0 l\u2019aide d\u2019une spatule.<\/span><\/p>\n<p><span style=\"font-weight: 400;\">Dans le cas des mosa\u00efques simples on peut aussi pigmenter le mortier pour joints, le rapprochant ainsi de la couleur de la mosa\u00efque. Dans les mosa\u00efques avec des motifs on ne doit pas utiliser du mortier pigment\u00e9.<\/span><\/p>\n<p><span style=\"font-weight: 400;\">On doit aussi \u00e9liminer imm\u00e9diatement l\u2019exc\u00e8s de mortier \u00e0 l\u2019aide d\u2019un chiffon humide.<\/span><\/p>\n<p>&nbsp;<\/p>\n<p><b>6 Nettoyage pendant le travail<\/b><\/p>\n<p><span style=\"font-weight: 400;\">Nettoyer imm\u00e9diatement avec un chiffon humide les restes de ciment ou de salet\u00e9 du chantier, de sorte que ceux-ci ne se collent pas \u00e0 la mosa\u00efque.<\/span><\/p>\n<p><span style=\"font-weight: 400;\">Les t\u00e2ches de ciment sec sont \u00e9limin\u00e9es en pon\u00e7ant d\u00e9licatement avec du papier de verre n \u00b0 600.<\/span><\/p>\n<p>&nbsp;<\/p>\n<p><b>7 S\u00e9chage<\/b><\/p>\n<p><span style=\"font-weight: 400;\">Laisser bien s\u00e9cher les planchers finis.<\/span><\/p>\n<p><span style=\"font-weight: 400;\">Ne pas marcher sur les carreaux avant que le ciment colle soit compl\u00e8tement sec.<\/span><\/p>\n<p><span style=\"font-weight: 400;\">Le s\u00e9chage durera plusieurs jours, selon les conditions m\u00e9t\u00e9orologiques.<\/span><\/p>\n<p><span style=\"font-weight: 400;\">Apr\u00e8s le s\u00e9chage complet la mosa\u00efque retrouvera sa couleur originale.<\/span><\/p>\n<p>&nbsp;<\/p>\n<p><b>8 Traitement\/Protection<\/b><\/p>\n<p><span style=\"font-weight: 400;\">Une fois la surface compl\u00e8tement propre et s\u00e8che, et \u00e0 l&rsquo;aide d&rsquo;un pinceau, appliquer le protecteur hydrofuge\/ol\u00e9ofuge Zorpit-PGM qui, sans alt\u00e9rer l&rsquo;aspect du mat\u00e9riau, emp\u00eache l&rsquo;absorption d&rsquo;humidit\u00e9 et l&rsquo;apparition de taches. Attendre 24 heures et appliquer une deuxi\u00e8me couche du produit. Ce traitement emp\u00eache la p\u00e9n\u00e9tration profonde des substances organiques sans alt\u00e9rer l\u2019aspect original de la Mosa\u00efque.<\/span><\/p>\n<p>&nbsp;<\/p>\n<p><b>9 Nettoyage quotidien<\/b><\/p>\n<p><span style=\"font-weight: 400;\">Utilisez uniquement des d\u00e9tergents neutres. Les produits industriels, acides ou alcalins peuvent endommager les mosa\u00efques, alt\u00e9rant ou perdant leur couleur.<\/span><\/p>\n<p><span style=\"font-weight: 400;\">Nettoyez le sol en mosa\u00efque hydraulique avec un chiffon ou une brosse douce, de l&rsquo;eau et du savon neutre (vert ou bleu, produits pour marbre).<\/span><\/p>\n<p><span style=\"font-weight: 400;\">La cire incolore prot\u00e8ge et fait briller les mosa\u00efques, mais ne nettoie pas et s&rsquo;accumule si elle n&rsquo;est pas d\u00e9cap\u00e9e r\u00e9guli\u00e8rement.<\/span>[\/vc_column_text][\/vc_column][\/vc_row]<\/p>\n<\/div>","protected":false},"excerpt":{"rendered":"<p>[vc_row][vc_column width=\u00a0\u00bb1\/3&Prime;][vc_single_image image=\u00a0\u00bb26373&Prime; img_size=\u00a0\u00bbfull\u00a0\u00bb][vc_single_image image=\u00a0\u00bb26374&Prime; img_size=\u00a0\u00bbfull\u00a0\u00bb][\/vc_column][vc_column width=\u00a0\u00bb2\/3&Prime;][vc_column_text css=\u00a0\u00bb\u00a0\u00bb]Le processus de placement que nous recommandons est simple, propre et rapide. Nous recommandons \u00e9galement l&#8217;embauche d&rsquo;un applicateur professionnel.<span class=\"excerpt-hellip\"> [\u2026]<\/span><\/p>\n","protected":false},"author":1,"featured_media":0,"parent":0,"menu_order":0,"comment_status":"closed","ping_status":"closed","template":"","meta":{"_monsterinsights_skip_tracking":false,"_monsterinsights_sitenote_active":false,"_monsterinsights_sitenote_note":"","_monsterinsights_sitenote_category":0,"footnotes":""},"class_list":["post-26381","page","type-page","status-publish","hentry"],"_links":{"self":[{"href":"https:\/\/terracotadoalgarve.com\/fr\/wp-json\/wp\/v2\/pages\/26381","targetHints":{"allow":["GET"]}}],"collection":[{"href":"https:\/\/terracotadoalgarve.com\/fr\/wp-json\/wp\/v2\/pages"}],"about":[{"href":"https:\/\/terracotadoalgarve.com\/fr\/wp-json\/wp\/v2\/types\/page"}],"author":[{"embeddable":true,"href":"https:\/\/terracotadoalgarve.com\/fr\/wp-json\/wp\/v2\/users\/1"}],"replies":[{"embeddable":true,"href":"https:\/\/terracotadoalgarve.com\/fr\/wp-json\/wp\/v2\/comments?post=26381"}],"version-history":[{"count":2,"href":"https:\/\/terracotadoalgarve.com\/fr\/wp-json\/wp\/v2\/pages\/26381\/revisions"}],"predecessor-version":[{"id":27961,"href":"https:\/\/terracotadoalgarve.com\/fr\/wp-json\/wp\/v2\/pages\/26381\/revisions\/27961"}],"wp:attachment":[{"href":"https:\/\/terracotadoalgarve.com\/fr\/wp-json\/wp\/v2\/media?parent=26381"}],"curies":[{"name":"wp","href":"https:\/\/api.w.org\/{rel}","templated":true}]}}