{"id":26376,"date":"2021-10-25T16:50:36","date_gmt":"2021-10-25T16:50:36","guid":{"rendered":"https:\/\/terracotadoalgarve.com\/fr\/?page_id=26376"},"modified":"2022-03-22T10:11:33","modified_gmt":"2022-03-22T10:11:33","slug":"qualites-du-carreau-de-ciment","status":"publish","type":"page","link":"https:\/\/terracotadoalgarve.com\/fr\/qualites-du-carreau-de-ciment\/","title":{"rendered":"Qualit\u00e9s du Carreau de Ciment"},"content":{"rendered":"<div class=\"wpb-content-wrapper\"><p>[vc_row el_position=\u00a0\u00bbfirst last\u00a0\u00bb][vc_column width=\u00a0\u00bb1\/3&Prime;][vc_single_image image=\u00a0\u00bb26372&Prime; img_size=\u00a0\u00bbfull\u00a0\u00bb][\/vc_column][vc_column width=\u00a0\u00bb2\/3&Prime;][vc_column_text el_position=\u00a0\u00bbfirst last\u00a0\u00bb]<strong>R\u00e9sistant \u00e0 l\u2019usure:<\/strong><\/p>\n<p>Le ciment est tr\u00e8s dur et la couche pigment\u00e9e est tr\u00e8s profonde (4-5 mm), ce qui fait que l\u2019\u00e9rosion ne retire aucune qualit\u00e9 technique ou d\u00e9corative aux mosa\u00efques. Selon les experts, les mosa\u00efques deviennent encore plus belles au fil des ans puisque l\u2019utilisation les rend plus brillantes et polies.<\/p>\n<p><strong>Plasticit\u00e9:<\/strong><\/p>\n<p>Avec une base en mortier de ciment, les mosa\u00efques hydrauliques accompagnent les d\u00e9formations de la structure en b\u00e9ton (caus\u00e9es par les changements de temps, comme les dilatations par exemple), ce qui leur permet d\u2019\u00eatre plac\u00e9es sans joints. Et c\u2019est avec des joints tr\u00e8s r\u00e9duits que l\u2019on r\u00e9ussit d\u2019authentiques tapis sur le sol.<\/p>\n<p><strong>Vari\u00e9t\u00e9:<\/strong><\/p>\n<p>Les mosa\u00efques permettent de diff\u00e9rents types de finitions (naturel, mate, brillant, etc.) Plusieurs dessins (classique, contemporain, g\u00e9om\u00e9trique, floral etc.) Et diverses combinaisons de mat\u00e9riaux (bois, ciment poli, marbre, etc.).<\/p>\n<p><strong>Versatilit\u00e9:<\/strong><\/p>\n<p>La mosa\u00efque hydraulique se combine avec d\u2019autres types de rev\u00eatements de sol tels que le bois, la terre cuite, la pierre, etc., ce qui permet de nombreuses solutions originales.<\/p>\n<p><strong>CARREAU DE CIMENT<\/strong><\/p>\n<p><strong>Mosa\u00efques de la M\u00e9diterran\u00e9e produites sur commande<\/strong><\/p>\n<ul>\n<li>De nombreux dessins dans le catalogue, traditionnels et contemporains.<\/li>\n<li>Une palette de diverses couleurs.<\/li>\n<li>Cr\u00e9ation de mod\u00e8les sur demande.<\/li>\n<li>Format 10\u00d710 cm, 14\u00d728 cm, 20\u00d720 cm, 25\u00d725 cm, 30\u00d730 cm et bas de mur.<\/li>\n<li>Qualit\u00e9 assur\u00e9e par le proc\u00e9d\u00e9 de fabrication selon l\u2019artisanat traditionnel.<\/li>\n<li>Livraison entre 4 \u00e0 6 semaines<\/li>\n<li>Des prix comp\u00e9titifs<\/li>\n<li>Mosa\u00efques simples: options de couleur dans tous les formats fabriqu\u00e9s<\/li>\n<li>Mosa\u00efques d\u00e9cor\u00e9es: options de couleur pour correspondre \u00e0 n\u2019importe quel style<\/li>\n<li>Production de couleurs sp\u00e9cifiques pour des projets sp\u00e9ciaux (recouvrements, r\u00e9novations, etc.)<\/li>\n<\/ul>\n<p><strong>Les couleurs traditionnelles, auparavant test\u00e9es, offrent une excellente garantie pour la stabilit\u00e9 et pour la durabilit\u00e9.<\/strong>[\/vc_column_text][\/vc_column][\/vc_row]<\/p>\n<\/div>","protected":false},"excerpt":{"rendered":"<p>[vc_row el_position=\u00a0\u00bbfirst last\u00a0\u00bb][vc_column width=\u00a0\u00bb1\/3&Prime;][vc_single_image image=\u00a0\u00bb26372&Prime; img_size=\u00a0\u00bbfull\u00a0\u00bb][\/vc_column][vc_column width=\u00a0\u00bb2\/3&Prime;][vc_column_text el_position=\u00a0\u00bbfirst last\u00a0\u00bb]R\u00e9sistant \u00e0 l\u2019usure: Le ciment est tr\u00e8s dur et la couche pigment\u00e9e est tr\u00e8s profonde (4-5 mm), ce<span class=\"excerpt-hellip\"> [\u2026]<\/span><\/p>\n","protected":false},"author":1,"featured_media":0,"parent":0,"menu_order":0,"comment_status":"closed","ping_status":"closed","template":"","meta":{"_monsterinsights_skip_tracking":false,"_monsterinsights_sitenote_active":false,"_monsterinsights_sitenote_note":"","_monsterinsights_sitenote_category":0,"footnotes":""},"class_list":["post-26376","page","type-page","status-publish","hentry"],"_links":{"self":[{"href":"https:\/\/terracotadoalgarve.com\/fr\/wp-json\/wp\/v2\/pages\/26376","targetHints":{"allow":["GET"]}}],"collection":[{"href":"https:\/\/terracotadoalgarve.com\/fr\/wp-json\/wp\/v2\/pages"}],"about":[{"href":"https:\/\/terracotadoalgarve.com\/fr\/wp-json\/wp\/v2\/types\/page"}],"author":[{"embeddable":true,"href":"https:\/\/terracotadoalgarve.com\/fr\/wp-json\/wp\/v2\/users\/1"}],"replies":[{"embeddable":true,"href":"https:\/\/terracotadoalgarve.com\/fr\/wp-json\/wp\/v2\/comments?post=26376"}],"version-history":[{"count":0,"href":"https:\/\/terracotadoalgarve.com\/fr\/wp-json\/wp\/v2\/pages\/26376\/revisions"}],"wp:attachment":[{"href":"https:\/\/terracotadoalgarve.com\/fr\/wp-json\/wp\/v2\/media?parent=26376"}],"curies":[{"name":"wp","href":"https:\/\/api.w.org\/{rel}","templated":true}]}}