{"id":26353,"date":"2021-10-25T16:48:23","date_gmt":"2021-10-25T16:48:23","guid":{"rendered":"https:\/\/terracotadoalgarve.com\/fr\/?page_id=26353"},"modified":"2022-03-22T10:08:22","modified_gmt":"2022-03-22T10:08:22","slug":"histoire-du-carreau-de-ciment","status":"publish","type":"page","link":"https:\/\/terracotadoalgarve.com\/fr\/histoire-du-carreau-de-ciment\/","title":{"rendered":"Histoire du Carreau de Ciment"},"content":{"rendered":"<div class=\"wpb-content-wrapper\"><p>[vc_row][vc_column width=\u00a0\u00bb1\/3&Prime;][vc_single_image image=\u00a0\u00bb26354&Prime; img_size=\u00a0\u00bbfull\u00a0\u00bb][\/vc_column][vc_column width=\u00a0\u00bb2\/3&Prime;][vc_column_text]Le carreau de ciment a ses origines dans le sud de France \u00e0 la mi-1850, se diffusant dans tous les pays et leurs voisins m\u00e9diterran\u00e9ens devenant plus populaire en Angleterre victorienne et en Russie d\u00fb \u00e0 leur r\u00e9sistance et qualit\u00e9s d\u00e9coratives.<\/p>\n<p>Le carreau de ciment est rapidement devenue populaire dans toute l\u2019Europe et dans ses colonies, ainsi qu\u2019en Am\u00e9rique du Sud. Cependant, jusqu\u2019au d\u00e9but des ann\u00e9es 20 Le carreau de ciment a \u00e9t\u00e9 consid\u00e9r\u00e9e comme un produit destin\u00e9 \u00e0 la haute soci\u00e9t\u00e9 de l\u2019\u00e9poque.<\/p>\n<p>Avec l\u2019industrialisation des ann\u00e9es 60 le carreau\u00a0de ciment\u00a0dispara\u00eet presque mais est ensuite sauv\u00e9e par l\u2019architecture contemporaine. La production\u00a0du carreau\u00a0de ciment\u00a0\u00e0 commenc\u00e9 au Portugal seulement \u00e0 partir du d\u00e9but du si\u00e8cle dernier, ayant \u00e9t\u00e9 introduite dans de nombreuses maisons anciennes.[\/vc_column_text][\/vc_column][\/vc_row][vc_row][vc_column width=\u00a0\u00bb1\/3&Prime;][vc_single_image image=\u00a0\u00bb26355&Prime; img_size=\u00a0\u00bbfull\u00a0\u00bb][\/vc_column][vc_column width=\u00a0\u00bb2\/3&Prime;][vc_column_text]M\u00eame aujourd\u2019hui on peut trouver dans les cuisines et salles de bains de nombreux b\u00e2timents, qui, ayant \u00e9t\u00e9 soumis \u00e0 des travaux de restauration par ses nouveaux propri\u00e9taires, ceux-ci font tout pour les \u00a0maintenir ou r\u00e9tablir.<\/p>\n<p>Comme pr\u00e9c\u00e9demment, les\u00a0carreaux de ciment\u00a0sont aujourd\u2019hui encore produites manuellement, une par une, utilisant le processus de production original. En fait, il n\u2019est pas possible de produire industriellement un\u00a0carreau\u00a0de ciment\u00a0avec les caract\u00e9ristiques de l\u2019artisanat: les couleurs, la finition mate et une texture douce sont incomparables.<\/p>\n<p>Ce sont des pi\u00e8ces avec la marque de l\u2019artisan, donc il n\u2019y a pas deux mosa\u00efques identiques. Il s\u2019agit d\u2019un produit ancien, \u00e0 mi-chemin entre l\u2019artisanat et l\u2019industrie, mais tr\u00e8s agr\u00e9ables au regard. Les tuiles hydrauliques sont faites \u00e0 la main et ont pour cette raison leurs propres caract\u00e9ristiques. Les\u00a0carreaux de ciment\u00a0sont pr\u00e9sentes dans les march\u00e9s, les \u00e9glises, les h\u00f4pitaux, les mus\u00e9es, les palais, et les maisons. On les voit souvent appliqu\u00e9es dans des appartements et maisons citadines, dans les chambres, salles de bains, cuisines et balcons, imitant des tapis.[\/vc_column_text][\/vc_column][\/vc_row]<\/p>\n<\/div>","protected":false},"excerpt":{"rendered":"<p>[vc_row][vc_column width=\u00a0\u00bb1\/3&Prime;][vc_single_image image=\u00a0\u00bb26354&Prime; img_size=\u00a0\u00bbfull\u00a0\u00bb][\/vc_column][vc_column width=\u00a0\u00bb2\/3&Prime;][vc_column_text]Le carreau de ciment a ses origines dans le sud de France \u00e0 la mi-1850, se diffusant dans tous les pays et<span class=\"excerpt-hellip\"> [\u2026]<\/span><\/p>\n","protected":false},"author":1,"featured_media":0,"parent":0,"menu_order":0,"comment_status":"closed","ping_status":"closed","template":"","meta":{"_monsterinsights_skip_tracking":false,"_monsterinsights_sitenote_active":false,"_monsterinsights_sitenote_note":"","_monsterinsights_sitenote_category":0,"footnotes":""},"class_list":["post-26353","page","type-page","status-publish","hentry"],"_links":{"self":[{"href":"https:\/\/terracotadoalgarve.com\/fr\/wp-json\/wp\/v2\/pages\/26353","targetHints":{"allow":["GET"]}}],"collection":[{"href":"https:\/\/terracotadoalgarve.com\/fr\/wp-json\/wp\/v2\/pages"}],"about":[{"href":"https:\/\/terracotadoalgarve.com\/fr\/wp-json\/wp\/v2\/types\/page"}],"author":[{"embeddable":true,"href":"https:\/\/terracotadoalgarve.com\/fr\/wp-json\/wp\/v2\/users\/1"}],"replies":[{"embeddable":true,"href":"https:\/\/terracotadoalgarve.com\/fr\/wp-json\/wp\/v2\/comments?post=26353"}],"version-history":[{"count":0,"href":"https:\/\/terracotadoalgarve.com\/fr\/wp-json\/wp\/v2\/pages\/26353\/revisions"}],"wp:attachment":[{"href":"https:\/\/terracotadoalgarve.com\/fr\/wp-json\/wp\/v2\/media?parent=26353"}],"curies":[{"name":"wp","href":"https:\/\/api.w.org\/{rel}","templated":true}]}}