{"id":26339,"date":"2021-10-25T15:56:00","date_gmt":"2021-10-25T15:56:00","guid":{"rendered":"https:\/\/terracotadoalgarve.com\/fr\/?page_id=26339"},"modified":"2022-05-09T19:11:59","modified_gmt":"2022-05-09T19:11:59","slug":"placement-de-la-tuile-santa-catarina","status":"publish","type":"page","link":"https:\/\/terracotadoalgarve.com\/fr\/placement-de-la-tuile-santa-catarina\/","title":{"rendered":"Placement de la tuile Santa Catarina"},"content":{"rendered":"<div class=\"wpb-content-wrapper\"><p>[vc_row][vc_column width=\u00a0\u00bb1\/5&Prime; offset=\u00a0\u00bbvc_hidden-sm vc_hidden-xs\u00a0\u00bb][vc_single_image image=\u00a0\u00bb26340&Prime; img_size=\u00a0\u00bbfull\u00a0\u00bb add_caption=\u00a0\u00bbyes\u00a0\u00bb][vc_single_image image=\u00a0\u00bb26341&Prime; img_size=\u00a0\u00bbfull\u00a0\u00bb add_caption=\u00a0\u00bbyes\u00a0\u00bb][vc_single_image image=\u00a0\u00bb26342&Prime; img_size=\u00a0\u00bbfull\u00a0\u00bb add_caption=\u00a0\u00bbyes\u00a0\u00bb][vc_single_image image=\u00a0\u00bb26343&Prime; img_size=\u00a0\u00bbfull\u00a0\u00bb add_caption=\u00a0\u00bbyes\u00a0\u00bb][vc_single_image image=\u00a0\u00bb26344&Prime; img_size=\u00a0\u00bbfull\u00a0\u00bb add_caption=\u00a0\u00bbyes\u00a0\u00bb][vc_single_image image=\u00a0\u00bb26345&Prime; img_size=\u00a0\u00bbfull\u00a0\u00bb add_caption=\u00a0\u00bbyes\u00a0\u00bb][vc_single_image image=\u00a0\u00bb26346&Prime; img_size=\u00a0\u00bbfull\u00a0\u00bb add_caption=\u00a0\u00bbyes\u00a0\u00bb][\/vc_column][vc_column width=\u00a0\u00bb4\/5&Prime;][vc_column_text]La tuile Santa Catarina n\u2019est pas une tuile complexe, il est une tuile tr\u00e8s simple, ce qui n\u00e9cessite une attention particuli\u00e8re au moment de placement. Pour le moment, cette tuile est dans la plupart des cas appliqu\u00e9e directement sur une sous-tuile ou sur une surface correctement isol\u00e9e. Ainsi, la couverture est totalement prot\u00e9g\u00e9e de la pluie et de l\u2019humidit\u00e9.<\/p>\n<p>Cependant, l\u2019application de la tuile doit respecter certains aspects:<\/p>\n<p>L\u2019application commence par les tuiles inf\u00e9rieures (canaux); En fonction de la forme du toit, il peut \u00eatre plus pratique de placer la rang\u00e9e du milieu au lieu de la rang\u00e9e la plus \u00e0 droite, comme illustr\u00e9 \u00e0 la\u00a0<strong>figure 1<\/strong>.<\/p>\n<p>La pose des toits (tuiles sup\u00e9rieures) se fait selon le sch\u00e9ma pr\u00e9sent\u00e9 \u00e0 la\u00a0<strong>figure 2<\/strong>: les tuiles sont appliqu\u00e9es de droite \u00e0 gauche et de bas en haut. C\u2019est la mani\u00e8re la plus appropri\u00e9e de proc\u00e9der, permettant de l\u00e9gers ajustements et en m\u00eame temps de comprendre comment la couverture se d\u00e9veloppera. L\u2019application de la tuile de cette mani\u00e8re facilite l\u2019alignement des diff\u00e9rentes rang\u00e9es en fonction de l\u2019\u00e9volution du toit.<\/p>\n<p>Il est \u00e0 noter que dans le cas de toits dont la pente est sup\u00e9rieure \u00e0 30% et \/ ou expos\u00e9s \u00e0 de forts vents, les tuiles doivent \u00eatre fix\u00e9es \u00e0 la base dans un rapport de 1 tuile \u00e0 4. Si la pente est sup\u00e9rieure \u00e0 40% toutes les tuiles doivent \u00eatre fix\u00e9es.<\/p>\n<p>La fixation peut se faire avec des colliers, des vis autotaraudeuses, de la colle ou du ciment, en fonction du type de support. Cependant, nous recommandons de fixer avec un mortier faible, pr\u00e9par\u00e9 comme suit: pour chaque m3 de sable sec utilis\u00e9:<\/p>\n<ul>\n<li>250 \u00e0 350 kg de chaux hydraulique ou<\/li>\n<li>150 kg de ciment et 175 \u2013 225 kg de chaux hydraulique<\/li>\n<\/ul>\n<p>Remarque: pour la fixation par vis ou par clou, la tuille doit comporter un pr\u00e9-trou, ce qui n\u2019est normalement pas le cas avec la tuille Santa Catarina.<\/p>\n<p><strong>Toit sup\u00e9rieur<br \/>\n<\/strong><br \/>\nC\u2019est la tuile qui ferme le toit, appliqu\u00e9e dans l\u2019union de deux pentes et fix\u00e9e au mortier, selon la\u00a0<strong>figure 3<\/strong>.<\/p>\n<p><strong>Avant-toit<br \/>\n<\/strong><br \/>\nLes tuilles des avant-toits (couvercles et becs) sont appliqu\u00e9es sur le cimalha ou le mur, avec recours au mortier. Il est important de respecter les points suivants:<\/p>\n<ul>\n<li>Pente que les tuiles doivent avoir par rapport au plan horizontal du toit, minimum 4% \u2013\u00a0<strong>Figure 4<\/strong>.<\/li>\n<li>Cote libre des tuilles, c\u2019est-\u00e0-dire dimension qui ne doit pas \u00eatre appuy\u00e9e sur le cadre \/ mur, maximum 2\/3 de la longueur du bord.<\/li>\n<li>Ex\u00e9cution d\u2019orifices de ventilation permettant la ventilation de la jante, comme illustr\u00e9 dans les figures suivantes \u2013<strong>\u00a0Figures 5 et 6<\/strong>.<\/li>\n<\/ul>\n<p><strong>Goutti\u00e8re<\/strong><\/p>\n<p>Il s\u2019agit de la convergence de deux volets, devenant ainsi un domaine de couverture compromis, lorsqu\u2019il est ex\u00e9cut\u00e9 de mani\u00e8re incorrecte. L\u2019ex\u00e9cution d\u2019une goutti\u00e8re n\u00e9cessite l\u2019utilisation de volants m\u00e9talliques, de bandes d\u2019asphalte ou d\u2019autres mat\u00e9riaux synth\u00e9tiques, qui s\u2019appuient sur le profil\u00e9, g\u00e9n\u00e9ralement ex\u00e9cut\u00e9s dans un mortier.<\/p>\n<p>S\u2019agissant de zones sensibles d\u2019une couverture, il convient d\u2019accorder une importance particuli\u00e8re aux trois principes suivants:<\/p>\n<p>1\u00ba: Coupez les tuilles de mani\u00e8re \u00e0 couvrir la goutti\u00e8re d\u2019au moins 8 cm, comme indiqu\u00e9 \u00e0 la\u00a0<strong>figure 7<\/strong>.<\/p>\n<p>2\u00ba: Mat\u00e9riau appliqu\u00e9 pour la r\u00e9alisation de la goutti\u00e8re: le mat\u00e9riau \u00e0 utiliser dans la goutti\u00e8re doit garantir une longue durabilit\u00e9. En g\u00e9n\u00e9ral, on utilise des mat\u00e9riaux m\u00e9talliques ou synth\u00e9tiques, qu\u2019ils adh\u00e8rent ou non.<\/p>\n<p>3\u00ba: M\u00e9thode d\u2019application du mat\u00e9riau: \u00e9tant donn\u00e9 qu\u2019il s\u2019agit d\u2019un domaine critique, il convient de porter une attention particuli\u00e8re \u00e0 l\u2019application du mat\u00e9riau, sinon il ne sera pas possible d\u2019\u00e9liminer efficacement l\u2019eau dans ce domaine.[\/vc_column_text][vc_row_inner][vc_column_inner offset=\u00a0\u00bbvc_hidden-lg vc_hidden-md\u00a0\u00bb][vc_single_image image=\u00a0\u00bb23328&Prime; img_size=\u00a0\u00bbfull\u00a0\u00bb add_caption=\u00a0\u00bbyes\u00a0\u00bb][vc_single_image image=\u00a0\u00bb23336&Prime; img_size=\u00a0\u00bbfull\u00a0\u00bb add_caption=\u00a0\u00bbyes\u00a0\u00bb][vc_single_image image=\u00a0\u00bb23344&Prime; img_size=\u00a0\u00bbfull\u00a0\u00bb add_caption=\u00a0\u00bbyes\u00a0\u00bb][vc_single_image image=\u00a0\u00bb23352&Prime; img_size=\u00a0\u00bbfull\u00a0\u00bb add_caption=\u00a0\u00bbyes\u00a0\u00bb][vc_single_image image=\u00a0\u00bb23368&Prime; img_size=\u00a0\u00bbfull\u00a0\u00bb add_caption=\u00a0\u00bbyes\u00a0\u00bb][vc_single_image image=\u00a0\u00bb23376&Prime; img_size=\u00a0\u00bbfull\u00a0\u00bb add_caption=\u00a0\u00bbyes\u00a0\u00bb][vc_single_image image=\u00a0\u00bb23360&Prime; img_size=\u00a0\u00bbfull\u00a0\u00bb add_caption=\u00a0\u00bbyes\u00a0\u00bb][\/vc_column_inner][\/vc_row_inner][\/vc_column][\/vc_row]<\/p>\n<\/div>","protected":false},"excerpt":{"rendered":"<p>[vc_row][vc_column width=\u00a0\u00bb1\/5&Prime; offset=\u00a0\u00bbvc_hidden-sm vc_hidden-xs\u00a0\u00bb][vc_single_image image=\u00a0\u00bb26340&Prime; img_size=\u00a0\u00bbfull\u00a0\u00bb add_caption=\u00a0\u00bbyes\u00a0\u00bb][vc_single_image image=\u00a0\u00bb26341&Prime; img_size=\u00a0\u00bbfull\u00a0\u00bb add_caption=\u00a0\u00bbyes\u00a0\u00bb][vc_single_image image=\u00a0\u00bb26342&Prime; img_size=\u00a0\u00bbfull\u00a0\u00bb add_caption=\u00a0\u00bbyes\u00a0\u00bb][vc_single_image image=\u00a0\u00bb26343&Prime; img_size=\u00a0\u00bbfull\u00a0\u00bb add_caption=\u00a0\u00bbyes\u00a0\u00bb][vc_single_image image=\u00a0\u00bb26344&Prime; img_size=\u00a0\u00bbfull\u00a0\u00bb add_caption=\u00a0\u00bbyes\u00a0\u00bb][vc_single_image image=\u00a0\u00bb26345&Prime; img_size=\u00a0\u00bbfull\u00a0\u00bb add_caption=\u00a0\u00bbyes\u00a0\u00bb][vc_single_image image=\u00a0\u00bb26346&Prime; img_size=\u00a0\u00bbfull\u00a0\u00bb add_caption=\u00a0\u00bbyes\u00a0\u00bb][\/vc_column][vc_column width=\u00a0\u00bb4\/5&Prime;][vc_column_text]La<span class=\"excerpt-hellip\"> [\u2026]<\/span><\/p>\n","protected":false},"author":1,"featured_media":0,"parent":0,"menu_order":0,"comment_status":"closed","ping_status":"closed","template":"","meta":{"_monsterinsights_skip_tracking":false,"_monsterinsights_sitenote_active":false,"_monsterinsights_sitenote_note":"","_monsterinsights_sitenote_category":0,"footnotes":""},"class_list":["post-26339","page","type-page","status-publish","hentry"],"_links":{"self":[{"href":"https:\/\/terracotadoalgarve.com\/fr\/wp-json\/wp\/v2\/pages\/26339","targetHints":{"allow":["GET"]}}],"collection":[{"href":"https:\/\/terracotadoalgarve.com\/fr\/wp-json\/wp\/v2\/pages"}],"about":[{"href":"https:\/\/terracotadoalgarve.com\/fr\/wp-json\/wp\/v2\/types\/page"}],"author":[{"embeddable":true,"href":"https:\/\/terracotadoalgarve.com\/fr\/wp-json\/wp\/v2\/users\/1"}],"replies":[{"embeddable":true,"href":"https:\/\/terracotadoalgarve.com\/fr\/wp-json\/wp\/v2\/comments?post=26339"}],"version-history":[{"count":0,"href":"https:\/\/terracotadoalgarve.com\/fr\/wp-json\/wp\/v2\/pages\/26339\/revisions"}],"wp:attachment":[{"href":"https:\/\/terracotadoalgarve.com\/fr\/wp-json\/wp\/v2\/media?parent=26339"}],"curies":[{"name":"wp","href":"https:\/\/api.w.org\/{rel}","templated":true}]}}