{"id":26333,"date":"2021-10-25T11:30:42","date_gmt":"2021-10-25T11:30:42","guid":{"rendered":"https:\/\/terracotadoalgarve.com\/fr\/?page_id=26333"},"modified":"2022-03-22T09:57:54","modified_gmt":"2022-03-22T09:57:54","slug":"pourquoi-la-tuile-en-terre-cuite","status":"publish","type":"page","link":"https:\/\/terracotadoalgarve.com\/fr\/pourquoi-la-tuile-en-terre-cuite\/","title":{"rendered":"Pourquoi la tuile en terre cuite?"},"content":{"rendered":"<div class=\"wpb-content-wrapper\"><p>[vc_row][vc_column width=\u00a0\u00bb1\/3&Prime;][vc_single_image image=\u00a0\u00bb26335&Prime; img_size=\u00a0\u00bbfull\u00a0\u00bb][vc_single_image image=\u00a0\u00bb26336&Prime; img_size=\u00a0\u00bbfull\u00a0\u00bb][\/vc_column][vc_column width=\u00a0\u00bb2\/3&Prime;][vc_column_text]Dans une enqu\u00eate sur les tuiles en terre cuite r\u00e9alis\u00e9e par les architectes, par les constructeurs et les constructeurs de toitures, 99% ont estim\u00e9 que les tuiles d\u2019argile am\u00e9liorent l\u2019environnement et est le choix id\u00e9al pour ceux qui veulent une construction \u00e9cologique. Le choix d\u2019une tuile d\u2019argile affecte \u00e0 la fois le caract\u00e8re et la valeur de votre maison.<\/p>\n<p><strong>R\u00e9sistance et durabilit\u00e9:<\/strong><\/p>\n<p>Les tuiles en terre cuite offrent une r\u00e9sistance et une durabilit\u00e9 sup\u00e9rieures aux autres mat\u00e9riaux. Il existe plusieurs exemples de toits en tuiles d\u2019argile qui sont encore debout et en bon \u00e9tat, apr\u00e8s des si\u00e8cles sans entretien.<\/p>\n<p><strong>Couleur:<\/strong><\/p>\n<p>L\u2019esth\u00e9tique et l\u2019ensemble de couleurs qui sont obtenues avec des tuiles en terre cuite sont sans \u00e9gal. La grande vari\u00e9t\u00e9 de couleurs naturelles qui sont obtenues par cuisson de l\u2019argile peut \u00eatre imit\u00e9e, mais jamais reproduite avec des colorants artificiels, dont la durabilit\u00e9 n\u2019est pas garantie. Les couleurs obtenues par la cuisson r\u00e9sistent au passage du temps et avec l\u2019\u00e2ge vont encore s\u2019am\u00e9liorer et gagner de la personnalit\u00e9.<\/p>\n<p><strong>Versatilit\u00e9:<\/strong><\/p>\n<p>La petite taille des tuiles en terre cuite donne \u00e0 l\u2019architecte la possibilit\u00e9 de projeter les toits avec une grande cr\u00e9ativit\u00e9. Tuiles de grandes dimensions n\u2019offrent pas cette flexibilit\u00e9, ce qui limite beaucoup plus les options architecturales.<\/p>\n<p><strong>Patrimoine:<\/strong><\/p>\n<p>Les toits en tuiles d\u2019argile sont une partie importante du patrimoine architectural du Portugal. Les architectes et les constructeurs soucieux de pr\u00e9server les caract\u00e9ristiques architecturales traditionnelles de notre pays favorisent l\u2019utilisation de tuiles \u00abCanudo\u00ab\u00a0 non seulement dans la r\u00e9cup\u00e9ration et la r\u00e9novation de b\u00e2timents anciens ainsi que dans les nouveaux b\u00e2timents.<\/p>\n<p><strong>Durabilit\u00e9:<\/strong><\/p>\n<p>Les tuiles en terre cuite sont un produit durable, la long\u00e9vit\u00e9 de l\u2019argile signifie que les mati\u00e8res premi\u00e8res et l\u2019\u00e9nergie utilis\u00e9es pour leur fabrication sont compens\u00e9es pendant toute la dur\u00e9e de vie du toit, dans le cas de la plupart des toitures d\u2019argile, plusieurs si\u00e8cles.<\/p>\n<p><strong>Rappelez-vous:<\/strong><\/p>\n<p>La beaut\u00e9 de la couleur naturelle de l\u2019argile est in\u00e9gal\u00e9e.[\/vc_column_text][\/vc_column][\/vc_row]<\/p>\n<\/div>","protected":false},"excerpt":{"rendered":"<p>[vc_row][vc_column width=\u00a0\u00bb1\/3&Prime;][vc_single_image image=\u00a0\u00bb26335&Prime; img_size=\u00a0\u00bbfull\u00a0\u00bb][vc_single_image image=\u00a0\u00bb26336&Prime; img_size=\u00a0\u00bbfull\u00a0\u00bb][\/vc_column][vc_column width=\u00a0\u00bb2\/3&Prime;][vc_column_text]Dans une enqu\u00eate sur les tuiles en terre cuite r\u00e9alis\u00e9e par les architectes, par les constructeurs et les constructeurs de<span class=\"excerpt-hellip\"> [\u2026]<\/span><\/p>\n","protected":false},"author":1,"featured_media":0,"parent":0,"menu_order":0,"comment_status":"closed","ping_status":"closed","template":"","meta":{"_monsterinsights_skip_tracking":false,"_monsterinsights_sitenote_active":false,"_monsterinsights_sitenote_note":"","_monsterinsights_sitenote_category":0,"footnotes":""},"class_list":["post-26333","page","type-page","status-publish","hentry"],"_links":{"self":[{"href":"https:\/\/terracotadoalgarve.com\/fr\/wp-json\/wp\/v2\/pages\/26333","targetHints":{"allow":["GET"]}}],"collection":[{"href":"https:\/\/terracotadoalgarve.com\/fr\/wp-json\/wp\/v2\/pages"}],"about":[{"href":"https:\/\/terracotadoalgarve.com\/fr\/wp-json\/wp\/v2\/types\/page"}],"author":[{"embeddable":true,"href":"https:\/\/terracotadoalgarve.com\/fr\/wp-json\/wp\/v2\/users\/1"}],"replies":[{"embeddable":true,"href":"https:\/\/terracotadoalgarve.com\/fr\/wp-json\/wp\/v2\/comments?post=26333"}],"version-history":[{"count":0,"href":"https:\/\/terracotadoalgarve.com\/fr\/wp-json\/wp\/v2\/pages\/26333\/revisions"}],"wp:attachment":[{"href":"https:\/\/terracotadoalgarve.com\/fr\/wp-json\/wp\/v2\/media?parent=26333"}],"curies":[{"name":"wp","href":"https:\/\/api.w.org\/{rel}","templated":true}]}}