{"id":26329,"date":"2021-10-25T10:48:01","date_gmt":"2021-10-25T10:48:01","guid":{"rendered":"https:\/\/terracotadoalgarve.com\/fr\/?page_id=26329"},"modified":"2022-06-13T12:12:46","modified_gmt":"2022-06-13T12:12:46","slug":"application-et-traitment-de-la-terre-cuite","status":"publish","type":"page","link":"https:\/\/terracotadoalgarve.com\/fr\/application-et-traitment-de-la-terre-cuite\/","title":{"rendered":"Application et traitment de la Terre-cuite"},"content":{"rendered":"<div class=\"wpb-content-wrapper\"><p>[vc_row][vc_column width=\u00a0\u00bb1\/4&Prime;][vc_single_image image=\u00a0\u00bb26330&Prime; img_size=\u00a0\u00bbfull\u00a0\u00bb][\/vc_column][vc_column width=\u00a0\u00bb3\/4&Prime;][vc_column_text]Pour chape de r\u00e8glement n\u2019aura pas \u00e0 \u00eatre diff\u00e9rente de celle utilis\u00e9e pour chape le r\u00e8glement d\u2019autres planchers de c\u00e9ramique, sauf que des carreaux de Santa Catarina ont g\u00e9n\u00e9ralement une plus grande \u00e9paisseur (environ 2 cm).<\/p>\n<p>Aujourd\u2019hui, nos tuiles ont \u00e9t\u00e9 pos\u00e9es avec colle \u00e0 carrelage, laissant un joint qui varie entre 1 \u00e0 2 cm, selon les go\u00fbts du client et qui peuvent ensuite \u00eatre rempli d\u2019une masse appropri\u00e9e pour les articulations ou tout simplement avec du mortier de ciment et de sable.<\/p>\n<p>Apr\u00e8s avoir termin\u00e9 la pose et le jointoiement, la finition d\u00e9pend aussi largement de la volont\u00e9 du site du client ou de la d\u00e9pendance et la maison o\u00f9 la tuile est fix\u00e9. Apr\u00e8s un bon nettoyage, toujours en essayant d\u2019\u00e9viter l\u2019utilisation maximale des produits chimiques, de la mosa\u00efque peut garder son aspect naturel, sans aucune finition.<\/p>\n<p>Le manuel en terre cuite, m\u00eame sans traitement, est pr\u00eat \u00e0 r\u00e9sister aux conditions climatiques diff\u00e9rentes et de l\u2019utilisation normale pour ce type de produit, de l\u2019artisanat de la nature. Malgr\u00e9 cela, et comment ce type de carreaux est poreux, comme la pierre et autres mat\u00e9riaux c\u00e9ramiques non \u00e9maill\u00e9s, peut absorber l\u2019eau en plus d\u2019autres produits ind\u00e9sirables tels que les huiles et graisses doit \u00eatre vers\u00e9 sur eux. Si vous \u00eates un site o\u00f9 il ya danger de contact avec ces produits qui sont susceptibles de provoquer des taches, un scellant peut \u00eatre appliqu\u00e9 que l\u2019objectif de bouchage des pores et \u00e9viter ce probl\u00e8me.<\/p>\n<p>Il peut \u00e9galement \u00eatre utilis\u00e9 dans une cire int\u00e9rieur en acrylique ou du vernis \u00e0 aiguiser ou \u00e9clairer la tuile, si vous voulez un contraste plus \u00e9lev\u00e9<\/p>\n<p>Parce que nous souhaitons que notre mat\u00e9riel est appliqu\u00e9 et un traitement optimal, et avec le but de pr\u00e9venir et d\u2019aider nos clients, voici quelques pr\u00e9cautions \u00e0 prendre dans la mise en \u0153uvre et la gestion des manuels de terre cuite:<\/p>\n<p>1) Le placement de la tuile ou toute autre pi\u00e8ce de terre cuite et la demande de produits de traitement ne doit \u00eatre faite au moins un mois apr\u00e8s l\u2019ex\u00e9cution de betomilhas.<\/p>\n<p>2) les produits de traitement ne devrait pas \u00eatre appliqu\u00e9 \u00e0 des temp\u00e9ratures inf\u00e9rieures \u00e0 +5 \u00b0 C et si il pleut ou qu\u2019il ya trop d\u2019humidit\u00e9 dans l\u2019air doit attendre un temps plus sec pour s\u00e9cher le rev\u00eatement de chauss\u00e9e completo.Tamb\u00e9m ne devrait pas \u00eatre appliqu\u00e9 sur des surfaces trop Hot ou ont \u00e9t\u00e9 directement expos\u00e9s au soleil aux heures de pointe.<\/p>\n<p>3) Ne pas stocker les produits de traitement \u00e0 des temp\u00e9ratures inf\u00e9rieures \u00e0 0 \u00b0 C. La p\u00e9riode de stockage ne doivent pas \u00eatre sup\u00e9rieures \u00e0 celles indiqu\u00e9es par le fabricant (g\u00e9n\u00e9ralement 1 \u00e0 2 ans).<\/p>\n<p>4) Produits de traitement doit \u00eatre bien agit\u00e9e avant l\u2019application.<\/p>\n<p>5) Imm\u00e9diatement avant l\u2019application de produits de traitement est essentiel que la terre cuite est propre, sec (24 \u00e0 36 heures \u00e0 20 \u00ba C) et sans autres contaminants, notamment de p\u00e9trole et d\u2019autres contaminants ou les restes de ciment. Sinon, les pores sont remplis d\u2019eau ou d\u2019autres produits, ne permettent pas la p\u00e9n\u00e9tration de la couche d\u2019\u00e9tanch\u00e9it\u00e9 et ainsi form\u00e9 est trop mince et la surface<\/p>\n<p>se d\u00e9tache avec une certaine facilit\u00e9 apr\u00e8s un certain temps.<\/p>\n<p>6) Peut \u00e9galement \u00eatre un facteur n\u00e9gatif pour l\u2019application de produits chimiques \u00e0 partir de n\u2019importe quelle surface, y compris les engrais et autres engrais appliqu\u00e9s dans les jardins adjacents.<\/p>\n<p>Les indications g\u00e9n\u00e9rales d\u00e9crites ici ont \u00e9t\u00e9 recueillies aupr\u00e8s de diverses soci\u00e9t\u00e9s fabricants techniques ou de leurs repr\u00e9sentants et ne lib\u00e8rent pas les informations techniques<\/p>\n<p>sp\u00e9cifique \u00e0 chaque produit, fournies par le fabricant et \/ ou de son repr\u00e9sentant.[\/vc_column_text][\/vc_column][\/vc_row]<\/p>\n<\/div>","protected":false},"excerpt":{"rendered":"<p>[vc_row][vc_column width=\u00a0\u00bb1\/4&Prime;][vc_single_image image=\u00a0\u00bb26330&Prime; img_size=\u00a0\u00bbfull\u00a0\u00bb][\/vc_column][vc_column width=\u00a0\u00bb3\/4&Prime;][vc_column_text]Pour chape de r\u00e8glement n\u2019aura pas \u00e0 \u00eatre diff\u00e9rente de celle utilis\u00e9e pour chape le r\u00e8glement d\u2019autres planchers de c\u00e9ramique, sauf que<span class=\"excerpt-hellip\"> [\u2026]<\/span><\/p>\n","protected":false},"author":1,"featured_media":0,"parent":0,"menu_order":0,"comment_status":"closed","ping_status":"closed","template":"","meta":{"_monsterinsights_skip_tracking":false,"_monsterinsights_sitenote_active":false,"_monsterinsights_sitenote_note":"","_monsterinsights_sitenote_category":0,"footnotes":""},"class_list":["post-26329","page","type-page","status-publish","hentry"],"_links":{"self":[{"href":"https:\/\/terracotadoalgarve.com\/fr\/wp-json\/wp\/v2\/pages\/26329","targetHints":{"allow":["GET"]}}],"collection":[{"href":"https:\/\/terracotadoalgarve.com\/fr\/wp-json\/wp\/v2\/pages"}],"about":[{"href":"https:\/\/terracotadoalgarve.com\/fr\/wp-json\/wp\/v2\/types\/page"}],"author":[{"embeddable":true,"href":"https:\/\/terracotadoalgarve.com\/fr\/wp-json\/wp\/v2\/users\/1"}],"replies":[{"embeddable":true,"href":"https:\/\/terracotadoalgarve.com\/fr\/wp-json\/wp\/v2\/comments?post=26329"}],"version-history":[{"count":0,"href":"https:\/\/terracotadoalgarve.com\/fr\/wp-json\/wp\/v2\/pages\/26329\/revisions"}],"wp:attachment":[{"href":"https:\/\/terracotadoalgarve.com\/fr\/wp-json\/wp\/v2\/media?parent=26329"}],"curies":[{"name":"wp","href":"https:\/\/api.w.org\/{rel}","templated":true}]}}