{"id":26299,"date":"2021-10-25T10:38:32","date_gmt":"2021-10-25T10:38:32","guid":{"rendered":"https:\/\/terracotadoalgarve.com\/fr\/?page_id=26299"},"modified":"2022-05-09T18:48:19","modified_gmt":"2022-05-09T18:48:19","slug":"processus-de-fabrication-2","status":"publish","type":"page","link":"https:\/\/terracotadoalgarve.com\/fr\/processus-de-fabrication-2\/","title":{"rendered":"Processus de fabrication"},"content":{"rendered":"<div class=\"wpb-content-wrapper\"><p>[vc_row][vc_column width=\u00a0\u00bb1\/3&Prime;][vc_video link=\u00a0\u00bbhttps:\/\/www.youtube.com\/watch?v=yzL2zGJva5o\u00a0\u00bb][\/vc_column][vc_column width=\u00a0\u00bb2\/3&Prime;][vc_column_text]Dans notre cas, l\u2019argile est produite de forme artisanale pour maintenir les caract\u00e9ristiques originales de ce produit. Le processus passe par plusieurs phases que allons essayer d\u2019expliquer en d\u00e9tail ci-dessous.<\/p>\n<h3>Extraction de l\u2019argile<\/h3>\n<p>nous extrayions deux types d\u2019argile, la rouge et la blanche, qui apr\u00e8s \u00eatre combin\u00e9s dans une bonne proportion donnent lieu \u00e0 la mati\u00e8re-prime utilis\u00e9e pour les carreaux et autres produits. Pendant le processus d\u2019extraction il faut faire tr\u00e8s attention et faire un bon nettoyage de l\u2019argile afin qu\u2019elle ne soit pas contamin\u00e9e par des cailloux ou de la poussi\u00e8re ou autre mat\u00e9riel nuisant \u00e0 la qualit\u00e9 de l\u2019argile. Les deux types d\u2019argile, rouge et blanche, sont transport\u00e9s dans des camions \u00e0 la c\u00e9ramique et sont stock\u00e9s dans deux tas s\u00e9par\u00e9s, qui ne seront m\u00e9lang\u00e9s qu\u2019apr\u00e8s la pr\u00e9paration de l\u2019argile, cela parce que nous n\u2019utilisons pas toujours la m\u00eame proportion, cela d\u00e9pend du type d\u2019argile que nous produisons et du r\u00e9sultat final que nous d\u00e9sirons, tonalit\u00e9, etc.<\/p>\n<h3>Pr\u00e9paration de la p\u00e2te<\/h3>\n<p>L\u2019argile est d\u2019abord m\u00e9lang\u00e9e dans la proportion d\u00e9sir\u00e9e, et ensuite concass\u00e9e et broy\u00e9e jusqu\u2019a ce qu\u2019elle gagne une consistance similaire \u00e0 la p\u00e2te \u00e0 modeler. La p\u00e2te est laiss\u00e9e \u00e0 reposer pendant un certain temps afin d\u2019obtenir une meilleure consistance, et ensuite est moul\u00e9e dans de diff\u00e9rentes formes et tailles. C\u2019est la seule phase o\u00f9 les machines sont utilis\u00e9es pour faciliter la fabrication. Il n\u2019y a pas beaucoup d\u2019ann\u00e9es, la pr\u00e9paration de la p\u00e2te se faisait enti\u00e8rement manuellement, ce qui rendait non seulement le travail tr\u00e8s dur, mais aussi ench\u00e9rissait de forme insupportable la fabrication.<\/p>\n<h3>Moulage, terre cuite<\/h3>\n<p>C\u2019est \u00e0 partir d\u2019ici que notre processus de fabrication se distingue, puisque les tuiles, briques et autres pi\u00e8ces d\u00e9coratives sont toutes fa\u00e7onn\u00e9es manuellement, une par une, chaque pi\u00e8ce avec un aspect unique. Nous avons encore deux fa\u00e7ons diff\u00e9rentes de faire de la terre cuite, qui varie en fonction de la forme comme elle est d\u00e9moul\u00e9e:\u00a0le d\u00e9moulage avec du sable et le d\u00e9moulage avec de l\u2019eau. La plupart de la terre cuite est produite avec une finition de l\u2019argile naturelle, avec la couleur d\u2019origine de la p\u00e2te. Toutefois, les soi-disant \u00abTuiles de Santa Catarina\u201d ont une finition \u00e0 l\u2019argile blanche ave de fines rayures verticales faites avec les doigts de l\u2019artisan. L\u2019\u00e9tape du moulage se fait par \u00e9quipes de deux personnes: celui qui fa\u00e7onne l\u2019argile et celui qui les met dans le s\u00e8che-linge.<\/p>\n<h3>S\u00e9chage<\/h3>\n<p>L\u2019argile doit s\u00e9cher compl\u00e8tement avant d\u2019\u00eatre mise dans le four, le temps de s\u00e9chage peut aller d\u2019une semaine en \u00e9t\u00e9 \u00e0 plus d\u2019un mois en hiver, cela parce que le s\u00e9chage se fait naturellement \u00e0 temp\u00e9rature ambiante. A ce stade, certaines pi\u00e8ces peuvent se fissurer ou se d\u00e9former, dans le cas o\u00f9 il y ait de grandes amplitudes thermiques, et particuli\u00e8rement avec les pi\u00e8ces les plus grandes, de 30\u00d730 cm et de 40\u00d740 cm.<\/p>\n<h3>De cuisson<\/h3>\n<p>Apr\u00e8s le s\u00e9chage, l\u2019argile est empil\u00e9e dans le four: d\u2019abord on met les briques, puis les carreaux avec diff\u00e9rentes formes et tailles, et enfin en haut, les pi\u00e8ces plus petites. Ensuite et apr\u00e8s quelques heures de pr\u00e9chauffage, les tuiles sont cuites lentement au four pendant plus de 30 heures, atteignant un ton naturelle. Le four est aliment\u00e9 avec du bois, de la sciure et des grignons d\u2019olive.<\/p>\n<h3>Retirer du four et palettisation<\/h3>\n<p>Apr\u00e8s avoir termin\u00e9 la cuisson il est n\u00e9cessaire d\u2019attendre quatre \u00e0 cinq jours pour refroidir le four , les pi\u00e8ces sont retir\u00e9es seulement apr\u00e8s le refroidissement du four. Tout ce processus se fait manuellement: le mat\u00e9riel est retir\u00e9 du four, les pi\u00e8ces sont s\u00e9par\u00e9es, s\u00e9lectionn\u00e9es et plac\u00e9es sur des palettes. La terre cuite est pr\u00eate \u00e0 \u00eatre vendue \u00e0 la client\u00e8le!<\/p>\n<p>On obtient ainsi un carrelage avec des tons doux l\u00e9g\u00e8rement ros\u00e9s, et seulement possible gr\u00e2ce \u00e0 une combinaison de mati\u00e8res premi\u00e8res excellentes avec un proc\u00e9d\u00e9 artisanal, capable d\u2019inspirer un cadre naturel et chaud dans les maisons.[\/vc_column_text][vc_gallery type=\u00a0\u00bbflexslider_slide\u00a0\u00bb interval=\u00a0\u00bb3&Prime; images=\u00a0\u00bb26301,26302,26303,26304,26305,26306,26307,26308,26309,26310,26311,26312,26313,26314,26315,26316,26317,26318,26319,26320&Prime;][\/vc_column][\/vc_row]<\/p>\n<\/div>","protected":false},"excerpt":{"rendered":"<p>[vc_row][vc_column width=\u00a0\u00bb1\/3&Prime;][vc_video link=\u00a0\u00bbhttps:\/\/www.youtube.com\/watch?v=yzL2zGJva5o\u00a0\u00bb][\/vc_column][vc_column width=\u00a0\u00bb2\/3&Prime;][vc_column_text]Dans notre cas, l\u2019argile est produite de forme artisanale pour maintenir les caract\u00e9ristiques originales de ce produit. Le processus passe par plusieurs phases<span class=\"excerpt-hellip\"> [\u2026]<\/span><\/p>\n","protected":false},"author":1,"featured_media":0,"parent":0,"menu_order":0,"comment_status":"closed","ping_status":"closed","template":"","meta":{"_monsterinsights_skip_tracking":false,"_monsterinsights_sitenote_active":false,"_monsterinsights_sitenote_note":"","_monsterinsights_sitenote_category":0,"footnotes":""},"class_list":["post-26299","page","type-page","status-publish","hentry"],"_links":{"self":[{"href":"https:\/\/terracotadoalgarve.com\/fr\/wp-json\/wp\/v2\/pages\/26299","targetHints":{"allow":["GET"]}}],"collection":[{"href":"https:\/\/terracotadoalgarve.com\/fr\/wp-json\/wp\/v2\/pages"}],"about":[{"href":"https:\/\/terracotadoalgarve.com\/fr\/wp-json\/wp\/v2\/types\/page"}],"author":[{"embeddable":true,"href":"https:\/\/terracotadoalgarve.com\/fr\/wp-json\/wp\/v2\/users\/1"}],"replies":[{"embeddable":true,"href":"https:\/\/terracotadoalgarve.com\/fr\/wp-json\/wp\/v2\/comments?post=26299"}],"version-history":[{"count":0,"href":"https:\/\/terracotadoalgarve.com\/fr\/wp-json\/wp\/v2\/pages\/26299\/revisions"}],"wp:attachment":[{"href":"https:\/\/terracotadoalgarve.com\/fr\/wp-json\/wp\/v2\/media?parent=26299"}],"curies":[{"name":"wp","href":"https:\/\/api.w.org\/{rel}","templated":true}]}}