{"id":26208,"date":"2021-10-25T07:29:28","date_gmt":"2021-10-25T07:29:28","guid":{"rendered":"https:\/\/terracotadoalgarve.com\/fr\/?page_id=26208"},"modified":"2022-03-22T10:46:13","modified_gmt":"2022-03-22T10:46:13","slug":"benefices-de-la-terre-cuite","status":"publish","type":"page","link":"https:\/\/terracotadoalgarve.com\/fr\/benefices-de-la-terre-cuite\/","title":{"rendered":"B\u00e9n\u00e9fices de la Terre Cuite"},"content":{"rendered":"<div class=\"wpb-content-wrapper\"><p>[vc_row][vc_column width=\u00a0\u00bb1\/4&Prime;][vc_single_image image=\u00a0\u00bb26209&Prime; img_size=\u00a0\u00bbfull\u00a0\u00bb][\/vc_column][vc_column width=\u00a0\u00bb3\/4&Prime;][vc_column_text]Quand vous choisissez un plancher vous avez plusieurs options, entre lesquelles la terre cuite ou la brique manuelle. Beaucoup sont les facteurs qui distinguent la terre cuite des autres genres de planchers, bien que l\u2019effet visuel soit un que le consommateur a plus en attention, la v\u00e9rit\u00e9 est que la terre cuite a divers avantages.<\/p>\n<p>Le d\u00e9nomm\u00e9 carreau est tr\u00e8s versatile, et peut \u00eatre utilis\u00e9 tant pour les terrasses que pour les salons, les chambres, les cuisines, les salles-de-bain, enfin toutes les divisions de votre habitation. Il peut aussi \u00eatre combin\u00e9 avec la pierre, le bois ou autre mat\u00e9rielles. Ici la seule limite c\u2019est votre imagination.<\/p>\n<p>Voici quelques b\u00e9n\u00e9fices et avantages de son utilisation\u00a0:<\/p>\n<ul>\n<li>\n<h3>MANUTENTION FACILE<\/h3>\n<\/li>\n<\/ul>\n<p>Apr\u00e8s d\u2019\u00eatre appliqu\u00e9 et trait\u00e9, le carreau en terre cuite n\u2019a besoins d\u2019aucune manutention sp\u00e9ciale, une fois imperm\u00e9abilis\u00e9, en \u00e9tant possible un nettoyage facile.<\/p>\n<ul>\n<li>\n<h3>VERSATILIT\u00c9<\/h3>\n<\/li>\n<\/ul>\n<p>La terre cuite peut \u00eatre appliqu\u00e9e pour le plancher de toute la maison, ou \u00e9tablissement commercial, aussi bien que pour le rev\u00eatement de murs, plafonds, comptoirs, piliers, ce que votre imagination et cr\u00e9ativit\u00e9 d\u00e9sirent.<\/p>\n<ul>\n<li>\n<h3>ORIGINALIT\u00c9<\/h3>\n<\/li>\n<\/ul>\n<p>D\u00fb \u00e0 son proc\u00e8s de fabrication et cuisson, compl\u00e8tement artisanale, les carreaux ont des douces variations de tonalit\u00e9s et finissement, qui cr\u00e9e un effet tr\u00e8s agr\u00e9able sur tout plancher ou autre application. Il n\u2019y a pas deux carreaux en terre cuite pareilles. C\u2019est pour \u00e7a qu\u2019il n\u2019a pas \u00e9t\u00e9 possible de cr\u00e9er un produit industriel capable de remplacer ce mat\u00e9riel.<\/p>\n<ul>\n<li>\n<h3>DURABILIT\u00c9 ET R\u00c9SISTANCE<\/h3>\n<\/li>\n<\/ul>\n<p>Les Romains savait d\u00e9j\u00e0 les avantages de la terre cuite en ce qui concerne la long\u00e9vit\u00e9, et cette caract\u00e9ristique ne s\u2019est pas perdue au long de l\u2019histoire. Effectivement, la terre cuite est r\u00e9sistante \u00e0 la lumi\u00e8re solaire, conservant sa couleur au long des ann\u00e9es, m\u00eame dans des lieux de grande exposition solaire. Elle est r\u00e9sistante au choque et aux changements de temp\u00e9rature. Les carreaux c\u00e9ramiques sont aussi \u00e0 la preuve de feu, au contraire des planchers en bois, pierre et autre d\u2019origine synth\u00e9tique.<\/p>\n<ul>\n<li>\n<h3>ANTID\u00c9RAPANT<\/h3>\n<\/li>\n<\/ul>\n<p>Tr\u00e8s utile pour les rampes, les escaliers, pr\u00e8s des piscines ou pour les \u00e9tages fr\u00e9quenter par des \u00e2g\u00e9s, des enfants ou des personnes handicap\u00e9s.<\/p>\n<ul>\n<li>\n<h3>FLEXIBILIT\u00c9 AU NIVEAU DU DESIGN ET DE LA TAILLE<\/h3>\n<\/li>\n<\/ul>\n<p>Il y a une vari\u00e9t\u00e9 de tailles\u00a0: 15\u00d715 cm, 20\u00d720 cm, 25\u00d725 cm, 30\u00d730 cm, 30\u00d715 cm, Octogonal, Hexagonal, etc. Il est aussi possible de commander une taille ou un format diff\u00e9rent, pour obtenir un plancher compl\u00e8tement original, au gout de chaque client. En outre, les combinaisons qui peuvent \u00eatre faites avec les diff\u00e9rents tipes de terre cuites sont infinies.<\/p>\n<ul>\n<li>\n<h3>R\u00c9PARATION FACILE<\/h3>\n<\/li>\n<\/ul>\n<p>Bien que la c\u00e9ramique soit r\u00e9sistent, il y a la possibilit\u00e9 de s\u2019endommager. Quand cela arrive, sa r\u00e9paration est tr\u00e8s facile et simple\u00a0: il faut qu\u2019enlever les pi\u00e8ces endommag\u00e9es, nettoyer et placer les nouvelles. Cela \u00e9vite d\u2019enlever tout un secteur d\u00fb \u00e0 une petite r\u00e9paration comme il arrive dans la majorit\u00e9 des planchers. Il est important de ne pas oublier que quand un nouveau plancher est fait vous devez rester avec quelques pi\u00e8ces en plus pour des futures r\u00e9parations ou changements.<\/p>\n<ul>\n<li>\n<h3>INVESTISSEMENT FUTURE<\/h3>\n<\/li>\n<\/ul>\n<p>Autant que la majorit\u00e9 des planchers, soient ils les plus modernes, deviennent obsol\u00e8tes au niveau esth\u00e9tique avec le passer des ann\u00e9es, la terre cuite une fois classique et naturel deviens intemporelle. Ceci est tr\u00e8s important vue que sa contrarie la tendance actuelle pour la d\u00e9pr\u00e9ciation des immeubles.<\/p>\n<ul>\n<li>\n<h3>NATUREL ET BIOLOGIQUE<\/h3>\n<\/li>\n<\/ul>\n<p>La terre cuite manuelle ou \u00e0 brique est faite avec une seule mati\u00e8re prime\u00a0: l\u2019argile, une chose naturel et \u00e9cologique avec d\u2019excellentes propri\u00e9t\u00e9s. Pendant des mill\u00e9naires les aliments ont \u00e9t\u00e9 cuits et servis dans des r\u00e9cipients d\u2019argile. L\u2019argile est aussi utilis\u00e9e pour des fins m\u00e9dicinales et pour d\u2019innombrables traitements esth\u00e9tiques. De cette fa\u00e7on vous ne courrez pas le risque d\u2019allergies de la part des mat\u00e9riels utilis\u00e9s dans la construction et la d\u00e9coration de votre maison.<\/p>\n<p>Pourquoi ne pas avoir un plancher comme celui-ci, qui nous accompagne au long de toute notre Histoire, chez vous\u00a0?[\/vc_column_text][\/vc_column][\/vc_row]<\/p>\n<\/div>","protected":false},"excerpt":{"rendered":"<p>[vc_row][vc_column width=\u00a0\u00bb1\/4&Prime;][vc_single_image image=\u00a0\u00bb26209&Prime; img_size=\u00a0\u00bbfull\u00a0\u00bb][\/vc_column][vc_column width=\u00a0\u00bb3\/4&Prime;][vc_column_text]Quand vous choisissez un plancher vous avez plusieurs options, entre lesquelles la terre cuite ou la brique manuelle. Beaucoup sont les facteurs<span class=\"excerpt-hellip\"> [\u2026]<\/span><\/p>\n","protected":false},"author":1,"featured_media":0,"parent":0,"menu_order":0,"comment_status":"closed","ping_status":"closed","template":"","meta":{"_monsterinsights_skip_tracking":false,"_monsterinsights_sitenote_active":false,"_monsterinsights_sitenote_note":"","_monsterinsights_sitenote_category":0,"footnotes":""},"class_list":["post-26208","page","type-page","status-publish","hentry"],"_links":{"self":[{"href":"https:\/\/terracotadoalgarve.com\/fr\/wp-json\/wp\/v2\/pages\/26208","targetHints":{"allow":["GET"]}}],"collection":[{"href":"https:\/\/terracotadoalgarve.com\/fr\/wp-json\/wp\/v2\/pages"}],"about":[{"href":"https:\/\/terracotadoalgarve.com\/fr\/wp-json\/wp\/v2\/types\/page"}],"author":[{"embeddable":true,"href":"https:\/\/terracotadoalgarve.com\/fr\/wp-json\/wp\/v2\/users\/1"}],"replies":[{"embeddable":true,"href":"https:\/\/terracotadoalgarve.com\/fr\/wp-json\/wp\/v2\/comments?post=26208"}],"version-history":[{"count":0,"href":"https:\/\/terracotadoalgarve.com\/fr\/wp-json\/wp\/v2\/pages\/26208\/revisions"}],"wp:attachment":[{"href":"https:\/\/terracotadoalgarve.com\/fr\/wp-json\/wp\/v2\/media?parent=26208"}],"curies":[{"name":"wp","href":"https:\/\/api.w.org\/{rel}","templated":true}]}}