{"id":25848,"date":"2021-10-24T15:26:04","date_gmt":"2021-10-24T15:26:04","guid":{"rendered":"https:\/\/terracotadoalgarve.com\/fr\/?page_id=25848"},"modified":"2022-03-21T12:40:36","modified_gmt":"2022-03-21T12:40:36","slug":"decoration-rustique","status":"publish","type":"page","link":"https:\/\/terracotadoalgarve.com\/fr\/decoration-rustique\/","title":{"rendered":"D\u00e9coration rustique"},"content":{"rendered":"<div class=\"wpb-content-wrapper\"><p>[vc_row][vc_column width=\u00a0\u00bb1\/3&Prime;][vc_single_image image=\u00a0\u00bb25850&Prime; img_size=\u00a0\u00bbfull\u00a0\u00bb][\/vc_column][vc_column width=\u00a0\u00bb2\/3&Prime;][vc_column_text]Lorsque nous construisons une maison ou proc\u00e9dons \u00e0 son r\u00e9am\u00e9nagement, la d\u00e9coration doit toujours \u00eatre pens\u00e9e d\u00e8s le d\u00e9but des travaux. Dans le cas des maisons traditionnelles \/ classiques, ce n\u2019est pas seulement l\u2019architecture qui compte, mais aussi la compl\u00e9ter avec des meubles rustiques et d\u2019autres accessoires capables de cr\u00e9er l\u2019environnement souhait\u00e9. Une maison rustique doit \u00eatre confortable et fonctionnelle, nous offrant des moments de paix et de d\u00e9tente et constituant de ce fait le choix id\u00e9al pour des vacances ou un logement permanent. Notre maison en dit long sur nous et la d\u00e9coration est le reflet de notre personnalit\u00e9 mat\u00e9rialis\u00e9e dans notre espace quotidien.<\/p>\n<p>La d\u00e9coration des maisons est une t\u00e2che difficile. Par cons\u00e9quent, pour que vous n\u2019ayez pas de probl\u00e8mes de construction ni de d\u00e9coration, vous devez \u00eatre attentif \u00e0 tous les d\u00e9tails, en essayant toujours de trouver des id\u00e9es de d\u00e9coration originales, pour ne pas \u00eatre juste une autre maison, comme tant d\u2019autres. Le moyen le plus simple d\u2019obtenir des r\u00e9sultats est de passer par un d\u00e9corateur professionnel. Cependant, les bons d\u00e9corateurs co\u00fbtent tr\u00e8s cher et nous ne sommes pas tous en mesure de nous permettre de d\u00e9penser autant d\u2019argent. Donc, avec un peu de recherche et de cr\u00e9ativit\u00e9, nous pouvons obtenir le m\u00eame r\u00e9sultat et en apprendre encore un peu.<\/p>\n<p>Nous vous donnerons ici quelques conseils et id\u00e9es pour faciliter votre travail, que ce soit pour la construction ou le remodelage de la maison, ou pour sa d\u00e9coration, une fois les travaux termin\u00e9s. Les facteurs importants dans le choix de la bonne d\u00e9coration sont les suivants: couleurs, mobilier, \u00e9l\u00e9ments d\u00e9coratifs, \u00e9clairage, etc. Tout doit \u00eatre en fonction de l\u2019architecture de la maison et de ce que vous voulez que le r\u00e9sultat final soit. Il est \u00e9galement tr\u00e8s important de choisir les mat\u00e9riaux de construction \u00e0 utiliser: rev\u00eatements de sol, toitures, rev\u00eatements, etc.<\/p>\n<p>Quand il est temps de meubler la maison, vous avez deux options: utiliser des meubles anciens, bien entretenus ou restaur\u00e9s, ou opter pour des meubles neufs, de type rustique. La premi\u00e8re option a l\u2019avantage d\u2019acheter des meubles authentiques et avec eux un peu d\u2019histoire. Dans les maisons de campagne, la d\u00e9coration doit correspondre \u00e0 l\u2019environnement: les mat\u00e9riaux et la d\u00e9coration doivent \u00eatre en rapport avec l\u2019environnement qui l\u2019entoure.<\/p>\n<p>L\u2019\u00e9clairage est \u00e9galement tr\u00e8s important pour cr\u00e9er des environnements agr\u00e9ables. La d\u00e9coration rustique permet une grande vari\u00e9t\u00e9 de choix de lampes et d\u2019appareils d\u2019\u00e9clairage, procurant une sensation agr\u00e9able \u00e0 ceux qui se trouvent dans l\u2019espace \u00e9clair\u00e9. Les lampes peuvent prendre de nombreuses formes, mais id\u00e9alisez toujours une lampe fabriqu\u00e9e \u00e0 partir de mat\u00e9riaux traditionnels tels que le tissu, le fer, le bois ou la terre cuite.<\/p>\n<p>[\/vc_column_text][\/vc_column][\/vc_row][vc_row][vc_column width=\u00a0\u00bb1\/3&Prime;][vc_single_image image=\u00a0\u00bb25851&Prime; img_size=\u00a0\u00bbfull\u00a0\u00bb][\/vc_column][vc_column width=\u00a0\u00bb2\/3&Prime;][vc_column_text]Pour conserver l\u2019esprit d\u00e9coratif rustique, les chambres doivent \u00eatre d\u00e9cor\u00e9es de bois ou \u00e9ventuellement de fer forg\u00e9. Les tissus naturels s\u2019int\u00e8grent \u00e9galement tr\u00e8s bien dans ce type de d\u00e9coration. Les rideaux des maisons typiques ne doivent pas n\u00e9cessairement \u00eatre extravagants, ils doivent \u00eatre fabriqu\u00e9s \u00e0 partir de tissus et de tringles simples, afin de produire un effet \u00e9l\u00e9gant et contextualis\u00e9. Les rideaux peuvent rev\u00eatir de nombreuses formes et couleurs, ce qui d\u00e9termine le choix est votre go\u00fbt personnel. Les couvertures, les tapis et le parquet dans les chambres \u00e0 coucher sont une image de marque dans les maisons rustiques. Les fauteuils et les repose-pieds offrent un confort accru.<\/p>\n<p>Il est possible d\u2019utiliser un vieux meuble pour cr\u00e9er un meuble de lavabo, en enlevant le dessus et en pla\u00e7ant un dessus en bois, en pierre naturelle ou m\u00eame en verre. C\u2019est \u00e0 votre discr\u00e9tion. L\u2019utilisation de vieilles roues pour cr\u00e9er une table basse est une id\u00e9e originale et parfaitement cadr\u00e9e dans le concept de la d\u00e9coration rustique. En utilisant un pied en bois et un plateau en verre, le r\u00e9sultat est tr\u00e8s bon.<\/p>\n<p>Les chemin\u00e9es sont l\u2019un des signes distinctifs des maisons rustiques, ce qui en fait une \u00abSalamandra\u00bb \u00e9galement une bonne solution. L\u2019id\u00e9al est d\u2019avoir des canap\u00e9s ou des chiots \u00e0 proximit\u00e9, car plus le confort pr\u00e8s de la chemin\u00e9e est grand, plus vous voulez passer de temps \u00e0 c\u00f4t\u00e9. Les coussins de chaise en osier sont une bonne solution de confort: vous pouvez utiliser des tissus de diff\u00e9rentes couleurs. Toujours garder un petit espace pour le bois de chauffage. Le confort offert par un foyer naturel invite \u00e0 de longues heures de conversation dans la nuit par les froides journ\u00e9es d\u2019hiver.<\/p>\n<p>Une cuisine traditionnelle peut fournir tout le confort d\u2019une cuisine moderne, il vous suffit d\u2019avoir les bons ustensiles. Les comptoirs de cuisine prennent une nouvelle dimension dans ce type de d\u00e9coration et vous verrez souvent de nombreux ustensiles suspendus le long des murs. Les tasses accroch\u00e9es \u00e0 l\u2019int\u00e9rieur et sous les meubles suspendus rendent le d\u00e9cor encore plus rustique. Cr\u00e9er un comptoir de cuisine dans ce type de maison est facile, il suffit d\u2019id\u00e9aliser et de construire avec des mat\u00e9riaux adapt\u00e9s au contexte: vous pouvez jouer avec des bancs hauts pour cr\u00e9er un espace agr\u00e9able o\u00f9 boire quelque chose ou m\u00eame \u00eatre avec les plus proches amis, en prenant du temps ensemble. profiter de votre maison.<\/p>\n<p>La particularit\u00e9 de la d\u00e9coration est d\u2019utiliser tout ce qui nous entoure: ce sont parfois les pi\u00e8ces les plus simples qui se d\u00e9tachent. Voici quelques solutions cr\u00e9atives avec de bons effets: Les paniers, les cerfs-volants, les bancs et les cintres en bois sont faciles \u00e0 obtenir et donnent sans aucun doute du charme au d\u00e9cor d\u2019une maison.<br \/>\nLe d\u00e9cor rustique peut \u00eatre une source d\u2019inspiration pour les b\u00e2timents les plus modernes. D\u00e9corer une maison rustique, en plus d\u2019\u00eatre amusant, nous aide \u00e0 nous rapprocher de nos origines. Ces maisons sont id\u00e9ales pour ceux qui recherchent la fra\u00eecheur en \u00e9t\u00e9 et la chaleur en hiver: les maisons en pierre et en terre cuite ont cette particularit\u00e9.<\/p>\n<p>Les marches peuvent \u00eatre d\u00e9cor\u00e9es de tapisseries ou de tapis, ce qui est id\u00e9al pour ceux qui aiment marcher pieds nus dans la maison. Ne vous inqui\u00e9tez pas si votre plus jeune fils marche pieds nus, avec des tapis, il est peu probable qu\u2019il constipera. Sur des surfaces trop polies, il est conseill\u00e9 de placer des tapis antid\u00e9rapants afin d\u2019\u00e9viter tout risque de chute du tapis sous vos pieds.<\/p>\n<p>Le jardin est un autre \u00e9l\u00e9ment int\u00e9ressant d\u2019une maison rustique, car rares sont les maisons de ville dot\u00e9es d\u2019un jardin en harmonie avec la nature. Utilisez des bancs en bois, accrochez une balan\u00e7oire \u00e0 un arbre, fabriquez des bancs en pierre ou utilisez des troncs d\u2019arbres pour cr\u00e9er des bancs et des chaises, etc. M\u00eame les bois les plus irr\u00e9guliers s\u2019animent apr\u00e8s avoir \u00e9t\u00e9 trait\u00e9s.<\/p>\n<p>En bref, utilisez tout ce qui vous entoure et rappelez-vous qu\u2019une maison rustique est tout ce qu\u2019une maison de ville ne peut \u00eatre.[\/vc_column_text][\/vc_column][\/vc_row]<\/p>\n<\/div>","protected":false},"excerpt":{"rendered":"<p>[vc_row][vc_column width=\u00a0\u00bb1\/3&Prime;][vc_single_image image=\u00a0\u00bb25850&Prime; img_size=\u00a0\u00bbfull\u00a0\u00bb][\/vc_column][vc_column width=\u00a0\u00bb2\/3&Prime;][vc_column_text]Lorsque nous construisons une maison ou proc\u00e9dons \u00e0 son r\u00e9am\u00e9nagement, la d\u00e9coration doit toujours \u00eatre pens\u00e9e d\u00e8s le d\u00e9but des travaux. Dans<span class=\"excerpt-hellip\"> [\u2026]<\/span><\/p>\n","protected":false},"author":1,"featured_media":0,"parent":0,"menu_order":0,"comment_status":"closed","ping_status":"closed","template":"","meta":{"_monsterinsights_skip_tracking":false,"_monsterinsights_sitenote_active":false,"_monsterinsights_sitenote_note":"","_monsterinsights_sitenote_category":0,"footnotes":""},"class_list":["post-25848","page","type-page","status-publish","hentry"],"_links":{"self":[{"href":"https:\/\/terracotadoalgarve.com\/fr\/wp-json\/wp\/v2\/pages\/25848","targetHints":{"allow":["GET"]}}],"collection":[{"href":"https:\/\/terracotadoalgarve.com\/fr\/wp-json\/wp\/v2\/pages"}],"about":[{"href":"https:\/\/terracotadoalgarve.com\/fr\/wp-json\/wp\/v2\/types\/page"}],"author":[{"embeddable":true,"href":"https:\/\/terracotadoalgarve.com\/fr\/wp-json\/wp\/v2\/users\/1"}],"replies":[{"embeddable":true,"href":"https:\/\/terracotadoalgarve.com\/fr\/wp-json\/wp\/v2\/comments?post=25848"}],"version-history":[{"count":0,"href":"https:\/\/terracotadoalgarve.com\/fr\/wp-json\/wp\/v2\/pages\/25848\/revisions"}],"wp:attachment":[{"href":"https:\/\/terracotadoalgarve.com\/fr\/wp-json\/wp\/v2\/media?parent=25848"}],"curies":[{"name":"wp","href":"https:\/\/api.w.org\/{rel}","templated":true}]}}