{"id":25314,"date":"2021-10-24T09:27:03","date_gmt":"2021-10-24T09:27:03","guid":{"rendered":"https:\/\/terracotadoalgarve.com\/fr\/?page_id=25314"},"modified":"2022-06-14T09:44:38","modified_gmt":"2022-06-14T09:44:38","slug":"pierre-naturelle","status":"publish","type":"page","link":"https:\/\/terracotadoalgarve.com\/fr\/pierre-naturelle\/","title":{"rendered":"Pierre naturelle"},"content":{"rendered":"<div class=\"wpb-content-wrapper\"><p>[vc_row][vc_column][vc_column_text]La pierre n\u2019est pas forc\u00e9ment un mat\u00e9riau co\u00fbteux et luxueux. En moyenne, la pierre est plus ch\u00e8re que la terre cuite et d\u2019autres options de plancher, mais il y a de nombreux types de pierres, des prix et des propri\u00e9t\u00e9s diff\u00e9rentes, en fonction du go\u00fbt et du budget de chacun.<\/p>\n<p>Il existe de nombreux types de pierre pour les rev\u00eatements de sol, murs et d\u00e9corations, disponibles dans une grande vari\u00e9t\u00e9 de couleurs et de finitions: poli, sculpt\u00e9, fissur\u00e9, etc. Mais rien ne se cohttps:\/\/terracotadoalgarve.com\/fr\/pierre-naturelle-pour-revetements\/mpare \u00e0 la beaut\u00e9 de la pierre naturelle.<\/p>\n<p>Un des grands avantages de l\u2019utilisation de la pierre dans le rev\u00eatement de murs et de fa\u00e7ades, c\u2019est que la pierre est un mat\u00e9riau noble et intemporel, qui ne se d\u00e9grade pas avec le temps. Soit dit, la pierre a tendance \u00e0 s\u2019am\u00e9liorer au fil des ans, ce qui contribue \u00e0 augmenter la valeur de votre maison.<\/p>\n<p>La pierre au fil des si\u00e8cles, a \u00e9t\u00e9 le mat\u00e9riau choisi par les architectes et artistes pour cr\u00e9er des sculptures magnifiques, des monuments et des b\u00e2timents comme le Taj Mahal en Inde et le Parth\u00e9non en Gr\u00e8ce. Inspir\u00e9 par ces ouvrages de l\u2019antiquit\u00e9, les architectes et les constructeurs utilisent aujourd\u2019hui la pierre pour ajouter classe et grandeur \u00e0 toute construction. Comme les empreintes digitales, il n\u2019existe pas deux pierres identiques. Chaque pierre varie selon la couleur et les veines, \u00e0 la suite de fissures remplies de min\u00e9raux qui sont pr\u00e9sents au cours de sa formation. Les textures et couleurs subtiles de la pierre naturelle lui conf\u00e8re une identit\u00e9 unique qui n\u2019est pas possible d\u2019imiter avec succ\u00e8s en utilisant des alternatives artificielles.<\/p>\n<p>Le choix d\u2019une fa\u00e7ade ou d\u2019un sol en pierre devient, gr\u00e2ce \u00e0 sa durabilit\u00e9, un bon choix en ce qui concerne les co\u00fbts \u00e0 long terme. La combinaison de t\u00e9nacit\u00e9 et de beaut\u00e9 en fait \u00e9galement un bon choix pour les applications dans des espaces commerciaux qui durent des centaines d\u2019ann\u00e9es, sans aucun entretien n\u00e9cessaire![\/vc_column_text][vc_column_text]<\/p>\n\n\t\t\t<style type='text\/css'>\n\t\t\t\t#sc_gallery-1 {\n\t\t\t\t\tmargin: auto;\n\t\t\t\t}\n\t\t\t\t#sc_gallery-1 .gallery-item {\n\t\t\t\t\tfloat: left;\n\t\t\t\t\ttext-align: center;\n\t\t\t\t\twidth: 19.99%;\n\t\t\t\t}\n\t\t\t\t#sc_gallery-1 img {\n\t\t\t\t\tborder: 2px solid #cfcfcf;\n\t\t\t\t}\n\t\t\t\t\/* see sc_gallery() in functions\/theme-shortcodes.php *\/\n\t\t\t<\/style>\n\t\t<div id='sc_gallery-1' class='gallery galleryid-25314 gallery-columns-5 gallery-size-thumbnail file gallery-default'><dl class='gallery-item'  data-title='Ref 913 Ataija Azul' data-description='Ref 913 Ataija Azul'><div class='gallery-item-wrapper'>\n\t\t\t\t<dt class='gallery-icon landscape'>\n\t\t\t\t\t<a href='https:\/\/terracotadoalgarve.com\/wp-content\/uploads\/2019\/05\/Ref-913-Ataija-Azul.jpg'><img loading=\"lazy\" decoding=\"async\" width=\"150\" height=\"99\" src=\"https:\/\/terracotadoalgarve.com\/wp-content\/uploads\/2019\/05\/Ref-913-Ataija-Azul.jpg\" class=\"attachment-thumbnail size-thumbnail\" alt=\"Ref 913 Ataija Azul\" \/><\/a>\n\t\t\t\t<\/dt>\n\t\t\t\t\t<dd class='wp-caption-text gallery-caption'>\n\t\t\t\t\tRef 913 Ataija Azul\n\t\t\t\t\t<\/dd><\/div><\/dl><dl class='gallery-item'  data-title='Ref 916 Gascogne Beige' data-description='Ref 916 Gascogne Beige'><div class='gallery-item-wrapper'>\n\t\t\t\t<dt class='gallery-icon landscape'>\n\t\t\t\t\t<a href='https:\/\/terracotadoalgarve.com\/wp-content\/uploads\/2019\/05\/Ref-916-Gascogne-Beige.jpg'><img loading=\"lazy\" decoding=\"async\" width=\"150\" height=\"99\" src=\"https:\/\/terracotadoalgarve.com\/wp-content\/uploads\/2019\/05\/Ref-916-Gascogne-Beige.jpg\" class=\"attachment-thumbnail size-thumbnail\" alt=\"Ref 916 Gascogne Beige\" \/><\/a>\n\t\t\t\t<\/dt>\n\t\t\t\t\t<dd class='wp-caption-text gallery-caption'>\n\t\t\t\t\tRef 916 Gascogne Beige\n\t\t\t\t\t<\/dd><\/div><\/dl><dl class='gallery-item'  data-title='Ref 911 Branco Fossyl' data-description='Ref 911 Branco Fossyl'><div class='gallery-item-wrapper'>\n\t\t\t\t<dt class='gallery-icon landscape'>\n\t\t\t\t\t<a href='https:\/\/terracotadoalgarve.com\/wp-content\/uploads\/2019\/05\/Ref-911-Branco-Fossyl.jpg'><img loading=\"lazy\" decoding=\"async\" width=\"150\" height=\"99\" src=\"https:\/\/terracotadoalgarve.com\/wp-content\/uploads\/2019\/05\/Ref-911-Branco-Fossyl.jpg\" class=\"attachment-thumbnail size-thumbnail\" alt=\"Ref 911 Branco Fossyl\" \/><\/a>\n\t\t\t\t<\/dt>\n\t\t\t\t\t<dd class='wp-caption-text gallery-caption'>\n\t\t\t\t\tRef 911 Branco Fossyl\n\t\t\t\t\t<\/dd><\/div><\/dl><dl class='gallery-item'  data-title='Ref 912 Branco Mar' data-description='Ref 912 Branco Mar'><div class='gallery-item-wrapper'>\n\t\t\t\t<dt class='gallery-icon landscape'>\n\t\t\t\t\t<a href='https:\/\/terracotadoalgarve.com\/wp-content\/uploads\/2019\/05\/Ref-912-Branco-Mar.jpg'><img loading=\"lazy\" decoding=\"async\" width=\"150\" height=\"99\" src=\"https:\/\/terracotadoalgarve.com\/wp-content\/uploads\/2019\/05\/Ref-912-Branco-Mar.jpg\" class=\"attachment-thumbnail size-thumbnail\" alt=\"Ref 912 Branco Mar\" \/><\/a>\n\t\t\t\t<\/dt>\n\t\t\t\t\t<dd class='wp-caption-text gallery-caption'>\n\t\t\t\t\tRef 912 Branco Mar\n\t\t\t\t\t<\/dd><\/div><\/dl><dl class='gallery-item'  data-title='Ref 915 Azul Valverde' data-description='Ref 915 Azul Valverde'><div class='gallery-item-wrapper'>\n\t\t\t\t<dt class='gallery-icon landscape'>\n\t\t\t\t\t<a href='https:\/\/terracotadoalgarve.com\/wp-content\/uploads\/2019\/05\/Ref-915-Azul-Valverde.jpg'><img loading=\"lazy\" decoding=\"async\" width=\"150\" height=\"99\" src=\"https:\/\/terracotadoalgarve.com\/wp-content\/uploads\/2019\/05\/Ref-915-Azul-Valverde.jpg\" class=\"attachment-thumbnail size-thumbnail\" alt=\"Ref 915 Azul Valverde\" \/><\/a>\n\t\t\t\t<\/dt>\n\t\t\t\t\t<dd class='wp-caption-text gallery-caption'>\n\t\t\t\t\tRef 915 Azul Valverde\n\t\t\t\t\t<\/dd><\/div><\/dl><br style=\"clear: both\" \/><dl class='gallery-item'  data-title='Ref 914 Azul Lagoa' data-description='Ref 914 Azul Lagoa'><div class='gallery-item-wrapper'>\n\t\t\t\t<dt class='gallery-icon landscape'>\n\t\t\t\t\t<a href='https:\/\/terracotadoalgarve.com\/wp-content\/uploads\/2019\/05\/Ref-914-Azul-Lagoa.jpg'><img loading=\"lazy\" decoding=\"async\" width=\"150\" height=\"99\" src=\"https:\/\/terracotadoalgarve.com\/wp-content\/uploads\/2019\/05\/Ref-914-Azul-Lagoa.jpg\" class=\"attachment-thumbnail size-thumbnail\" alt=\"Ref 914 Azul Lagoa\" \/><\/a>\n\t\t\t\t<\/dt>\n\t\t\t\t\t<dd class='wp-caption-text gallery-caption'>\n\t\t\t\t\tRef 914 Azul Lagoa\n\t\t\t\t\t<\/dd><\/div><\/dl><dl class='gallery-item'  data-title='Ref 918 Moleanos BOX' data-description='Ref 918 Moleanos BOX'><div class='gallery-item-wrapper'>\n\t\t\t\t<dt class='gallery-icon landscape'>\n\t\t\t\t\t<a href='https:\/\/terracotadoalgarve.com\/wp-content\/uploads\/2019\/05\/Ref-918-Moleanos-BOX.jpg'><img loading=\"lazy\" decoding=\"async\" width=\"150\" height=\"99\" src=\"https:\/\/terracotadoalgarve.com\/wp-content\/uploads\/2019\/05\/Ref-918-Moleanos-BOX.jpg\" class=\"attachment-thumbnail size-thumbnail\" alt=\"Ref 918 Moleanos BOX\" \/><\/a>\n\t\t\t\t<\/dt>\n\t\t\t\t\t<dd class='wp-caption-text gallery-caption'>\n\t\t\t\t\tRef 918 Moleanos BOX\n\t\t\t\t\t<\/dd><\/div><\/dl><dl class='gallery-item'  data-title='Ref 923 Silver Creme' data-description='Ref 923 Silver Creme'><div class='gallery-item-wrapper'>\n\t\t\t\t<dt class='gallery-icon landscape'>\n\t\t\t\t\t<a href='https:\/\/terracotadoalgarve.com\/wp-content\/uploads\/2019\/05\/Ref-923-Silver-Creme.jpg'><img loading=\"lazy\" decoding=\"async\" width=\"150\" height=\"99\" src=\"https:\/\/terracotadoalgarve.com\/wp-content\/uploads\/2019\/05\/Ref-923-Silver-Creme.jpg\" class=\"attachment-thumbnail size-thumbnail\" alt=\"Ref 923 Silver Creme\" \/><\/a>\n\t\t\t\t<\/dt>\n\t\t\t\t\t<dd class='wp-caption-text gallery-caption'>\n\t\t\t\t\tRef 923 Silver Creme\n\t\t\t\t\t<\/dd><\/div><\/dl><dl class='gallery-item'  data-title='Ref 919 Moleanos CBC' data-description='Ref 919 Moleanos CBC'><div class='gallery-item-wrapper'>\n\t\t\t\t<dt class='gallery-icon landscape'>\n\t\t\t\t\t<a href='https:\/\/terracotadoalgarve.com\/wp-content\/uploads\/2019\/05\/Ref-919-Moleanos-CBC.jpg'><img loading=\"lazy\" decoding=\"async\" width=\"150\" height=\"99\" src=\"https:\/\/terracotadoalgarve.com\/wp-content\/uploads\/2019\/05\/Ref-919-Moleanos-CBC.jpg\" class=\"attachment-thumbnail size-thumbnail\" alt=\"Ref 919 Moleanos CBC\" \/><\/a>\n\t\t\t\t<\/dt>\n\t\t\t\t\t<dd class='wp-caption-text gallery-caption'>\n\t\t\t\t\tRef 919 Moleanos CBC\n\t\t\t\t\t<\/dd><\/div><\/dl><dl class='gallery-item'  data-title='Ref 920 Creme Brilhante' data-description='Ref 920 Creme Brilhante'><div class='gallery-item-wrapper'>\n\t\t\t\t<dt class='gallery-icon landscape'>\n\t\t\t\t\t<a href='https:\/\/terracotadoalgarve.com\/wp-content\/uploads\/2019\/05\/Ref-920-Creme-Brilhante.jpg'><img loading=\"lazy\" decoding=\"async\" width=\"150\" height=\"99\" src=\"https:\/\/terracotadoalgarve.com\/wp-content\/uploads\/2019\/05\/Ref-920-Creme-Brilhante.jpg\" class=\"attachment-thumbnail size-thumbnail\" alt=\"Ref 920 Creme Brilhante\" \/><\/a>\n\t\t\t\t<\/dt>\n\t\t\t\t\t<dd class='wp-caption-text gallery-caption'>\n\t\t\t\t\tRef 920 Creme Brilhante\n\t\t\t\t\t<\/dd><\/div><\/dl><br style=\"clear: both\" \/><dl class='gallery-item'  data-title='Ref 922 VDM Azul' data-description='Ref 922 VDM Azul'><div class='gallery-item-wrapper'>\n\t\t\t\t<dt class='gallery-icon landscape'>\n\t\t\t\t\t<a href='https:\/\/terracotadoalgarve.com\/wp-content\/uploads\/2019\/05\/Ref-922-VDM-Azul.jpg'><img loading=\"lazy\" decoding=\"async\" width=\"150\" height=\"99\" src=\"https:\/\/terracotadoalgarve.com\/wp-content\/uploads\/2019\/05\/Ref-922-VDM-Azul.jpg\" class=\"attachment-thumbnail size-thumbnail\" alt=\"Ref 922 VDM Azul\" \/><\/a>\n\t\t\t\t<\/dt>\n\t\t\t\t\t<dd class='wp-caption-text gallery-caption'>\n\t\t\t\t\tRef 922 VDM Azul\n\t\t\t\t\t<\/dd><\/div><\/dl><dl class='gallery-item'  data-title='Ref 921 Branco Valongo' data-description='Ref 921 Branco Valongo'><div class='gallery-item-wrapper'>\n\t\t\t\t<dt class='gallery-icon landscape'>\n\t\t\t\t\t<a href='https:\/\/terracotadoalgarve.com\/wp-content\/uploads\/2019\/05\/Ref-921-Branco-Valongo.jpg'><img loading=\"lazy\" decoding=\"async\" width=\"150\" height=\"99\" src=\"https:\/\/terracotadoalgarve.com\/wp-content\/uploads\/2019\/05\/Ref-921-Branco-Valongo.jpg\" class=\"attachment-thumbnail size-thumbnail\" alt=\"Ref 921 Branco Valongo\" \/><\/a>\n\t\t\t\t<\/dt>\n\t\t\t\t\t<dd class='wp-caption-text gallery-caption'>\n\t\t\t\t\tRef 921 Branco Valongo\n\t\t\t\t\t<\/dd><\/div><\/dl><dl class='gallery-item'  data-title='Ref 917 Moca creme MG' data-description='Ref 917 Moca creme MG'><div class='gallery-item-wrapper'>\n\t\t\t\t<dt class='gallery-icon landscape'>\n\t\t\t\t\t<a href='https:\/\/terracotadoalgarve.com\/wp-content\/uploads\/2019\/05\/Ref-917-Moca-creme-MG.jpg'><img loading=\"lazy\" decoding=\"async\" width=\"150\" height=\"99\" src=\"https:\/\/terracotadoalgarve.com\/wp-content\/uploads\/2019\/05\/Ref-917-Moca-creme-MG.jpg\" class=\"attachment-thumbnail size-thumbnail\" alt=\"Ref 917 Moca creme MG\" \/><\/a>\n\t\t\t\t<\/dt>\n\t\t\t\t\t<dd class='wp-caption-text gallery-caption'>\n\t\t\t\t\tRef 917 Moca creme MG\n\t\t\t\t\t<\/dd><\/div><\/dl><dl class='gallery-item'  data-title='Ref 925 Moca Creme Fine' data-description='Ref 925 Moca Creme Fine'><div class='gallery-item-wrapper'>\n\t\t\t\t<dt class='gallery-icon landscape'>\n\t\t\t\t\t<a href='https:\/\/terracotadoalgarve.com\/wp-content\/uploads\/2019\/05\/Ref-925-Moca-Creme-Fine.jpg'><img loading=\"lazy\" decoding=\"async\" width=\"150\" height=\"99\" src=\"https:\/\/terracotadoalgarve.com\/wp-content\/uploads\/2019\/05\/Ref-925-Moca-Creme-Fine.jpg\" class=\"attachment-thumbnail size-thumbnail\" alt=\"Ref 925 Moca Creme Fine\" \/><\/a>\n\t\t\t\t<\/dt>\n\t\t\t\t\t<dd class='wp-caption-text gallery-caption'>\n\t\t\t\t\tRef 925 Moca Creme Fine\n\t\t\t\t\t<\/dd><\/div><\/dl><dl class='gallery-item'  data-title='Ref 928 Creme de Mos' data-description='Ref 928 Creme de Mos'><div class='gallery-item-wrapper'>\n\t\t\t\t<dt class='gallery-icon landscape'>\n\t\t\t\t\t<a href='https:\/\/terracotadoalgarve.com\/wp-content\/uploads\/2019\/05\/Ref-928-Creme-de-Mos.jpg'><img loading=\"lazy\" decoding=\"async\" width=\"150\" height=\"99\" src=\"https:\/\/terracotadoalgarve.com\/wp-content\/uploads\/2019\/05\/Ref-928-Creme-de-Mos.jpg\" class=\"attachment-thumbnail size-thumbnail\" alt=\"Ref 928 Creme de Mos\" \/><\/a>\n\t\t\t\t<\/dt>\n\t\t\t\t\t<dd class='wp-caption-text gallery-caption'>\n\t\t\t\t\tRef 928 Creme de Mos\n\t\t\t\t\t<\/dd><\/div><\/dl><br style=\"clear: both\" \/><dl class='gallery-item'  data-title='Ref 926 Estremoz Corrente' data-description='Ref 926 Estremoz Corrente'><div class='gallery-item-wrapper'>\n\t\t\t\t<dt class='gallery-icon landscape'>\n\t\t\t\t\t<a href='https:\/\/terracotadoalgarve.com\/wp-content\/uploads\/2019\/05\/Ref-926-Estremoz-Corrente.jpg'><img loading=\"lazy\" decoding=\"async\" width=\"150\" height=\"99\" src=\"https:\/\/terracotadoalgarve.com\/wp-content\/uploads\/2019\/05\/Ref-926-Estremoz-Corrente.jpg\" class=\"attachment-thumbnail size-thumbnail\" alt=\"Ref 926 Estremoz Corrente\" \/><\/a>\n\t\t\t\t<\/dt>\n\t\t\t\t\t<dd class='wp-caption-text gallery-caption'>\n\t\t\t\t\tRef 926 Estremoz Corrente\n\t\t\t\t\t<\/dd><\/div><\/dl><dl class='gallery-item'  data-title='Ref 930 Lioz' data-description='Ref 930 Lioz'><div class='gallery-item-wrapper'>\n\t\t\t\t<dt class='gallery-icon landscape'>\n\t\t\t\t\t<a href='https:\/\/terracotadoalgarve.com\/wp-content\/uploads\/2019\/05\/Ref-930-Lioz.jpg'><img loading=\"lazy\" decoding=\"async\" width=\"150\" height=\"99\" src=\"https:\/\/terracotadoalgarve.com\/wp-content\/uploads\/2019\/05\/Ref-930-Lioz.jpg\" class=\"attachment-thumbnail size-thumbnail\" alt=\"Ref 930 Lioz\" \/><\/a>\n\t\t\t\t<\/dt>\n\t\t\t\t\t<dd class='wp-caption-text gallery-caption'>\n\t\t\t\t\tRef 930 Lioz\n\t\t\t\t\t<\/dd><\/div><\/dl><dl class='gallery-item'  data-title='Ref 929 Estremoz Claro' data-description='Ref 929 Estremoz Claro'><div class='gallery-item-wrapper'>\n\t\t\t\t<dt class='gallery-icon landscape'>\n\t\t\t\t\t<a href='https:\/\/terracotadoalgarve.com\/wp-content\/uploads\/2019\/05\/Ref-929-Estremoz-Claro.jpg'><img loading=\"lazy\" decoding=\"async\" width=\"150\" height=\"99\" src=\"https:\/\/terracotadoalgarve.com\/wp-content\/uploads\/2019\/05\/Ref-929-Estremoz-Claro.jpg\" class=\"attachment-thumbnail size-thumbnail\" alt=\"Ref 929 Estremoz Claro\" \/><\/a>\n\t\t\t\t<\/dt>\n\t\t\t\t\t<dd class='wp-caption-text gallery-caption'>\n\t\t\t\t\tRef 929 Estremoz Claro\n\t\t\t\t\t<\/dd><\/div><\/dl><dl class='gallery-item'  data-title='Ref 924 Brecha Sto Antonio' data-description='Ref 924 Brecha Sto Antonio'><div class='gallery-item-wrapper'>\n\t\t\t\t<dt class='gallery-icon landscape'>\n\t\t\t\t\t<a href='https:\/\/terracotadoalgarve.com\/wp-content\/uploads\/2019\/05\/Ref-924-Brecha-Sto-Antonio.jpg'><img loading=\"lazy\" decoding=\"async\" width=\"150\" height=\"99\" src=\"https:\/\/terracotadoalgarve.com\/wp-content\/uploads\/2019\/05\/Ref-924-Brecha-Sto-Antonio.jpg\" class=\"attachment-thumbnail size-thumbnail\" alt=\"Ref 924 Brecha Sto Antonio\" \/><\/a>\n\t\t\t\t<\/dt>\n\t\t\t\t\t<dd class='wp-caption-text gallery-caption'>\n\t\t\t\t\tRef 924 Brecha Sto Antonio\n\t\t\t\t\t<\/dd><\/div><\/dl><dl class='gallery-item'  data-title='Ref 927 Ataija Beige' data-description='Ref 927 Ataija Beige'><div class='gallery-item-wrapper'>\n\t\t\t\t<dt class='gallery-icon landscape'>\n\t\t\t\t\t<a href='https:\/\/terracotadoalgarve.com\/wp-content\/uploads\/2019\/05\/Ref-927-Ataija-Beige.jpg'><img loading=\"lazy\" decoding=\"async\" width=\"150\" height=\"99\" src=\"https:\/\/terracotadoalgarve.com\/wp-content\/uploads\/2019\/05\/Ref-927-Ataija-Beige.jpg\" class=\"attachment-thumbnail size-thumbnail\" alt=\"Ref 927 Ataija Beige\" \/><\/a>\n\t\t\t\t<\/dt>\n\t\t\t\t\t<dd class='wp-caption-text gallery-caption'>\n\t\t\t\t\tRef 927 Ataija Beige\n\t\t\t\t\t<\/dd><\/div><\/dl><br style=\"clear: both\" \/>\n\t\t\t<\/div>\n\n<p>[\/vc_column_text][\/vc_column][\/vc_row][vc_row][vc_column][vc_column_text]<\/p>\n<h2>Autres finitions et textures<\/h2>\n<p>Il existe plusieurs finitions disponibles pour chaque type de pierre, le client doit choisir la finition qui convient le mieux \u00e0 chaque situation.[\/vc_column_text][\/vc_column][\/vc_row][vc_row][vc_column width=\u00a0\u00bb1\/4&Prime;][vc_single_image image=\u00a0\u00bb25336&Prime; img_size=\u00a0\u00bbfull\u00a0\u00bb onclick=\u00a0\u00bblink_image\u00a0\u00bb][\/vc_column][vc_column width=\u00a0\u00bb3\/4&Prime;][vc_column_text]<strong>Bouchard\u00e9<\/strong><\/p>\n<p>La finition bouchard\u00e9 dispose d\u2019une texture rugueuse, perfor\u00e9e et anti-d\u00e9rapant. Cette finition est particuli\u00e8rement adapt\u00e9 pour les planchers et les rev\u00eatements et fr\u00e9quemment utilis\u00e9s dans les bordures des piscines. Mis en \u0153uvre avec la finition bouchard\u00e9 de mat\u00e9riel sp\u00e9cifique, cette forme de finition est disponible en diff\u00e9rents types, en fonction de la pointe qui est utilis\u00e9, par exemple: \u00e9pais ou mince. Il est \u00e0 noter que cette finition brouille la coloration des mat\u00e9riaux, blanchis l\u00e9g\u00e8rement.[\/vc_column_text][\/vc_column][\/vc_row][vc_row][vc_column width=\u00a0\u00bb1\/4&Prime;][vc_single_image image=\u00a0\u00bb25337&Prime; img_size=\u00a0\u00bbfull\u00a0\u00bb onclick=\u00a0\u00bblink_image\u00a0\u00bb][\/vc_column][vc_column width=\u00a0\u00bb3\/4&Prime;][vc_column_text]<strong>Bross\u00e9e<\/strong><\/p>\n<p>Anti-d\u00e9rapant, la finition est pas lisse au touche et est tr\u00e8s conseill\u00e9e pour le plancher \u00e0 plat. Finition de surface semi-rugueuse et par rapport plus doux que la finition sabl\u00e9. Le mat\u00e9riel avec une finition bross\u00e9e as une grande aceptation pr\u00eat de prescripteurs de tout le monde. En vrai, cette surface laisse transpara\u00eetre plus la coloration originale et au m\u00eame temps que devient anti-d\u00e9rapant.[\/vc_column_text][\/vc_column][\/vc_row][vc_row][vc_column width=\u00a0\u00bb1\/4&Prime;][vc_single_image image=\u00a0\u00bb25338&Prime; img_size=\u00a0\u00bbfull\u00a0\u00bb onclick=\u00a0\u00bblink_image\u00a0\u00bb][\/vc_column][vc_column width=\u00a0\u00bb3\/4&Prime;][vc_column_text]<strong>Poli<\/strong><\/p>\n<p>La pierre avec cette finition dispose d\u2019une surface de miroir et vitrage. Le polissage de la pierre am\u00e9liore la coloration compl\u00e8te des mat\u00e9riaux et leurs caract\u00e9ristiques particuli\u00e8res, tels comme les graines et les veinures. C\u2019est un type de finition r\u00e9aliser avec des tampons de polissage (ou abrasifs) et poup\u00e9e, se pr\u00eatant bien \u00e0 l\u2019int\u00e9rieur.[\/vc_column_text][\/vc_column][\/vc_row][vc_row][vc_column width=\u00a0\u00bb1\/4&Prime;][vc_single_image image=\u00a0\u00bb25339&Prime; img_size=\u00a0\u00bbfull\u00a0\u00bb onclick=\u00a0\u00bblink_image\u00a0\u00bb][\/vc_column][vc_column width=\u00a0\u00bb3\/4&Prime;][vc_column_text]<strong>Sabl\u00e9e<\/strong><\/p>\n<p>La pierre avec une finition sabl\u00e9 pr\u00e9sente une texture l\u00e9g\u00e8rement rugueuse et anti-d\u00e9rapant. Ce travail est effectu\u00e9 avec un jet de sable ou fraises similaires \u00e0 des bouchard\u00e9, suffisamment plat mais avec des bords plus doux et espac\u00e9e.<\/p>\n<p>La finition sabl\u00e9e est anti-d\u00e9rapant, et semi-rugueuse, suffisamment plat et tr\u00e8s conseill\u00e9 pour le plancher.<br \/>\nEn comparaison, cette finition est moins rugueuse que le bouchard\u00e9 et laisse transpara\u00eetre plus la coloration.[\/vc_column_text][\/vc_column][\/vc_row][vc_row][vc_column width=\u00a0\u00bb1\/4&Prime;][vc_single_image image=\u00a0\u00bb25340&Prime; img_size=\u00a0\u00bbfull\u00a0\u00bb onclick=\u00a0\u00bblink_image\u00a0\u00bb][\/vc_column][vc_column width=\u00a0\u00bb3\/4&Prime;][vc_column_text]<strong>Leather (Sabl\u00e9e + Bross\u00e9e )<\/strong><\/p>\n<p>C\u2019est la combinaison des deux types de finition.[\/vc_column_text][\/vc_column][\/vc_row][vc_row][vc_column width=\u00a0\u00bb1\/4&Prime;][vc_single_image image=\u00a0\u00bb25341&Prime; img_size=\u00a0\u00bbfull\u00a0\u00bb onclick=\u00a0\u00bblink_image\u00a0\u00bb][\/vc_column][vc_column width=\u00a0\u00bb3\/4&Prime;][vc_column_text]<strong>Flam\u00e9e<\/strong><\/p>\n<p>Produite \u00e0 travers de l\u2019exposition de la pierre a haute temp\u00e9rature, il est \u00e0 noter que ni tout les mat\u00e9riaux flambent. La finition flamm\u00e9 est superficiellement plane pour le plancher, bien qu\u2019il admette variations dans le relief de sa surface et apparente une face compos\u00e9 par des couches ou \u201ccopeaux\u201d. Seul dans l\u2019effets que produit, la finition flamm\u00e9 rends les surfaces anti-d\u00e9rapantes au m\u00eame temps que brouille la couleur d\u2019origine du mat\u00e9riel et lui donne des variations propres de une \u201cface avec diff\u00e9rents cot\u00e9s de relief\u201d.[\/vc_column_text][\/vc_column][\/vc_row][vc_row][vc_column width=\u00a0\u00bb1\/4&Prime;][vc_single_image image=\u00a0\u00bb25342&Prime; img_size=\u00a0\u00bbfull\u00a0\u00bb onclick=\u00a0\u00bblink_image\u00a0\u00bb][\/vc_column][vc_column width=\u00a0\u00bb3\/4&Prime;][vc_column_text]<b>\u00c9clat\u00e9e<\/b><\/p>\n<p>Ce type de finition pr\u00e9sente une texture rugueuse, \u00e9caill\u00e9e et non une texture plat. Il s\u2019agit d\u2019un travail r\u00e9alis\u00e9 manuellement avec la \u201cdescacilheira\u201d, et doit \u00eatre consid\u00e9r\u00e9e comme un mat\u00e9riel, avec une plus grande \u00e9paisseur puisque cette partie sera bris\u00e9 avec les outils utilis\u00e9s. Avec une surface irr\u00e9guli\u00e8re, cette finition s\u2019adapte pas au plancher, mais avant a les rev\u00eatements que on demande d\u2019\u00eatre valoris\u00e9es dans sa pr\u00e9sentation.[\/vc_column_text][\/vc_column][\/vc_row][vc_row][vc_column width=\u00a0\u00bb1\/4&Prime;][vc_single_image image=\u00a0\u00bb25343&Prime; img_size=\u00a0\u00bbfull\u00a0\u00bb onclick=\u00a0\u00bblink_image\u00a0\u00bb][\/vc_column][vc_column width=\u00a0\u00bb3\/4&Prime;][vc_column_text]<strong>Ray\u00e9<\/strong><\/p>\n<p>Avec cette finition la pierre offre une texture rugueuse et ray\u00e9. Unique sur l\u2019effet que donner \u00e0 la pierre, Cette finition n\u00e9cessite des machines de coupe avec une fraise ray\u00e9 sp\u00e9cifique pour la r\u00e9alisation de ce travail et relativement plus de temps pour sa ex\u00e9cution. La finition est ray\u00e9 et une des options les plus co\u00fbteuses \u00e0 niveaux des finitions.[\/vc_column_text][\/vc_column][\/vc_row]<\/p>\n<\/div>","protected":false},"excerpt":{"rendered":"<p>[vc_row][vc_column][vc_column_text]La pierre n\u2019est pas forc\u00e9ment un mat\u00e9riau co\u00fbteux et luxueux. En moyenne, la pierre est plus ch\u00e8re que la terre cuite et d\u2019autres options de plancher,<span class=\"excerpt-hellip\"> [\u2026]<\/span><\/p>\n","protected":false},"author":1,"featured_media":0,"parent":0,"menu_order":0,"comment_status":"closed","ping_status":"closed","template":"","meta":{"_monsterinsights_skip_tracking":false,"_monsterinsights_sitenote_active":false,"_monsterinsights_sitenote_note":"","_monsterinsights_sitenote_category":0,"footnotes":""},"class_list":["post-25314","page","type-page","status-publish","hentry"],"_links":{"self":[{"href":"https:\/\/terracotadoalgarve.com\/fr\/wp-json\/wp\/v2\/pages\/25314","targetHints":{"allow":["GET"]}}],"collection":[{"href":"https:\/\/terracotadoalgarve.com\/fr\/wp-json\/wp\/v2\/pages"}],"about":[{"href":"https:\/\/terracotadoalgarve.com\/fr\/wp-json\/wp\/v2\/types\/page"}],"author":[{"embeddable":true,"href":"https:\/\/terracotadoalgarve.com\/fr\/wp-json\/wp\/v2\/users\/1"}],"replies":[{"embeddable":true,"href":"https:\/\/terracotadoalgarve.com\/fr\/wp-json\/wp\/v2\/comments?post=25314"}],"version-history":[{"count":0,"href":"https:\/\/terracotadoalgarve.com\/fr\/wp-json\/wp\/v2\/pages\/25314\/revisions"}],"wp:attachment":[{"href":"https:\/\/terracotadoalgarve.com\/fr\/wp-json\/wp\/v2\/media?parent=25314"}],"curies":[{"name":"wp","href":"https:\/\/api.w.org\/{rel}","templated":true}]}}