{"id":25165,"date":"2020-10-05T08:48:49","date_gmt":"2020-10-05T07:48:49","guid":{"rendered":"http:\/\/terracotadoalgarve.com\/produto\/ref-202r-ladrilho-30x15x2-cm-rustico\/"},"modified":"2022-05-02T04:10:33","modified_gmt":"2022-05-02T04:10:33","slug":"ref-202r-baldosa-30x15x2-cm-rustica","status":"publish","type":"product","link":"https:\/\/terracotadoalgarve.com\/es\/produto\/ref-202r-baldosa-30x15x2-cm-rustica\/","title":{"rendered":"Ref 202R Baldosa 30x15x2 cm R\u00fastica"},"content":{"rendered":"","protected":false},"excerpt":{"rendered":"<p>Es una baldosa con un acabado superficial algo m\u00e1s irregular y tambi\u00e9n de un color m\u00e1s rojizo. Es la opci\u00f3n ideal para quienes desean un suelo r\u00fastico y tradicional.<\/p>\n","protected":false},"featured_media":25926,"comment_status":"closed","ping_status":"closed","template":"","meta":[],"product_brand":[],"product_cat":[35],"product_tag":[],"class_list":{"0":"post-25165","1":"product","2":"type-product","3":"status-publish","4":"has-post-thumbnail","6":"product_cat-terracota-manual","8":"first","9":"instock","10":"product-type-simple"},"yoast_head":"<!-- This site is optimized with the Yoast SEO plugin v26.9 - https:\/\/yoast.com\/product\/yoast-seo-wordpress\/ -->\n<title>Ref 202R Baldosa 30x15x2 cm R\u00fastica - Terracota do Algarve %<\/title>\n<meta name=\"description\" content=\"It is a tile with a slightly more irregular surface finish and a more reddish color. It is the ideal choice for those who want a rustic and traditional floor.\" \/>\n<meta name=\"robots\" content=\"index, follow, max-snippet:-1, max-image-preview:large, max-video-preview:-1\" \/>\n<link rel=\"canonical\" href=\"https:\/\/terracotadoalgarve.com\/es\/produto\/ref-202r-baldosa-30x15x2-cm-rustica\/\" \/>\n<meta property=\"og:locale\" content=\"es_ES\" \/>\n<meta property=\"og:type\" content=\"article\" \/>\n<meta property=\"og:title\" content=\"Ref 202R Baldosa 30x15x2 cm R\u00fastica - Terracota do Algarve %\" \/>\n<meta property=\"og:description\" content=\"It is a tile with a slightly more irregular surface finish and a more reddish color. It is the ideal choice for those who want a rustic and traditional floor.\" \/>\n<meta property=\"og:url\" content=\"https:\/\/terracotadoalgarve.com\/es\/produto\/ref-202r-baldosa-30x15x2-cm-rustica\/\" \/>\n<meta property=\"og:site_name\" content=\"Terracota do Algarve\" \/>\n<meta property=\"article:modified_time\" content=\"2022-05-02T04:10:33+00:00\" \/>\n<meta property=\"og:image\" content=\"https:\/\/terracotadoalgarve.com\/wp-content\/uploads\/2020\/10\/Ref-202R-Ladrilho-30x15x2-Rustico.png\" \/>\n\t<meta property=\"og:image:width\" content=\"700\" \/>\n\t<meta property=\"og:image:height\" content=\"525\" \/>\n\t<meta property=\"og:image:type\" content=\"image\/png\" \/>\n<meta name=\"twitter:card\" content=\"summary_large_image\" \/>\n<script type=\"application\/ld+json\" class=\"yoast-schema-graph\">{\"@context\":\"https:\/\/schema.org\",\"@graph\":[{\"@type\":\"WebPage\",\"@id\":\"https:\/\/terracotadoalgarve.com\/es\/produto\/ref-202r-baldosa-30x15x2-cm-rustica\/\",\"url\":\"https:\/\/terracotadoalgarve.com\/es\/produto\/ref-202r-baldosa-30x15x2-cm-rustica\/\",\"name\":\"Ref 202R Baldosa 30x15x2 cm R\u00fastica - Terracota do Algarve %\",\"isPartOf\":{\"@id\":\"https:\/\/terracotadoalgarve.com\/es\/#website\"},\"primaryImageOfPage\":{\"@id\":\"https:\/\/terracotadoalgarve.com\/es\/produto\/ref-202r-baldosa-30x15x2-cm-rustica\/#primaryimage\"},\"image\":{\"@id\":\"https:\/\/terracotadoalgarve.com\/es\/produto\/ref-202r-baldosa-30x15x2-cm-rustica\/#primaryimage\"},\"thumbnailUrl\":\"https:\/\/terracotadoalgarve.com\/wp-content\/uploads\/2020\/10\/Ref-202R-Ladrilho-30x15x2-Rustico.png\",\"datePublished\":\"2020-10-05T07:48:49+00:00\",\"dateModified\":\"2022-05-02T04:10:33+00:00\",\"description\":\"It is a tile with a slightly more irregular surface finish and a more reddish color. It is the ideal choice for those who want a rustic and traditional floor.\",\"breadcrumb\":{\"@id\":\"https:\/\/terracotadoalgarve.com\/es\/produto\/ref-202r-baldosa-30x15x2-cm-rustica\/#breadcrumb\"},\"inLanguage\":\"es\",\"potentialAction\":[{\"@type\":\"ReadAction\",\"target\":[\"https:\/\/terracotadoalgarve.com\/es\/produto\/ref-202r-baldosa-30x15x2-cm-rustica\/\"]}]},{\"@type\":\"ImageObject\",\"inLanguage\":\"es\",\"@id\":\"https:\/\/terracotadoalgarve.com\/es\/produto\/ref-202r-baldosa-30x15x2-cm-rustica\/#primaryimage\",\"url\":\"https:\/\/terracotadoalgarve.com\/wp-content\/uploads\/2020\/10\/Ref-202R-Ladrilho-30x15x2-Rustico.png\",\"contentUrl\":\"https:\/\/terracotadoalgarve.com\/wp-content\/uploads\/2020\/10\/Ref-202R-Ladrilho-30x15x2-Rustico.png\",\"width\":700,\"height\":525,\"caption\":\"Ref 202R Ladrilho 30x15x2 Rustico\"},{\"@type\":\"BreadcrumbList\",\"@id\":\"https:\/\/terracotadoalgarve.com\/es\/produto\/ref-202r-baldosa-30x15x2-cm-rustica\/#breadcrumb\",\"itemListElement\":[{\"@type\":\"ListItem\",\"position\":1,\"name\":\"Home\",\"item\":\"https:\/\/terracotadoalgarve.com\/es\/\"},{\"@type\":\"ListItem\",\"position\":2,\"name\":\"Productos\",\"item\":\"https:\/\/terracotadoalgarve.com\/es\/shop\/\"},{\"@type\":\"ListItem\",\"position\":3,\"name\":\"Ref 202R Baldosa 30x15x2 cm R\u00fastica\"}]},{\"@type\":\"WebSite\",\"@id\":\"https:\/\/terracotadoalgarve.com\/es\/#website\",\"url\":\"https:\/\/terracotadoalgarve.com\/es\/\",\"name\":\"Terracota do Algarve\",\"description\":\"Terracota tiles, Hydraulic cement tiles, Glazed tiles\",\"potentialAction\":[{\"@type\":\"SearchAction\",\"target\":{\"@type\":\"EntryPoint\",\"urlTemplate\":\"https:\/\/terracotadoalgarve.com\/es\/?s={search_term_string}\"},\"query-input\":{\"@type\":\"PropertyValueSpecification\",\"valueRequired\":true,\"valueName\":\"search_term_string\"}}],\"inLanguage\":\"es\"}]}<\/script>\n<!-- \/ Yoast SEO plugin. -->","yoast_head_json":{"title":"Ref 202R Baldosa 30x15x2 cm R\u00fastica - Terracota do Algarve %","description":"It is a tile with a slightly more irregular surface finish and a more reddish color. It is the ideal choice for those who want a rustic and traditional floor.","robots":{"index":"index","follow":"follow","max-snippet":"max-snippet:-1","max-image-preview":"max-image-preview:large","max-video-preview":"max-video-preview:-1"},"canonical":"https:\/\/terracotadoalgarve.com\/es\/produto\/ref-202r-baldosa-30x15x2-cm-rustica\/","og_locale":"es_ES","og_type":"article","og_title":"Ref 202R Baldosa 30x15x2 cm R\u00fastica - Terracota do Algarve %","og_description":"It is a tile with a slightly more irregular surface finish and a more reddish color. It is the ideal choice for those who want a rustic and traditional floor.","og_url":"https:\/\/terracotadoalgarve.com\/es\/produto\/ref-202r-baldosa-30x15x2-cm-rustica\/","og_site_name":"Terracota do Algarve","article_modified_time":"2022-05-02T04:10:33+00:00","og_image":[{"width":700,"height":525,"url":"https:\/\/terracotadoalgarve.com\/wp-content\/uploads\/2020\/10\/Ref-202R-Ladrilho-30x15x2-Rustico.png","type":"image\/png"}],"twitter_card":"summary_large_image","schema":{"@context":"https:\/\/schema.org","@graph":[{"@type":"WebPage","@id":"https:\/\/terracotadoalgarve.com\/es\/produto\/ref-202r-baldosa-30x15x2-cm-rustica\/","url":"https:\/\/terracotadoalgarve.com\/es\/produto\/ref-202r-baldosa-30x15x2-cm-rustica\/","name":"Ref 202R Baldosa 30x15x2 cm R\u00fastica - Terracota do Algarve %","isPartOf":{"@id":"https:\/\/terracotadoalgarve.com\/es\/#website"},"primaryImageOfPage":{"@id":"https:\/\/terracotadoalgarve.com\/es\/produto\/ref-202r-baldosa-30x15x2-cm-rustica\/#primaryimage"},"image":{"@id":"https:\/\/terracotadoalgarve.com\/es\/produto\/ref-202r-baldosa-30x15x2-cm-rustica\/#primaryimage"},"thumbnailUrl":"https:\/\/terracotadoalgarve.com\/wp-content\/uploads\/2020\/10\/Ref-202R-Ladrilho-30x15x2-Rustico.png","datePublished":"2020-10-05T07:48:49+00:00","dateModified":"2022-05-02T04:10:33+00:00","description":"It is a tile with a slightly more irregular surface finish and a more reddish color. It is the ideal choice for those who want a rustic and traditional floor.","breadcrumb":{"@id":"https:\/\/terracotadoalgarve.com\/es\/produto\/ref-202r-baldosa-30x15x2-cm-rustica\/#breadcrumb"},"inLanguage":"es","potentialAction":[{"@type":"ReadAction","target":["https:\/\/terracotadoalgarve.com\/es\/produto\/ref-202r-baldosa-30x15x2-cm-rustica\/"]}]},{"@type":"ImageObject","inLanguage":"es","@id":"https:\/\/terracotadoalgarve.com\/es\/produto\/ref-202r-baldosa-30x15x2-cm-rustica\/#primaryimage","url":"https:\/\/terracotadoalgarve.com\/wp-content\/uploads\/2020\/10\/Ref-202R-Ladrilho-30x15x2-Rustico.png","contentUrl":"https:\/\/terracotadoalgarve.com\/wp-content\/uploads\/2020\/10\/Ref-202R-Ladrilho-30x15x2-Rustico.png","width":700,"height":525,"caption":"Ref 202R Ladrilho 30x15x2 Rustico"},{"@type":"BreadcrumbList","@id":"https:\/\/terracotadoalgarve.com\/es\/produto\/ref-202r-baldosa-30x15x2-cm-rustica\/#breadcrumb","itemListElement":[{"@type":"ListItem","position":1,"name":"Home","item":"https:\/\/terracotadoalgarve.com\/es\/"},{"@type":"ListItem","position":2,"name":"Productos","item":"https:\/\/terracotadoalgarve.com\/es\/shop\/"},{"@type":"ListItem","position":3,"name":"Ref 202R Baldosa 30x15x2 cm R\u00fastica"}]},{"@type":"WebSite","@id":"https:\/\/terracotadoalgarve.com\/es\/#website","url":"https:\/\/terracotadoalgarve.com\/es\/","name":"Terracota do Algarve","description":"Terracota tiles, Hydraulic cement tiles, Glazed tiles","potentialAction":[{"@type":"SearchAction","target":{"@type":"EntryPoint","urlTemplate":"https:\/\/terracotadoalgarve.com\/es\/?s={search_term_string}"},"query-input":{"@type":"PropertyValueSpecification","valueRequired":true,"valueName":"search_term_string"}}],"inLanguage":"es"}]}},"_links":{"self":[{"href":"https:\/\/terracotadoalgarve.com\/es\/wp-json\/wp\/v2\/product\/25165","targetHints":{"allow":["GET"]}}],"collection":[{"href":"https:\/\/terracotadoalgarve.com\/es\/wp-json\/wp\/v2\/product"}],"about":[{"href":"https:\/\/terracotadoalgarve.com\/es\/wp-json\/wp\/v2\/types\/product"}],"replies":[{"embeddable":true,"href":"https:\/\/terracotadoalgarve.com\/es\/wp-json\/wp\/v2\/comments?post=25165"}],"wp:featuredmedia":[{"embeddable":true,"href":"https:\/\/terracotadoalgarve.com\/es\/wp-json\/wp\/v2\/media\/25926"}],"wp:attachment":[{"href":"https:\/\/terracotadoalgarve.com\/es\/wp-json\/wp\/v2\/media?parent=25165"}],"wp:term":[{"taxonomy":"product_brand","embeddable":true,"href":"https:\/\/terracotadoalgarve.com\/es\/wp-json\/wp\/v2\/product_brand?post=25165"},{"taxonomy":"product_cat","embeddable":true,"href":"https:\/\/terracotadoalgarve.com\/es\/wp-json\/wp\/v2\/product_cat?post=25165"},{"taxonomy":"product_tag","embeddable":true,"href":"https:\/\/terracotadoalgarve.com\/es\/wp-json\/wp\/v2\/product_tag?post=25165"}],"curies":[{"name":"wp","href":"https:\/\/api.w.org\/{rel}","templated":true}]}}