{"id":17600,"date":"2018-11-15T09:24:33","date_gmt":"2018-11-15T09:24:33","guid":{"rendered":"http:\/\/terracotadoalgarve.com\/product\/zorcons-lf-plus-limpeza-e-renovacao-de-superficies\/"},"modified":"2022-06-22T08:53:03","modified_gmt":"2022-06-22T08:53:03","slug":"zorcons-lf-plus-limpieza-y-renovacion-de-superficies","status":"publish","type":"product","link":"https:\/\/terracotadoalgarve.com\/es\/produto\/zorcons-lf-plus-limpieza-y-renovacion-de-superficies\/","title":{"rendered":"Zorcons-LF-PLUS Limpieza Y Renovaci\u00f3n De Superficies"},"content":{"rendered":"","protected":false},"excerpt":{"rendered":"<p><strong>Caracter\u00edsticas:<\/strong><\/p>\n<p>Producto \u00e1cido altamente concentrado para la limpieza y renovaci\u00f3n de superficies. Formulado en base \u00e1cidos inorg\u00e1nicos, tensoactivos y humectantes de efecto sin\u00e9rgico.<\/p>\n<p>Para la eliminaci\u00f3n eficaz de suciedad ambiental, incrustaciones calc\u00e1reas, \u00f3xido, dep\u00f3sitos org\u00e1nicos como restos de musgos, algas, etc. en pavimentos, fachadas y superficies en general de cemento, piedra, hormig\u00f3n, plaquetas cer\u00e1micas, terracota, etc.<\/p>\n<ul>\n<li><strong>Presentaci\u00f3n:<\/strong>\u00a01 Lt \/ 5 Lt\/10Lt<\/li>\n<\/ul>\n<p><a href=\"http:\/\/terracotadoalgarve.com\/wp-content\/uploads\/2016\/10\/ZORCONS-LF-PLUS_-ficha-tecnica_PT.pdf\" target=\"_blank\" rel=\"noopener\">Ficha t\u00e9cnica<\/a><\/p>\n","protected":false},"featured_media":25216,"comment_status":"closed","ping_status":"closed","template":"","meta":[],"product_brand":[],"product_cat":[42],"product_tag":[],"class_list":{"0":"post-17600","1":"product","2":"type-product","3":"status-publish","4":"has-post-thumbnail","6":"product_cat-productos-para-el-tratamiento-y-la-limpieza","8":"first","9":"instock","10":"product-type-simple"},"yoast_head":"<!-- This site is optimized with the Yoast SEO plugin v26.9 - https:\/\/yoast.com\/product\/yoast-seo-wordpress\/ -->\n<title>Zorcons-LF-PLUS Limpieza Y Renovaci\u00f3n De Superficies - Terracota do Algarve<\/title>\n<meta name=\"robots\" content=\"index, follow, max-snippet:-1, max-image-preview:large, max-video-preview:-1\" \/>\n<link rel=\"canonical\" href=\"https:\/\/terracotadoalgarve.com\/es\/produto\/zorcons-lf-plus-limpieza-y-renovacion-de-superficies\/\" \/>\n<meta property=\"og:locale\" content=\"es_ES\" \/>\n<meta property=\"og:type\" content=\"article\" \/>\n<meta property=\"og:title\" content=\"Zorcons-LF-PLUS Limpieza Y Renovaci\u00f3n De Superficies - Terracota do Algarve\" \/>\n<meta property=\"og:description\" content=\"Caracter\u00edsticas:  Producto \u00e1cido altamente concentrado para la limpieza y renovaci\u00f3n de superficies. Formulado en base \u00e1cidos inorg\u00e1nicos, tensoactivos y humectantes de efecto sin\u00e9rgico.  Para la eliminaci\u00f3n eficaz de suciedad ambiental, incrustaciones calc\u00e1reas, \u00f3xido, dep\u00f3sitos org\u00e1nicos como restos de musgos, algas, etc. en pavimentos, fachadas y superficies en general de cemento, piedra, hormig\u00f3n, plaquetas cer\u00e1micas, terracota, etc.   Presentaci\u00f3n:\u00a01 Lt \/ 5 Lt\/10Lt  Ficha t\u00e9cnica\" \/>\n<meta property=\"og:url\" content=\"https:\/\/terracotadoalgarve.com\/es\/produto\/zorcons-lf-plus-limpieza-y-renovacion-de-superficies\/\" \/>\n<meta property=\"og:site_name\" content=\"Terracota do Algarve\" \/>\n<meta property=\"article:modified_time\" content=\"2022-06-22T08:53:03+00:00\" \/>\n<meta property=\"og:image\" content=\"https:\/\/terracotadoalgarve.com\/wp-content\/uploads\/2018\/11\/ZORCONS-LF-PLUS-PNG-1.png\" \/>\n\t<meta property=\"og:image:width\" content=\"700\" \/>\n\t<meta property=\"og:image:height\" content=\"525\" \/>\n\t<meta property=\"og:image:type\" content=\"image\/png\" \/>\n<meta name=\"twitter:card\" content=\"summary_large_image\" \/>\n<script type=\"application\/ld+json\" class=\"yoast-schema-graph\">{\"@context\":\"https:\/\/schema.org\",\"@graph\":[{\"@type\":\"WebPage\",\"@id\":\"https:\/\/terracotadoalgarve.com\/es\/produto\/zorcons-lf-plus-limpieza-y-renovacion-de-superficies\/\",\"url\":\"https:\/\/terracotadoalgarve.com\/es\/produto\/zorcons-lf-plus-limpieza-y-renovacion-de-superficies\/\",\"name\":\"Zorcons-LF-PLUS Limpieza Y Renovaci\u00f3n De Superficies - Terracota do Algarve\",\"isPartOf\":{\"@id\":\"https:\/\/terracotadoalgarve.com\/es\/#website\"},\"primaryImageOfPage\":{\"@id\":\"https:\/\/terracotadoalgarve.com\/es\/produto\/zorcons-lf-plus-limpieza-y-renovacion-de-superficies\/#primaryimage\"},\"image\":{\"@id\":\"https:\/\/terracotadoalgarve.com\/es\/produto\/zorcons-lf-plus-limpieza-y-renovacion-de-superficies\/#primaryimage\"},\"thumbnailUrl\":\"https:\/\/terracotadoalgarve.com\/wp-content\/uploads\/2018\/11\/ZORCONS-LF-PLUS-PNG-1.png\",\"datePublished\":\"2018-11-15T09:24:33+00:00\",\"dateModified\":\"2022-06-22T08:53:03+00:00\",\"breadcrumb\":{\"@id\":\"https:\/\/terracotadoalgarve.com\/es\/produto\/zorcons-lf-plus-limpieza-y-renovacion-de-superficies\/#breadcrumb\"},\"inLanguage\":\"es\",\"potentialAction\":[{\"@type\":\"ReadAction\",\"target\":[\"https:\/\/terracotadoalgarve.com\/es\/produto\/zorcons-lf-plus-limpieza-y-renovacion-de-superficies\/\"]}]},{\"@type\":\"ImageObject\",\"inLanguage\":\"es\",\"@id\":\"https:\/\/terracotadoalgarve.com\/es\/produto\/zorcons-lf-plus-limpieza-y-renovacion-de-superficies\/#primaryimage\",\"url\":\"https:\/\/terracotadoalgarve.com\/wp-content\/uploads\/2018\/11\/ZORCONS-LF-PLUS-PNG-1.png\",\"contentUrl\":\"https:\/\/terracotadoalgarve.com\/wp-content\/uploads\/2018\/11\/ZORCONS-LF-PLUS-PNG-1.png\",\"width\":700,\"height\":525,\"caption\":\"ZORCONS LF PLUS PNG 1\"},{\"@type\":\"BreadcrumbList\",\"@id\":\"https:\/\/terracotadoalgarve.com\/es\/produto\/zorcons-lf-plus-limpieza-y-renovacion-de-superficies\/#breadcrumb\",\"itemListElement\":[{\"@type\":\"ListItem\",\"position\":1,\"name\":\"Home\",\"item\":\"https:\/\/terracotadoalgarve.com\/es\/\"},{\"@type\":\"ListItem\",\"position\":2,\"name\":\"Productos\",\"item\":\"https:\/\/terracotadoalgarve.com\/es\/shop\/\"},{\"@type\":\"ListItem\",\"position\":3,\"name\":\"Zorcons-LF-PLUS Limpieza Y Renovaci\u00f3n De Superficies\"}]},{\"@type\":\"WebSite\",\"@id\":\"https:\/\/terracotadoalgarve.com\/es\/#website\",\"url\":\"https:\/\/terracotadoalgarve.com\/es\/\",\"name\":\"Terracota do Algarve\",\"description\":\"Terracota tiles, Hydraulic cement tiles, Glazed tiles\",\"potentialAction\":[{\"@type\":\"SearchAction\",\"target\":{\"@type\":\"EntryPoint\",\"urlTemplate\":\"https:\/\/terracotadoalgarve.com\/es\/?s={search_term_string}\"},\"query-input\":{\"@type\":\"PropertyValueSpecification\",\"valueRequired\":true,\"valueName\":\"search_term_string\"}}],\"inLanguage\":\"es\"}]}<\/script>\n<!-- \/ Yoast SEO plugin. -->","yoast_head_json":{"title":"Zorcons-LF-PLUS Limpieza Y Renovaci\u00f3n De Superficies - Terracota do Algarve","robots":{"index":"index","follow":"follow","max-snippet":"max-snippet:-1","max-image-preview":"max-image-preview:large","max-video-preview":"max-video-preview:-1"},"canonical":"https:\/\/terracotadoalgarve.com\/es\/produto\/zorcons-lf-plus-limpieza-y-renovacion-de-superficies\/","og_locale":"es_ES","og_type":"article","og_title":"Zorcons-LF-PLUS Limpieza Y Renovaci\u00f3n De Superficies - Terracota do Algarve","og_description":"Caracter\u00edsticas:  Producto \u00e1cido altamente concentrado para la limpieza y renovaci\u00f3n de superficies. Formulado en base \u00e1cidos inorg\u00e1nicos, tensoactivos y humectantes de efecto sin\u00e9rgico.  Para la eliminaci\u00f3n eficaz de suciedad ambiental, incrustaciones calc\u00e1reas, \u00f3xido, dep\u00f3sitos org\u00e1nicos como restos de musgos, algas, etc. en pavimentos, fachadas y superficies en general de cemento, piedra, hormig\u00f3n, plaquetas cer\u00e1micas, terracota, etc.   Presentaci\u00f3n:\u00a01 Lt \/ 5 Lt\/10Lt  Ficha t\u00e9cnica","og_url":"https:\/\/terracotadoalgarve.com\/es\/produto\/zorcons-lf-plus-limpieza-y-renovacion-de-superficies\/","og_site_name":"Terracota do Algarve","article_modified_time":"2022-06-22T08:53:03+00:00","og_image":[{"width":700,"height":525,"url":"https:\/\/terracotadoalgarve.com\/wp-content\/uploads\/2018\/11\/ZORCONS-LF-PLUS-PNG-1.png","type":"image\/png"}],"twitter_card":"summary_large_image","schema":{"@context":"https:\/\/schema.org","@graph":[{"@type":"WebPage","@id":"https:\/\/terracotadoalgarve.com\/es\/produto\/zorcons-lf-plus-limpieza-y-renovacion-de-superficies\/","url":"https:\/\/terracotadoalgarve.com\/es\/produto\/zorcons-lf-plus-limpieza-y-renovacion-de-superficies\/","name":"Zorcons-LF-PLUS Limpieza Y Renovaci\u00f3n De Superficies - Terracota do Algarve","isPartOf":{"@id":"https:\/\/terracotadoalgarve.com\/es\/#website"},"primaryImageOfPage":{"@id":"https:\/\/terracotadoalgarve.com\/es\/produto\/zorcons-lf-plus-limpieza-y-renovacion-de-superficies\/#primaryimage"},"image":{"@id":"https:\/\/terracotadoalgarve.com\/es\/produto\/zorcons-lf-plus-limpieza-y-renovacion-de-superficies\/#primaryimage"},"thumbnailUrl":"https:\/\/terracotadoalgarve.com\/wp-content\/uploads\/2018\/11\/ZORCONS-LF-PLUS-PNG-1.png","datePublished":"2018-11-15T09:24:33+00:00","dateModified":"2022-06-22T08:53:03+00:00","breadcrumb":{"@id":"https:\/\/terracotadoalgarve.com\/es\/produto\/zorcons-lf-plus-limpieza-y-renovacion-de-superficies\/#breadcrumb"},"inLanguage":"es","potentialAction":[{"@type":"ReadAction","target":["https:\/\/terracotadoalgarve.com\/es\/produto\/zorcons-lf-plus-limpieza-y-renovacion-de-superficies\/"]}]},{"@type":"ImageObject","inLanguage":"es","@id":"https:\/\/terracotadoalgarve.com\/es\/produto\/zorcons-lf-plus-limpieza-y-renovacion-de-superficies\/#primaryimage","url":"https:\/\/terracotadoalgarve.com\/wp-content\/uploads\/2018\/11\/ZORCONS-LF-PLUS-PNG-1.png","contentUrl":"https:\/\/terracotadoalgarve.com\/wp-content\/uploads\/2018\/11\/ZORCONS-LF-PLUS-PNG-1.png","width":700,"height":525,"caption":"ZORCONS LF PLUS PNG 1"},{"@type":"BreadcrumbList","@id":"https:\/\/terracotadoalgarve.com\/es\/produto\/zorcons-lf-plus-limpieza-y-renovacion-de-superficies\/#breadcrumb","itemListElement":[{"@type":"ListItem","position":1,"name":"Home","item":"https:\/\/terracotadoalgarve.com\/es\/"},{"@type":"ListItem","position":2,"name":"Productos","item":"https:\/\/terracotadoalgarve.com\/es\/shop\/"},{"@type":"ListItem","position":3,"name":"Zorcons-LF-PLUS Limpieza Y Renovaci\u00f3n De Superficies"}]},{"@type":"WebSite","@id":"https:\/\/terracotadoalgarve.com\/es\/#website","url":"https:\/\/terracotadoalgarve.com\/es\/","name":"Terracota do Algarve","description":"Terracota tiles, Hydraulic cement tiles, Glazed tiles","potentialAction":[{"@type":"SearchAction","target":{"@type":"EntryPoint","urlTemplate":"https:\/\/terracotadoalgarve.com\/es\/?s={search_term_string}"},"query-input":{"@type":"PropertyValueSpecification","valueRequired":true,"valueName":"search_term_string"}}],"inLanguage":"es"}]}},"_links":{"self":[{"href":"https:\/\/terracotadoalgarve.com\/es\/wp-json\/wp\/v2\/product\/17600","targetHints":{"allow":["GET"]}}],"collection":[{"href":"https:\/\/terracotadoalgarve.com\/es\/wp-json\/wp\/v2\/product"}],"about":[{"href":"https:\/\/terracotadoalgarve.com\/es\/wp-json\/wp\/v2\/types\/product"}],"replies":[{"embeddable":true,"href":"https:\/\/terracotadoalgarve.com\/es\/wp-json\/wp\/v2\/comments?post=17600"}],"wp:featuredmedia":[{"embeddable":true,"href":"https:\/\/terracotadoalgarve.com\/es\/wp-json\/wp\/v2\/media\/25216"}],"wp:attachment":[{"href":"https:\/\/terracotadoalgarve.com\/es\/wp-json\/wp\/v2\/media?parent=17600"}],"wp:term":[{"taxonomy":"product_brand","embeddable":true,"href":"https:\/\/terracotadoalgarve.com\/es\/wp-json\/wp\/v2\/product_brand?post=17600"},{"taxonomy":"product_cat","embeddable":true,"href":"https:\/\/terracotadoalgarve.com\/es\/wp-json\/wp\/v2\/product_cat?post=17600"},{"taxonomy":"product_tag","embeddable":true,"href":"https:\/\/terracotadoalgarve.com\/es\/wp-json\/wp\/v2\/product_tag?post=17600"}],"curies":[{"name":"wp","href":"https:\/\/api.w.org\/{rel}","templated":true}]}}