{"id":17584,"date":"2018-11-15T09:25:09","date_gmt":"2018-11-15T09:25:09","guid":{"rendered":"http:\/\/terracotadoalgarve.com\/product\/cera-acrilica-r-cerex-mosaico-incolor\/"},"modified":"2022-06-22T08:51:47","modified_gmt":"2022-06-22T08:51:47","slug":"r-cerex-cera-acrilica-para-suelos","status":"publish","type":"product","link":"https:\/\/terracotadoalgarve.com\/es\/produto\/r-cerex-cera-acrilica-para-suelos\/","title":{"rendered":"R- Cerex Cera Acr\u00edlica Para Suelos"},"content":{"rendered":"","protected":false},"excerpt":{"rendered":"<p><strong>Caracter\u00edsticas:<\/strong><\/p>\n<p>Este producto le da a las superficies un brillo inmediato y de larga duraci\u00f3n, sin esfuerzo y con gran facilidad de mantenimiento. Es resistente al deslizamiento y protege las superficies de desgaste. Se puede lavar con un detergente suave. Aplicable en suelos de terracota, mosaicos, ladrillos, vinilo, m\u00e1rmol y otra variedad de piedra.<\/p>\n<ul>\n<li><strong>Presentaci\u00f3n:<\/strong>\u00a01 Lt. \/ 5 Lt. \/ 25 Lt.<\/li>\n<li><strong>Color:<\/strong>\u00a0incoloro y rojo<\/li>\n<li><strong>Eficiencia:<\/strong>\u00a0Hasta 35m2\/Litro (2 capas)<\/li>\n<\/ul>\n<div>\n<p><a href=\"https:\/\/terracotadoalgarve.com\/pdf\/Cera-Acrilica-Ficha-Tecnica_EN.pdf\" target=\"_blank\" rel=\"noopener\">Ficha t\u00e9cnica<\/a><\/p>\n<\/div>\n","protected":false},"featured_media":25214,"comment_status":"closed","ping_status":"closed","template":"","meta":[],"product_brand":[],"product_cat":[42],"product_tag":[],"class_list":{"0":"post-17584","1":"product","2":"type-product","3":"status-publish","4":"has-post-thumbnail","6":"product_cat-productos-para-el-tratamiento-y-la-limpieza","8":"first","9":"instock","10":"product-type-simple"},"yoast_head":"<!-- This site is optimized with the Yoast SEO plugin v26.9 - https:\/\/yoast.com\/product\/yoast-seo-wordpress\/ -->\n<title>R- Cerex Cera Acr\u00edlica Para Suelos - Terracota do Algarve<\/title>\n<meta name=\"robots\" content=\"index, follow, max-snippet:-1, max-image-preview:large, max-video-preview:-1\" \/>\n<link rel=\"canonical\" href=\"https:\/\/terracotadoalgarve.com\/es\/produto\/r-cerex-cera-acrilica-para-suelos\/\" \/>\n<meta property=\"og:locale\" content=\"es_ES\" \/>\n<meta property=\"og:type\" content=\"article\" \/>\n<meta property=\"og:title\" content=\"R- Cerex Cera Acr\u00edlica Para Suelos - Terracota do Algarve\" \/>\n<meta property=\"og:description\" content=\"Caracter\u00edsticas:  Este producto le da a las superficies un brillo inmediato y de larga duraci\u00f3n, sin esfuerzo y con gran facilidad de mantenimiento. Es resistente al deslizamiento y protege las superficies de desgaste. Se puede lavar con un detergente suave. Aplicable en suelos de terracota, mosaicos, ladrillos, vinilo, m\u00e1rmol y otra variedad de piedra.   Presentaci\u00f3n:\u00a01 Lt. \/ 5 Lt. \/ 25 Lt.  Color:\u00a0incoloro y rojo  Eficiencia:\u00a0Hasta 35m2\/Litro (2 capas)    Ficha t\u00e9cnica\" \/>\n<meta property=\"og:url\" content=\"https:\/\/terracotadoalgarve.com\/es\/produto\/r-cerex-cera-acrilica-para-suelos\/\" \/>\n<meta property=\"og:site_name\" content=\"Terracota do Algarve\" \/>\n<meta property=\"article:modified_time\" content=\"2022-06-22T08:51:47+00:00\" \/>\n<meta property=\"og:image\" content=\"https:\/\/terracotadoalgarve.com\/wp-content\/uploads\/2018\/11\/R_Cerex_Mosaico.png\" \/>\n\t<meta property=\"og:image:width\" content=\"700\" \/>\n\t<meta property=\"og:image:height\" content=\"525\" \/>\n\t<meta property=\"og:image:type\" content=\"image\/png\" \/>\n<meta name=\"twitter:card\" content=\"summary_large_image\" \/>\n<script type=\"application\/ld+json\" class=\"yoast-schema-graph\">{\"@context\":\"https:\/\/schema.org\",\"@graph\":[{\"@type\":\"WebPage\",\"@id\":\"https:\/\/terracotadoalgarve.com\/es\/produto\/r-cerex-cera-acrilica-para-suelos\/\",\"url\":\"https:\/\/terracotadoalgarve.com\/es\/produto\/r-cerex-cera-acrilica-para-suelos\/\",\"name\":\"R- Cerex Cera Acr\u00edlica Para Suelos - Terracota do Algarve\",\"isPartOf\":{\"@id\":\"https:\/\/terracotadoalgarve.com\/es\/#website\"},\"primaryImageOfPage\":{\"@id\":\"https:\/\/terracotadoalgarve.com\/es\/produto\/r-cerex-cera-acrilica-para-suelos\/#primaryimage\"},\"image\":{\"@id\":\"https:\/\/terracotadoalgarve.com\/es\/produto\/r-cerex-cera-acrilica-para-suelos\/#primaryimage\"},\"thumbnailUrl\":\"https:\/\/terracotadoalgarve.com\/wp-content\/uploads\/2018\/11\/R_Cerex_Mosaico.png\",\"datePublished\":\"2018-11-15T09:25:09+00:00\",\"dateModified\":\"2022-06-22T08:51:47+00:00\",\"breadcrumb\":{\"@id\":\"https:\/\/terracotadoalgarve.com\/es\/produto\/r-cerex-cera-acrilica-para-suelos\/#breadcrumb\"},\"inLanguage\":\"es\",\"potentialAction\":[{\"@type\":\"ReadAction\",\"target\":[\"https:\/\/terracotadoalgarve.com\/es\/produto\/r-cerex-cera-acrilica-para-suelos\/\"]}]},{\"@type\":\"ImageObject\",\"inLanguage\":\"es\",\"@id\":\"https:\/\/terracotadoalgarve.com\/es\/produto\/r-cerex-cera-acrilica-para-suelos\/#primaryimage\",\"url\":\"https:\/\/terracotadoalgarve.com\/wp-content\/uploads\/2018\/11\/R_Cerex_Mosaico.png\",\"contentUrl\":\"https:\/\/terracotadoalgarve.com\/wp-content\/uploads\/2018\/11\/R_Cerex_Mosaico.png\",\"width\":700,\"height\":525,\"caption\":\"R Cerex Mosaico\"},{\"@type\":\"BreadcrumbList\",\"@id\":\"https:\/\/terracotadoalgarve.com\/es\/produto\/r-cerex-cera-acrilica-para-suelos\/#breadcrumb\",\"itemListElement\":[{\"@type\":\"ListItem\",\"position\":1,\"name\":\"Home\",\"item\":\"https:\/\/terracotadoalgarve.com\/es\/\"},{\"@type\":\"ListItem\",\"position\":2,\"name\":\"Productos\",\"item\":\"https:\/\/terracotadoalgarve.com\/es\/shop\/\"},{\"@type\":\"ListItem\",\"position\":3,\"name\":\"R- Cerex Cera Acr\u00edlica Para Suelos\"}]},{\"@type\":\"WebSite\",\"@id\":\"https:\/\/terracotadoalgarve.com\/es\/#website\",\"url\":\"https:\/\/terracotadoalgarve.com\/es\/\",\"name\":\"Terracota do Algarve\",\"description\":\"Terracota tiles, Hydraulic cement tiles, Glazed tiles\",\"potentialAction\":[{\"@type\":\"SearchAction\",\"target\":{\"@type\":\"EntryPoint\",\"urlTemplate\":\"https:\/\/terracotadoalgarve.com\/es\/?s={search_term_string}\"},\"query-input\":{\"@type\":\"PropertyValueSpecification\",\"valueRequired\":true,\"valueName\":\"search_term_string\"}}],\"inLanguage\":\"es\"}]}<\/script>\n<!-- \/ Yoast SEO plugin. -->","yoast_head_json":{"title":"R- Cerex Cera Acr\u00edlica Para Suelos - Terracota do Algarve","robots":{"index":"index","follow":"follow","max-snippet":"max-snippet:-1","max-image-preview":"max-image-preview:large","max-video-preview":"max-video-preview:-1"},"canonical":"https:\/\/terracotadoalgarve.com\/es\/produto\/r-cerex-cera-acrilica-para-suelos\/","og_locale":"es_ES","og_type":"article","og_title":"R- Cerex Cera Acr\u00edlica Para Suelos - Terracota do Algarve","og_description":"Caracter\u00edsticas:  Este producto le da a las superficies un brillo inmediato y de larga duraci\u00f3n, sin esfuerzo y con gran facilidad de mantenimiento. Es resistente al deslizamiento y protege las superficies de desgaste. Se puede lavar con un detergente suave. Aplicable en suelos de terracota, mosaicos, ladrillos, vinilo, m\u00e1rmol y otra variedad de piedra.   Presentaci\u00f3n:\u00a01 Lt. \/ 5 Lt. \/ 25 Lt.  Color:\u00a0incoloro y rojo  Eficiencia:\u00a0Hasta 35m2\/Litro (2 capas)    Ficha t\u00e9cnica","og_url":"https:\/\/terracotadoalgarve.com\/es\/produto\/r-cerex-cera-acrilica-para-suelos\/","og_site_name":"Terracota do Algarve","article_modified_time":"2022-06-22T08:51:47+00:00","og_image":[{"width":700,"height":525,"url":"https:\/\/terracotadoalgarve.com\/wp-content\/uploads\/2018\/11\/R_Cerex_Mosaico.png","type":"image\/png"}],"twitter_card":"summary_large_image","schema":{"@context":"https:\/\/schema.org","@graph":[{"@type":"WebPage","@id":"https:\/\/terracotadoalgarve.com\/es\/produto\/r-cerex-cera-acrilica-para-suelos\/","url":"https:\/\/terracotadoalgarve.com\/es\/produto\/r-cerex-cera-acrilica-para-suelos\/","name":"R- Cerex Cera Acr\u00edlica Para Suelos - Terracota do Algarve","isPartOf":{"@id":"https:\/\/terracotadoalgarve.com\/es\/#website"},"primaryImageOfPage":{"@id":"https:\/\/terracotadoalgarve.com\/es\/produto\/r-cerex-cera-acrilica-para-suelos\/#primaryimage"},"image":{"@id":"https:\/\/terracotadoalgarve.com\/es\/produto\/r-cerex-cera-acrilica-para-suelos\/#primaryimage"},"thumbnailUrl":"https:\/\/terracotadoalgarve.com\/wp-content\/uploads\/2018\/11\/R_Cerex_Mosaico.png","datePublished":"2018-11-15T09:25:09+00:00","dateModified":"2022-06-22T08:51:47+00:00","breadcrumb":{"@id":"https:\/\/terracotadoalgarve.com\/es\/produto\/r-cerex-cera-acrilica-para-suelos\/#breadcrumb"},"inLanguage":"es","potentialAction":[{"@type":"ReadAction","target":["https:\/\/terracotadoalgarve.com\/es\/produto\/r-cerex-cera-acrilica-para-suelos\/"]}]},{"@type":"ImageObject","inLanguage":"es","@id":"https:\/\/terracotadoalgarve.com\/es\/produto\/r-cerex-cera-acrilica-para-suelos\/#primaryimage","url":"https:\/\/terracotadoalgarve.com\/wp-content\/uploads\/2018\/11\/R_Cerex_Mosaico.png","contentUrl":"https:\/\/terracotadoalgarve.com\/wp-content\/uploads\/2018\/11\/R_Cerex_Mosaico.png","width":700,"height":525,"caption":"R Cerex Mosaico"},{"@type":"BreadcrumbList","@id":"https:\/\/terracotadoalgarve.com\/es\/produto\/r-cerex-cera-acrilica-para-suelos\/#breadcrumb","itemListElement":[{"@type":"ListItem","position":1,"name":"Home","item":"https:\/\/terracotadoalgarve.com\/es\/"},{"@type":"ListItem","position":2,"name":"Productos","item":"https:\/\/terracotadoalgarve.com\/es\/shop\/"},{"@type":"ListItem","position":3,"name":"R- Cerex Cera Acr\u00edlica Para Suelos"}]},{"@type":"WebSite","@id":"https:\/\/terracotadoalgarve.com\/es\/#website","url":"https:\/\/terracotadoalgarve.com\/es\/","name":"Terracota do Algarve","description":"Terracota tiles, Hydraulic cement tiles, Glazed tiles","potentialAction":[{"@type":"SearchAction","target":{"@type":"EntryPoint","urlTemplate":"https:\/\/terracotadoalgarve.com\/es\/?s={search_term_string}"},"query-input":{"@type":"PropertyValueSpecification","valueRequired":true,"valueName":"search_term_string"}}],"inLanguage":"es"}]}},"_links":{"self":[{"href":"https:\/\/terracotadoalgarve.com\/es\/wp-json\/wp\/v2\/product\/17584","targetHints":{"allow":["GET"]}}],"collection":[{"href":"https:\/\/terracotadoalgarve.com\/es\/wp-json\/wp\/v2\/product"}],"about":[{"href":"https:\/\/terracotadoalgarve.com\/es\/wp-json\/wp\/v2\/types\/product"}],"replies":[{"embeddable":true,"href":"https:\/\/terracotadoalgarve.com\/es\/wp-json\/wp\/v2\/comments?post=17584"}],"wp:featuredmedia":[{"embeddable":true,"href":"https:\/\/terracotadoalgarve.com\/es\/wp-json\/wp\/v2\/media\/25214"}],"wp:attachment":[{"href":"https:\/\/terracotadoalgarve.com\/es\/wp-json\/wp\/v2\/media?parent=17584"}],"wp:term":[{"taxonomy":"product_brand","embeddable":true,"href":"https:\/\/terracotadoalgarve.com\/es\/wp-json\/wp\/v2\/product_brand?post=17584"},{"taxonomy":"product_cat","embeddable":true,"href":"https:\/\/terracotadoalgarve.com\/es\/wp-json\/wp\/v2\/product_cat?post=17584"},{"taxonomy":"product_tag","embeddable":true,"href":"https:\/\/terracotadoalgarve.com\/es\/wp-json\/wp\/v2\/product_tag?post=17584"}],"curies":[{"name":"wp","href":"https:\/\/api.w.org\/{rel}","templated":true}]}}