{"id":17575,"date":"2018-11-15T09:25:09","date_gmt":"2018-11-15T09:25:09","guid":{"rendered":"http:\/\/terracotadoalgarve.com\/product\/kreidezeit-azeite-natural\/"},"modified":"2022-05-24T09:36:24","modified_gmt":"2022-05-24T09:36:24","slug":"kreidezeit-aceite-natural","status":"publish","type":"product","link":"https:\/\/terracotadoalgarve.com\/es\/produto\/kreidezeit-aceite-natural\/","title":{"rendered":"Kreidezeit- Aceite Natural"},"content":{"rendered":"","protected":false},"excerpt":{"rendered":"<p><strong>Caracter\u00edsticas<\/strong>:<\/p>\n<p>El aceite para suelo Kreidezeit penetra hasta el interior de las superficies, tiene un gran rendimiento y forma una impregnaci\u00f3n resistente que densifica las superficies. Tiene capacidad de difusi\u00f3n, repele el agua y la suciedad. Producido a partir de recursos naturales e renovables.<\/p>\n<ul>\n<li><strong>Presentaci\u00f3n<\/strong>: 0,75 L\/2,5 L\/10 Lt\/20 L<\/li>\n<li><strong>Color:<\/strong>\u00a0Oscuro<\/li>\n<li><strong>Eficiencia:<\/strong>\u00a0At\u00e9 12m2\/Litro<\/li>\n<\/ul>\n<div>\n<p><a href=\"http:\/\/terracotadoalgarve.com\/wp-content\/uploads\/2016\/08\/Oleo-Duro-ficha-tecnica_PT.pdf\" target=\"_blank\" rel=\"noopener\">Ficha t\u00e9cnica<\/a><\/p>\n<\/div>\n<div><\/div>\n","protected":false},"featured_media":25213,"comment_status":"closed","ping_status":"closed","template":"","meta":[],"product_brand":[],"product_cat":[42],"product_tag":[],"class_list":{"0":"post-17575","1":"product","2":"type-product","3":"status-publish","4":"has-post-thumbnail","6":"product_cat-productos-para-el-tratamiento-y-la-limpieza","8":"first","9":"instock","10":"product-type-simple"},"yoast_head":"<!-- This site is optimized with the Yoast SEO plugin v26.9 - https:\/\/yoast.com\/product\/yoast-seo-wordpress\/ -->\n<title>Kreidezeit- Aceite Natural - Terracota do Algarve<\/title>\n<meta name=\"robots\" content=\"index, follow, max-snippet:-1, max-image-preview:large, max-video-preview:-1\" \/>\n<link rel=\"canonical\" href=\"https:\/\/terracotadoalgarve.com\/es\/produto\/kreidezeit-aceite-natural\/\" \/>\n<meta property=\"og:locale\" content=\"es_ES\" \/>\n<meta property=\"og:type\" content=\"article\" \/>\n<meta property=\"og:title\" content=\"Kreidezeit- Aceite Natural - Terracota do Algarve\" \/>\n<meta property=\"og:description\" content=\"Caracter\u00edsticas:  El aceite para suelo Kreidezeit penetra hasta el interior de las superficies, tiene un gran rendimiento y forma una impregnaci\u00f3n resistente que densifica las superficies. Tiene capacidad de difusi\u00f3n, repele el agua y la suciedad. Producido a partir de recursos naturales e renovables.   Presentaci\u00f3n: 0,75 L\/2,5 L\/10 Lt\/20 L  Color:\u00a0Oscuro  Eficiencia:\u00a0At\u00e9 12m2\/Litro    Ficha t\u00e9cnica\" \/>\n<meta property=\"og:url\" content=\"https:\/\/terracotadoalgarve.com\/es\/produto\/kreidezeit-aceite-natural\/\" \/>\n<meta property=\"og:site_name\" content=\"Terracota do Algarve\" \/>\n<meta property=\"article:modified_time\" content=\"2022-05-24T09:36:24+00:00\" \/>\n<meta property=\"og:image\" content=\"https:\/\/terracotadoalgarve.com\/wp-content\/uploads\/2018\/11\/montagem.png\" \/>\n\t<meta property=\"og:image:width\" content=\"700\" \/>\n\t<meta property=\"og:image:height\" content=\"525\" \/>\n\t<meta property=\"og:image:type\" content=\"image\/png\" \/>\n<meta name=\"twitter:card\" content=\"summary_large_image\" \/>\n<script type=\"application\/ld+json\" class=\"yoast-schema-graph\">{\"@context\":\"https:\/\/schema.org\",\"@graph\":[{\"@type\":\"WebPage\",\"@id\":\"https:\/\/terracotadoalgarve.com\/es\/produto\/kreidezeit-aceite-natural\/\",\"url\":\"https:\/\/terracotadoalgarve.com\/es\/produto\/kreidezeit-aceite-natural\/\",\"name\":\"Kreidezeit- Aceite Natural - Terracota do Algarve\",\"isPartOf\":{\"@id\":\"https:\/\/terracotadoalgarve.com\/es\/#website\"},\"primaryImageOfPage\":{\"@id\":\"https:\/\/terracotadoalgarve.com\/es\/produto\/kreidezeit-aceite-natural\/#primaryimage\"},\"image\":{\"@id\":\"https:\/\/terracotadoalgarve.com\/es\/produto\/kreidezeit-aceite-natural\/#primaryimage\"},\"thumbnailUrl\":\"https:\/\/terracotadoalgarve.com\/wp-content\/uploads\/2018\/11\/montagem.png\",\"datePublished\":\"2018-11-15T09:25:09+00:00\",\"dateModified\":\"2022-05-24T09:36:24+00:00\",\"breadcrumb\":{\"@id\":\"https:\/\/terracotadoalgarve.com\/es\/produto\/kreidezeit-aceite-natural\/#breadcrumb\"},\"inLanguage\":\"es\",\"potentialAction\":[{\"@type\":\"ReadAction\",\"target\":[\"https:\/\/terracotadoalgarve.com\/es\/produto\/kreidezeit-aceite-natural\/\"]}]},{\"@type\":\"ImageObject\",\"inLanguage\":\"es\",\"@id\":\"https:\/\/terracotadoalgarve.com\/es\/produto\/kreidezeit-aceite-natural\/#primaryimage\",\"url\":\"https:\/\/terracotadoalgarve.com\/wp-content\/uploads\/2018\/11\/montagem.png\",\"contentUrl\":\"https:\/\/terracotadoalgarve.com\/wp-content\/uploads\/2018\/11\/montagem.png\",\"width\":700,\"height\":525,\"caption\":\"montagem\"},{\"@type\":\"BreadcrumbList\",\"@id\":\"https:\/\/terracotadoalgarve.com\/es\/produto\/kreidezeit-aceite-natural\/#breadcrumb\",\"itemListElement\":[{\"@type\":\"ListItem\",\"position\":1,\"name\":\"Home\",\"item\":\"https:\/\/terracotadoalgarve.com\/es\/\"},{\"@type\":\"ListItem\",\"position\":2,\"name\":\"Productos\",\"item\":\"https:\/\/terracotadoalgarve.com\/es\/shop\/\"},{\"@type\":\"ListItem\",\"position\":3,\"name\":\"Kreidezeit- Aceite Natural\"}]},{\"@type\":\"WebSite\",\"@id\":\"https:\/\/terracotadoalgarve.com\/es\/#website\",\"url\":\"https:\/\/terracotadoalgarve.com\/es\/\",\"name\":\"Terracota do Algarve\",\"description\":\"Terracota tiles, Hydraulic cement tiles, Glazed tiles\",\"potentialAction\":[{\"@type\":\"SearchAction\",\"target\":{\"@type\":\"EntryPoint\",\"urlTemplate\":\"https:\/\/terracotadoalgarve.com\/es\/?s={search_term_string}\"},\"query-input\":{\"@type\":\"PropertyValueSpecification\",\"valueRequired\":true,\"valueName\":\"search_term_string\"}}],\"inLanguage\":\"es\"}]}<\/script>\n<!-- \/ Yoast SEO plugin. -->","yoast_head_json":{"title":"Kreidezeit- Aceite Natural - Terracota do Algarve","robots":{"index":"index","follow":"follow","max-snippet":"max-snippet:-1","max-image-preview":"max-image-preview:large","max-video-preview":"max-video-preview:-1"},"canonical":"https:\/\/terracotadoalgarve.com\/es\/produto\/kreidezeit-aceite-natural\/","og_locale":"es_ES","og_type":"article","og_title":"Kreidezeit- Aceite Natural - Terracota do Algarve","og_description":"Caracter\u00edsticas:  El aceite para suelo Kreidezeit penetra hasta el interior de las superficies, tiene un gran rendimiento y forma una impregnaci\u00f3n resistente que densifica las superficies. Tiene capacidad de difusi\u00f3n, repele el agua y la suciedad. Producido a partir de recursos naturales e renovables.   Presentaci\u00f3n: 0,75 L\/2,5 L\/10 Lt\/20 L  Color:\u00a0Oscuro  Eficiencia:\u00a0At\u00e9 12m2\/Litro    Ficha t\u00e9cnica","og_url":"https:\/\/terracotadoalgarve.com\/es\/produto\/kreidezeit-aceite-natural\/","og_site_name":"Terracota do Algarve","article_modified_time":"2022-05-24T09:36:24+00:00","og_image":[{"width":700,"height":525,"url":"https:\/\/terracotadoalgarve.com\/wp-content\/uploads\/2018\/11\/montagem.png","type":"image\/png"}],"twitter_card":"summary_large_image","schema":{"@context":"https:\/\/schema.org","@graph":[{"@type":"WebPage","@id":"https:\/\/terracotadoalgarve.com\/es\/produto\/kreidezeit-aceite-natural\/","url":"https:\/\/terracotadoalgarve.com\/es\/produto\/kreidezeit-aceite-natural\/","name":"Kreidezeit- Aceite Natural - Terracota do Algarve","isPartOf":{"@id":"https:\/\/terracotadoalgarve.com\/es\/#website"},"primaryImageOfPage":{"@id":"https:\/\/terracotadoalgarve.com\/es\/produto\/kreidezeit-aceite-natural\/#primaryimage"},"image":{"@id":"https:\/\/terracotadoalgarve.com\/es\/produto\/kreidezeit-aceite-natural\/#primaryimage"},"thumbnailUrl":"https:\/\/terracotadoalgarve.com\/wp-content\/uploads\/2018\/11\/montagem.png","datePublished":"2018-11-15T09:25:09+00:00","dateModified":"2022-05-24T09:36:24+00:00","breadcrumb":{"@id":"https:\/\/terracotadoalgarve.com\/es\/produto\/kreidezeit-aceite-natural\/#breadcrumb"},"inLanguage":"es","potentialAction":[{"@type":"ReadAction","target":["https:\/\/terracotadoalgarve.com\/es\/produto\/kreidezeit-aceite-natural\/"]}]},{"@type":"ImageObject","inLanguage":"es","@id":"https:\/\/terracotadoalgarve.com\/es\/produto\/kreidezeit-aceite-natural\/#primaryimage","url":"https:\/\/terracotadoalgarve.com\/wp-content\/uploads\/2018\/11\/montagem.png","contentUrl":"https:\/\/terracotadoalgarve.com\/wp-content\/uploads\/2018\/11\/montagem.png","width":700,"height":525,"caption":"montagem"},{"@type":"BreadcrumbList","@id":"https:\/\/terracotadoalgarve.com\/es\/produto\/kreidezeit-aceite-natural\/#breadcrumb","itemListElement":[{"@type":"ListItem","position":1,"name":"Home","item":"https:\/\/terracotadoalgarve.com\/es\/"},{"@type":"ListItem","position":2,"name":"Productos","item":"https:\/\/terracotadoalgarve.com\/es\/shop\/"},{"@type":"ListItem","position":3,"name":"Kreidezeit- Aceite Natural"}]},{"@type":"WebSite","@id":"https:\/\/terracotadoalgarve.com\/es\/#website","url":"https:\/\/terracotadoalgarve.com\/es\/","name":"Terracota do Algarve","description":"Terracota tiles, Hydraulic cement tiles, Glazed tiles","potentialAction":[{"@type":"SearchAction","target":{"@type":"EntryPoint","urlTemplate":"https:\/\/terracotadoalgarve.com\/es\/?s={search_term_string}"},"query-input":{"@type":"PropertyValueSpecification","valueRequired":true,"valueName":"search_term_string"}}],"inLanguage":"es"}]}},"_links":{"self":[{"href":"https:\/\/terracotadoalgarve.com\/es\/wp-json\/wp\/v2\/product\/17575","targetHints":{"allow":["GET"]}}],"collection":[{"href":"https:\/\/terracotadoalgarve.com\/es\/wp-json\/wp\/v2\/product"}],"about":[{"href":"https:\/\/terracotadoalgarve.com\/es\/wp-json\/wp\/v2\/types\/product"}],"replies":[{"embeddable":true,"href":"https:\/\/terracotadoalgarve.com\/es\/wp-json\/wp\/v2\/comments?post=17575"}],"wp:featuredmedia":[{"embeddable":true,"href":"https:\/\/terracotadoalgarve.com\/es\/wp-json\/wp\/v2\/media\/25213"}],"wp:attachment":[{"href":"https:\/\/terracotadoalgarve.com\/es\/wp-json\/wp\/v2\/media?parent=17575"}],"wp:term":[{"taxonomy":"product_brand","embeddable":true,"href":"https:\/\/terracotadoalgarve.com\/es\/wp-json\/wp\/v2\/product_brand?post=17575"},{"taxonomy":"product_cat","embeddable":true,"href":"https:\/\/terracotadoalgarve.com\/es\/wp-json\/wp\/v2\/product_cat?post=17575"},{"taxonomy":"product_tag","embeddable":true,"href":"https:\/\/terracotadoalgarve.com\/es\/wp-json\/wp\/v2\/product_tag?post=17575"}],"curies":[{"name":"wp","href":"https:\/\/api.w.org\/{rel}","templated":true}]}}