{"id":17529,"date":"2018-11-15T09:47:38","date_gmt":"2018-11-15T09:47:38","guid":{"rendered":"http:\/\/terracotadoalgarve.com\/product\/zorkil-m26-detergente-concentrado-ph-neutro\/"},"modified":"2022-06-13T11:27:24","modified_gmt":"2022-06-13T11:27:24","slug":"zorkil-m26-detergente-concentrado-ph-neutro","status":"publish","type":"product","link":"https:\/\/terracotadoalgarve.com\/es\/produto\/zorkil-m26-detergente-concentrado-ph-neutro\/","title":{"rendered":"Zorkil-M26 Detergente Concentrado PH Neutro"},"content":{"rendered":"","protected":false},"excerpt":{"rendered":"<p><strong>Caracter\u00edsticas:<\/strong><\/p>\n<div>\n<p>Detergente neutro concentrado para la limpieza de todo tipo de superficies, formulado en base a materias primas altamente biodegradables que han seguido en su dise\u00f1o criterios ecol\u00f3gicos. Producto desarrollado para la limpieza general de todo tipo de superficies, incluso las m\u00e1s delicadas, en todo lo relacionado con la industria de la alimentaci\u00f3n como panificadoras, conserveras, hosteler\u00eda en general; y centros comerciales, colectividades, etc. Para La limpieza de suelos y revestimientos de terracota, piedra, mosaico hidr\u00e1ulico, etc.<\/p>\n<p>Para a limpeza de pavimentos e revestimentos em terracota, pedra, mosaico hidr\u00e1ulico, etc.<\/p>\n<ul>\n<li><strong>Presentaci\u00f3n:<\/strong>\u00a01 Lt \/ 5 Lt\/ 10 Lt<\/li>\n<li><strong>Fragrancias:<\/strong>\u00a0Naranja y Rosas<\/li>\n<\/ul>\n<\/div>\n<div>\n<p><a href=\"http:\/\/terracotadoalgarve.com\/wp-content\/uploads\/2016\/10\/Zorkil-M26-ficha-tecnica_PT.pdf\" target=\"_blank\" rel=\"noopener\">Ficha t\u00e9cnica<\/a><\/p>\n<\/div>\n<div><\/div>\n<div><\/div>\n","protected":false},"featured_media":25215,"comment_status":"closed","ping_status":"closed","template":"","meta":[],"product_brand":[],"product_cat":[42],"product_tag":[],"class_list":{"0":"post-17529","1":"product","2":"type-product","3":"status-publish","4":"has-post-thumbnail","6":"product_cat-productos-para-el-tratamiento-y-la-limpieza","8":"first","9":"instock","10":"product-type-simple"},"yoast_head":"<!-- This site is optimized with the Yoast SEO plugin v26.9 - https:\/\/yoast.com\/product\/yoast-seo-wordpress\/ -->\n<title>Zorkil-M26 Detergente Concentrado PH Neutro - Terracota do Algarve<\/title>\n<meta name=\"robots\" content=\"index, follow, max-snippet:-1, max-image-preview:large, max-video-preview:-1\" \/>\n<link rel=\"canonical\" href=\"https:\/\/terracotadoalgarve.com\/es\/produto\/zorkil-m26-detergente-concentrado-ph-neutro\/\" \/>\n<meta property=\"og:locale\" content=\"es_ES\" \/>\n<meta property=\"og:type\" content=\"article\" \/>\n<meta property=\"og:title\" content=\"Zorkil-M26 Detergente Concentrado PH Neutro - Terracota do Algarve\" \/>\n<meta property=\"og:description\" content=\"Caracter\u00edsticas:   Detergente neutro concentrado para la limpieza de todo tipo de superficies, formulado en base a materias primas altamente biodegradables que han seguido en su dise\u00f1o criterios ecol\u00f3gicos. Producto desarrollado para la limpieza general de todo tipo de superficies, incluso las m\u00e1s delicadas, en todo lo relacionado con la industria de la alimentaci\u00f3n como panificadoras, conserveras, hosteler\u00eda en general; y centros comerciales, colectividades, etc. Para La limpieza de suelos y revestimientos de terracota, piedra, mosaico hidr\u00e1ulico, etc.  Para a limpeza de pavimentos e revestimentos em terracota, pedra, mosaico hidr\u00e1ulico, etc.   Presentaci\u00f3n:\u00a01 Lt \/ 5 Lt\/ 10 Lt  Fragrancias:\u00a0Naranja y Rosas     Ficha t\u00e9cnica\" \/>\n<meta property=\"og:url\" content=\"https:\/\/terracotadoalgarve.com\/es\/produto\/zorkil-m26-detergente-concentrado-ph-neutro\/\" \/>\n<meta property=\"og:site_name\" content=\"Terracota do Algarve\" \/>\n<meta property=\"article:modified_time\" content=\"2022-06-13T11:27:24+00:00\" \/>\n<meta property=\"og:image\" content=\"https:\/\/terracotadoalgarve.com\/wp-content\/uploads\/2018\/11\/Zorkil-M26_PNG-1.png\" \/>\n\t<meta property=\"og:image:width\" content=\"700\" \/>\n\t<meta property=\"og:image:height\" content=\"525\" \/>\n\t<meta property=\"og:image:type\" content=\"image\/png\" \/>\n<meta name=\"twitter:card\" content=\"summary_large_image\" \/>\n<script type=\"application\/ld+json\" class=\"yoast-schema-graph\">{\"@context\":\"https:\/\/schema.org\",\"@graph\":[{\"@type\":\"WebPage\",\"@id\":\"https:\/\/terracotadoalgarve.com\/es\/produto\/zorkil-m26-detergente-concentrado-ph-neutro\/\",\"url\":\"https:\/\/terracotadoalgarve.com\/es\/produto\/zorkil-m26-detergente-concentrado-ph-neutro\/\",\"name\":\"Zorkil-M26 Detergente Concentrado PH Neutro - Terracota do Algarve\",\"isPartOf\":{\"@id\":\"https:\/\/terracotadoalgarve.com\/es\/#website\"},\"primaryImageOfPage\":{\"@id\":\"https:\/\/terracotadoalgarve.com\/es\/produto\/zorkil-m26-detergente-concentrado-ph-neutro\/#primaryimage\"},\"image\":{\"@id\":\"https:\/\/terracotadoalgarve.com\/es\/produto\/zorkil-m26-detergente-concentrado-ph-neutro\/#primaryimage\"},\"thumbnailUrl\":\"https:\/\/terracotadoalgarve.com\/wp-content\/uploads\/2018\/11\/Zorkil-M26_PNG-1.png\",\"datePublished\":\"2018-11-15T09:47:38+00:00\",\"dateModified\":\"2022-06-13T11:27:24+00:00\",\"breadcrumb\":{\"@id\":\"https:\/\/terracotadoalgarve.com\/es\/produto\/zorkil-m26-detergente-concentrado-ph-neutro\/#breadcrumb\"},\"inLanguage\":\"es\",\"potentialAction\":[{\"@type\":\"ReadAction\",\"target\":[\"https:\/\/terracotadoalgarve.com\/es\/produto\/zorkil-m26-detergente-concentrado-ph-neutro\/\"]}]},{\"@type\":\"ImageObject\",\"inLanguage\":\"es\",\"@id\":\"https:\/\/terracotadoalgarve.com\/es\/produto\/zorkil-m26-detergente-concentrado-ph-neutro\/#primaryimage\",\"url\":\"https:\/\/terracotadoalgarve.com\/wp-content\/uploads\/2018\/11\/Zorkil-M26_PNG-1.png\",\"contentUrl\":\"https:\/\/terracotadoalgarve.com\/wp-content\/uploads\/2018\/11\/Zorkil-M26_PNG-1.png\",\"width\":700,\"height\":525,\"caption\":\"Zorkil M26 PNG 1\"},{\"@type\":\"BreadcrumbList\",\"@id\":\"https:\/\/terracotadoalgarve.com\/es\/produto\/zorkil-m26-detergente-concentrado-ph-neutro\/#breadcrumb\",\"itemListElement\":[{\"@type\":\"ListItem\",\"position\":1,\"name\":\"Home\",\"item\":\"https:\/\/terracotadoalgarve.com\/es\/\"},{\"@type\":\"ListItem\",\"position\":2,\"name\":\"Productos\",\"item\":\"https:\/\/terracotadoalgarve.com\/es\/shop\/\"},{\"@type\":\"ListItem\",\"position\":3,\"name\":\"Zorkil-M26 Detergente Concentrado PH Neutro\"}]},{\"@type\":\"WebSite\",\"@id\":\"https:\/\/terracotadoalgarve.com\/es\/#website\",\"url\":\"https:\/\/terracotadoalgarve.com\/es\/\",\"name\":\"Terracota do Algarve\",\"description\":\"Terracota tiles, Hydraulic cement tiles, Glazed tiles\",\"potentialAction\":[{\"@type\":\"SearchAction\",\"target\":{\"@type\":\"EntryPoint\",\"urlTemplate\":\"https:\/\/terracotadoalgarve.com\/es\/?s={search_term_string}\"},\"query-input\":{\"@type\":\"PropertyValueSpecification\",\"valueRequired\":true,\"valueName\":\"search_term_string\"}}],\"inLanguage\":\"es\"}]}<\/script>\n<!-- \/ Yoast SEO plugin. -->","yoast_head_json":{"title":"Zorkil-M26 Detergente Concentrado PH Neutro - Terracota do Algarve","robots":{"index":"index","follow":"follow","max-snippet":"max-snippet:-1","max-image-preview":"max-image-preview:large","max-video-preview":"max-video-preview:-1"},"canonical":"https:\/\/terracotadoalgarve.com\/es\/produto\/zorkil-m26-detergente-concentrado-ph-neutro\/","og_locale":"es_ES","og_type":"article","og_title":"Zorkil-M26 Detergente Concentrado PH Neutro - Terracota do Algarve","og_description":"Caracter\u00edsticas:   Detergente neutro concentrado para la limpieza de todo tipo de superficies, formulado en base a materias primas altamente biodegradables que han seguido en su dise\u00f1o criterios ecol\u00f3gicos. Producto desarrollado para la limpieza general de todo tipo de superficies, incluso las m\u00e1s delicadas, en todo lo relacionado con la industria de la alimentaci\u00f3n como panificadoras, conserveras, hosteler\u00eda en general; y centros comerciales, colectividades, etc. Para La limpieza de suelos y revestimientos de terracota, piedra, mosaico hidr\u00e1ulico, etc.  Para a limpeza de pavimentos e revestimentos em terracota, pedra, mosaico hidr\u00e1ulico, etc.   Presentaci\u00f3n:\u00a01 Lt \/ 5 Lt\/ 10 Lt  Fragrancias:\u00a0Naranja y Rosas     Ficha t\u00e9cnica","og_url":"https:\/\/terracotadoalgarve.com\/es\/produto\/zorkil-m26-detergente-concentrado-ph-neutro\/","og_site_name":"Terracota do Algarve","article_modified_time":"2022-06-13T11:27:24+00:00","og_image":[{"width":700,"height":525,"url":"https:\/\/terracotadoalgarve.com\/wp-content\/uploads\/2018\/11\/Zorkil-M26_PNG-1.png","type":"image\/png"}],"twitter_card":"summary_large_image","schema":{"@context":"https:\/\/schema.org","@graph":[{"@type":"WebPage","@id":"https:\/\/terracotadoalgarve.com\/es\/produto\/zorkil-m26-detergente-concentrado-ph-neutro\/","url":"https:\/\/terracotadoalgarve.com\/es\/produto\/zorkil-m26-detergente-concentrado-ph-neutro\/","name":"Zorkil-M26 Detergente Concentrado PH Neutro - Terracota do Algarve","isPartOf":{"@id":"https:\/\/terracotadoalgarve.com\/es\/#website"},"primaryImageOfPage":{"@id":"https:\/\/terracotadoalgarve.com\/es\/produto\/zorkil-m26-detergente-concentrado-ph-neutro\/#primaryimage"},"image":{"@id":"https:\/\/terracotadoalgarve.com\/es\/produto\/zorkil-m26-detergente-concentrado-ph-neutro\/#primaryimage"},"thumbnailUrl":"https:\/\/terracotadoalgarve.com\/wp-content\/uploads\/2018\/11\/Zorkil-M26_PNG-1.png","datePublished":"2018-11-15T09:47:38+00:00","dateModified":"2022-06-13T11:27:24+00:00","breadcrumb":{"@id":"https:\/\/terracotadoalgarve.com\/es\/produto\/zorkil-m26-detergente-concentrado-ph-neutro\/#breadcrumb"},"inLanguage":"es","potentialAction":[{"@type":"ReadAction","target":["https:\/\/terracotadoalgarve.com\/es\/produto\/zorkil-m26-detergente-concentrado-ph-neutro\/"]}]},{"@type":"ImageObject","inLanguage":"es","@id":"https:\/\/terracotadoalgarve.com\/es\/produto\/zorkil-m26-detergente-concentrado-ph-neutro\/#primaryimage","url":"https:\/\/terracotadoalgarve.com\/wp-content\/uploads\/2018\/11\/Zorkil-M26_PNG-1.png","contentUrl":"https:\/\/terracotadoalgarve.com\/wp-content\/uploads\/2018\/11\/Zorkil-M26_PNG-1.png","width":700,"height":525,"caption":"Zorkil M26 PNG 1"},{"@type":"BreadcrumbList","@id":"https:\/\/terracotadoalgarve.com\/es\/produto\/zorkil-m26-detergente-concentrado-ph-neutro\/#breadcrumb","itemListElement":[{"@type":"ListItem","position":1,"name":"Home","item":"https:\/\/terracotadoalgarve.com\/es\/"},{"@type":"ListItem","position":2,"name":"Productos","item":"https:\/\/terracotadoalgarve.com\/es\/shop\/"},{"@type":"ListItem","position":3,"name":"Zorkil-M26 Detergente Concentrado PH Neutro"}]},{"@type":"WebSite","@id":"https:\/\/terracotadoalgarve.com\/es\/#website","url":"https:\/\/terracotadoalgarve.com\/es\/","name":"Terracota do Algarve","description":"Terracota tiles, Hydraulic cement tiles, Glazed tiles","potentialAction":[{"@type":"SearchAction","target":{"@type":"EntryPoint","urlTemplate":"https:\/\/terracotadoalgarve.com\/es\/?s={search_term_string}"},"query-input":{"@type":"PropertyValueSpecification","valueRequired":true,"valueName":"search_term_string"}}],"inLanguage":"es"}]}},"_links":{"self":[{"href":"https:\/\/terracotadoalgarve.com\/es\/wp-json\/wp\/v2\/product\/17529","targetHints":{"allow":["GET"]}}],"collection":[{"href":"https:\/\/terracotadoalgarve.com\/es\/wp-json\/wp\/v2\/product"}],"about":[{"href":"https:\/\/terracotadoalgarve.com\/es\/wp-json\/wp\/v2\/types\/product"}],"replies":[{"embeddable":true,"href":"https:\/\/terracotadoalgarve.com\/es\/wp-json\/wp\/v2\/comments?post=17529"}],"wp:featuredmedia":[{"embeddable":true,"href":"https:\/\/terracotadoalgarve.com\/es\/wp-json\/wp\/v2\/media\/25215"}],"wp:attachment":[{"href":"https:\/\/terracotadoalgarve.com\/es\/wp-json\/wp\/v2\/media?parent=17529"}],"wp:term":[{"taxonomy":"product_brand","embeddable":true,"href":"https:\/\/terracotadoalgarve.com\/es\/wp-json\/wp\/v2\/product_brand?post=17529"},{"taxonomy":"product_cat","embeddable":true,"href":"https:\/\/terracotadoalgarve.com\/es\/wp-json\/wp\/v2\/product_cat?post=17529"},{"taxonomy":"product_tag","embeddable":true,"href":"https:\/\/terracotadoalgarve.com\/es\/wp-json\/wp\/v2\/product_tag?post=17529"}],"curies":[{"name":"wp","href":"https:\/\/api.w.org\/{rel}","templated":true}]}}