{"id":17399,"date":"2018-11-15T09:32:57","date_gmt":"2018-11-15T09:32:57","guid":{"rendered":"http:\/\/terracotadoalgarve.com\/product\/refa-605-tijolo-curvo-para-revestimento-de-pilares-redondos\/"},"modified":"2022-04-02T03:38:40","modified_gmt":"2022-04-02T03:38:40","slug":"ref-605-piezas-curvas-para-revestimiento-de-pilares-redondos","status":"publish","type":"product","link":"https:\/\/terracotadoalgarve.com\/es\/produto\/ref-605-piezas-curvas-para-revestimiento-de-pilares-redondos\/","title":{"rendered":"Ref. 605: Piezas curvas para revestimiento de pilares redondos"},"content":{"rendered":"","protected":false},"excerpt":{"rendered":"<p>Adem\u00e1s de que son utilizados en el revestimiento de los pilares, se pueden usar en macetas, columnas, etc. Hay varios tama\u00f1os para pilares con diferentes di\u00e1metros:<\/p>\n<p>Ref 605A Piezas p\/ Revestimiento pilares \u00f825 cm<br \/>\nRef 605B Piezas p\/ Revestimiento pilares \u00f827 cm<br \/>\nRef 605C Piezas p\/ Revestimiento pilares \u00f830 cm<\/p>\n","protected":false},"featured_media":25910,"comment_status":"closed","ping_status":"closed","template":"","meta":[],"product_brand":[],"product_cat":[35],"product_tag":[],"class_list":{"0":"post-17399","1":"product","2":"type-product","3":"status-publish","4":"has-post-thumbnail","6":"product_cat-terracota-manual","8":"first","9":"instock","10":"product-type-simple"},"yoast_head":"<!-- This site is optimized with the Yoast SEO plugin v26.9 - https:\/\/yoast.com\/product\/yoast-seo-wordpress\/ -->\n<title>Ref. 605: Piezas curvas para revestimiento de pilares redondos - Terracota do Algarve<\/title>\n<meta name=\"robots\" content=\"index, follow, max-snippet:-1, max-image-preview:large, max-video-preview:-1\" \/>\n<link rel=\"canonical\" href=\"https:\/\/terracotadoalgarve.com\/es\/produto\/ref-605-piezas-curvas-para-revestimiento-de-pilares-redondos\/\" \/>\n<meta property=\"og:locale\" content=\"es_ES\" \/>\n<meta property=\"og:type\" content=\"article\" \/>\n<meta property=\"og:title\" content=\"Ref. 605: Piezas curvas para revestimiento de pilares redondos - Terracota do Algarve\" \/>\n<meta property=\"og:description\" content=\"Adem\u00e1s de que son utilizados en el revestimiento de los pilares, se pueden usar en macetas, columnas, etc. Hay varios tama\u00f1os para pilares con diferentes di\u00e1metros:  Ref 605A Piezas p\/ Revestimiento pilares \u00f825 cm Ref 605B Piezas p\/ Revestimiento pilares \u00f827 cm Ref 605C Piezas p\/ Revestimiento pilares \u00f830 cm\" \/>\n<meta property=\"og:url\" content=\"https:\/\/terracotadoalgarve.com\/es\/produto\/ref-605-piezas-curvas-para-revestimiento-de-pilares-redondos\/\" \/>\n<meta property=\"og:site_name\" content=\"Terracota do Algarve\" \/>\n<meta property=\"article:modified_time\" content=\"2022-04-02T03:38:40+00:00\" \/>\n<meta property=\"og:image\" content=\"https:\/\/terracotadoalgarve.com\/wp-content\/uploads\/2018\/11\/Ref-605-Tijolo-Curvo-para-Revestimentos.png\" \/>\n\t<meta property=\"og:image:width\" content=\"700\" \/>\n\t<meta property=\"og:image:height\" content=\"525\" \/>\n\t<meta property=\"og:image:type\" content=\"image\/png\" \/>\n<meta name=\"twitter:card\" content=\"summary_large_image\" \/>\n<script type=\"application\/ld+json\" class=\"yoast-schema-graph\">{\"@context\":\"https:\/\/schema.org\",\"@graph\":[{\"@type\":\"WebPage\",\"@id\":\"https:\/\/terracotadoalgarve.com\/es\/produto\/ref-605-piezas-curvas-para-revestimiento-de-pilares-redondos\/\",\"url\":\"https:\/\/terracotadoalgarve.com\/es\/produto\/ref-605-piezas-curvas-para-revestimiento-de-pilares-redondos\/\",\"name\":\"Ref. 605: Piezas curvas para revestimiento de pilares redondos - Terracota do Algarve\",\"isPartOf\":{\"@id\":\"https:\/\/terracotadoalgarve.com\/es\/#website\"},\"primaryImageOfPage\":{\"@id\":\"https:\/\/terracotadoalgarve.com\/es\/produto\/ref-605-piezas-curvas-para-revestimiento-de-pilares-redondos\/#primaryimage\"},\"image\":{\"@id\":\"https:\/\/terracotadoalgarve.com\/es\/produto\/ref-605-piezas-curvas-para-revestimiento-de-pilares-redondos\/#primaryimage\"},\"thumbnailUrl\":\"https:\/\/terracotadoalgarve.com\/wp-content\/uploads\/2018\/11\/Ref-605-Tijolo-Curvo-para-Revestimentos.png\",\"datePublished\":\"2018-11-15T09:32:57+00:00\",\"dateModified\":\"2022-04-02T03:38:40+00:00\",\"breadcrumb\":{\"@id\":\"https:\/\/terracotadoalgarve.com\/es\/produto\/ref-605-piezas-curvas-para-revestimiento-de-pilares-redondos\/#breadcrumb\"},\"inLanguage\":\"es\",\"potentialAction\":[{\"@type\":\"ReadAction\",\"target\":[\"https:\/\/terracotadoalgarve.com\/es\/produto\/ref-605-piezas-curvas-para-revestimiento-de-pilares-redondos\/\"]}]},{\"@type\":\"ImageObject\",\"inLanguage\":\"es\",\"@id\":\"https:\/\/terracotadoalgarve.com\/es\/produto\/ref-605-piezas-curvas-para-revestimiento-de-pilares-redondos\/#primaryimage\",\"url\":\"https:\/\/terracotadoalgarve.com\/wp-content\/uploads\/2018\/11\/Ref-605-Tijolo-Curvo-para-Revestimentos.png\",\"contentUrl\":\"https:\/\/terracotadoalgarve.com\/wp-content\/uploads\/2018\/11\/Ref-605-Tijolo-Curvo-para-Revestimentos.png\",\"width\":700,\"height\":525,\"caption\":\"Ref 605 Tijolo Curvo para Revestimentos\"},{\"@type\":\"BreadcrumbList\",\"@id\":\"https:\/\/terracotadoalgarve.com\/es\/produto\/ref-605-piezas-curvas-para-revestimiento-de-pilares-redondos\/#breadcrumb\",\"itemListElement\":[{\"@type\":\"ListItem\",\"position\":1,\"name\":\"Home\",\"item\":\"https:\/\/terracotadoalgarve.com\/es\/\"},{\"@type\":\"ListItem\",\"position\":2,\"name\":\"Productos\",\"item\":\"https:\/\/terracotadoalgarve.com\/es\/shop\/\"},{\"@type\":\"ListItem\",\"position\":3,\"name\":\"Ref. 605: Piezas curvas para revestimiento de pilares redondos\"}]},{\"@type\":\"WebSite\",\"@id\":\"https:\/\/terracotadoalgarve.com\/es\/#website\",\"url\":\"https:\/\/terracotadoalgarve.com\/es\/\",\"name\":\"Terracota do Algarve\",\"description\":\"Terracota tiles, Hydraulic cement tiles, Glazed tiles\",\"potentialAction\":[{\"@type\":\"SearchAction\",\"target\":{\"@type\":\"EntryPoint\",\"urlTemplate\":\"https:\/\/terracotadoalgarve.com\/es\/?s={search_term_string}\"},\"query-input\":{\"@type\":\"PropertyValueSpecification\",\"valueRequired\":true,\"valueName\":\"search_term_string\"}}],\"inLanguage\":\"es\"}]}<\/script>\n<!-- \/ Yoast SEO plugin. -->","yoast_head_json":{"title":"Ref. 605: Piezas curvas para revestimiento de pilares redondos - Terracota do Algarve","robots":{"index":"index","follow":"follow","max-snippet":"max-snippet:-1","max-image-preview":"max-image-preview:large","max-video-preview":"max-video-preview:-1"},"canonical":"https:\/\/terracotadoalgarve.com\/es\/produto\/ref-605-piezas-curvas-para-revestimiento-de-pilares-redondos\/","og_locale":"es_ES","og_type":"article","og_title":"Ref. 605: Piezas curvas para revestimiento de pilares redondos - Terracota do Algarve","og_description":"Adem\u00e1s de que son utilizados en el revestimiento de los pilares, se pueden usar en macetas, columnas, etc. Hay varios tama\u00f1os para pilares con diferentes di\u00e1metros:  Ref 605A Piezas p\/ Revestimiento pilares \u00f825 cm Ref 605B Piezas p\/ Revestimiento pilares \u00f827 cm Ref 605C Piezas p\/ Revestimiento pilares \u00f830 cm","og_url":"https:\/\/terracotadoalgarve.com\/es\/produto\/ref-605-piezas-curvas-para-revestimiento-de-pilares-redondos\/","og_site_name":"Terracota do Algarve","article_modified_time":"2022-04-02T03:38:40+00:00","og_image":[{"width":700,"height":525,"url":"https:\/\/terracotadoalgarve.com\/wp-content\/uploads\/2018\/11\/Ref-605-Tijolo-Curvo-para-Revestimentos.png","type":"image\/png"}],"twitter_card":"summary_large_image","schema":{"@context":"https:\/\/schema.org","@graph":[{"@type":"WebPage","@id":"https:\/\/terracotadoalgarve.com\/es\/produto\/ref-605-piezas-curvas-para-revestimiento-de-pilares-redondos\/","url":"https:\/\/terracotadoalgarve.com\/es\/produto\/ref-605-piezas-curvas-para-revestimiento-de-pilares-redondos\/","name":"Ref. 605: Piezas curvas para revestimiento de pilares redondos - Terracota do Algarve","isPartOf":{"@id":"https:\/\/terracotadoalgarve.com\/es\/#website"},"primaryImageOfPage":{"@id":"https:\/\/terracotadoalgarve.com\/es\/produto\/ref-605-piezas-curvas-para-revestimiento-de-pilares-redondos\/#primaryimage"},"image":{"@id":"https:\/\/terracotadoalgarve.com\/es\/produto\/ref-605-piezas-curvas-para-revestimiento-de-pilares-redondos\/#primaryimage"},"thumbnailUrl":"https:\/\/terracotadoalgarve.com\/wp-content\/uploads\/2018\/11\/Ref-605-Tijolo-Curvo-para-Revestimentos.png","datePublished":"2018-11-15T09:32:57+00:00","dateModified":"2022-04-02T03:38:40+00:00","breadcrumb":{"@id":"https:\/\/terracotadoalgarve.com\/es\/produto\/ref-605-piezas-curvas-para-revestimiento-de-pilares-redondos\/#breadcrumb"},"inLanguage":"es","potentialAction":[{"@type":"ReadAction","target":["https:\/\/terracotadoalgarve.com\/es\/produto\/ref-605-piezas-curvas-para-revestimiento-de-pilares-redondos\/"]}]},{"@type":"ImageObject","inLanguage":"es","@id":"https:\/\/terracotadoalgarve.com\/es\/produto\/ref-605-piezas-curvas-para-revestimiento-de-pilares-redondos\/#primaryimage","url":"https:\/\/terracotadoalgarve.com\/wp-content\/uploads\/2018\/11\/Ref-605-Tijolo-Curvo-para-Revestimentos.png","contentUrl":"https:\/\/terracotadoalgarve.com\/wp-content\/uploads\/2018\/11\/Ref-605-Tijolo-Curvo-para-Revestimentos.png","width":700,"height":525,"caption":"Ref 605 Tijolo Curvo para Revestimentos"},{"@type":"BreadcrumbList","@id":"https:\/\/terracotadoalgarve.com\/es\/produto\/ref-605-piezas-curvas-para-revestimiento-de-pilares-redondos\/#breadcrumb","itemListElement":[{"@type":"ListItem","position":1,"name":"Home","item":"https:\/\/terracotadoalgarve.com\/es\/"},{"@type":"ListItem","position":2,"name":"Productos","item":"https:\/\/terracotadoalgarve.com\/es\/shop\/"},{"@type":"ListItem","position":3,"name":"Ref. 605: Piezas curvas para revestimiento de pilares redondos"}]},{"@type":"WebSite","@id":"https:\/\/terracotadoalgarve.com\/es\/#website","url":"https:\/\/terracotadoalgarve.com\/es\/","name":"Terracota do Algarve","description":"Terracota tiles, Hydraulic cement tiles, Glazed tiles","potentialAction":[{"@type":"SearchAction","target":{"@type":"EntryPoint","urlTemplate":"https:\/\/terracotadoalgarve.com\/es\/?s={search_term_string}"},"query-input":{"@type":"PropertyValueSpecification","valueRequired":true,"valueName":"search_term_string"}}],"inLanguage":"es"}]}},"_links":{"self":[{"href":"https:\/\/terracotadoalgarve.com\/es\/wp-json\/wp\/v2\/product\/17399","targetHints":{"allow":["GET"]}}],"collection":[{"href":"https:\/\/terracotadoalgarve.com\/es\/wp-json\/wp\/v2\/product"}],"about":[{"href":"https:\/\/terracotadoalgarve.com\/es\/wp-json\/wp\/v2\/types\/product"}],"replies":[{"embeddable":true,"href":"https:\/\/terracotadoalgarve.com\/es\/wp-json\/wp\/v2\/comments?post=17399"}],"wp:featuredmedia":[{"embeddable":true,"href":"https:\/\/terracotadoalgarve.com\/es\/wp-json\/wp\/v2\/media\/25910"}],"wp:attachment":[{"href":"https:\/\/terracotadoalgarve.com\/es\/wp-json\/wp\/v2\/media?parent=17399"}],"wp:term":[{"taxonomy":"product_brand","embeddable":true,"href":"https:\/\/terracotadoalgarve.com\/es\/wp-json\/wp\/v2\/product_brand?post=17399"},{"taxonomy":"product_cat","embeddable":true,"href":"https:\/\/terracotadoalgarve.com\/es\/wp-json\/wp\/v2\/product_cat?post=17399"},{"taxonomy":"product_tag","embeddable":true,"href":"https:\/\/terracotadoalgarve.com\/es\/wp-json\/wp\/v2\/product_tag?post=17399"}],"curies":[{"name":"wp","href":"https:\/\/api.w.org\/{rel}","templated":true}]}}