{"id":15214,"date":"2018-11-15T09:57:50","date_gmt":"2018-11-15T15:21:56","guid":{"rendered":"http:\/\/terracotadoalgarve.com\/?post_type=product&#038;p=15214"},"modified":"2022-03-29T20:59:05","modified_gmt":"2022-03-29T20:59:05","slug":"ref-201-ladrillo-santa-catarina-30x15x2-cm-con-rayas","status":"publish","type":"product","link":"https:\/\/terracotadoalgarve.com\/es\/produto\/ref-201-ladrillo-santa-catarina-30x15x2-cm-con-rayas\/","title":{"rendered":"Ref. 201: Ladrillo \u201cSanta Catarina\u201d 30x15x2 cm con rayas"},"content":{"rendered":"","protected":false},"excerpt":{"rendered":"<p>Es un ladrillo desmoldado con arena, con arista viva que es echo predominantemente con barro rojo, pero leva un acabamiento con listas echas \u00e1 la mano con barro blanco. Esta baldosa es una soluci\u00f3n econ\u00f3mica para el interior y el exterior.<\/p>\n","protected":false},"featured_media":25890,"comment_status":"closed","ping_status":"closed","template":"","meta":[],"product_brand":[],"product_cat":[35],"product_tag":[],"class_list":{"0":"post-15214","1":"product","2":"type-product","3":"status-publish","4":"has-post-thumbnail","6":"product_cat-terracota-manual","8":"first","9":"instock","10":"product-type-simple"},"yoast_head":"<!-- This site is optimized with the Yoast SEO plugin v26.9 - https:\/\/yoast.com\/product\/yoast-seo-wordpress\/ -->\n<title>Ref. 201: Ladrillo \u201cSanta Catarina\u201d 30x15x2 cm con rayas - Terracota do Algarve<\/title>\n<meta name=\"robots\" content=\"index, follow, max-snippet:-1, max-image-preview:large, max-video-preview:-1\" \/>\n<link rel=\"canonical\" href=\"https:\/\/terracotadoalgarve.com\/es\/produto\/ref-201-ladrillo-santa-catarina-30x15x2-cm-con-rayas\/\" \/>\n<meta property=\"og:locale\" content=\"es_ES\" \/>\n<meta property=\"og:type\" content=\"article\" \/>\n<meta property=\"og:title\" content=\"Ref. 201: Ladrillo \u201cSanta Catarina\u201d 30x15x2 cm con rayas - Terracota do Algarve\" \/>\n<meta property=\"og:description\" content=\"Es un ladrillo desmoldado con arena, con arista viva que es echo predominantemente con barro rojo, pero leva un acabamiento con listas echas \u00e1 la mano con barro blanco. Esta baldosa es una soluci\u00f3n econ\u00f3mica para el interior y el exterior.\" \/>\n<meta property=\"og:url\" content=\"https:\/\/terracotadoalgarve.com\/es\/produto\/ref-201-ladrillo-santa-catarina-30x15x2-cm-con-rayas\/\" \/>\n<meta property=\"og:site_name\" content=\"Terracota do Algarve\" \/>\n<meta property=\"article:modified_time\" content=\"2022-03-29T20:59:05+00:00\" \/>\n<meta property=\"og:image\" content=\"https:\/\/terracotadoalgarve.com\/wp-content\/uploads\/2018\/11\/Ref-201-Ladrilho-30x15-cm-desenformado-a-areia-com-riscas.png\" \/>\n\t<meta property=\"og:image:width\" content=\"700\" \/>\n\t<meta property=\"og:image:height\" content=\"525\" \/>\n\t<meta property=\"og:image:type\" content=\"image\/png\" \/>\n<meta name=\"twitter:card\" content=\"summary_large_image\" \/>\n<script type=\"application\/ld+json\" class=\"yoast-schema-graph\">{\"@context\":\"https:\/\/schema.org\",\"@graph\":[{\"@type\":\"WebPage\",\"@id\":\"https:\/\/terracotadoalgarve.com\/es\/produto\/ref-201-ladrillo-santa-catarina-30x15x2-cm-con-rayas\/\",\"url\":\"https:\/\/terracotadoalgarve.com\/es\/produto\/ref-201-ladrillo-santa-catarina-30x15x2-cm-con-rayas\/\",\"name\":\"Ref. 201: Ladrillo \u201cSanta Catarina\u201d 30x15x2 cm con rayas - Terracota do Algarve\",\"isPartOf\":{\"@id\":\"https:\/\/terracotadoalgarve.com\/es\/#website\"},\"primaryImageOfPage\":{\"@id\":\"https:\/\/terracotadoalgarve.com\/es\/produto\/ref-201-ladrillo-santa-catarina-30x15x2-cm-con-rayas\/#primaryimage\"},\"image\":{\"@id\":\"https:\/\/terracotadoalgarve.com\/es\/produto\/ref-201-ladrillo-santa-catarina-30x15x2-cm-con-rayas\/#primaryimage\"},\"thumbnailUrl\":\"https:\/\/terracotadoalgarve.com\/wp-content\/uploads\/2018\/11\/Ref-201-Ladrilho-30x15-cm-desenformado-a-areia-com-riscas.png\",\"datePublished\":\"2018-11-15T15:21:56+00:00\",\"dateModified\":\"2022-03-29T20:59:05+00:00\",\"breadcrumb\":{\"@id\":\"https:\/\/terracotadoalgarve.com\/es\/produto\/ref-201-ladrillo-santa-catarina-30x15x2-cm-con-rayas\/#breadcrumb\"},\"inLanguage\":\"es\",\"potentialAction\":[{\"@type\":\"ReadAction\",\"target\":[\"https:\/\/terracotadoalgarve.com\/es\/produto\/ref-201-ladrillo-santa-catarina-30x15x2-cm-con-rayas\/\"]}]},{\"@type\":\"ImageObject\",\"inLanguage\":\"es\",\"@id\":\"https:\/\/terracotadoalgarve.com\/es\/produto\/ref-201-ladrillo-santa-catarina-30x15x2-cm-con-rayas\/#primaryimage\",\"url\":\"https:\/\/terracotadoalgarve.com\/wp-content\/uploads\/2018\/11\/Ref-201-Ladrilho-30x15-cm-desenformado-a-areia-com-riscas.png\",\"contentUrl\":\"https:\/\/terracotadoalgarve.com\/wp-content\/uploads\/2018\/11\/Ref-201-Ladrilho-30x15-cm-desenformado-a-areia-com-riscas.png\",\"width\":700,\"height\":525,\"caption\":\"Ref 201 Ladrilho 30x15 cm desenformado a areia com riscas\"},{\"@type\":\"BreadcrumbList\",\"@id\":\"https:\/\/terracotadoalgarve.com\/es\/produto\/ref-201-ladrillo-santa-catarina-30x15x2-cm-con-rayas\/#breadcrumb\",\"itemListElement\":[{\"@type\":\"ListItem\",\"position\":1,\"name\":\"Home\",\"item\":\"https:\/\/terracotadoalgarve.com\/es\/\"},{\"@type\":\"ListItem\",\"position\":2,\"name\":\"Productos\",\"item\":\"https:\/\/terracotadoalgarve.com\/es\/shop\/\"},{\"@type\":\"ListItem\",\"position\":3,\"name\":\"Ref. 201: Ladrillo \u201cSanta Catarina\u201d 30x15x2 cm con rayas\"}]},{\"@type\":\"WebSite\",\"@id\":\"https:\/\/terracotadoalgarve.com\/es\/#website\",\"url\":\"https:\/\/terracotadoalgarve.com\/es\/\",\"name\":\"Terracota do Algarve\",\"description\":\"Terracota tiles, Hydraulic cement tiles, Glazed tiles\",\"potentialAction\":[{\"@type\":\"SearchAction\",\"target\":{\"@type\":\"EntryPoint\",\"urlTemplate\":\"https:\/\/terracotadoalgarve.com\/es\/?s={search_term_string}\"},\"query-input\":{\"@type\":\"PropertyValueSpecification\",\"valueRequired\":true,\"valueName\":\"search_term_string\"}}],\"inLanguage\":\"es\"}]}<\/script>\n<!-- \/ Yoast SEO plugin. -->","yoast_head_json":{"title":"Ref. 201: Ladrillo \u201cSanta Catarina\u201d 30x15x2 cm con rayas - Terracota do Algarve","robots":{"index":"index","follow":"follow","max-snippet":"max-snippet:-1","max-image-preview":"max-image-preview:large","max-video-preview":"max-video-preview:-1"},"canonical":"https:\/\/terracotadoalgarve.com\/es\/produto\/ref-201-ladrillo-santa-catarina-30x15x2-cm-con-rayas\/","og_locale":"es_ES","og_type":"article","og_title":"Ref. 201: Ladrillo \u201cSanta Catarina\u201d 30x15x2 cm con rayas - Terracota do Algarve","og_description":"Es un ladrillo desmoldado con arena, con arista viva que es echo predominantemente con barro rojo, pero leva un acabamiento con listas echas \u00e1 la mano con barro blanco. Esta baldosa es una soluci\u00f3n econ\u00f3mica para el interior y el exterior.","og_url":"https:\/\/terracotadoalgarve.com\/es\/produto\/ref-201-ladrillo-santa-catarina-30x15x2-cm-con-rayas\/","og_site_name":"Terracota do Algarve","article_modified_time":"2022-03-29T20:59:05+00:00","og_image":[{"width":700,"height":525,"url":"https:\/\/terracotadoalgarve.com\/wp-content\/uploads\/2018\/11\/Ref-201-Ladrilho-30x15-cm-desenformado-a-areia-com-riscas.png","type":"image\/png"}],"twitter_card":"summary_large_image","schema":{"@context":"https:\/\/schema.org","@graph":[{"@type":"WebPage","@id":"https:\/\/terracotadoalgarve.com\/es\/produto\/ref-201-ladrillo-santa-catarina-30x15x2-cm-con-rayas\/","url":"https:\/\/terracotadoalgarve.com\/es\/produto\/ref-201-ladrillo-santa-catarina-30x15x2-cm-con-rayas\/","name":"Ref. 201: Ladrillo \u201cSanta Catarina\u201d 30x15x2 cm con rayas - Terracota do Algarve","isPartOf":{"@id":"https:\/\/terracotadoalgarve.com\/es\/#website"},"primaryImageOfPage":{"@id":"https:\/\/terracotadoalgarve.com\/es\/produto\/ref-201-ladrillo-santa-catarina-30x15x2-cm-con-rayas\/#primaryimage"},"image":{"@id":"https:\/\/terracotadoalgarve.com\/es\/produto\/ref-201-ladrillo-santa-catarina-30x15x2-cm-con-rayas\/#primaryimage"},"thumbnailUrl":"https:\/\/terracotadoalgarve.com\/wp-content\/uploads\/2018\/11\/Ref-201-Ladrilho-30x15-cm-desenformado-a-areia-com-riscas.png","datePublished":"2018-11-15T15:21:56+00:00","dateModified":"2022-03-29T20:59:05+00:00","breadcrumb":{"@id":"https:\/\/terracotadoalgarve.com\/es\/produto\/ref-201-ladrillo-santa-catarina-30x15x2-cm-con-rayas\/#breadcrumb"},"inLanguage":"es","potentialAction":[{"@type":"ReadAction","target":["https:\/\/terracotadoalgarve.com\/es\/produto\/ref-201-ladrillo-santa-catarina-30x15x2-cm-con-rayas\/"]}]},{"@type":"ImageObject","inLanguage":"es","@id":"https:\/\/terracotadoalgarve.com\/es\/produto\/ref-201-ladrillo-santa-catarina-30x15x2-cm-con-rayas\/#primaryimage","url":"https:\/\/terracotadoalgarve.com\/wp-content\/uploads\/2018\/11\/Ref-201-Ladrilho-30x15-cm-desenformado-a-areia-com-riscas.png","contentUrl":"https:\/\/terracotadoalgarve.com\/wp-content\/uploads\/2018\/11\/Ref-201-Ladrilho-30x15-cm-desenformado-a-areia-com-riscas.png","width":700,"height":525,"caption":"Ref 201 Ladrilho 30x15 cm desenformado a areia com riscas"},{"@type":"BreadcrumbList","@id":"https:\/\/terracotadoalgarve.com\/es\/produto\/ref-201-ladrillo-santa-catarina-30x15x2-cm-con-rayas\/#breadcrumb","itemListElement":[{"@type":"ListItem","position":1,"name":"Home","item":"https:\/\/terracotadoalgarve.com\/es\/"},{"@type":"ListItem","position":2,"name":"Productos","item":"https:\/\/terracotadoalgarve.com\/es\/shop\/"},{"@type":"ListItem","position":3,"name":"Ref. 201: Ladrillo \u201cSanta Catarina\u201d 30x15x2 cm con rayas"}]},{"@type":"WebSite","@id":"https:\/\/terracotadoalgarve.com\/es\/#website","url":"https:\/\/terracotadoalgarve.com\/es\/","name":"Terracota do Algarve","description":"Terracota tiles, Hydraulic cement tiles, Glazed tiles","potentialAction":[{"@type":"SearchAction","target":{"@type":"EntryPoint","urlTemplate":"https:\/\/terracotadoalgarve.com\/es\/?s={search_term_string}"},"query-input":{"@type":"PropertyValueSpecification","valueRequired":true,"valueName":"search_term_string"}}],"inLanguage":"es"}]}},"_links":{"self":[{"href":"https:\/\/terracotadoalgarve.com\/es\/wp-json\/wp\/v2\/product\/15214","targetHints":{"allow":["GET"]}}],"collection":[{"href":"https:\/\/terracotadoalgarve.com\/es\/wp-json\/wp\/v2\/product"}],"about":[{"href":"https:\/\/terracotadoalgarve.com\/es\/wp-json\/wp\/v2\/types\/product"}],"replies":[{"embeddable":true,"href":"https:\/\/terracotadoalgarve.com\/es\/wp-json\/wp\/v2\/comments?post=15214"}],"wp:featuredmedia":[{"embeddable":true,"href":"https:\/\/terracotadoalgarve.com\/es\/wp-json\/wp\/v2\/media\/25890"}],"wp:attachment":[{"href":"https:\/\/terracotadoalgarve.com\/es\/wp-json\/wp\/v2\/media?parent=15214"}],"wp:term":[{"taxonomy":"product_brand","embeddable":true,"href":"https:\/\/terracotadoalgarve.com\/es\/wp-json\/wp\/v2\/product_brand?post=15214"},{"taxonomy":"product_cat","embeddable":true,"href":"https:\/\/terracotadoalgarve.com\/es\/wp-json\/wp\/v2\/product_cat?post=15214"},{"taxonomy":"product_tag","embeddable":true,"href":"https:\/\/terracotadoalgarve.com\/es\/wp-json\/wp\/v2\/product_tag?post=15214"}],"curies":[{"name":"wp","href":"https:\/\/api.w.org\/{rel}","templated":true}]}}