{"id":26420,"date":"2021-10-25T19:59:49","date_gmt":"2021-10-25T19:59:49","guid":{"rendered":"https:\/\/terracotadoalgarve.com\/es\/?page_id=26420"},"modified":"2022-04-04T20:07:20","modified_gmt":"2022-04-04T20:07:20","slug":"preguntas-frecuentes","status":"publish","type":"page","link":"https:\/\/terracotadoalgarve.com\/es\/preguntas-frecuentes\/","title":{"rendered":"Preguntas Frecuentes"},"content":{"rendered":"<div class=\"wpb-content-wrapper\"><p>[vc_row full_height=\u00bbyes\u00bb columns_placement=\u00bbtop\u00bb][vc_column width=\u00bb1\/2&#8243;][vc_toggle title=\u00bb\u00bfPor qu\u00e9 existen diferencias tan marcadas en los precios de las baldosas?\u00bb]La diferencia de precio entre los azulejos de 20x20cm y los de 30&#215;15 cm se debe a que el coste de producci\u00f3n de los azulejos de 20&#215;20 cm es aproximadamente un 60% superior al coste de producci\u00f3n de los azulejos de 30 x 15 cm. Esto se debe principalmente a lo siguiente:<\/p>\n<ul>\n<li>A los azulejos de 30&#215;15 cm se les da su forma manualmente por parejas en moldes dobles mientras que los azulejos de 20x20cm son moldeados individualmente, de uno en uno. Este trabajo se hace por equipos de dos personas, que al final del d\u00eda pueden producir el doble de cantidad de azulejos de 30&#215;15 cm que de 20&#215;20 cm.<\/li>\n<li>Durante el proceso de secado, los azulejos cuadrados de 20x20cm tienden a romperse con m\u00e1s frecuencia que los rectangulares de 30&#215;15 cm, lo que causa m\u00e1s p\u00e9rdidas.<\/li>\n<li>Mientras que se cuecen los azulejos, se pierden m\u00e1s azulejos cuadrados de 20x20cm que de los dem\u00e1s debido a que son m\u00e1s propensos a deformarse.<\/li>\n<\/ul>\n<p>Por estos motivos el precio de la baldosa de 20&#215;20 cm es siempre superior al precio de la de 30&#215;15 cm, aunque el margen de beneficio es el mismo o incluso menor. Asimismo, las tejas con otras medidas tienen diferentes costos de producci\u00f3n, siendo la teja de 30&#215;15 cm la que tiene los costos de producci\u00f3n m\u00e1s bajos.<\/p>\n<p>En el caso de las baldosas de 30&#215;30 cm, 40&#215;40 cm y 50&#215;50 cm, el precio aumenta en funci\u00f3n del tama\u00f1o, cuanto m\u00e1s grande es la baldosa, m\u00e1s probabilidades hay de deformarse y agrietarse tanto durante la fase de secado como durante la cocci\u00f3n.[\/vc_toggle][vc_toggle title=\u00bb\u00bfC\u00f3mo se empaquetan las baldosas? \u00ab]Las baldosas se seleccionan y se colocan en palets para que no se rompan durante el transporte. Luego, la paleta se envuelve en una pel\u00edcula estirable para mayor protecci\u00f3n.<\/p>\n<p>Cuando se destinan a otros pa\u00edses, las tejas se colocan en cajas de madera de aproximadamente 30 m2 cada una. Est\u00e1n dispuestos en capas con cart\u00f3n grueso entre cada capa para proteger las baldosas durante el viaje. Actualmente, las cajas han sido reemplazadas por escuadras colocadas en todos los lados de los pallets. En las varias veces que hemos vendido fuera de Portugal, nunca ha habido ning\u00fan problema.[\/vc_toggle][vc_toggle title=\u00bb\u00bfCu\u00e1l es la diferencia entre las baldosas deformadas por arena y deformadas por agua? \u00ab]Ambos se elaboran con la misma materia prima, se cocinan en el mismo horno y tienen aproximadamente el mismo tono y fuerza. La principal diferencia entre las baldosas deformadas por agua y las baldosas deformadas por arena es que las primeras tienen bordes ligeramente redondeados, mientras que las segundas tienen bordes afilados. Adem\u00e1s, las baldosas deformadas por agua (tambi\u00e9n llamadas \u201cfiletes\u201d) se someten a un proceso de selecci\u00f3n m\u00e1s riguroso y por tener los bordes redondeados \/ redondeados permiten un mejor acabado. Este tipo de baldosa es exclusivo de Terracota do Algarve.[\/vc_toggle][vc_toggle title=\u00bb\u00bfPor qu\u00e9 hay diferencias de color entre las baldosas? \u00ab]<span data-contrast=\"auto\">Debido a nuestro proceso de fabricaci\u00f3n artesanal y cocci\u00f3n en horno de le\u00f1a, siempre existen algunas diferencias de color entre las distintas piezas, y no es posible obtener un color homog\u00e9neo. Entonces, aunque podemos producir pisos con un color m\u00e1s claro en general, siempre habr\u00e1 piezas m\u00e1s rosadas \/ rojizas. Son precisamente estos matices de colores los que nos distinguen de las grandes f\u00e1bricas de producci\u00f3n industrial en masa.<\/span><span data-ccp-props=\"{&quot;201341983&quot;:0,&quot;335551550&quot;:6,&quot;335551620&quot;:6,&quot;335559739&quot;:160,&quot;335559740&quot;:259}\">\u00a0<\/span><\/p>\n<p><span data-contrast=\"auto\">Cabe destacar que las diversas fotos de nuestros productos en terracota manual que se encuentran en el sitio web han sido tomadas durante mucho tiempo y con diferentes equipos, por lo que dif\u00edcilmente traducen el verdadero color del producto.<\/span><span data-ccp-props=\"{&quot;201341983&quot;:0,&quot;335551550&quot;:6,&quot;335551620&quot;:6,&quot;335559739&quot;:160,&quot;335559740&quot;:259}\">\u00a0<\/span>[\/vc_toggle][vc_toggle title=\u00bb\u00bfC\u00f3mo reaccionan las baldosas a temperaturas negativas? \u00ab]En los pa\u00edses m\u00e1s fr\u00edos, las baldosas de terracota manuales se utilizan principalmente en el interior. Todas nuestras baldosas se fabrican mediante el mismo proceso, por lo que todas tienen el mismo comportamiento frente al hielo. Para soportar temperaturas de congelaci\u00f3n con hielo por debajo de -5 \u00b0, es necesario sellar las baldosas despu\u00e9s de la colocaci\u00f3n. Si las baldosas no est\u00e1n selladas, absorber\u00e1n agua, el agua puede congelarse y causar da\u00f1os.[\/vc_toggle][vc_toggle title=\u00bb\u00bfLa baldosa\/ladrillo soporta el paso\/peso de los veh\u00edculos?\u00bb]Todos nuestros suelos de terracota manuales se pueden utilizar tanto en interiores como en exteriores. Son lo suficientemente fuertes como para soportar un autom\u00f3vil, y para eso es importante que las baldosas se coloquen sobre una buena base de colocaci\u00f3n. Se recomienda que esta base sea una solera debidamente regularizada y consolidada, que debe estar muy seca, y donde se debe aplicar la loseta con cemento-cola.[\/vc_toggle][vc_toggle title=\u00bb\u00bfCu\u00e1l es la junta m\u00ednima recomendada entre baldosas? \u00ab]Recomendamos una junta m\u00ednima de al menos 3 o 4 mm. Esto se debe a que nuestros suelos y revestimientos se fabrican a mano y por tanto existen peque\u00f1as diferencias de tama\u00f1o entre las distintas piezas (hasta 2 o 3 mm). La articulaci\u00f3n sirve precisamente para salvar estas diferencias y conseguir un buen acabado. No obstante, hay clientes que ya han aplicado nuestras baldosas con juntas casi cerradas (apoyadas entre s\u00ed), pero para ello es necesario que el trabajo lo haga un buen capataz. En cualquier caso, recomendamos que antes de empezar a poner \/ pegar las baldosas, haga una prueba de al menos un metro cuadrado con la junta m\u00ednima deseada para ver si es posible realizar el trabajo de esta forma.[\/vc_toggle][vc_toggle title=\u00bb\u00bfDepende la durabilidad de las baldosas del tratamiento?\u00bb]La durabilidad de las baldosas de terracota manuales no depende de su tratamiento. Lo fundamental para que duren unos buenos cientos de a\u00f1os o m\u00e1s es la calidad de la materia prima utilizada (la arcilla) y una buena cocci\u00f3n que garantice la resistencia de la terracota. Tambi\u00e9n es fundamental que la limpieza diaria se realice con detergentes adecuados, preferiblemente con PH neutro. Siempre se debe evitar el uso de productos abrasivos o a base de \u00e1cidos que puedan da\u00f1ar la baldosa.[\/vc_toggle][vc_toggle title=\u00bb\u00bfHay que tratar siempre las baldosas?\u00bb]Las baldosas no tienen que ser tratadas necesariamente, siendo el tratamiento tanto interior como exterior s\u00f3lo para proteger las baldosas de la aparici\u00f3n de eventuales manchas de grasa, aceite, vino, etc. No obstante, se recomienda el tratamiento en cocinas, comedores, cerca de barbacoas, etc.<\/p>\n<p>El tratamiento puede durar entre 4 y 8 a\u00f1os dependiendo del producto aplicado, la intensidad y la forma de uso del suelo y la frecuencia de limpieza \/ lavado.<\/p>\n<p>Cabe destacar que en exterior en terrazas descubiertas, lo ideal es dejar las baldosas al natural, sin tratamiento. Si opta por hacer el tratamiento, es fundamental que el suelo est\u00e9 completamente seco para que no quede humedad atrapada en su interior.[\/vc_toggle][vc_toggle title=\u00bb\u00bfSe puede aplicar la terracota sobre otros suelos y revestimientos, es decir, superficies vidriadas? \u00ab]Normalmente, cuando se coloca la terracota sobre una solera, se utiliza cemento adhesivo convencional. Si va a colocar la terracota sobre baldosas u otro piso \/ revestimiento vidriado, debe usar un pegamento especial. Esto se debe a que la loseta existente, especialmente si est\u00e1 vidriada, no permite la absorci\u00f3n de agua, lo que dificulta la uni\u00f3n. El pegamento que recomendamos para estas situaciones es <strong>weber.fix premium<\/strong>, que es un pegamento con muy buenas prestaciones.[\/vc_toggle][\/vc_column][vc_column width=\u00bb1\/2&#8243;][vc_toggle title=\u00bb\u00bfCu\u00e1l es la diferencia entre \u00abLadrilho\u00ab y \u00abTijoleira\u00ab? \u00ab]Cuando se trata de suelos y revestimientos manuales de terracota, \u201cLadrilho\u201d y \u201cTijoleira\u201d son exactamente iguales. El t\u00e9rmino m\u00e1s utilizado var\u00eda seg\u00fan la regi\u00f3n, con zonas donde tambi\u00e9n se utilizan las palabras \u201cBaldosa\u201d o \u201cMosaico\u201d para designar las tejas de barro. En el Algarve, donde estamos ubicados, la palabra m\u00e1s utilizada sigue siendo \u201cLadrilho\u201d.[\/vc_toggle][vc_toggle title=\u00bb\u00bfHay diferentes baldosas para el interior y el exterior? \u00ab]Todas las baldosas de terracota manual se pueden utilizar tanto en interiores como en exteriores. Solo el tipo de tratamiento que se debe aplicar posteriormente var\u00eda en funci\u00f3n del lugar donde se coloquen las baldosas: existen productos espec\u00edficos para el tratamiento interior y otros para el exterior.[\/vc_toggle][vc_toggle title=\u00bb\u00bfPor qu\u00e9 algunas baldosas se desgastan m\u00e1s r\u00e1pido que otras? \u00ab]Esta situaci\u00f3n ocurre a veces en las islas y en la costa cuando no existe un buen aislamiento de la base de la teja (solado), permitiendo el paso de la humedad y el salitre que contribuyen a un deterioro m\u00e1s r\u00e1pido del pavimento. Tambi\u00e9n pueden aparecer manchas blancas en las baldosas, lo que es un signo de la presencia de humedad.<\/p>\n<p>Esto tambi\u00e9n ocurre en ocasiones con la piedra natural y otros materiales naturales que, por sus caracter\u00edsticas, acaban siendo m\u00e1s vulnerables.[\/vc_toggle][vc_toggle title=\u00bb\u00bfC\u00f3mo es el transporte y la entrega de los pedidos?\u00bb]Algunos de nuestros clientes, empresas o particulares, transportan el material ellos mismos. Siempre que el cliente lo necesite, el transporte y entrega de los pedidos est\u00e1 asegurado por transportistas de nuestra confianza. Cuando hacemos el presupuesto tambi\u00e9n podemos cotizar para el transporte del material. El cliente decide entonces si acepta el presupuesto con entrega incluida o si es el propio transporte.[\/vc_toggle][vc_toggle title=\u00bb\u00bfSe requiere un anticipo cuando se realiza el pedido? \u00ab]Para ciertos materiales solicitamos un premio\/avance antes de continuar con la producci\u00f3n. Es el caso de los Mosaicos Hidr\u00e1ulicos en los que siempre se exige premio con la confirmaci\u00f3n del pedido por tratarse de un producto que se elabora con los colores elegidos por el cliente y est\u00e1 destinado \u00fanicamente a ese cliente. En el caso de Terracota Manual, solo pedimos un anticipo para la producci\u00f3n de grandes cantidades o cuando se trata de una baldosa de diferente tama\u00f1o o forma producida espec\u00edficamente para un cliente espec\u00edfico.[\/vc_toggle][vc_toggle title=\u00bb\u00bfPor qu\u00e9 var\u00edan los precios de los mosaicos hidr\u00e1ulicos? \u00ab]Los precios de los diferentes modelos de mosaico hidr\u00e1ulico var\u00edan en funci\u00f3n de la complejidad del modelo en cuesti\u00f3n, lo que aumenta los costes laborales con la producci\u00f3n. Se entiende as\u00ed que el mosaico liso, con un solo color, o un mosaico con un patr\u00f3n simple con dos colores, tiene un precio considerablemente menor que un mosaico con un patr\u00f3n m\u00e1s complejo y con 4 o 5 colores diferentes.[\/vc_toggle][vc_toggle title=\u00bbEn cuanto a Mosaicos Hidr\u00e1ulicos, \u00bfes posible fabricar modelos distintos a los mostrados en la web?\u00bb]S\u00ed, es posible fabricar nuevos modelos de mosaicos hidr\u00e1ulicos. Sin embargo, para ello es necesario encargar un nuevo molde a un artesano que cuesta unos 400,00 \u20ac + IVA o un poco m\u00e1s (el precio var\u00eda seg\u00fan el modelo) y tarda unos 30 d\u00edas en estar listo. Por tanto, el tiempo de entrega aumenta a aproximadamente 60 a 90 d\u00edas a partir de la fecha de confirmaci\u00f3n del pedido. Adem\u00e1s, solo procedemos con el pedido tras el pago del 50% de su valor m\u00e1s el coste del nuevo molde. Si el cliente est\u00e1 dispuesto a asumir este costo y esperar al menos 60 d\u00edas hasta que los mosaicos est\u00e9n listos, es posible producir casi cualquier modelo de mosaico.[\/vc_toggle][vc_toggle title=\u00bb\u00bfC\u00f3mo se calcula el precio de los mosaicos cuando se trata de trabajos de patchwork?\u00bb]El precio de los Mosaicos Hidr\u00e1ulicos en patchwork, al pedirlos desde el cat\u00e1logo, es de 150 \u20ac \/ m2 + IVA, que corresponde al precio del modelo de mosaico m\u00e1s caro que hemos aumentado un 20%. Si el patchwork se crea a partir de los restos de mosaicos que tenemos disponibles, el precio es de 75,00 \u20ac \/ m2 + IVA. Esta diferencia de precio se debe a la log\u00edstica que implica la producci\u00f3n de unos pocos mosaicos de cada modelo, en varios colores, hasta alcanzar la cantidad deseada, mientras que los restos de mosaicos ya est\u00e1n en stock.[\/vc_toggle][vc_toggle title=\u00bb\u00bfSe puede utilizar la baldosa de barro con calefacci\u00f3n por suelo radiante? \u00ab]Hasta donde sabemos no hay inconveniente en la aplicaci\u00f3n de la baldosa de terracota manual con suelo radiante, solo tardar\u00e1 un poco m\u00e1s en sentir el calor porque es un suelo con un espesor de 2 cm, un poco m\u00e1s grueso que otros pisos. La ventaja, seg\u00fan algunos clientes que ya han utilizado esta soluci\u00f3n, es que despu\u00e9s de calentar la casa, el suelo de barro retiene el calor por m\u00e1s tiempo, lo que acaba traduci\u00e9ndose en ganancias en el consumo energ\u00e9tico.[\/vc_toggle][\/vc_column][\/vc_row]<\/p>\n<\/div>","protected":false},"excerpt":{"rendered":"<p>[vc_row full_height=\u00bbyes\u00bb columns_placement=\u00bbtop\u00bb][vc_column width=\u00bb1\/2&#8243;][vc_toggle title=\u00bb\u00bfPor qu\u00e9 existen diferencias tan marcadas en los precios de las baldosas?\u00bb]La diferencia de precio entre los azulejos de 20x20cm y los<span class=\"excerpt-hellip\"> [\u2026]<\/span><\/p>\n","protected":false},"author":1,"featured_media":0,"parent":0,"menu_order":0,"comment_status":"closed","ping_status":"closed","template":"","meta":{"footnotes":""},"class_list":["post-26420","page","type-page","status-publish","hentry"],"yoast_head":"<!-- This site is optimized with the Yoast SEO plugin v26.9 - https:\/\/yoast.com\/product\/yoast-seo-wordpress\/ -->\n<title>Preguntas Frecuentes - Terracota do Algarve<\/title>\n<meta name=\"robots\" content=\"index, follow, max-snippet:-1, max-image-preview:large, max-video-preview:-1\" \/>\n<link rel=\"canonical\" href=\"https:\/\/terracotadoalgarve.com\/es\/preguntas-frecuentes\/\" \/>\n<meta property=\"og:locale\" content=\"es_ES\" \/>\n<meta property=\"og:type\" content=\"article\" \/>\n<meta property=\"og:title\" content=\"Preguntas Frecuentes - Terracota do Algarve\" \/>\n<meta property=\"og:description\" content=\"[vc_row full_height=\u00bbyes\u00bb columns_placement=\u00bbtop\u00bb][vc_column width=\u00bb1\/2&#8243;][vc_toggle title=\u00bb\u00bfPor qu\u00e9 existen diferencias tan marcadas en los precios de las baldosas?\u00bb]La diferencia de precio entre los azulejos de 20x20cm y los [\u2026]\" \/>\n<meta property=\"og:url\" content=\"https:\/\/terracotadoalgarve.com\/es\/preguntas-frecuentes\/\" \/>\n<meta property=\"og:site_name\" content=\"Terracota do Algarve\" \/>\n<meta property=\"article:modified_time\" content=\"2022-04-04T20:07:20+00:00\" \/>\n<meta name=\"twitter:card\" content=\"summary_large_image\" \/>\n<meta name=\"twitter:label1\" content=\"Tiempo de lectura\" \/>\n\t<meta name=\"twitter:data1\" content=\"9 minutos\" \/>\n<script type=\"application\/ld+json\" class=\"yoast-schema-graph\">{\"@context\":\"https:\/\/schema.org\",\"@graph\":[{\"@type\":\"WebPage\",\"@id\":\"https:\/\/terracotadoalgarve.com\/es\/preguntas-frecuentes\/\",\"url\":\"https:\/\/terracotadoalgarve.com\/es\/preguntas-frecuentes\/\",\"name\":\"Preguntas Frecuentes - Terracota do Algarve\",\"isPartOf\":{\"@id\":\"https:\/\/terracotadoalgarve.com\/es\/#website\"},\"datePublished\":\"2021-10-25T19:59:49+00:00\",\"dateModified\":\"2022-04-04T20:07:20+00:00\",\"breadcrumb\":{\"@id\":\"https:\/\/terracotadoalgarve.com\/es\/preguntas-frecuentes\/#breadcrumb\"},\"inLanguage\":\"es\",\"potentialAction\":[{\"@type\":\"ReadAction\",\"target\":[\"https:\/\/terracotadoalgarve.com\/es\/preguntas-frecuentes\/\"]}]},{\"@type\":\"BreadcrumbList\",\"@id\":\"https:\/\/terracotadoalgarve.com\/es\/preguntas-frecuentes\/#breadcrumb\",\"itemListElement\":[{\"@type\":\"ListItem\",\"position\":1,\"name\":\"Home\",\"item\":\"https:\/\/terracotadoalgarve.com\/es\/\"},{\"@type\":\"ListItem\",\"position\":2,\"name\":\"Preguntas Frecuentes\"}]},{\"@type\":\"WebSite\",\"@id\":\"https:\/\/terracotadoalgarve.com\/es\/#website\",\"url\":\"https:\/\/terracotadoalgarve.com\/es\/\",\"name\":\"Terracota do Algarve\",\"description\":\"Terracota tiles, Hydraulic cement tiles, Glazed tiles\",\"potentialAction\":[{\"@type\":\"SearchAction\",\"target\":{\"@type\":\"EntryPoint\",\"urlTemplate\":\"https:\/\/terracotadoalgarve.com\/es\/?s={search_term_string}\"},\"query-input\":{\"@type\":\"PropertyValueSpecification\",\"valueRequired\":true,\"valueName\":\"search_term_string\"}}],\"inLanguage\":\"es\"}]}<\/script>\n<!-- \/ Yoast SEO plugin. -->","yoast_head_json":{"title":"Preguntas Frecuentes - Terracota do Algarve","robots":{"index":"index","follow":"follow","max-snippet":"max-snippet:-1","max-image-preview":"max-image-preview:large","max-video-preview":"max-video-preview:-1"},"canonical":"https:\/\/terracotadoalgarve.com\/es\/preguntas-frecuentes\/","og_locale":"es_ES","og_type":"article","og_title":"Preguntas Frecuentes - Terracota do Algarve","og_description":"[vc_row full_height=\u00bbyes\u00bb columns_placement=\u00bbtop\u00bb][vc_column width=\u00bb1\/2&#8243;][vc_toggle title=\u00bb\u00bfPor qu\u00e9 existen diferencias tan marcadas en los precios de las baldosas?\u00bb]La diferencia de precio entre los azulejos de 20x20cm y los [\u2026]","og_url":"https:\/\/terracotadoalgarve.com\/es\/preguntas-frecuentes\/","og_site_name":"Terracota do Algarve","article_modified_time":"2022-04-04T20:07:20+00:00","twitter_card":"summary_large_image","twitter_misc":{"Tiempo de lectura":"9 minutos"},"schema":{"@context":"https:\/\/schema.org","@graph":[{"@type":"WebPage","@id":"https:\/\/terracotadoalgarve.com\/es\/preguntas-frecuentes\/","url":"https:\/\/terracotadoalgarve.com\/es\/preguntas-frecuentes\/","name":"Preguntas Frecuentes - Terracota do Algarve","isPartOf":{"@id":"https:\/\/terracotadoalgarve.com\/es\/#website"},"datePublished":"2021-10-25T19:59:49+00:00","dateModified":"2022-04-04T20:07:20+00:00","breadcrumb":{"@id":"https:\/\/terracotadoalgarve.com\/es\/preguntas-frecuentes\/#breadcrumb"},"inLanguage":"es","potentialAction":[{"@type":"ReadAction","target":["https:\/\/terracotadoalgarve.com\/es\/preguntas-frecuentes\/"]}]},{"@type":"BreadcrumbList","@id":"https:\/\/terracotadoalgarve.com\/es\/preguntas-frecuentes\/#breadcrumb","itemListElement":[{"@type":"ListItem","position":1,"name":"Home","item":"https:\/\/terracotadoalgarve.com\/es\/"},{"@type":"ListItem","position":2,"name":"Preguntas Frecuentes"}]},{"@type":"WebSite","@id":"https:\/\/terracotadoalgarve.com\/es\/#website","url":"https:\/\/terracotadoalgarve.com\/es\/","name":"Terracota do Algarve","description":"Terracota tiles, Hydraulic cement tiles, Glazed tiles","potentialAction":[{"@type":"SearchAction","target":{"@type":"EntryPoint","urlTemplate":"https:\/\/terracotadoalgarve.com\/es\/?s={search_term_string}"},"query-input":{"@type":"PropertyValueSpecification","valueRequired":true,"valueName":"search_term_string"}}],"inLanguage":"es"}]}},"_links":{"self":[{"href":"https:\/\/terracotadoalgarve.com\/es\/wp-json\/wp\/v2\/pages\/26420","targetHints":{"allow":["GET"]}}],"collection":[{"href":"https:\/\/terracotadoalgarve.com\/es\/wp-json\/wp\/v2\/pages"}],"about":[{"href":"https:\/\/terracotadoalgarve.com\/es\/wp-json\/wp\/v2\/types\/page"}],"author":[{"embeddable":true,"href":"https:\/\/terracotadoalgarve.com\/es\/wp-json\/wp\/v2\/users\/1"}],"replies":[{"embeddable":true,"href":"https:\/\/terracotadoalgarve.com\/es\/wp-json\/wp\/v2\/comments?post=26420"}],"version-history":[{"count":0,"href":"https:\/\/terracotadoalgarve.com\/es\/wp-json\/wp\/v2\/pages\/26420\/revisions"}],"wp:attachment":[{"href":"https:\/\/terracotadoalgarve.com\/es\/wp-json\/wp\/v2\/media?parent=26420"}],"curies":[{"name":"wp","href":"https:\/\/api.w.org\/{rel}","templated":true}]}}