{"id":26389,"date":"2021-10-25T18:16:23","date_gmt":"2021-10-25T18:16:23","guid":{"rendered":"https:\/\/terracotadoalgarve.com\/es\/?page_id=26389"},"modified":"2023-10-24T10:52:08","modified_gmt":"2023-10-24T10:52:08","slug":"productos-con-descuento","status":"publish","type":"page","link":"https:\/\/terracotadoalgarve.com\/es\/productos-con-descuento\/","title":{"rendered":"Productos con descuento"},"content":{"rendered":"<div class=\"wpb-content-wrapper\"><p>[vc_row][vc_column][vc_column_text]Estas son algunas de las oportunidades de negocio para quien quiere comprar mas barato. Tenemos diferentes oportunidades, todos ellos muy ventajosas para aquellos que buscan materiales r\u00fasticos al mejor precio. Si usted est\u00e1 interesado, p\u00f3ngase en\u00a0<a href=\"https:\/\/terracotadoalgarve.com\/es\/#contact\"><strong>contacto<\/strong><\/a>\u00a0con nosotros para obtener los precios y Informaci\u00f3n adicional.[\/vc_column_text][\/vc_column][\/vc_row][vc_row][vc_column width=\u00bb1\/3&#8243;][vc_column_text]<\/p>\n<h3>Baldosas en Terracota Manual<\/h3>\n<p>Baldosas que han quedado de los pedidos que no fueron recogidos en totalidad. Ahora se venden normalmente por debajo del precio de venta, aproximadamente por el precio de fabricaci\u00f3n. La mayor\u00eda de estas terracotas tienen tama\u00f1os poco usuales, lo que le permite hacer unas obras y arreglos muy originales.[\/vc_column_text][\/vc_column][vc_column width=\u00bb2\/3&#8243;][vc_row_inner][vc_column_inner][vc_column_text]<div id='wpcp-4b9a709349a393f0513ed2458e54cbad' class='wpcp-container'><div id='UseyourDrive' class=' gallery  wpcp-has-scroll-to-top' data-module-id='wpcp-4b9a709349a393f0513ed2458e54cbad' style='display:none'><noscript><div class='UseyourDrive-nojsmessage'>Para ver este contenido, necesita tener activado JavaScript en su navegador.<br\/><a href='http:\/\/www.enable-javascript.com\/' target='_blank'>Para hacerlo, siga las siguientes instrucciones<\/a>.<\/div><\/noscript><div class='wpcp-module UseyourDrive wpcp-gallery jsdisabled'  id='UseyourDrive-4b9a709349a393f0513ed2458e54cbad' data-token='4b9a709349a393f0513ed2458e54cbad' data-account-id='110759019842783483711' data-id='' data-org-id='' data-path='bnVsbA==' data-org-path='bnVsbA==' data-source='0379ab2b2af0a74de26fa251b57b9b0b' data-sort='name:asc' data-list='gallery' data-query='' data-lightboxnav='1' data-lightboxthumbs='1' data-lightboxopen='0' data-targetheight='300' data-slideshow='0' data-pausetime='5000'><div class=\"wpcp-browser-container wpcp-browser-tree--init wpcp-no-tree wpcp-browser--init\" style=\"width:100%;max-width:100%;\">\r\n    <div class=\"wpcp-browser-container-tree\" data-show-tree='0'>\r\n        <div class=\"nav-header\">\r\n            <a class=\"nav-tree-toggle entry-info-button\" tabindex=\"0\" title=\"Mostrar \u00e1rbol de carpetas\">\r\n                <i class=\"eva eva-arrowhead-left-outline\"><\/i>\r\n            <\/a>\r\n        <\/div>\r\n        <div class=\"wpcp-browser-tree\"><\/div>\r\n    <\/div>\r\n    <div class=\"wpcp-browser-container-content\">\r\n        <div class=\"nav-header nav-header-has-breadcrumb nav-header-onhover\">            <a class=\"nav-home entry-info-button\" title=\"Vuelva a la carpeta de inicio\" tabindex=\"0\">\r\n                <i class=\"eva eva-home-outline\"><\/i>\r\n            <\/a>\r\n            <div class=\"nav-title\">Cargando...<\/div>\r\n                        <a class=\"nav-search entry-info-button\" tabindex=\"0\">\r\n                <i class=\"eva eva-search\"><\/i>\r\n            <\/a>\r\n\r\n            <div class=\"tippy-content-holder search-wrapper\">\r\n                <a class=\"search-icon search-submit\" href=\"javascript:;\"><i class=\"eva eva-search\"><\/i><\/a>\r\n                <input class=\"search-input\" name=\"q\" type=\"search\" autocomplete=\"off\" size=\"40\" aria-label=\"Buscar\" placeholder=\"B\u00fasqueda de archivos\" \/>\r\n                <a class=\"search-remove\" href=\"javascript:;\" title=\"Limpiar\"><i class=\"eva eva-close\"><\/i><\/a>\r\n            <\/div>\r\n            \r\n            <a class=\"nav-sort entry-info-button\" title=\"Opciones de orden\">\r\n                <i class=\"eva eva-options\"><\/i>\r\n            <\/a>\r\n            <div class=\"tippy-content-holder sort-div\">\r\n                <ul class='nav-sorting-list'>\r\n                    <li><a class=\"nav-sorting-field nav-name sort-selected\" data-field=\"name\" title=\"Nombre\">\r\n                            Nombre                        <\/a>\r\n                    <\/li>\r\n                    <li><a class=\"nav-sorting-field nav-size \" data-field=\"size\" title=\"Tama\u00f1o\">\r\n                            Tama\u00f1o                        <\/a>\r\n                    <\/li>\r\n                    <li><a class=\"nav-sorting-field nav-modified \" data-field=\"modified\" title=\"Modificado\">\r\n                            Modificado                        <\/a>\r\n                    <\/li>\r\n                    <li><a class=\"nav-sorting-field nav-created \" data-field=\"created\" title=\"Fecha de creaci\u00f3n\">\r\n                            Fecha de creaci\u00f3n                        <\/a>\r\n                    <\/li>\r\n                    <li class=\"list-separator\">&nbsp;<\/li>\r\n                    <li><a class=\"nav-sorting-order nav-asc sort-selected\" data-order=\"asc\" title=\"Ascendente\">\r\n                            Ascendente                        <\/a>\r\n                    <\/li>\r\n                    <li><a class=\"nav-sorting-order nav-desc \" data-order=\"desc\" title=\"Descendente\">\r\n                            Descendente                        <\/a>\r\n                    <\/li>\r\n                <\/ul>\r\n            <\/div>\r\n\r\n            <a class=\"nav-gear entry-info-button\" title=\"M\u00e1s acciones\">\r\n                <i class=\"eva eva-more-vertical-outline\"><\/i>\r\n            <\/a>\r\n            <div class=\"tippy-content-holder gear-div\" data-token=\"4b9a709349a393f0513ed2458e54cbad\">\r\n                <ul>\r\n                                        <li class='gear-menu-no-options' style=\"display: none\"><a><i class='eva eva-info-outline eva-lg'><\/i>No hay opciones...<\/a><\/li>\r\n                <\/ul>\r\n            <\/div>\r\n                        <a class=\"nav-refresh entry-info-button\" title=\"Actualizar\">\r\n                <i class=\"eva eva-sync\"><\/i>\r\n            <\/a>\r\n                    <\/div>        <div class=\"wpcp-container-content\">\r\n            <div class=\"loading initialize\">                <svg class=\"loader-spinner\" viewBox=\"25 25 50 50\">\r\n                    <circle class=\"path\" cx=\"50\" cy=\"50\" r=\"20\" fill=\"none\" stroke-width=\"3\" stroke-miterlimit=\"10\"><\/circle>\r\n                <\/svg>\r\n                            <\/div>\r\n            <div class=\"ajax-filelist\" style=\"\">\r\n                <div class='images image-collage'>\r\n                    \r\n<div class=\"image-container entry\">\r\n    <a>\r\n        <img decoding=\"async\" class=\"skeleton skeleton-gallery-img\" alt=\"\" src=\"data:image\/png;base64,iVBORw0KGgoAAAANSUhEUgAAAAEAAAABCAYAAAAfFcSJAAAAC0lEQVQYV2NgAAIAAAUAAarVyFEAAAAASUVORK5CYII=\" width=\"300\" height=\"300\" style=\"width:300px !important;height:300px !important; \">\r\n    <\/a>\r\n<\/div>\r\n\r\n<div class=\"image-container entry\">\r\n    <a>\r\n        <img decoding=\"async\" class=\"skeleton skeleton-gallery-img\" alt=\"\" src=\"data:image\/png;base64,iVBORw0KGgoAAAANSUhEUgAAAAEAAAABCAYAAAAfFcSJAAAAC0lEQVQYV2NgAAIAAAUAAarVyFEAAAAASUVORK5CYII=\" width=\"399\" height=\"300\" style=\"width:399px !important;height:300px !important; \">\r\n    <\/a>\r\n<\/div>\r\n\r\n<div class=\"image-container entry\">\r\n    <a>\r\n        <img decoding=\"async\" class=\"skeleton skeleton-gallery-img\" alt=\"\" src=\"data:image\/png;base64,iVBORw0KGgoAAAANSUhEUgAAAAEAAAABCAYAAAAfFcSJAAAAC0lEQVQYV2NgAAIAAAUAAarVyFEAAAAASUVORK5CYII=\" width=\"534\" height=\"300\" style=\"width:534px !important;height:300px !important; \">\r\n    <\/a>\r\n<\/div>\r\n\r\n<div class=\"image-container entry\">\r\n    <a>\r\n        <img decoding=\"async\" class=\"skeleton skeleton-gallery-img\" alt=\"\" src=\"data:image\/png;base64,iVBORw0KGgoAAAANSUhEUgAAAAEAAAABCAYAAAAfFcSJAAAAC0lEQVQYV2NgAAIAAAUAAarVyFEAAAAASUVORK5CYII=\" width=\"169\" height=\"300\" style=\"width:169px !important;height:300px !important; \">\r\n    <\/a>\r\n<\/div>\r\n\r\n<div class=\"image-container entry\">\r\n    <a>\r\n        <img decoding=\"async\" class=\"skeleton skeleton-gallery-img\" alt=\"\" src=\"data:image\/png;base64,iVBORw0KGgoAAAANSUhEUgAAAAEAAAABCAYAAAAfFcSJAAAAC0lEQVQYV2NgAAIAAAUAAarVyFEAAAAASUVORK5CYII=\" width=\"534\" height=\"300\" style=\"width:534px !important;height:300px !important; \">\r\n    <\/a>\r\n<\/div>\r\n                <\/div>\r\n            <\/div>\r\n\r\n            <div class=\"scroll-to-top\">\r\n                <button class=\"scroll-to-top-action button button-round-icon secondary button-round-icon-lg button-shadow-3\" type=\"button\" title=\"Ir arriba\" aria-expanded=\"false\"><i class=\"eva eva-arrow-upward-outline eva-2x\"><\/i><\/button>\r\n                            <\/div>\r\n        <\/div>\r\n    <\/div>\r\n<\/div>\r\n<style>\r\n<\/style><\/div><\/div><div class='wpcp-module-script'><script type='text\/javascript'>if (typeof(jQuery) !== 'undefined' && typeof(jQuery.cp) !== 'undefined' && typeof(jQuery.cp.UseyourDrive) === 'function') { jQuery('#UseyourDrive-4b9a709349a393f0513ed2458e54cbad').UseyourDrive(UseyourDrive_vars); };<\/script><\/div><\/div>\n<p>[\/vc_column_text][\/vc_column_inner][\/vc_row_inner][\/vc_column][\/vc_row][vc_row][vc_column width=\u00bb1\/3&#8243;][vc_column_text]<\/p>\n<h3>Baldosas antiguas<\/h3>\n<p>Baldosas que cuentan con decenas de a\u00f1os y que no han sido usadas y otras que se han cogido de las demoliciones, remodelaciones, etc.. Todos en muy buen estado, son perfectos para aplicar en las viejas casas, granjas, colinas, etc.. Entre estos tenemos el viejo \u201d Tijolo Burro \u201d ladrillos con una medida mucho mayor, como se sol\u00edan hacer en esa \u00e9poca: 29\u00d714, 5\u00d76 cm, piezas muy raras, que hoy en d\u00eda ya no se fabrican.[\/vc_column_text][\/vc_column][vc_column width=\u00bb2\/3&#8243;][vc_row_inner][vc_column_inner width=\u00bb1\/3&#8243;][vc_single_image image=\u00bb26394&#8243; img_size=\u00bb\u00bb add_caption=\u00bbyes\u00bb alignment=\u00bbcenter\u00bb style=\u00bbvc_box_rounded\u00bb onclick=\u00bblink_image\u00bb][\/vc_column_inner][vc_column_inner width=\u00bb1\/3&#8243;][vc_single_image image=\u00bb26395&#8243; img_size=\u00bb\u00bb add_caption=\u00bbyes\u00bb alignment=\u00bbcenter\u00bb style=\u00bbvc_box_rounded\u00bb onclick=\u00bblink_image\u00bb][\/vc_column_inner][vc_column_inner width=\u00bb1\/3&#8243;][vc_single_image image=\u00bb26396&#8243; img_size=\u00bb\u00bb add_caption=\u00bbyes\u00bb alignment=\u00bbcenter\u00bb style=\u00bbvc_box_rounded\u00bb onclick=\u00bblink_image\u00bb][\/vc_column_inner][\/vc_row_inner][\/vc_column][\/vc_row][vc_row][vc_column width=\u00bb1\/3&#8243;][vc_column_text]<\/p>\n<h3>Baldosas de segunda calidad<\/h3>\n<p>Resultado de la selecci\u00f3n que hacemos durante nuestro proceso de fabricaci\u00f3n. Algunos tienen peque\u00f1as grietas que se est\u00e1n pelando o no est\u00e1n totalmente bien. Usted todav\u00eda puede hacer un trabajo muy interesante usando con estos art\u00edculos: Caminos, terrazas, garajes, etc.. La mayor\u00eda de estos ladrillos son 30\u00d715 cm o 30\u00d730 cm.[\/vc_column_text][\/vc_column][vc_column width=\u00bb2\/3&#8243;][vc_row_inner][vc_column_inner width=\u00bb1\/3&#8243;][vc_single_image image=\u00bb26397&#8243; img_size=\u00bb\u00bb add_caption=\u00bbyes\u00bb alignment=\u00bbcenter\u00bb style=\u00bbvc_box_rounded\u00bb onclick=\u00bblink_image\u00bb][\/vc_column_inner][vc_column_inner width=\u00bb1\/3&#8243;][vc_single_image image=\u00bb26398&#8243; img_size=\u00bb\u00bb add_caption=\u00bbyes\u00bb alignment=\u00bbcenter\u00bb style=\u00bbvc_box_rounded\u00bb onclick=\u00bblink_image\u00bb][\/vc_column_inner][vc_column_inner width=\u00bb1\/3&#8243;][vc_single_image image=\u00bb26399&#8243; img_size=\u00bb\u00bb add_caption=\u00bbyes\u00bb alignment=\u00bbcenter\u00bb style=\u00bbvc_box_rounded\u00bb onclick=\u00bblink_image\u00bb][\/vc_column_inner][\/vc_row_inner][\/vc_column][\/vc_row][vc_row][vc_column width=\u00bb1\/3&#8243;][vc_column_text]<\/p>\n<h3>Ladrillos\u00a0m\u00e1s oscuros<\/h3>\n<p>Ladrillos que durante el proceso de cocci\u00f3n se sometieron a temperaturas excesivas, por lo que est\u00e1n m\u00e1s oscuros de lo deseado, ya que se venden por debajo del precio regular. En este caso, tenga en cuenta que estos ladrillos tienen una mayor resistencia que las hace perfectas para espacios de grande desgaste, como espacios por donde pasan veh\u00edculos pesados, etc..[\/vc_column_text][\/vc_column][vc_column width=\u00bb2\/3&#8243;][vc_row_inner][vc_column_inner width=\u00bb1\/3&#8243;][vc_single_image image=\u00bb26400&#8243; img_size=\u00bb\u00bb add_caption=\u00bbyes\u00bb alignment=\u00bbcenter\u00bb style=\u00bbvc_box_rounded\u00bb onclick=\u00bblink_image\u00bb][\/vc_column_inner][vc_column_inner width=\u00bb1\/3&#8243;][\/vc_column_inner][vc_column_inner width=\u00bb1\/3&#8243;][\/vc_column_inner][\/vc_row_inner][\/vc_column][\/vc_row][vc_row][vc_column width=\u00bb1\/3&#8243;][vc_column_text]<\/p>\n<h3>Tejas Santa Catarina<\/h3>\n<p>Tejas que tienen imperfecciones: peque\u00f1as virutas en la superficie causada por la piedra caliza existente en el barro. A pesar pasar por un excelente proceso de cocci\u00f3n, estos azulejos se venden por un precio inferior porque tienen peque\u00f1os defectos. A\u00fan as\u00ed es una buena soluci\u00f3n para aquellos que buscan un techo tradicional t\u00edpico portugu\u00e9s.[\/vc_column_text][\/vc_column][vc_column width=\u00bb2\/3&#8243;][vc_row_inner][vc_column_inner width=\u00bb1\/3&#8243;][vc_single_image image=\u00bb26401&#8243; img_size=\u00bb\u00bb add_caption=\u00bbyes\u00bb alignment=\u00bbcenter\u00bb style=\u00bbvc_box_rounded\u00bb onclick=\u00bblink_image\u00bb][\/vc_column_inner][vc_column_inner width=\u00bb1\/3&#8243;][\/vc_column_inner][vc_column_inner width=\u00bb1\/3&#8243;][\/vc_column_inner][\/vc_row_inner][\/vc_column][\/vc_row][vc_row][vc_column width=\u00bb1\/3&#8243;][vc_column_text]<\/p>\n<h3>Losas de cemento hidr\u00e1ulicas hechas a mano<\/h3>\n<p>Los tenemos en peque\u00f1as cantidades para cada modelo. Cada vez que producimos tejas por un nuevo pedido, tenemos que producir piezas adicionales para prevenir cualquier problema inesperado a lo largo del proceso de fabricaci\u00f3n. Al final del proceso, siempre nos encontramos con algunos azulejos de repuesto, ideal para peque\u00f1os arreglos, decoraciones o la creaci\u00f3n de paneles mixtos.[\/vc_column_text][\/vc_column][vc_column width=\u00bb2\/3&#8243;][vc_row_inner][vc_column_inner width=\u00bb1\/3&#8243;][vc_single_image image=\u00bb26402&#8243; img_size=\u00bb\u00bb add_caption=\u00bbyes\u00bb alignment=\u00bbcenter\u00bb style=\u00bbvc_box_rounded\u00bb onclick=\u00bblink_image\u00bb][\/vc_column_inner][vc_column_inner width=\u00bb1\/3&#8243;][vc_single_image image=\u00bb26403&#8243; img_size=\u00bb\u00bb add_caption=\u00bbyes\u00bb alignment=\u00bbcenter\u00bb style=\u00bbvc_box_rounded\u00bb onclick=\u00bblink_image\u00bb][\/vc_column_inner][vc_column_inner width=\u00bb1\/3&#8243;][vc_single_image image=\u00bb26404&#8243; img_size=\u00bb\u00bb add_caption=\u00bbyes\u00bb alignment=\u00bbcenter\u00bb style=\u00bbvc_box_rounded\u00bb onclick=\u00bblink_image\u00bb][\/vc_column_inner][\/vc_row_inner][\/vc_column][\/vc_row][vc_row][vc_column width=\u00bb1\/3&#8243;][vc_column_text]<\/p>\n<h3>Piezas de Olaria Tradicional antiguas<\/h3>\n<p>Con diferentes tama\u00f1os y formatos, provenientes de alfarer\u00edas que ya han cerrado desde hace varios a\u00f1os. Ideal para decoraci\u00f3n de la casa, patio, jard\u00edn, etc. Algunas ya con las marcas del paso del tiempo, son piezas que actualmente ya no se producen, por lo que constituyen un elemento decorativo original.[\/vc_column_text][\/vc_column][vc_column width=\u00bb2\/3&#8243;][vc_row_inner][vc_column_inner width=\u00bb1\/3&#8243;][vc_single_image image=\u00bb26405&#8243; img_size=\u00bb\u00bb add_caption=\u00bbyes\u00bb alignment=\u00bbcenter\u00bb style=\u00bbvc_box_rounded\u00bb onclick=\u00bblink_image\u00bb][\/vc_column_inner][vc_column_inner width=\u00bb1\/3&#8243;][vc_single_image image=\u00bb26406&#8243; img_size=\u00bb\u00bb add_caption=\u00bbyes\u00bb alignment=\u00bbcenter\u00bb style=\u00bbvc_box_rounded\u00bb onclick=\u00bblink_image\u00bb][\/vc_column_inner][vc_column_inner width=\u00bb1\/3&#8243;][vc_single_image image=\u00bb26407&#8243; img_size=\u00bb\u00bb add_caption=\u00bbyes\u00bb alignment=\u00bbcenter\u00bb style=\u00bbvc_box_rounded\u00bb onclick=\u00bblink_image\u00bb][\/vc_column_inner][\/vc_row_inner][\/vc_column][\/vc_row]<\/p>\n<\/div>","protected":false},"excerpt":{"rendered":"<p>[vc_row][vc_column][vc_column_text]Estas son algunas de las oportunidades de negocio para quien quiere comprar mas barato. Tenemos diferentes oportunidades, todos ellos muy ventajosas para aquellos que buscan materiales<span class=\"excerpt-hellip\"> [\u2026]<\/span><\/p>\n","protected":false},"author":1,"featured_media":0,"parent":0,"menu_order":0,"comment_status":"closed","ping_status":"closed","template":"","meta":{"footnotes":""},"class_list":["post-26389","page","type-page","status-publish","hentry"],"yoast_head":"<!-- This site is optimized with the Yoast SEO plugin v26.9 - https:\/\/yoast.com\/product\/yoast-seo-wordpress\/ -->\n<title>Productos con descuento - Terracota do Algarve<\/title>\n<meta name=\"robots\" content=\"index, follow, max-snippet:-1, max-image-preview:large, max-video-preview:-1\" \/>\n<link rel=\"canonical\" href=\"https:\/\/terracotadoalgarve.com\/es\/productos-con-descuento\/\" \/>\n<meta property=\"og:locale\" content=\"es_ES\" \/>\n<meta property=\"og:type\" content=\"article\" \/>\n<meta property=\"og:title\" content=\"Productos con descuento - Terracota do Algarve\" \/>\n<meta property=\"og:description\" content=\"[vc_row][vc_column][vc_column_text]Estas son algunas de las oportunidades de negocio para quien quiere comprar mas barato. Tenemos diferentes oportunidades, todos ellos muy ventajosas para aquellos que buscan materiales [\u2026]\" \/>\n<meta property=\"og:url\" content=\"https:\/\/terracotadoalgarve.com\/es\/productos-con-descuento\/\" \/>\n<meta property=\"og:site_name\" content=\"Terracota do Algarve\" \/>\n<meta property=\"article:modified_time\" content=\"2023-10-24T10:52:08+00:00\" \/>\n<meta name=\"twitter:card\" content=\"summary_large_image\" \/>\n<meta name=\"twitter:label1\" content=\"Tiempo de lectura\" \/>\n\t<meta name=\"twitter:data1\" content=\"3 minutos\" \/>\n<script type=\"application\/ld+json\" class=\"yoast-schema-graph\">{\"@context\":\"https:\/\/schema.org\",\"@graph\":[{\"@type\":\"WebPage\",\"@id\":\"https:\/\/terracotadoalgarve.com\/es\/productos-con-descuento\/\",\"url\":\"https:\/\/terracotadoalgarve.com\/es\/productos-con-descuento\/\",\"name\":\"Productos con descuento - Terracota do Algarve\",\"isPartOf\":{\"@id\":\"https:\/\/terracotadoalgarve.com\/es\/#website\"},\"datePublished\":\"2021-10-25T18:16:23+00:00\",\"dateModified\":\"2023-10-24T10:52:08+00:00\",\"breadcrumb\":{\"@id\":\"https:\/\/terracotadoalgarve.com\/es\/productos-con-descuento\/#breadcrumb\"},\"inLanguage\":\"es\",\"potentialAction\":[{\"@type\":\"ReadAction\",\"target\":[\"https:\/\/terracotadoalgarve.com\/es\/productos-con-descuento\/\"]}]},{\"@type\":\"BreadcrumbList\",\"@id\":\"https:\/\/terracotadoalgarve.com\/es\/productos-con-descuento\/#breadcrumb\",\"itemListElement\":[{\"@type\":\"ListItem\",\"position\":1,\"name\":\"Home\",\"item\":\"https:\/\/terracotadoalgarve.com\/es\/\"},{\"@type\":\"ListItem\",\"position\":2,\"name\":\"Productos con descuento\"}]},{\"@type\":\"WebSite\",\"@id\":\"https:\/\/terracotadoalgarve.com\/es\/#website\",\"url\":\"https:\/\/terracotadoalgarve.com\/es\/\",\"name\":\"Terracota do Algarve\",\"description\":\"Terracota tiles, Hydraulic cement tiles, Glazed tiles\",\"potentialAction\":[{\"@type\":\"SearchAction\",\"target\":{\"@type\":\"EntryPoint\",\"urlTemplate\":\"https:\/\/terracotadoalgarve.com\/es\/?s={search_term_string}\"},\"query-input\":{\"@type\":\"PropertyValueSpecification\",\"valueRequired\":true,\"valueName\":\"search_term_string\"}}],\"inLanguage\":\"es\"}]}<\/script>\n<!-- \/ Yoast SEO plugin. -->","yoast_head_json":{"title":"Productos con descuento - Terracota do Algarve","robots":{"index":"index","follow":"follow","max-snippet":"max-snippet:-1","max-image-preview":"max-image-preview:large","max-video-preview":"max-video-preview:-1"},"canonical":"https:\/\/terracotadoalgarve.com\/es\/productos-con-descuento\/","og_locale":"es_ES","og_type":"article","og_title":"Productos con descuento - Terracota do Algarve","og_description":"[vc_row][vc_column][vc_column_text]Estas son algunas de las oportunidades de negocio para quien quiere comprar mas barato. Tenemos diferentes oportunidades, todos ellos muy ventajosas para aquellos que buscan materiales [\u2026]","og_url":"https:\/\/terracotadoalgarve.com\/es\/productos-con-descuento\/","og_site_name":"Terracota do Algarve","article_modified_time":"2023-10-24T10:52:08+00:00","twitter_card":"summary_large_image","twitter_misc":{"Tiempo de lectura":"3 minutos"},"schema":{"@context":"https:\/\/schema.org","@graph":[{"@type":"WebPage","@id":"https:\/\/terracotadoalgarve.com\/es\/productos-con-descuento\/","url":"https:\/\/terracotadoalgarve.com\/es\/productos-con-descuento\/","name":"Productos con descuento - Terracota do Algarve","isPartOf":{"@id":"https:\/\/terracotadoalgarve.com\/es\/#website"},"datePublished":"2021-10-25T18:16:23+00:00","dateModified":"2023-10-24T10:52:08+00:00","breadcrumb":{"@id":"https:\/\/terracotadoalgarve.com\/es\/productos-con-descuento\/#breadcrumb"},"inLanguage":"es","potentialAction":[{"@type":"ReadAction","target":["https:\/\/terracotadoalgarve.com\/es\/productos-con-descuento\/"]}]},{"@type":"BreadcrumbList","@id":"https:\/\/terracotadoalgarve.com\/es\/productos-con-descuento\/#breadcrumb","itemListElement":[{"@type":"ListItem","position":1,"name":"Home","item":"https:\/\/terracotadoalgarve.com\/es\/"},{"@type":"ListItem","position":2,"name":"Productos con descuento"}]},{"@type":"WebSite","@id":"https:\/\/terracotadoalgarve.com\/es\/#website","url":"https:\/\/terracotadoalgarve.com\/es\/","name":"Terracota do Algarve","description":"Terracota tiles, Hydraulic cement tiles, Glazed tiles","potentialAction":[{"@type":"SearchAction","target":{"@type":"EntryPoint","urlTemplate":"https:\/\/terracotadoalgarve.com\/es\/?s={search_term_string}"},"query-input":{"@type":"PropertyValueSpecification","valueRequired":true,"valueName":"search_term_string"}}],"inLanguage":"es"}]}},"_links":{"self":[{"href":"https:\/\/terracotadoalgarve.com\/es\/wp-json\/wp\/v2\/pages\/26389","targetHints":{"allow":["GET"]}}],"collection":[{"href":"https:\/\/terracotadoalgarve.com\/es\/wp-json\/wp\/v2\/pages"}],"about":[{"href":"https:\/\/terracotadoalgarve.com\/es\/wp-json\/wp\/v2\/types\/page"}],"author":[{"embeddable":true,"href":"https:\/\/terracotadoalgarve.com\/es\/wp-json\/wp\/v2\/users\/1"}],"replies":[{"embeddable":true,"href":"https:\/\/terracotadoalgarve.com\/es\/wp-json\/wp\/v2\/comments?post=26389"}],"version-history":[{"count":1,"href":"https:\/\/terracotadoalgarve.com\/es\/wp-json\/wp\/v2\/pages\/26389\/revisions"}],"predecessor-version":[{"id":27936,"href":"https:\/\/terracotadoalgarve.com\/es\/wp-json\/wp\/v2\/pages\/26389\/revisions\/27936"}],"wp:attachment":[{"href":"https:\/\/terracotadoalgarve.com\/es\/wp-json\/wp\/v2\/media?parent=26389"}],"curies":[{"name":"wp","href":"https:\/\/api.w.org\/{rel}","templated":true}]}}