{"id":26381,"date":"2021-10-25T17:54:41","date_gmt":"2021-10-25T17:54:41","guid":{"rendered":"https:\/\/terracotadoalgarve.com\/es\/?page_id=26381"},"modified":"2025-02-16T10:55:50","modified_gmt":"2025-02-16T10:55:50","slug":"colocacion-del-mosaico-hidraulico","status":"publish","type":"page","link":"https:\/\/terracotadoalgarve.com\/es\/colocacion-del-mosaico-hidraulico\/","title":{"rendered":"Colocaci\u00f3n del Mosaico Hidr\u00e1ulico"},"content":{"rendered":"<div class=\"wpb-content-wrapper\"><p>[vc_row][vc_column width=\u00bb1\/3&#8243;][vc_single_image image=\u00bb26373&#8243; img_size=\u00bbfull\u00bb][vc_single_image image=\u00bb26374&#8243; img_size=\u00bbfull\u00bb][\/vc_column][vc_column width=\u00bb2\/3&#8243;][vc_column_text css=\u00bb\u00bb]<span style=\"font-weight: 400;\">El procedimiento de colocaci\u00f3n que recomendamos es sencillo, limpio y r\u00e1pido. Les rogamos, no obstante, que contacten a un profesional para llevar a cabo esta tarea<\/span><b>.<\/b><\/p>\n<p>&nbsp;<\/p>\n<p><b>1\u00a0Preparaci\u00f3n de la superf\u00edcie<\/b><\/p>\n<p><span style=\"font-weight: 400;\">Prepare una superficie perfectamente nivelada hecha de hormig\u00f3n o cemento autonivelante, dejando como mucho unos 24 mm de alto para aplicar los mosaicos (20 mm para los mosaicos, 4 mm para el pegamento).<\/span><\/p>\n<p><span style=\"font-weight: 400;\">Deje secar la superficie completamente para evitar que se genere la evaporaci\u00f3n de la humedad del interior de los mosaicos: eso podr\u00eda suponer el dep\u00f3sito y acumulaci\u00f3n de manchas de salitre.<\/span><\/p>\n<p><span style=\"font-weight: 400;\">Si el dise\u00f1o elegido fuera un \u201ctapiz de estilo tradicional \u201cempiece por disponer los mosaicos del centro, luego los bordes y por fin los mosaicos lisos del exterior con los recortes hacia la pared.<\/span><\/p>\n<p>&nbsp;<\/p>\n<p><b>2\u00a0Preparaci\u00f3n de los mosaicos<\/b><\/p>\n<p><span style=\"font-weight: 400;\">Limpie e humedezca la faz inferior (gris) del mosaico para mejorar la Adherencia del \u201ccemento pegamento \u201c.<\/span><\/p>\n<p><span style=\"font-weight: 400;\">Limpie las paredes laterales para garantizar una uni\u00f3n perfecta. Para cortar los mosaicos utilice un disco de diamante.<\/span><\/p>\n<p>&nbsp;<\/p>\n<p><b>3\u00a0Aplicaci\u00f3n del cemento pegamento<\/b><\/p>\n<p><span style=\"font-weight: 400;\">Aplique uniformemente el pegamento en la superficie elegida utilizando una esp\u00e1tula dentellada de tipo largo.<\/span><\/p>\n<p><span style=\"font-weight: 400;\">Aplique enseguida el pegamento en la faz inferior del mosaico (pegamento reforzado redoblado).<\/span><\/p>\n<p>&nbsp;<\/p>\n<p><b>4\u00a0Colocaci\u00f3n<\/b><\/p>\n<p><span style=\"font-weight: 400;\">Colocar los mosaicos y nivelarlos con mucho cuidado, un por un, aplast\u00e1ndolos ligeramente con la palma de la mano \u2013 martillar en\u00e9rgicamente con un martillo de goma podr\u00eda producir el aparecimiento gradual de peque\u00f1as fisuras.<\/span><\/p>\n<p><span style=\"font-weight: 400;\"><br \/>\n<\/span><span style=\"font-weight: 400;\">Los mosaicos se disponen:<\/span><\/p>\n<ul>\n<li style=\"font-weight: 400;\" aria-level=\"1\"><span style=\"font-weight: 400;\">Sin dejar junturas entre ellos.<\/span><\/li>\n<li style=\"font-weight: 400;\" aria-level=\"1\"><span style=\"font-weight: 400;\">Bien alineados ( para respectar el dibujo original)<\/span><\/li>\n<li style=\"font-weight: 400;\" aria-level=\"1\"><span style=\"font-weight: 400;\">Perfectamente nivelados (los mosaicos no se deben polir; el desnivel de espesor tolerado de + \/ &#8211; 1mm se puede compensar aplicando el \u201ccemento pegamento\u201d.\u00a0<\/span><\/li>\n<\/ul>\n<p><span style=\"font-weight: 400;\">\u00a1Desaconsejamos la colocaci\u00f3n directa de los mosaicos sobre el hormig\u00f3n de grano fino! el resultado ser\u00eda mosaicos desnivelados sin adherencia y ahuecados en su interior!<\/span><\/p>\n<p>&nbsp;<\/p>\n<p><b>5\u00a0Relleno de las junturas<\/b><\/p>\n<p><span style=\"font-weight: 400;\">El fino espacio entre las losas se rellena, junta por junta, con una pasta fluida de cemento, ayudados por una esp\u00e1tula.<\/span><\/p>\n<p><span style=\"font-weight: 400;\">En los revestimientos lisos se puede pigmentar la \u201cpasta de cemento para junturas\u201d con el objeto de acercarla al color de los mosaicos. En los mosaicos ornados con dise\u00f1os no se debe utilizar pasta pigmentada puesto que eso podr\u00eda comprometer el trabajo hecho a mano.<\/span><\/p>\n<p><span style=\"font-weight: 400;\">El exceso de pasta para junturas deber\u00e1 limpiarse\/eliminarse lo antes posible con un pa\u00f1o h\u00famedo antes de que se seque.<\/span><\/p>\n<p>&nbsp;<\/p>\n<p><b>6\u00a0Limpieza del trabajo<\/b><\/p>\n<p><span style=\"font-weight: 400;\">Limpiar inmediatamente los restos de cemento o suciedad del trabajo realizado para que estos no adhieran a los mosaicos.<\/span><\/p>\n<p><span style=\"font-weight: 400;\">Las manchas de cemento se pueden quitar mediante un lijado muy delicado que habr\u00e1 de hacerse con una lija de agua n\u00ba 600.<\/span><\/p>\n<p>&nbsp;<\/p>\n<p><b>7\u00a0Secado<\/b><\/p>\n<p><span style=\"font-weight: 400;\">Deje que los pisos terminados se sequen completamente hasta que se libere toda la humedad.<\/span><\/p>\n<p><span style=\"font-weight: 400;\">No pisotear \/ aplastar los mosaicos antes de que el \u201d cemento pegamento\u201d est\u00e9 totalmente seco.<\/span><span style=\"font-weight: 400;\"><br \/>\n<\/span><span style=\"font-weight: 400;\">El secado, en funci\u00f3n de las condiciones meteorol\u00f3gicas, llevar\u00e1 algunos d\u00edas en quedar concluido.<\/span><span style=\"font-weight: 400;\"><br \/>\n<\/span><span style=\"font-weight: 400;\">Al haber concluido el secado, los mosaicos recobrar\u00e1n su aspecto y color originales.<\/span><\/p>\n<p>&nbsp;<\/p>\n<p><b>8 Tratamiento<\/b><\/p>\n<p><span style=\"font-weight: 400;\">Una vez que la superficie est\u00e9 completamente limpia y seca, y con ayuda de una brocha, aplicar el protector hidro\/oleofugante Zorpit-PGM, que sin alterar el aspecto del material, evita la absorci\u00f3n de humedad y la aparici\u00f3n de manchas. Espere 24 horas y aplique una segunda capa del producto. Este tratamiento evita la penetraci\u00f3n profunda de sustancias org\u00e1nicas sin alterar el aspecto original del Mosaico.<\/span><\/p>\n<p>&nbsp;<\/p>\n<p><b>9 Limpieza diaria<\/b><\/p>\n<p><span style=\"font-weight: 400;\">S\u00f3lo debes utilizar detergentes neutros. Los productos industriales, \u00e1cidos o alcalinos, pueden da\u00f1ar irreparablemente los mosaicos, provocando alteraciones o p\u00e9rdida de color.<\/span><\/p>\n<p><span style=\"font-weight: 400;\">El suelo de Mosaico Hidr\u00e1ulico se puede limpiar con un pa\u00f1o o cepillo suave con agua y jab\u00f3n neutro (jab\u00f3n verde o azul, productos para m\u00e1rmol).<\/span><\/p>\n<p><span style=\"font-weight: 400;\">La cera incolora protege y da brillo a los mosaicos pero no limpia y se acumula en capas sucesivas si no se quita.<\/span>[\/vc_column_text][\/vc_column][\/vc_row]<\/p>\n<\/div>","protected":false},"excerpt":{"rendered":"<p>[vc_row][vc_column width=\u00bb1\/3&#8243;][vc_single_image image=\u00bb26373&#8243; img_size=\u00bbfull\u00bb][vc_single_image image=\u00bb26374&#8243; img_size=\u00bbfull\u00bb][\/vc_column][vc_column width=\u00bb2\/3&#8243;][vc_column_text css=\u00bb\u00bb]El procedimiento de colocaci\u00f3n que recomendamos es sencillo, limpio y r\u00e1pido. Les rogamos, no obstante, que contacten a un<span class=\"excerpt-hellip\"> [\u2026]<\/span><\/p>\n","protected":false},"author":1,"featured_media":0,"parent":0,"menu_order":0,"comment_status":"closed","ping_status":"closed","template":"","meta":{"footnotes":""},"class_list":["post-26381","page","type-page","status-publish","hentry"],"yoast_head":"<!-- This site is optimized with the Yoast SEO plugin v26.9 - https:\/\/yoast.com\/product\/yoast-seo-wordpress\/ -->\n<title>Colocaci\u00f3n del Mosaico Hidr\u00e1ulico - Terracota do Algarve<\/title>\n<meta name=\"robots\" content=\"index, follow, max-snippet:-1, max-image-preview:large, max-video-preview:-1\" \/>\n<link rel=\"canonical\" href=\"https:\/\/terracotadoalgarve.com\/es\/colocacion-del-mosaico-hidraulico\/\" \/>\n<meta property=\"og:locale\" content=\"es_ES\" \/>\n<meta property=\"og:type\" content=\"article\" \/>\n<meta property=\"og:title\" content=\"Colocaci\u00f3n del Mosaico Hidr\u00e1ulico - Terracota do Algarve\" \/>\n<meta property=\"og:description\" content=\"[vc_row][vc_column width=\u00bb1\/3&#8243;][vc_single_image image=\u00bb26373&#8243; img_size=\u00bbfull\u00bb][vc_single_image image=\u00bb26374&#8243; img_size=\u00bbfull\u00bb][\/vc_column][vc_column width=\u00bb2\/3&#8243;][vc_column_text css=\u00bb\u00bb]El procedimiento de colocaci\u00f3n que recomendamos es sencillo, limpio y r\u00e1pido. Les rogamos, no obstante, que contacten a un [\u2026]\" \/>\n<meta property=\"og:url\" content=\"https:\/\/terracotadoalgarve.com\/es\/colocacion-del-mosaico-hidraulico\/\" \/>\n<meta property=\"og:site_name\" content=\"Terracota do Algarve\" \/>\n<meta property=\"article:modified_time\" content=\"2025-02-16T10:55:50+00:00\" \/>\n<meta name=\"twitter:card\" content=\"summary_large_image\" \/>\n<meta name=\"twitter:label1\" content=\"Tiempo de lectura\" \/>\n\t<meta name=\"twitter:data1\" content=\"3 minutos\" \/>\n<script type=\"application\/ld+json\" class=\"yoast-schema-graph\">{\"@context\":\"https:\/\/schema.org\",\"@graph\":[{\"@type\":\"WebPage\",\"@id\":\"https:\/\/terracotadoalgarve.com\/es\/colocacion-del-mosaico-hidraulico\/\",\"url\":\"https:\/\/terracotadoalgarve.com\/es\/colocacion-del-mosaico-hidraulico\/\",\"name\":\"Colocaci\u00f3n del Mosaico Hidr\u00e1ulico - Terracota do Algarve\",\"isPartOf\":{\"@id\":\"https:\/\/terracotadoalgarve.com\/es\/#website\"},\"datePublished\":\"2021-10-25T17:54:41+00:00\",\"dateModified\":\"2025-02-16T10:55:50+00:00\",\"breadcrumb\":{\"@id\":\"https:\/\/terracotadoalgarve.com\/es\/colocacion-del-mosaico-hidraulico\/#breadcrumb\"},\"inLanguage\":\"es\",\"potentialAction\":[{\"@type\":\"ReadAction\",\"target\":[\"https:\/\/terracotadoalgarve.com\/es\/colocacion-del-mosaico-hidraulico\/\"]}]},{\"@type\":\"BreadcrumbList\",\"@id\":\"https:\/\/terracotadoalgarve.com\/es\/colocacion-del-mosaico-hidraulico\/#breadcrumb\",\"itemListElement\":[{\"@type\":\"ListItem\",\"position\":1,\"name\":\"Home\",\"item\":\"https:\/\/terracotadoalgarve.com\/es\/\"},{\"@type\":\"ListItem\",\"position\":2,\"name\":\"Colocaci\u00f3n del Mosaico Hidr\u00e1ulico\"}]},{\"@type\":\"WebSite\",\"@id\":\"https:\/\/terracotadoalgarve.com\/es\/#website\",\"url\":\"https:\/\/terracotadoalgarve.com\/es\/\",\"name\":\"Terracota do Algarve\",\"description\":\"Terracota tiles, Hydraulic cement tiles, Glazed tiles\",\"potentialAction\":[{\"@type\":\"SearchAction\",\"target\":{\"@type\":\"EntryPoint\",\"urlTemplate\":\"https:\/\/terracotadoalgarve.com\/es\/?s={search_term_string}\"},\"query-input\":{\"@type\":\"PropertyValueSpecification\",\"valueRequired\":true,\"valueName\":\"search_term_string\"}}],\"inLanguage\":\"es\"}]}<\/script>\n<!-- \/ Yoast SEO plugin. -->","yoast_head_json":{"title":"Colocaci\u00f3n del Mosaico Hidr\u00e1ulico - Terracota do Algarve","robots":{"index":"index","follow":"follow","max-snippet":"max-snippet:-1","max-image-preview":"max-image-preview:large","max-video-preview":"max-video-preview:-1"},"canonical":"https:\/\/terracotadoalgarve.com\/es\/colocacion-del-mosaico-hidraulico\/","og_locale":"es_ES","og_type":"article","og_title":"Colocaci\u00f3n del Mosaico Hidr\u00e1ulico - Terracota do Algarve","og_description":"[vc_row][vc_column width=\u00bb1\/3&#8243;][vc_single_image image=\u00bb26373&#8243; img_size=\u00bbfull\u00bb][vc_single_image image=\u00bb26374&#8243; img_size=\u00bbfull\u00bb][\/vc_column][vc_column width=\u00bb2\/3&#8243;][vc_column_text css=\u00bb\u00bb]El procedimiento de colocaci\u00f3n que recomendamos es sencillo, limpio y r\u00e1pido. Les rogamos, no obstante, que contacten a un [\u2026]","og_url":"https:\/\/terracotadoalgarve.com\/es\/colocacion-del-mosaico-hidraulico\/","og_site_name":"Terracota do Algarve","article_modified_time":"2025-02-16T10:55:50+00:00","twitter_card":"summary_large_image","twitter_misc":{"Tiempo de lectura":"3 minutos"},"schema":{"@context":"https:\/\/schema.org","@graph":[{"@type":"WebPage","@id":"https:\/\/terracotadoalgarve.com\/es\/colocacion-del-mosaico-hidraulico\/","url":"https:\/\/terracotadoalgarve.com\/es\/colocacion-del-mosaico-hidraulico\/","name":"Colocaci\u00f3n del Mosaico Hidr\u00e1ulico - Terracota do Algarve","isPartOf":{"@id":"https:\/\/terracotadoalgarve.com\/es\/#website"},"datePublished":"2021-10-25T17:54:41+00:00","dateModified":"2025-02-16T10:55:50+00:00","breadcrumb":{"@id":"https:\/\/terracotadoalgarve.com\/es\/colocacion-del-mosaico-hidraulico\/#breadcrumb"},"inLanguage":"es","potentialAction":[{"@type":"ReadAction","target":["https:\/\/terracotadoalgarve.com\/es\/colocacion-del-mosaico-hidraulico\/"]}]},{"@type":"BreadcrumbList","@id":"https:\/\/terracotadoalgarve.com\/es\/colocacion-del-mosaico-hidraulico\/#breadcrumb","itemListElement":[{"@type":"ListItem","position":1,"name":"Home","item":"https:\/\/terracotadoalgarve.com\/es\/"},{"@type":"ListItem","position":2,"name":"Colocaci\u00f3n del Mosaico Hidr\u00e1ulico"}]},{"@type":"WebSite","@id":"https:\/\/terracotadoalgarve.com\/es\/#website","url":"https:\/\/terracotadoalgarve.com\/es\/","name":"Terracota do Algarve","description":"Terracota tiles, Hydraulic cement tiles, Glazed tiles","potentialAction":[{"@type":"SearchAction","target":{"@type":"EntryPoint","urlTemplate":"https:\/\/terracotadoalgarve.com\/es\/?s={search_term_string}"},"query-input":{"@type":"PropertyValueSpecification","valueRequired":true,"valueName":"search_term_string"}}],"inLanguage":"es"}]}},"_links":{"self":[{"href":"https:\/\/terracotadoalgarve.com\/es\/wp-json\/wp\/v2\/pages\/26381","targetHints":{"allow":["GET"]}}],"collection":[{"href":"https:\/\/terracotadoalgarve.com\/es\/wp-json\/wp\/v2\/pages"}],"about":[{"href":"https:\/\/terracotadoalgarve.com\/es\/wp-json\/wp\/v2\/types\/page"}],"author":[{"embeddable":true,"href":"https:\/\/terracotadoalgarve.com\/es\/wp-json\/wp\/v2\/users\/1"}],"replies":[{"embeddable":true,"href":"https:\/\/terracotadoalgarve.com\/es\/wp-json\/wp\/v2\/comments?post=26381"}],"version-history":[{"count":1,"href":"https:\/\/terracotadoalgarve.com\/es\/wp-json\/wp\/v2\/pages\/26381\/revisions"}],"predecessor-version":[{"id":27960,"href":"https:\/\/terracotadoalgarve.com\/es\/wp-json\/wp\/v2\/pages\/26381\/revisions\/27960"}],"wp:attachment":[{"href":"https:\/\/terracotadoalgarve.com\/es\/wp-json\/wp\/v2\/media?parent=26381"}],"curies":[{"name":"wp","href":"https:\/\/api.w.org\/{rel}","templated":true}]}}