{"id":26376,"date":"2021-10-25T16:50:36","date_gmt":"2021-10-25T16:50:36","guid":{"rendered":"https:\/\/terracotadoalgarve.com\/es\/?page_id=26376"},"modified":"2022-04-04T19:35:43","modified_gmt":"2022-04-04T19:35:43","slug":"ventajas-y-beneficios-del-mosaico-hidraulico","status":"publish","type":"page","link":"https:\/\/terracotadoalgarve.com\/es\/ventajas-y-beneficios-del-mosaico-hidraulico\/","title":{"rendered":"Ventajas y benef\u00edcios del mosaico hidr\u00e1ulico"},"content":{"rendered":"<div class=\"wpb-content-wrapper\"><p>[vc_row el_position=\u00bbfirst last\u00bb][vc_column width=\u00bb1\/3&#8243;][vc_single_image image=\u00bb26372&#8243; img_size=\u00bbfull\u00bb][\/vc_column][vc_column width=\u00bb2\/3&#8243;][vc_column_text el_position=\u00bbfirst last\u00bb]<strong>Resistencia al desgaste:<\/strong><\/p>\n<p>El cemento es muy duro y la capa pigmentada es muy profunda (3 a 4mm), por lo que la erosi\u00f3n no quita c\u00e1lida t\u00e9cnica ni decorativa a los mosaicos. Seg\u00fan cuanto dicho por los especialistas, estos se ponen a\u00fan m\u00e1s bonitos com el paso del tiempo gracias a la producci\u00f3n sin impresi\u00f3n.<\/p>\n<p><strong>Plasticidad:<\/strong><\/p>\n<p>Hechos a base de argamasa de cemento, los mosaicos hidr\u00e1ulicos acompa\u00f1an las deformaciones de la estructura del hormig\u00f3n, tales como las dilataciones ( debidas a los cambios clim\u00e1ticos ), lo que hace que se puedan colocar sin junturas. Con un m\u00ednimo de junturas se producen aut\u00e9nticas \u201calfombras\u201d en el pavimento.<\/p>\n<p><strong>Variedad:<\/strong><\/p>\n<p>Los mosaicos permiten distintos tipos de acabamentos: natural, mate, brillante, ecc.; distintos dibujos: cl\u00e1sico, contempor\u00e1neo, vegetal geom\u00e9trico,ecc. y diversas combinaciones de materiales: madera,cemento polido, m\u00e1rmol, ecc.<\/p>\n<p><strong>Versatilidad:<\/strong><\/p>\n<p>El mosaico hidr\u00e1ulico puede combinarse con otros tipo de suelo, tales como de madera, terracota, piedra, permitiendo muchas soluciones originales.<br \/>\n<strong>MOSAICOS HIDR\u00c1ULICOS<\/strong><\/p>\n<p><strong>Mosaicos mediterr\u00e1neos hechos por pedido:<\/strong><\/p>\n<ul>\n<li>Un sinfin de dise\u00f1os en cat\u00e1logo de car\u00e1ter tradicional y contempor\u00e2neo.<\/li>\n<li>Una inmensa variedad de colores<\/li>\n<li>Elaboraci\u00f3n del dise\u00f1o a pedido del cliente.<\/li>\n<li>Calidad asegurada mediante la producci\u00f3n seg\u00fan el m\u00e9todo artesanal y tradicional.<\/li>\n<li>Entregas en 6 a 8 semanas.<\/li>\n<li>Precios muy atractivos y competitivos.<\/li>\n<li>Mosaicos lisos: opci\u00f3n del color para combinar con cualquier modelo decorado.<\/li>\n<li>Producci\u00f3n de colores y matices espec\u00edficos para proyectos especiales ( recuperaciones, ecc.)<\/li>\n<li>Los colore tradicionales, ya perfectamente examinados, os dan la m\u00e1xima garantia de estabilidad y duraci\u00f3n.<\/li>\n<\/ul>\n<p>[\/vc_column_text][\/vc_column][\/vc_row]<\/p>\n<\/div>","protected":false},"excerpt":{"rendered":"<p>[vc_row el_position=\u00bbfirst last\u00bb][vc_column width=\u00bb1\/3&#8243;][vc_single_image image=\u00bb26372&#8243; img_size=\u00bbfull\u00bb][\/vc_column][vc_column width=\u00bb2\/3&#8243;][vc_column_text el_position=\u00bbfirst last\u00bb]Resistencia al desgaste: El cemento es muy duro y la capa pigmentada es muy profunda (3 a 4mm),<span class=\"excerpt-hellip\"> [\u2026]<\/span><\/p>\n","protected":false},"author":1,"featured_media":0,"parent":0,"menu_order":0,"comment_status":"closed","ping_status":"closed","template":"","meta":{"footnotes":""},"class_list":["post-26376","page","type-page","status-publish","hentry"],"yoast_head":"<!-- This site is optimized with the Yoast SEO plugin v26.9 - https:\/\/yoast.com\/product\/yoast-seo-wordpress\/ -->\n<title>Ventajas y benef\u00edcios del mosaico hidr\u00e1ulico - Terracota do Algarve<\/title>\n<meta name=\"robots\" content=\"index, follow, max-snippet:-1, max-image-preview:large, max-video-preview:-1\" \/>\n<link rel=\"canonical\" href=\"https:\/\/terracotadoalgarve.com\/es\/ventajas-y-beneficios-del-mosaico-hidraulico\/\" \/>\n<meta property=\"og:locale\" content=\"es_ES\" \/>\n<meta property=\"og:type\" content=\"article\" \/>\n<meta property=\"og:title\" content=\"Ventajas y benef\u00edcios del mosaico hidr\u00e1ulico - Terracota do Algarve\" \/>\n<meta property=\"og:description\" content=\"[vc_row el_position=\u00bbfirst last\u00bb][vc_column width=\u00bb1\/3&#8243;][vc_single_image image=\u00bb26372&#8243; img_size=\u00bbfull\u00bb][\/vc_column][vc_column width=\u00bb2\/3&#8243;][vc_column_text el_position=\u00bbfirst last\u00bb]Resistencia al desgaste: El cemento es muy duro y la capa pigmentada es muy profunda (3 a 4mm), [\u2026]\" \/>\n<meta property=\"og:url\" content=\"https:\/\/terracotadoalgarve.com\/es\/ventajas-y-beneficios-del-mosaico-hidraulico\/\" \/>\n<meta property=\"og:site_name\" content=\"Terracota do Algarve\" \/>\n<meta property=\"article:modified_time\" content=\"2022-04-04T19:35:43+00:00\" \/>\n<meta name=\"twitter:card\" content=\"summary_large_image\" \/>\n<meta name=\"twitter:label1\" content=\"Tiempo de lectura\" \/>\n\t<meta name=\"twitter:data1\" content=\"2 minutos\" \/>\n<script type=\"application\/ld+json\" class=\"yoast-schema-graph\">{\"@context\":\"https:\/\/schema.org\",\"@graph\":[{\"@type\":\"WebPage\",\"@id\":\"https:\/\/terracotadoalgarve.com\/es\/ventajas-y-beneficios-del-mosaico-hidraulico\/\",\"url\":\"https:\/\/terracotadoalgarve.com\/es\/ventajas-y-beneficios-del-mosaico-hidraulico\/\",\"name\":\"Ventajas y benef\u00edcios del mosaico hidr\u00e1ulico - Terracota do Algarve\",\"isPartOf\":{\"@id\":\"https:\/\/terracotadoalgarve.com\/es\/#website\"},\"datePublished\":\"2021-10-25T16:50:36+00:00\",\"dateModified\":\"2022-04-04T19:35:43+00:00\",\"breadcrumb\":{\"@id\":\"https:\/\/terracotadoalgarve.com\/es\/ventajas-y-beneficios-del-mosaico-hidraulico\/#breadcrumb\"},\"inLanguage\":\"es\",\"potentialAction\":[{\"@type\":\"ReadAction\",\"target\":[\"https:\/\/terracotadoalgarve.com\/es\/ventajas-y-beneficios-del-mosaico-hidraulico\/\"]}]},{\"@type\":\"BreadcrumbList\",\"@id\":\"https:\/\/terracotadoalgarve.com\/es\/ventajas-y-beneficios-del-mosaico-hidraulico\/#breadcrumb\",\"itemListElement\":[{\"@type\":\"ListItem\",\"position\":1,\"name\":\"Home\",\"item\":\"https:\/\/terracotadoalgarve.com\/es\/\"},{\"@type\":\"ListItem\",\"position\":2,\"name\":\"Ventajas y benef\u00edcios del mosaico hidr\u00e1ulico\"}]},{\"@type\":\"WebSite\",\"@id\":\"https:\/\/terracotadoalgarve.com\/es\/#website\",\"url\":\"https:\/\/terracotadoalgarve.com\/es\/\",\"name\":\"Terracota do Algarve\",\"description\":\"Terracota tiles, Hydraulic cement tiles, Glazed tiles\",\"potentialAction\":[{\"@type\":\"SearchAction\",\"target\":{\"@type\":\"EntryPoint\",\"urlTemplate\":\"https:\/\/terracotadoalgarve.com\/es\/?s={search_term_string}\"},\"query-input\":{\"@type\":\"PropertyValueSpecification\",\"valueRequired\":true,\"valueName\":\"search_term_string\"}}],\"inLanguage\":\"es\"}]}<\/script>\n<!-- \/ Yoast SEO plugin. -->","yoast_head_json":{"title":"Ventajas y benef\u00edcios del mosaico hidr\u00e1ulico - Terracota do Algarve","robots":{"index":"index","follow":"follow","max-snippet":"max-snippet:-1","max-image-preview":"max-image-preview:large","max-video-preview":"max-video-preview:-1"},"canonical":"https:\/\/terracotadoalgarve.com\/es\/ventajas-y-beneficios-del-mosaico-hidraulico\/","og_locale":"es_ES","og_type":"article","og_title":"Ventajas y benef\u00edcios del mosaico hidr\u00e1ulico - Terracota do Algarve","og_description":"[vc_row el_position=\u00bbfirst last\u00bb][vc_column width=\u00bb1\/3&#8243;][vc_single_image image=\u00bb26372&#8243; img_size=\u00bbfull\u00bb][\/vc_column][vc_column width=\u00bb2\/3&#8243;][vc_column_text el_position=\u00bbfirst last\u00bb]Resistencia al desgaste: El cemento es muy duro y la capa pigmentada es muy profunda (3 a 4mm), [\u2026]","og_url":"https:\/\/terracotadoalgarve.com\/es\/ventajas-y-beneficios-del-mosaico-hidraulico\/","og_site_name":"Terracota do Algarve","article_modified_time":"2022-04-04T19:35:43+00:00","twitter_card":"summary_large_image","twitter_misc":{"Tiempo de lectura":"2 minutos"},"schema":{"@context":"https:\/\/schema.org","@graph":[{"@type":"WebPage","@id":"https:\/\/terracotadoalgarve.com\/es\/ventajas-y-beneficios-del-mosaico-hidraulico\/","url":"https:\/\/terracotadoalgarve.com\/es\/ventajas-y-beneficios-del-mosaico-hidraulico\/","name":"Ventajas y benef\u00edcios del mosaico hidr\u00e1ulico - Terracota do Algarve","isPartOf":{"@id":"https:\/\/terracotadoalgarve.com\/es\/#website"},"datePublished":"2021-10-25T16:50:36+00:00","dateModified":"2022-04-04T19:35:43+00:00","breadcrumb":{"@id":"https:\/\/terracotadoalgarve.com\/es\/ventajas-y-beneficios-del-mosaico-hidraulico\/#breadcrumb"},"inLanguage":"es","potentialAction":[{"@type":"ReadAction","target":["https:\/\/terracotadoalgarve.com\/es\/ventajas-y-beneficios-del-mosaico-hidraulico\/"]}]},{"@type":"BreadcrumbList","@id":"https:\/\/terracotadoalgarve.com\/es\/ventajas-y-beneficios-del-mosaico-hidraulico\/#breadcrumb","itemListElement":[{"@type":"ListItem","position":1,"name":"Home","item":"https:\/\/terracotadoalgarve.com\/es\/"},{"@type":"ListItem","position":2,"name":"Ventajas y benef\u00edcios del mosaico hidr\u00e1ulico"}]},{"@type":"WebSite","@id":"https:\/\/terracotadoalgarve.com\/es\/#website","url":"https:\/\/terracotadoalgarve.com\/es\/","name":"Terracota do Algarve","description":"Terracota tiles, Hydraulic cement tiles, Glazed tiles","potentialAction":[{"@type":"SearchAction","target":{"@type":"EntryPoint","urlTemplate":"https:\/\/terracotadoalgarve.com\/es\/?s={search_term_string}"},"query-input":{"@type":"PropertyValueSpecification","valueRequired":true,"valueName":"search_term_string"}}],"inLanguage":"es"}]}},"_links":{"self":[{"href":"https:\/\/terracotadoalgarve.com\/es\/wp-json\/wp\/v2\/pages\/26376","targetHints":{"allow":["GET"]}}],"collection":[{"href":"https:\/\/terracotadoalgarve.com\/es\/wp-json\/wp\/v2\/pages"}],"about":[{"href":"https:\/\/terracotadoalgarve.com\/es\/wp-json\/wp\/v2\/types\/page"}],"author":[{"embeddable":true,"href":"https:\/\/terracotadoalgarve.com\/es\/wp-json\/wp\/v2\/users\/1"}],"replies":[{"embeddable":true,"href":"https:\/\/terracotadoalgarve.com\/es\/wp-json\/wp\/v2\/comments?post=26376"}],"version-history":[{"count":0,"href":"https:\/\/terracotadoalgarve.com\/es\/wp-json\/wp\/v2\/pages\/26376\/revisions"}],"wp:attachment":[{"href":"https:\/\/terracotadoalgarve.com\/es\/wp-json\/wp\/v2\/media?parent=26376"}],"curies":[{"name":"wp","href":"https:\/\/api.w.org\/{rel}","templated":true}]}}