{"id":26353,"date":"2021-10-25T16:48:23","date_gmt":"2021-10-25T16:48:23","guid":{"rendered":"https:\/\/terracotadoalgarve.com\/es\/?page_id=26353"},"modified":"2022-04-04T19:34:22","modified_gmt":"2022-04-04T19:34:22","slug":"historia-del-mosaico-hidraulico","status":"publish","type":"page","link":"https:\/\/terracotadoalgarve.com\/es\/historia-del-mosaico-hidraulico\/","title":{"rendered":"Historia del Mosaico Hidr\u00e1ulico"},"content":{"rendered":"<div class=\"wpb-content-wrapper\"><p>[vc_row][vc_column width=\u00bb1\/3&#8243;][vc_single_image image=\u00bb26354&#8243; img_size=\u00bbfull\u00bb][\/vc_column][vc_column width=\u00bb2\/3&#8243;][vc_column_text]El origen del mosaico hidr\u00e1ulico remonta al sur de Francia, alrededor del a\u00f1o 1850, esparciendo su influencia por todos los vecinos de la cuenca del mediterr\u00e2neo y haci\u00e9ndose igualmente popular en la Inglaterra Victoriana y en R\u00fasia por sus cualidades decorativas. La popularidad del mosaico se extendi\u00f3 a toda Europa, antiguas col\u00f3nias europeas y sudamerica.No obstante todo esto,hasta el comienzo de los a\u00f1os 20, el mosaico hidr\u00e1ulico era considerado un producto reservado a la alta sociedad del \u00e9poca.<\/p>\n<p>Con el advento de la industrializaci\u00f3n delos a\u00f1os 60 desapareci\u00f3 casi por completado, siendo rescatado m\u00e1s tarde por la arquitectura contempor\u00e1nea.<\/p>\n<p>La producci\u00f3n del mosaico hidr\u00e1ulico en Portugal tuvo sus origines a comienzos del siglo pasado y su aparecimiento en muchas casa antiguas se hizo incluso muy despu\u00e9s de su construcci\u00f3n. Hoy en dia podemos encontrarlos en las cocinas y aseos de muchas habitaciones cuyos propietarios hacen todo lo posible para mantenerlos o recuperarlos a\u00fan cuando las casas hayan sido sujetas a profundas remodelaciones.<\/p>\n<p>Como anta\u00f1o, hoy por hoy, los mosaicos siguen siendo elaborados artesanalmente pieza por pieza mediante el proceso de fabricaci\u00f3n original.[\/vc_column_text][\/vc_column][\/vc_row][vc_row][vc_column width=\u00bb1\/3&#8243;][vc_single_image image=\u00bb26355&#8243; img_size=\u00bbfull\u00bb][\/vc_column][vc_column width=\u00bb2\/3&#8243;][vc_column_text]De hecho no es posible producir industrialmente un mosaico manteniendo sus caracter\u00edsticas astesanales y seguir ateni\u00e9ndose al pedido particular de cada cliente: los colores, los matices, la textura y los acabamentos mates de cada pieza son inigualables e irrepetibles.<br \/>\nCada pieza tiene anclada en si la se\u00f1a de identidad del artesano y los gustos individuales de cada cliente por lo que es dif\u00edcil hablar de dos piezas id\u00eanticas. Se trata, por lo tanto, de un producto ancestral que est\u00e1 a m\u00e9dio camino entre la artesan\u00eda y la industria y siempre capaz de infundir deleite a nuestros ojos.Los mosaicos hidr\u00e1ulicos son hechos a mano y es eso que les hace tener caracter\u00edsticas muy propias.<\/p>\n<p>M\u00e1s all\u00e1 de su materialidad lo que resulta muy interesante en los mosaicos hidr\u00e1ulicos es su expresividad y urbanidad.<br \/>\nPodemos hallar este tipo de mosaicos (en guisa de alfombra o pared ) en una multitud de ubicaciones, a saber: Mercados, iglesias, hospitales,museos, balcones, pal\u00e1cios y cualquier tipo de habitaci\u00f3n en general.<br \/>\nDicho sea de paso que se trata de un revestimiento democr\u00e1tico que nos cuenta una historia![\/vc_column_text][\/vc_column][\/vc_row]<\/p>\n<\/div>","protected":false},"excerpt":{"rendered":"<p>[vc_row][vc_column width=\u00bb1\/3&#8243;][vc_single_image image=\u00bb26354&#8243; img_size=\u00bbfull\u00bb][\/vc_column][vc_column width=\u00bb2\/3&#8243;][vc_column_text]El origen del mosaico hidr\u00e1ulico remonta al sur de Francia, alrededor del a\u00f1o 1850, esparciendo su influencia por todos los vecinos de<span class=\"excerpt-hellip\"> [\u2026]<\/span><\/p>\n","protected":false},"author":1,"featured_media":0,"parent":0,"menu_order":0,"comment_status":"closed","ping_status":"closed","template":"","meta":{"footnotes":""},"class_list":["post-26353","page","type-page","status-publish","hentry"],"yoast_head":"<!-- This site is optimized with the Yoast SEO plugin v26.9 - https:\/\/yoast.com\/product\/yoast-seo-wordpress\/ -->\n<title>Historia del Mosaico Hidr\u00e1ulico - Terracota do Algarve<\/title>\n<meta name=\"robots\" content=\"index, follow, max-snippet:-1, max-image-preview:large, max-video-preview:-1\" \/>\n<link rel=\"canonical\" href=\"https:\/\/terracotadoalgarve.com\/es\/historia-del-mosaico-hidraulico\/\" \/>\n<meta property=\"og:locale\" content=\"es_ES\" \/>\n<meta property=\"og:type\" content=\"article\" \/>\n<meta property=\"og:title\" content=\"Historia del Mosaico Hidr\u00e1ulico - Terracota do Algarve\" \/>\n<meta property=\"og:description\" content=\"[vc_row][vc_column width=\u00bb1\/3&#8243;][vc_single_image image=\u00bb26354&#8243; img_size=\u00bbfull\u00bb][\/vc_column][vc_column width=\u00bb2\/3&#8243;][vc_column_text]El origen del mosaico hidr\u00e1ulico remonta al sur de Francia, alrededor del a\u00f1o 1850, esparciendo su influencia por todos los vecinos de [\u2026]\" \/>\n<meta property=\"og:url\" content=\"https:\/\/terracotadoalgarve.com\/es\/historia-del-mosaico-hidraulico\/\" \/>\n<meta property=\"og:site_name\" content=\"Terracota do Algarve\" \/>\n<meta property=\"article:modified_time\" content=\"2022-04-04T19:34:22+00:00\" \/>\n<meta name=\"twitter:card\" content=\"summary_large_image\" \/>\n<meta name=\"twitter:label1\" content=\"Tiempo de lectura\" \/>\n\t<meta name=\"twitter:data1\" content=\"2 minutos\" \/>\n<script type=\"application\/ld+json\" class=\"yoast-schema-graph\">{\"@context\":\"https:\/\/schema.org\",\"@graph\":[{\"@type\":\"WebPage\",\"@id\":\"https:\/\/terracotadoalgarve.com\/es\/historia-del-mosaico-hidraulico\/\",\"url\":\"https:\/\/terracotadoalgarve.com\/es\/historia-del-mosaico-hidraulico\/\",\"name\":\"Historia del Mosaico Hidr\u00e1ulico - Terracota do Algarve\",\"isPartOf\":{\"@id\":\"https:\/\/terracotadoalgarve.com\/es\/#website\"},\"datePublished\":\"2021-10-25T16:48:23+00:00\",\"dateModified\":\"2022-04-04T19:34:22+00:00\",\"breadcrumb\":{\"@id\":\"https:\/\/terracotadoalgarve.com\/es\/historia-del-mosaico-hidraulico\/#breadcrumb\"},\"inLanguage\":\"es\",\"potentialAction\":[{\"@type\":\"ReadAction\",\"target\":[\"https:\/\/terracotadoalgarve.com\/es\/historia-del-mosaico-hidraulico\/\"]}]},{\"@type\":\"BreadcrumbList\",\"@id\":\"https:\/\/terracotadoalgarve.com\/es\/historia-del-mosaico-hidraulico\/#breadcrumb\",\"itemListElement\":[{\"@type\":\"ListItem\",\"position\":1,\"name\":\"Home\",\"item\":\"https:\/\/terracotadoalgarve.com\/es\/\"},{\"@type\":\"ListItem\",\"position\":2,\"name\":\"Historia del Mosaico Hidr\u00e1ulico\"}]},{\"@type\":\"WebSite\",\"@id\":\"https:\/\/terracotadoalgarve.com\/es\/#website\",\"url\":\"https:\/\/terracotadoalgarve.com\/es\/\",\"name\":\"Terracota do Algarve\",\"description\":\"Terracota tiles, Hydraulic cement tiles, Glazed tiles\",\"potentialAction\":[{\"@type\":\"SearchAction\",\"target\":{\"@type\":\"EntryPoint\",\"urlTemplate\":\"https:\/\/terracotadoalgarve.com\/es\/?s={search_term_string}\"},\"query-input\":{\"@type\":\"PropertyValueSpecification\",\"valueRequired\":true,\"valueName\":\"search_term_string\"}}],\"inLanguage\":\"es\"}]}<\/script>\n<!-- \/ Yoast SEO plugin. -->","yoast_head_json":{"title":"Historia del Mosaico Hidr\u00e1ulico - Terracota do Algarve","robots":{"index":"index","follow":"follow","max-snippet":"max-snippet:-1","max-image-preview":"max-image-preview:large","max-video-preview":"max-video-preview:-1"},"canonical":"https:\/\/terracotadoalgarve.com\/es\/historia-del-mosaico-hidraulico\/","og_locale":"es_ES","og_type":"article","og_title":"Historia del Mosaico Hidr\u00e1ulico - Terracota do Algarve","og_description":"[vc_row][vc_column width=\u00bb1\/3&#8243;][vc_single_image image=\u00bb26354&#8243; img_size=\u00bbfull\u00bb][\/vc_column][vc_column width=\u00bb2\/3&#8243;][vc_column_text]El origen del mosaico hidr\u00e1ulico remonta al sur de Francia, alrededor del a\u00f1o 1850, esparciendo su influencia por todos los vecinos de [\u2026]","og_url":"https:\/\/terracotadoalgarve.com\/es\/historia-del-mosaico-hidraulico\/","og_site_name":"Terracota do Algarve","article_modified_time":"2022-04-04T19:34:22+00:00","twitter_card":"summary_large_image","twitter_misc":{"Tiempo de lectura":"2 minutos"},"schema":{"@context":"https:\/\/schema.org","@graph":[{"@type":"WebPage","@id":"https:\/\/terracotadoalgarve.com\/es\/historia-del-mosaico-hidraulico\/","url":"https:\/\/terracotadoalgarve.com\/es\/historia-del-mosaico-hidraulico\/","name":"Historia del Mosaico Hidr\u00e1ulico - Terracota do Algarve","isPartOf":{"@id":"https:\/\/terracotadoalgarve.com\/es\/#website"},"datePublished":"2021-10-25T16:48:23+00:00","dateModified":"2022-04-04T19:34:22+00:00","breadcrumb":{"@id":"https:\/\/terracotadoalgarve.com\/es\/historia-del-mosaico-hidraulico\/#breadcrumb"},"inLanguage":"es","potentialAction":[{"@type":"ReadAction","target":["https:\/\/terracotadoalgarve.com\/es\/historia-del-mosaico-hidraulico\/"]}]},{"@type":"BreadcrumbList","@id":"https:\/\/terracotadoalgarve.com\/es\/historia-del-mosaico-hidraulico\/#breadcrumb","itemListElement":[{"@type":"ListItem","position":1,"name":"Home","item":"https:\/\/terracotadoalgarve.com\/es\/"},{"@type":"ListItem","position":2,"name":"Historia del Mosaico Hidr\u00e1ulico"}]},{"@type":"WebSite","@id":"https:\/\/terracotadoalgarve.com\/es\/#website","url":"https:\/\/terracotadoalgarve.com\/es\/","name":"Terracota do Algarve","description":"Terracota tiles, Hydraulic cement tiles, Glazed tiles","potentialAction":[{"@type":"SearchAction","target":{"@type":"EntryPoint","urlTemplate":"https:\/\/terracotadoalgarve.com\/es\/?s={search_term_string}"},"query-input":{"@type":"PropertyValueSpecification","valueRequired":true,"valueName":"search_term_string"}}],"inLanguage":"es"}]}},"_links":{"self":[{"href":"https:\/\/terracotadoalgarve.com\/es\/wp-json\/wp\/v2\/pages\/26353","targetHints":{"allow":["GET"]}}],"collection":[{"href":"https:\/\/terracotadoalgarve.com\/es\/wp-json\/wp\/v2\/pages"}],"about":[{"href":"https:\/\/terracotadoalgarve.com\/es\/wp-json\/wp\/v2\/types\/page"}],"author":[{"embeddable":true,"href":"https:\/\/terracotadoalgarve.com\/es\/wp-json\/wp\/v2\/users\/1"}],"replies":[{"embeddable":true,"href":"https:\/\/terracotadoalgarve.com\/es\/wp-json\/wp\/v2\/comments?post=26353"}],"version-history":[{"count":0,"href":"https:\/\/terracotadoalgarve.com\/es\/wp-json\/wp\/v2\/pages\/26353\/revisions"}],"wp:attachment":[{"href":"https:\/\/terracotadoalgarve.com\/es\/wp-json\/wp\/v2\/media?parent=26353"}],"curies":[{"name":"wp","href":"https:\/\/api.w.org\/{rel}","templated":true}]}}