{"id":26339,"date":"2021-10-25T15:56:00","date_gmt":"2021-10-25T15:56:00","guid":{"rendered":"https:\/\/terracotadoalgarve.com\/es\/?page_id=26339"},"modified":"2022-05-09T19:16:12","modified_gmt":"2022-05-09T19:16:12","slug":"colocacion-de-la-teja-santa-catarina","status":"publish","type":"page","link":"https:\/\/terracotadoalgarve.com\/es\/colocacion-de-la-teja-santa-catarina\/","title":{"rendered":"Colocaci\u00f3n de la Teja Santa Catarina"},"content":{"rendered":"<div class=\"wpb-content-wrapper\"><p>[vc_row][vc_column width=\u00bb1\/5&#8243; offset=\u00bbvc_hidden-sm vc_hidden-xs\u00bb][vc_single_image image=\u00bb26340&#8243; img_size=\u00bbfull\u00bb add_caption=\u00bbyes\u00bb][vc_single_image image=\u00bb26341&#8243; img_size=\u00bbfull\u00bb add_caption=\u00bbyes\u00bb][vc_single_image image=\u00bb26342&#8243; img_size=\u00bbfull\u00bb add_caption=\u00bbyes\u00bb][vc_single_image image=\u00bb26343&#8243; img_size=\u00bbfull\u00bb add_caption=\u00bbyes\u00bb][vc_single_image image=\u00bb26344&#8243; img_size=\u00bbfull\u00bb add_caption=\u00bbyes\u00bb][vc_single_image image=\u00bb26345&#8243; img_size=\u00bbfull\u00bb add_caption=\u00bbyes\u00bb][vc_single_image image=\u00bb26346&#8243; img_size=\u00bbfull\u00bb add_caption=\u00bbyes\u00bb][\/vc_column][vc_column width=\u00bb4\/5&#8243;][vc_column_text]La teja de canudo Santa Catarina no es una teja de encaje, se trata de una teja muy simple, que obliga la especial atenci\u00f3n en el momento de la aplicaci\u00f3n. Actualmente la teja de canudo en la mayor\u00eda de los casos se aplica directamente sobre una sub-teja o sobre una superficie debidamente aislada. De esta forma, la cubierta queda totalmente protegida de la lluvia y las humedades.<\/p>\n<p>Sin embargo, la aplicaci\u00f3n de la teja debe respetar algunos aspectos:<\/p>\n<p>La aplicaci\u00f3n se inicia por las tejas inferiores (canales); seg\u00fan la forma del tejado puede ser m\u00e1s conveniente colocar la fila del medio en lugar de la fila del extremo derecho, como se puede ver en la\u00a0<strong>figura 1<\/strong>.<\/p>\n<p>La colocaci\u00f3n de las capas (tejas superiores) se realiza seg\u00fan el esquema presentado en la\u00a0<strong>figura 2<\/strong>: la aplicaci\u00f3n de las tejas se hace de derecha a izquierda y de abajo hacia arriba. Este es el modo m\u00e1s adecuado de proceder, permitiendo ligeros ajustes y al mismo tiempo percibir c\u00f3mo se desarrollar\u00e1 la cobertura. La aplicaci\u00f3n de la teja de esta forma facilita la alineaci\u00f3n de las varias hileras, de acuerdo con el modo en que se desarrolla el tejado.<\/p>\n<p>Cabe se\u00f1alar que, en la ejecuci\u00f3n de tejados con inclinaci\u00f3n superior al 30% y \/ o con exposici\u00f3n a vientos fuertes, las tejas deben fijarse sobre una proporci\u00f3n de 1 teja en cada 4. Si la pendiente presenta valores superiores al 40% todas las tejas deben fijarse.<\/p>\n<p>La fijaci\u00f3n puede ser hecha con grapas, tornillos auto-roscantes, pegamento o cemento, seg\u00fan el tipo de soporte. Sin embargo recomendamos la fijaci\u00f3n con un mortero d\u00e9bil, preparado de la siguiente manera: por cada m3 de arena seca usar:<\/p>\n<ul>\n<li>250 \u2013 350 Kg de cal hidr\u00e1ulica o<\/li>\n<li>150 Kg de cemento y 175 \u2013 225 Kg de cal hidr\u00e1ulica<\/li>\n<\/ul>\n<p>Nota: la fijaci\u00f3n con tornillo o clavo necesita que la teja tenga un pre-agujero, que normalmente la teja Santa Catarina no tiene.<\/p>\n<p><strong>Cumbre del Tejado<br \/>\n<\/strong><br \/>\nEs la teja que hace el cierre de la cubierta, aplicada en la uni\u00f3n de dos vertientes y fijada con recurso a mortero, conforme la figura 3.<\/p>\n<p><strong><br \/>\nAlero del Tejado<br \/>\n<\/strong><br \/>\nLas tejas del alero (capas y bicas) se aplican sobre la cimalla o pared, con el uso de mortero. Es importante respetar lo siguiente:<\/p>\n<ul>\n<li>Inclinaci\u00f3n que las tejas deben tener en relaci\u00f3n al plano horizontal de la cubierta, m\u00ednimo 4% \u2013\u00a0<strong>Figura 4<\/strong>.<\/li>\n<li>Dimensi\u00f3n libre de las tejas, es decir, dimensi\u00f3n que no debe estar apoyada en la cimalla \/ pared, m\u00e1ximo 2\/3 de la longitud del borde.<\/li>\n<li>Ejecuci\u00f3n de orificios de ventilaci\u00f3n que permiten la ventilaci\u00f3n del alero, como muestran las\u00a0<strong>figuras 5 y 6<\/strong>.<\/li>\n<\/ul>\n<p><strong>Canal\u00f3n<\/strong><\/p>\n<p>Se trata de la convergencia de dos vertientes, convirti\u00e9ndose as\u00ed en una zona comprometida de la cobertura, cuando se ejecuta incorrectamente. La ejecuci\u00f3n de un canal\u00f3n obliga al uso de rufos met\u00e1licos, bandas asf\u00e1lticas u otros materiales sint\u00e9ticos, que se apoyan sobre el perfil, normalmente ejecutado en mortero.<\/p>\n<p>Dado que se trata de zonas sensibles de una cobertura, debe concederse especial importancia a los siguientes tres principios:<\/p>\n<p>1\u00ba Corte de las tejas, para cubrir la cera en al menos 8 cm, conforme a la\u00a0<strong>figura 7<\/strong>.<\/p>\n<p>2\u00ba Material aplicado para la ejecuci\u00f3n de la caldera: el material a utilizar en la caldera debe garantizar una larga durabilidad. En general se utilizan materiales met\u00e1licos o sint\u00e9ticos, autoadhesivos o no.<\/p>\n<p>3\u00ba Forma de aplicaci\u00f3n del material: dado que se trata de una zona cr\u00edtica se debe prestar una atenci\u00f3n redoblada en la aplicaci\u00f3n del material, so pena de no cumplirse un flujo eficaz de las aguas en esta zona.[\/vc_column_text][vc_row_inner][vc_column_inner offset=\u00bbvc_hidden-lg vc_hidden-md\u00bb][vc_single_image image=\u00bb23328&#8243; img_size=\u00bbfull\u00bb add_caption=\u00bbyes\u00bb][vc_single_image image=\u00bb23336&#8243; img_size=\u00bbfull\u00bb add_caption=\u00bbyes\u00bb][vc_single_image image=\u00bb23344&#8243; img_size=\u00bbfull\u00bb add_caption=\u00bbyes\u00bb][vc_single_image image=\u00bb23352&#8243; img_size=\u00bbfull\u00bb add_caption=\u00bbyes\u00bb][vc_single_image image=\u00bb23368&#8243; img_size=\u00bbfull\u00bb add_caption=\u00bbyes\u00bb][vc_single_image image=\u00bb23376&#8243; img_size=\u00bbfull\u00bb add_caption=\u00bbyes\u00bb][vc_single_image image=\u00bb23360&#8243; img_size=\u00bbfull\u00bb add_caption=\u00bbyes\u00bb][\/vc_column_inner][\/vc_row_inner][\/vc_column][\/vc_row]<\/p>\n<\/div>","protected":false},"excerpt":{"rendered":"<p>[vc_row][vc_column width=\u00bb1\/5&#8243; offset=\u00bbvc_hidden-sm vc_hidden-xs\u00bb][vc_single_image image=\u00bb26340&#8243; img_size=\u00bbfull\u00bb add_caption=\u00bbyes\u00bb][vc_single_image image=\u00bb26341&#8243; img_size=\u00bbfull\u00bb add_caption=\u00bbyes\u00bb][vc_single_image image=\u00bb26342&#8243; img_size=\u00bbfull\u00bb add_caption=\u00bbyes\u00bb][vc_single_image image=\u00bb26343&#8243; img_size=\u00bbfull\u00bb add_caption=\u00bbyes\u00bb][vc_single_image image=\u00bb26344&#8243; img_size=\u00bbfull\u00bb add_caption=\u00bbyes\u00bb][vc_single_image image=\u00bb26345&#8243; img_size=\u00bbfull\u00bb add_caption=\u00bbyes\u00bb][vc_single_image image=\u00bb26346&#8243; img_size=\u00bbfull\u00bb add_caption=\u00bbyes\u00bb][\/vc_column][vc_column width=\u00bb4\/5&#8243;][vc_column_text]La<span class=\"excerpt-hellip\"> [\u2026]<\/span><\/p>\n","protected":false},"author":1,"featured_media":0,"parent":0,"menu_order":0,"comment_status":"closed","ping_status":"closed","template":"","meta":{"footnotes":""},"class_list":["post-26339","page","type-page","status-publish","hentry"],"yoast_head":"<!-- This site is optimized with the Yoast SEO plugin v26.9 - https:\/\/yoast.com\/product\/yoast-seo-wordpress\/ -->\n<title>Colocaci\u00f3n de la Teja Santa Catarina - Terracota do Algarve<\/title>\n<meta name=\"robots\" content=\"index, follow, max-snippet:-1, max-image-preview:large, max-video-preview:-1\" \/>\n<link rel=\"canonical\" href=\"https:\/\/terracotadoalgarve.com\/es\/colocacion-de-la-teja-santa-catarina\/\" \/>\n<meta property=\"og:locale\" content=\"es_ES\" \/>\n<meta property=\"og:type\" content=\"article\" \/>\n<meta property=\"og:title\" content=\"Colocaci\u00f3n de la Teja Santa Catarina - Terracota do Algarve\" \/>\n<meta property=\"og:description\" content=\"[vc_row][vc_column width=\u00bb1\/5&#8243; offset=\u00bbvc_hidden-sm vc_hidden-xs\u00bb][vc_single_image image=\u00bb26340&#8243; img_size=\u00bbfull\u00bb add_caption=\u00bbyes\u00bb][vc_single_image image=\u00bb26341&#8243; img_size=\u00bbfull\u00bb add_caption=\u00bbyes\u00bb][vc_single_image image=\u00bb26342&#8243; img_size=\u00bbfull\u00bb add_caption=\u00bbyes\u00bb][vc_single_image image=\u00bb26343&#8243; img_size=\u00bbfull\u00bb add_caption=\u00bbyes\u00bb][vc_single_image image=\u00bb26344&#8243; img_size=\u00bbfull\u00bb add_caption=\u00bbyes\u00bb][vc_single_image image=\u00bb26345&#8243; img_size=\u00bbfull\u00bb add_caption=\u00bbyes\u00bb][vc_single_image image=\u00bb26346&#8243; img_size=\u00bbfull\u00bb add_caption=\u00bbyes\u00bb][\/vc_column][vc_column width=\u00bb4\/5&#8243;][vc_column_text]La [\u2026]\" \/>\n<meta property=\"og:url\" content=\"https:\/\/terracotadoalgarve.com\/es\/colocacion-de-la-teja-santa-catarina\/\" \/>\n<meta property=\"og:site_name\" content=\"Terracota do Algarve\" \/>\n<meta property=\"article:modified_time\" content=\"2022-05-09T19:16:12+00:00\" \/>\n<meta name=\"twitter:card\" content=\"summary_large_image\" \/>\n<meta name=\"twitter:label1\" content=\"Tiempo de lectura\" \/>\n\t<meta name=\"twitter:data1\" content=\"4 minutos\" \/>\n<script type=\"application\/ld+json\" class=\"yoast-schema-graph\">{\"@context\":\"https:\/\/schema.org\",\"@graph\":[{\"@type\":\"WebPage\",\"@id\":\"https:\/\/terracotadoalgarve.com\/es\/colocacion-de-la-teja-santa-catarina\/\",\"url\":\"https:\/\/terracotadoalgarve.com\/es\/colocacion-de-la-teja-santa-catarina\/\",\"name\":\"Colocaci\u00f3n de la Teja Santa Catarina - Terracota do Algarve\",\"isPartOf\":{\"@id\":\"https:\/\/terracotadoalgarve.com\/es\/#website\"},\"datePublished\":\"2021-10-25T15:56:00+00:00\",\"dateModified\":\"2022-05-09T19:16:12+00:00\",\"breadcrumb\":{\"@id\":\"https:\/\/terracotadoalgarve.com\/es\/colocacion-de-la-teja-santa-catarina\/#breadcrumb\"},\"inLanguage\":\"es\",\"potentialAction\":[{\"@type\":\"ReadAction\",\"target\":[\"https:\/\/terracotadoalgarve.com\/es\/colocacion-de-la-teja-santa-catarina\/\"]}]},{\"@type\":\"BreadcrumbList\",\"@id\":\"https:\/\/terracotadoalgarve.com\/es\/colocacion-de-la-teja-santa-catarina\/#breadcrumb\",\"itemListElement\":[{\"@type\":\"ListItem\",\"position\":1,\"name\":\"Home\",\"item\":\"https:\/\/terracotadoalgarve.com\/es\/\"},{\"@type\":\"ListItem\",\"position\":2,\"name\":\"Colocaci\u00f3n de la Teja Santa Catarina\"}]},{\"@type\":\"WebSite\",\"@id\":\"https:\/\/terracotadoalgarve.com\/es\/#website\",\"url\":\"https:\/\/terracotadoalgarve.com\/es\/\",\"name\":\"Terracota do Algarve\",\"description\":\"Terracota tiles, Hydraulic cement tiles, Glazed tiles\",\"potentialAction\":[{\"@type\":\"SearchAction\",\"target\":{\"@type\":\"EntryPoint\",\"urlTemplate\":\"https:\/\/terracotadoalgarve.com\/es\/?s={search_term_string}\"},\"query-input\":{\"@type\":\"PropertyValueSpecification\",\"valueRequired\":true,\"valueName\":\"search_term_string\"}}],\"inLanguage\":\"es\"}]}<\/script>\n<!-- \/ Yoast SEO plugin. -->","yoast_head_json":{"title":"Colocaci\u00f3n de la Teja Santa Catarina - Terracota do Algarve","robots":{"index":"index","follow":"follow","max-snippet":"max-snippet:-1","max-image-preview":"max-image-preview:large","max-video-preview":"max-video-preview:-1"},"canonical":"https:\/\/terracotadoalgarve.com\/es\/colocacion-de-la-teja-santa-catarina\/","og_locale":"es_ES","og_type":"article","og_title":"Colocaci\u00f3n de la Teja Santa Catarina - Terracota do Algarve","og_description":"[vc_row][vc_column width=\u00bb1\/5&#8243; offset=\u00bbvc_hidden-sm vc_hidden-xs\u00bb][vc_single_image image=\u00bb26340&#8243; img_size=\u00bbfull\u00bb add_caption=\u00bbyes\u00bb][vc_single_image image=\u00bb26341&#8243; img_size=\u00bbfull\u00bb add_caption=\u00bbyes\u00bb][vc_single_image image=\u00bb26342&#8243; img_size=\u00bbfull\u00bb add_caption=\u00bbyes\u00bb][vc_single_image image=\u00bb26343&#8243; img_size=\u00bbfull\u00bb add_caption=\u00bbyes\u00bb][vc_single_image image=\u00bb26344&#8243; img_size=\u00bbfull\u00bb add_caption=\u00bbyes\u00bb][vc_single_image image=\u00bb26345&#8243; img_size=\u00bbfull\u00bb add_caption=\u00bbyes\u00bb][vc_single_image image=\u00bb26346&#8243; img_size=\u00bbfull\u00bb add_caption=\u00bbyes\u00bb][\/vc_column][vc_column width=\u00bb4\/5&#8243;][vc_column_text]La [\u2026]","og_url":"https:\/\/terracotadoalgarve.com\/es\/colocacion-de-la-teja-santa-catarina\/","og_site_name":"Terracota do Algarve","article_modified_time":"2022-05-09T19:16:12+00:00","twitter_card":"summary_large_image","twitter_misc":{"Tiempo de lectura":"4 minutos"},"schema":{"@context":"https:\/\/schema.org","@graph":[{"@type":"WebPage","@id":"https:\/\/terracotadoalgarve.com\/es\/colocacion-de-la-teja-santa-catarina\/","url":"https:\/\/terracotadoalgarve.com\/es\/colocacion-de-la-teja-santa-catarina\/","name":"Colocaci\u00f3n de la Teja Santa Catarina - Terracota do Algarve","isPartOf":{"@id":"https:\/\/terracotadoalgarve.com\/es\/#website"},"datePublished":"2021-10-25T15:56:00+00:00","dateModified":"2022-05-09T19:16:12+00:00","breadcrumb":{"@id":"https:\/\/terracotadoalgarve.com\/es\/colocacion-de-la-teja-santa-catarina\/#breadcrumb"},"inLanguage":"es","potentialAction":[{"@type":"ReadAction","target":["https:\/\/terracotadoalgarve.com\/es\/colocacion-de-la-teja-santa-catarina\/"]}]},{"@type":"BreadcrumbList","@id":"https:\/\/terracotadoalgarve.com\/es\/colocacion-de-la-teja-santa-catarina\/#breadcrumb","itemListElement":[{"@type":"ListItem","position":1,"name":"Home","item":"https:\/\/terracotadoalgarve.com\/es\/"},{"@type":"ListItem","position":2,"name":"Colocaci\u00f3n de la Teja Santa Catarina"}]},{"@type":"WebSite","@id":"https:\/\/terracotadoalgarve.com\/es\/#website","url":"https:\/\/terracotadoalgarve.com\/es\/","name":"Terracota do Algarve","description":"Terracota tiles, Hydraulic cement tiles, Glazed tiles","potentialAction":[{"@type":"SearchAction","target":{"@type":"EntryPoint","urlTemplate":"https:\/\/terracotadoalgarve.com\/es\/?s={search_term_string}"},"query-input":{"@type":"PropertyValueSpecification","valueRequired":true,"valueName":"search_term_string"}}],"inLanguage":"es"}]}},"_links":{"self":[{"href":"https:\/\/terracotadoalgarve.com\/es\/wp-json\/wp\/v2\/pages\/26339","targetHints":{"allow":["GET"]}}],"collection":[{"href":"https:\/\/terracotadoalgarve.com\/es\/wp-json\/wp\/v2\/pages"}],"about":[{"href":"https:\/\/terracotadoalgarve.com\/es\/wp-json\/wp\/v2\/types\/page"}],"author":[{"embeddable":true,"href":"https:\/\/terracotadoalgarve.com\/es\/wp-json\/wp\/v2\/users\/1"}],"replies":[{"embeddable":true,"href":"https:\/\/terracotadoalgarve.com\/es\/wp-json\/wp\/v2\/comments?post=26339"}],"version-history":[{"count":0,"href":"https:\/\/terracotadoalgarve.com\/es\/wp-json\/wp\/v2\/pages\/26339\/revisions"}],"wp:attachment":[{"href":"https:\/\/terracotadoalgarve.com\/es\/wp-json\/wp\/v2\/media?parent=26339"}],"curies":[{"name":"wp","href":"https:\/\/api.w.org\/{rel}","templated":true}]}}