{"id":26333,"date":"2021-10-25T11:30:42","date_gmt":"2021-10-25T11:30:42","guid":{"rendered":"https:\/\/terracotadoalgarve.com\/es\/?page_id=26333"},"modified":"2022-04-04T19:46:49","modified_gmt":"2022-04-04T19:46:49","slug":"por-que-un-techo-de-teja-de-barro","status":"publish","type":"page","link":"https:\/\/terracotadoalgarve.com\/es\/por-que-un-techo-de-teja-de-barro\/","title":{"rendered":"\u00bfpor qu\u00e9 un techo de teja de barro?"},"content":{"rendered":"<div class=\"wpb-content-wrapper\"><p>[vc_row][vc_column width=\u00bb1\/3&#8243;][vc_single_image image=\u00bb26335&#8243; img_size=\u00bbfull\u00bb][vc_single_image image=\u00bb26336&#8243; img_size=\u00bbfull\u00bb][\/vc_column][vc_column width=\u00bb2\/3&#8243;][vc_column_text]En una encuesta sobre tejas en barro llevada a cabo por promotores inmobiliarios, arquitectos, constructores y contratistas de tejados, los 90% acordaron que las tejas de barro mejoran el entorno construido y un 95 % reconocieron que las mismas son unos productos de construcci\u00f3n sostenibles. La elecci\u00f3n de las tejas de barro afectar\u00e1 tanto el car\u00e1cter como el valor de su casa.<\/p>\n<p><b>Resistencia y durabilidad:<\/b><\/p>\n<p>Los tejas de barro de Santa Catarina ofrecen una mayor resistencia y durabilidad que el resto de coberturas de techo. Existen muchos ejemplos de techos con tejas de barro que todav\u00eda est\u00e1n de pie en perfectas condiciones despu\u00e9s de m\u00e1s de 100 a\u00f1os. La permanencia del color con los colores naturales de barro cocida le asegura que el techo nunca aparecer\u00e1 inmutado y a medida que envejece va a mejorar y suavizar.<\/p>\n<p><b>Color:<\/b><\/p>\n<p>Los argumentos m\u00e1s fuertes para tejas de barro se basan en la est\u00e9tica. La amplia gama de colores naturales de rojo quemado a marr\u00f3n y azul puede ser imitada pero nunca reproducida con colorantes artificiales. La permanencia de colores artificiales no est\u00e1 garantizada.<\/p>\n<p><b>Versatilidad:<\/b><\/p>\n<p>El tama\u00f1o peque\u00f1o de las tejas de barro Santa Catarina proporciona al arquitecto una versatilidad para dise\u00f1ar techos de gran creatividad. Las tejas de formato grande simplemente no ofrecen esta flexibilidad.<\/p>\n<p><b>Patrimonio:<\/b><\/p>\n<p>Las tejas de techo de barro forman una parte importante del patrimonio arquitect\u00f3nico de Portugal y Europa. Los planificadores y arquitectos que est\u00e1n interesados del preservar la identidad regional est\u00e1n dispuestos a especificar tejas de barro<\/p>\n<p><b>Sostentabilidad:<\/b><\/p>\n<p>Las tejas de barro Santa Catarina son un producto sostenible, la longevidad del barro significa que la energ\u00eda y las materias primas que se utilizan en su producci\u00f3n y su desplazamiento val\u00edan por toda la vida \u00fatil del techo, que en el caso de la mayor\u00eda de los techos de teja de barro, sobrepasa 100 a\u00f1os..<\/p>\n<p><b>A recordar:<\/b><\/p>\n<p>La belleza de los colores naturales del barro no tiene rival.<\/p>\n<p>Tejas de barro suavizan y mejoran con el paso de tiempo. Los colores artificiales de las tejas de hormig\u00f3n se desvanecen ( mira unos techos de hormig\u00f3n de 20 y 30 anos y comp\u00e1ralos con los techos tejas de barro).[\/vc_column_text][\/vc_column][\/vc_row]<\/p>\n<\/div>","protected":false},"excerpt":{"rendered":"<p>[vc_row][vc_column width=\u00bb1\/3&#8243;][vc_single_image image=\u00bb26335&#8243; img_size=\u00bbfull\u00bb][vc_single_image image=\u00bb26336&#8243; img_size=\u00bbfull\u00bb][\/vc_column][vc_column width=\u00bb2\/3&#8243;][vc_column_text]En una encuesta sobre tejas en barro llevada a cabo por promotores inmobiliarios, arquitectos, constructores y contratistas de tejados, los<span class=\"excerpt-hellip\"> [\u2026]<\/span><\/p>\n","protected":false},"author":1,"featured_media":0,"parent":0,"menu_order":0,"comment_status":"closed","ping_status":"closed","template":"","meta":{"footnotes":""},"class_list":["post-26333","page","type-page","status-publish","hentry"],"yoast_head":"<!-- This site is optimized with the Yoast SEO plugin v26.9 - https:\/\/yoast.com\/product\/yoast-seo-wordpress\/ -->\n<title>\u00bfpor qu\u00e9 un techo de teja de barro? - Terracota do Algarve<\/title>\n<meta name=\"robots\" content=\"index, follow, max-snippet:-1, max-image-preview:large, max-video-preview:-1\" \/>\n<link rel=\"canonical\" href=\"https:\/\/terracotadoalgarve.com\/es\/por-que-un-techo-de-teja-de-barro\/\" \/>\n<meta property=\"og:locale\" content=\"es_ES\" \/>\n<meta property=\"og:type\" content=\"article\" \/>\n<meta property=\"og:title\" content=\"\u00bfpor qu\u00e9 un techo de teja de barro? - Terracota do Algarve\" \/>\n<meta property=\"og:description\" content=\"[vc_row][vc_column width=\u00bb1\/3&#8243;][vc_single_image image=\u00bb26335&#8243; img_size=\u00bbfull\u00bb][vc_single_image image=\u00bb26336&#8243; img_size=\u00bbfull\u00bb][\/vc_column][vc_column width=\u00bb2\/3&#8243;][vc_column_text]En una encuesta sobre tejas en barro llevada a cabo por promotores inmobiliarios, arquitectos, constructores y contratistas de tejados, los [\u2026]\" \/>\n<meta property=\"og:url\" content=\"https:\/\/terracotadoalgarve.com\/es\/por-que-un-techo-de-teja-de-barro\/\" \/>\n<meta property=\"og:site_name\" content=\"Terracota do Algarve\" \/>\n<meta property=\"article:modified_time\" content=\"2022-04-04T19:46:49+00:00\" \/>\n<meta name=\"twitter:card\" content=\"summary_large_image\" \/>\n<meta name=\"twitter:label1\" content=\"Tiempo de lectura\" \/>\n\t<meta name=\"twitter:data1\" content=\"2 minutos\" \/>\n<script type=\"application\/ld+json\" class=\"yoast-schema-graph\">{\"@context\":\"https:\/\/schema.org\",\"@graph\":[{\"@type\":\"WebPage\",\"@id\":\"https:\/\/terracotadoalgarve.com\/es\/por-que-un-techo-de-teja-de-barro\/\",\"url\":\"https:\/\/terracotadoalgarve.com\/es\/por-que-un-techo-de-teja-de-barro\/\",\"name\":\"\u00bfpor qu\u00e9 un techo de teja de barro? - Terracota do Algarve\",\"isPartOf\":{\"@id\":\"https:\/\/terracotadoalgarve.com\/es\/#website\"},\"datePublished\":\"2021-10-25T11:30:42+00:00\",\"dateModified\":\"2022-04-04T19:46:49+00:00\",\"breadcrumb\":{\"@id\":\"https:\/\/terracotadoalgarve.com\/es\/por-que-un-techo-de-teja-de-barro\/#breadcrumb\"},\"inLanguage\":\"es\",\"potentialAction\":[{\"@type\":\"ReadAction\",\"target\":[\"https:\/\/terracotadoalgarve.com\/es\/por-que-un-techo-de-teja-de-barro\/\"]}]},{\"@type\":\"BreadcrumbList\",\"@id\":\"https:\/\/terracotadoalgarve.com\/es\/por-que-un-techo-de-teja-de-barro\/#breadcrumb\",\"itemListElement\":[{\"@type\":\"ListItem\",\"position\":1,\"name\":\"Home\",\"item\":\"https:\/\/terracotadoalgarve.com\/es\/\"},{\"@type\":\"ListItem\",\"position\":2,\"name\":\"\u00bfpor qu\u00e9 un techo de teja de barro?\"}]},{\"@type\":\"WebSite\",\"@id\":\"https:\/\/terracotadoalgarve.com\/es\/#website\",\"url\":\"https:\/\/terracotadoalgarve.com\/es\/\",\"name\":\"Terracota do Algarve\",\"description\":\"Terracota tiles, Hydraulic cement tiles, Glazed tiles\",\"potentialAction\":[{\"@type\":\"SearchAction\",\"target\":{\"@type\":\"EntryPoint\",\"urlTemplate\":\"https:\/\/terracotadoalgarve.com\/es\/?s={search_term_string}\"},\"query-input\":{\"@type\":\"PropertyValueSpecification\",\"valueRequired\":true,\"valueName\":\"search_term_string\"}}],\"inLanguage\":\"es\"}]}<\/script>\n<!-- \/ Yoast SEO plugin. -->","yoast_head_json":{"title":"\u00bfpor qu\u00e9 un techo de teja de barro? - Terracota do Algarve","robots":{"index":"index","follow":"follow","max-snippet":"max-snippet:-1","max-image-preview":"max-image-preview:large","max-video-preview":"max-video-preview:-1"},"canonical":"https:\/\/terracotadoalgarve.com\/es\/por-que-un-techo-de-teja-de-barro\/","og_locale":"es_ES","og_type":"article","og_title":"\u00bfpor qu\u00e9 un techo de teja de barro? - Terracota do Algarve","og_description":"[vc_row][vc_column width=\u00bb1\/3&#8243;][vc_single_image image=\u00bb26335&#8243; img_size=\u00bbfull\u00bb][vc_single_image image=\u00bb26336&#8243; img_size=\u00bbfull\u00bb][\/vc_column][vc_column width=\u00bb2\/3&#8243;][vc_column_text]En una encuesta sobre tejas en barro llevada a cabo por promotores inmobiliarios, arquitectos, constructores y contratistas de tejados, los [\u2026]","og_url":"https:\/\/terracotadoalgarve.com\/es\/por-que-un-techo-de-teja-de-barro\/","og_site_name":"Terracota do Algarve","article_modified_time":"2022-04-04T19:46:49+00:00","twitter_card":"summary_large_image","twitter_misc":{"Tiempo de lectura":"2 minutos"},"schema":{"@context":"https:\/\/schema.org","@graph":[{"@type":"WebPage","@id":"https:\/\/terracotadoalgarve.com\/es\/por-que-un-techo-de-teja-de-barro\/","url":"https:\/\/terracotadoalgarve.com\/es\/por-que-un-techo-de-teja-de-barro\/","name":"\u00bfpor qu\u00e9 un techo de teja de barro? - Terracota do Algarve","isPartOf":{"@id":"https:\/\/terracotadoalgarve.com\/es\/#website"},"datePublished":"2021-10-25T11:30:42+00:00","dateModified":"2022-04-04T19:46:49+00:00","breadcrumb":{"@id":"https:\/\/terracotadoalgarve.com\/es\/por-que-un-techo-de-teja-de-barro\/#breadcrumb"},"inLanguage":"es","potentialAction":[{"@type":"ReadAction","target":["https:\/\/terracotadoalgarve.com\/es\/por-que-un-techo-de-teja-de-barro\/"]}]},{"@type":"BreadcrumbList","@id":"https:\/\/terracotadoalgarve.com\/es\/por-que-un-techo-de-teja-de-barro\/#breadcrumb","itemListElement":[{"@type":"ListItem","position":1,"name":"Home","item":"https:\/\/terracotadoalgarve.com\/es\/"},{"@type":"ListItem","position":2,"name":"\u00bfpor qu\u00e9 un techo de teja de barro?"}]},{"@type":"WebSite","@id":"https:\/\/terracotadoalgarve.com\/es\/#website","url":"https:\/\/terracotadoalgarve.com\/es\/","name":"Terracota do Algarve","description":"Terracota tiles, Hydraulic cement tiles, Glazed tiles","potentialAction":[{"@type":"SearchAction","target":{"@type":"EntryPoint","urlTemplate":"https:\/\/terracotadoalgarve.com\/es\/?s={search_term_string}"},"query-input":{"@type":"PropertyValueSpecification","valueRequired":true,"valueName":"search_term_string"}}],"inLanguage":"es"}]}},"_links":{"self":[{"href":"https:\/\/terracotadoalgarve.com\/es\/wp-json\/wp\/v2\/pages\/26333","targetHints":{"allow":["GET"]}}],"collection":[{"href":"https:\/\/terracotadoalgarve.com\/es\/wp-json\/wp\/v2\/pages"}],"about":[{"href":"https:\/\/terracotadoalgarve.com\/es\/wp-json\/wp\/v2\/types\/page"}],"author":[{"embeddable":true,"href":"https:\/\/terracotadoalgarve.com\/es\/wp-json\/wp\/v2\/users\/1"}],"replies":[{"embeddable":true,"href":"https:\/\/terracotadoalgarve.com\/es\/wp-json\/wp\/v2\/comments?post=26333"}],"version-history":[{"count":0,"href":"https:\/\/terracotadoalgarve.com\/es\/wp-json\/wp\/v2\/pages\/26333\/revisions"}],"wp:attachment":[{"href":"https:\/\/terracotadoalgarve.com\/es\/wp-json\/wp\/v2\/media?parent=26333"}],"curies":[{"name":"wp","href":"https:\/\/api.w.org\/{rel}","templated":true}]}}