{"id":26329,"date":"2021-10-25T10:48:01","date_gmt":"2021-10-25T10:48:01","guid":{"rendered":"https:\/\/terracotadoalgarve.com\/es\/?page_id=26329"},"modified":"2022-06-13T12:11:22","modified_gmt":"2022-06-13T12:11:22","slug":"cuidado-y-su-aplicacion-en-el-tratamiento-de-terracota","status":"publish","type":"page","link":"https:\/\/terracotadoalgarve.com\/es\/cuidado-y-su-aplicacion-en-el-tratamiento-de-terracota\/","title":{"rendered":"Cuidado y su aplicaci\u00f3n en el tratamiento de Terracota"},"content":{"rendered":"<div class=\"wpb-content-wrapper\"><p>[vc_row][vc_column width=\u00bb1\/4&#8243;][vc_single_image image=\u00bb26330&#8243; img_size=\u00bbfull\u00bb][\/vc_column][vc_column width=\u00bb3\/4&#8243;][vc_column_text]Para la soluci\u00f3n de pavimento no tendr\u00e1 que ser diferente de la utilizada para nivelar la soluci\u00f3n de otros pisos de cer\u00e1mica, excepto el de Santa Catarina baldosas por lo general tienen un mayor grosor (unos 2 cm).<\/p>\n<p>Hoy en d\u00eda nuestra baldosa se coloca con el pegamento del azulejo, dejando un conjunto que var\u00eda entre 1-2cm, dependiendo del gusto del cliente y que luego se puede llenar con una masa apropiada para las articulaciones o, simplemente, con mortero de cemento y arena.<\/p>\n<p>Despu\u00e9s de terminar la colocaci\u00f3n y rejuntado, el final tambi\u00e9n depende en gran medida de la voluntad de las instalaciones del cliente o de la dependencia y la casa donde se encuentra la pieza.<\/p>\n<p>Despu\u00e9s de una buena limpieza, siempre tratando de evitar el uso m\u00e1ximo de productos qu\u00edmicos perjudiciales, los cuadros pueden mantener su apariencia natural, sin ning\u00fan tipo de acabado.<\/p>\n<p>El manual de terracota, incluso sin tratamiento, est\u00e1 preparado para soportar las diversas condiciones meteorol\u00f3gicas y el uso normal para este tipo de productos, la artesan\u00eda de la naturaleza.<\/p>\n<p>A pesar de esto, y c\u00f3mo este tipo de azulejo es poroso, como sin esmaltar piedra y otros materiales de cer\u00e1mica, puede absorber el agua, adem\u00e1s de otros productos no deseados, tales como aceites y grasas que se vierten sobre ellos.<\/p>\n<p>Si est\u00e1s es un sitio donde hay peligro de contacto con estos productos que pueden causar manchas, un sellador se puede aplicar con \u00a0el objetivo de tapar los poros y prevenir este problema.<\/p>\n<p>Tambi\u00e9n se puede utilizar una cera o barniz acr\u00edlico interior de afilar o aclarar la baldosa, si desea un mayor contraste. Debido a que estamos interesados en que nuestro material se aplique y se trate de forma \u00f3ptima, y con el objetivo de prevenir\u00a0 e ayudar a nuestros clientes, aqu\u00ed tiene algunos consejos para seguir \u00a0en la aplicaci\u00f3n y gesti\u00f3n, presentes\u00a0 en los manuales de terracota:<\/p>\n<ol>\n<li>La colocaci\u00f3n de la baldosa o cualquier otra pieza de barro cocido, sino tambi\u00e9n la aplicaci\u00f3n de productos de tratamiento s\u00f3lo debe ser realizada al menos un mes despu\u00e9s de la ejecuci\u00f3n de betomillas.<\/li>\n<li>los productos de tratamiento no deben aplicarse a temperaturas inferiores a +5 \u00ba C, si llueve o hay demasiada humedad en el aire debe esperar un tiempo m\u00e1s seco para secar el pavimento por completo.Tamb\u00e9m no debe aplicarse a superficies muy calientes o \u00a0que hayan sido expuestas directamente al sol en las horas de punta.<\/li>\n<li>No almacenar los productos de tratamiento a temperaturas inferiores a 0 \u00b0 C. El per\u00edodo de almacenamiento no debe ser mayor que la indicada por el fabricante (generalmente de 1 a 2 a\u00f1os).<\/li>\n<li>los productos de tratamiento se deben agitar bien antes de la aplicaci\u00f3n.<\/li>\n<li>Inmediatamente antes de la aplicaci\u00f3n de productos de tratamiento es esencial que el barro est\u00e9 l\u00edmpio, seco (24 a 36 horas a 20 \u00ba C)\u00a0 sino tambi\u00e9n \u00a0libre de otros contaminantes como el petr\u00f3leo u otros restos \u00a0de cemento. De lo contrario los poros estar\u00edan\u00a0 llenos de \u00e1gua u otro producto y no permitir\u00edan\u00a0 \u00a0la penetraci\u00f3n del impermeabilizante, \u00a0por lo que el estracto superficial formado seria demasiado sutil \u00a0y se destacaria com mucha facilidad. despu\u00e9s de alg\u00fan tiempo.<\/li>\n<li>Tambi\u00e9n puede ser un factor negativo \u00a0la aplicaci\u00f3n de productos qu\u00edmicos ,de cualquier superficie, incluidos los abonos y fertilizantes de otra \u00edndole aplicados en los jardines adyacentes.<\/li>\n<\/ol>\n<p>IMP: Las indicaciones generales que se describen aqu\u00ed se obtuvieron mediante el recogimiento de informaci\u00f3n proveniente de empresas o sus representantes t\u00e9cnicos y no significa que no tengamos que hacernos\u00a0 con la informaci\u00f3n t\u00e9cnica espec\u00edfica para cada producto, suministrada por el fabricante y \/ o representante.[\/vc_column_text][\/vc_column][\/vc_row]<\/p>\n<\/div>","protected":false},"excerpt":{"rendered":"<p>[vc_row][vc_column width=\u00bb1\/4&#8243;][vc_single_image image=\u00bb26330&#8243; img_size=\u00bbfull\u00bb][\/vc_column][vc_column width=\u00bb3\/4&#8243;][vc_column_text]Para la soluci\u00f3n de pavimento no tendr\u00e1 que ser diferente de la utilizada para nivelar la soluci\u00f3n de otros pisos de cer\u00e1mica,<span class=\"excerpt-hellip\"> [\u2026]<\/span><\/p>\n","protected":false},"author":1,"featured_media":0,"parent":0,"menu_order":0,"comment_status":"closed","ping_status":"closed","template":"","meta":{"footnotes":""},"class_list":["post-26329","page","type-page","status-publish","hentry"],"yoast_head":"<!-- This site is optimized with the Yoast SEO plugin v26.9 - https:\/\/yoast.com\/product\/yoast-seo-wordpress\/ -->\n<title>Cuidado y su aplicaci\u00f3n en el tratamiento de Terracota - Terracota do Algarve<\/title>\n<meta name=\"robots\" content=\"index, follow, max-snippet:-1, max-image-preview:large, max-video-preview:-1\" \/>\n<link rel=\"canonical\" href=\"https:\/\/terracotadoalgarve.com\/es\/cuidado-y-su-aplicacion-en-el-tratamiento-de-terracota\/\" \/>\n<meta property=\"og:locale\" content=\"es_ES\" \/>\n<meta property=\"og:type\" content=\"article\" \/>\n<meta property=\"og:title\" content=\"Cuidado y su aplicaci\u00f3n en el tratamiento de Terracota - Terracota do Algarve\" \/>\n<meta property=\"og:description\" content=\"[vc_row][vc_column width=\u00bb1\/4&#8243;][vc_single_image image=\u00bb26330&#8243; img_size=\u00bbfull\u00bb][\/vc_column][vc_column width=\u00bb3\/4&#8243;][vc_column_text]Para la soluci\u00f3n de pavimento no tendr\u00e1 que ser diferente de la utilizada para nivelar la soluci\u00f3n de otros pisos de cer\u00e1mica, [\u2026]\" \/>\n<meta property=\"og:url\" content=\"https:\/\/terracotadoalgarve.com\/es\/cuidado-y-su-aplicacion-en-el-tratamiento-de-terracota\/\" \/>\n<meta property=\"og:site_name\" content=\"Terracota do Algarve\" \/>\n<meta property=\"article:modified_time\" content=\"2022-06-13T12:11:22+00:00\" \/>\n<meta name=\"twitter:card\" content=\"summary_large_image\" \/>\n<meta name=\"twitter:label1\" content=\"Tiempo de lectura\" \/>\n\t<meta name=\"twitter:data1\" content=\"3 minutos\" \/>\n<script type=\"application\/ld+json\" class=\"yoast-schema-graph\">{\"@context\":\"https:\/\/schema.org\",\"@graph\":[{\"@type\":\"WebPage\",\"@id\":\"https:\/\/terracotadoalgarve.com\/es\/cuidado-y-su-aplicacion-en-el-tratamiento-de-terracota\/\",\"url\":\"https:\/\/terracotadoalgarve.com\/es\/cuidado-y-su-aplicacion-en-el-tratamiento-de-terracota\/\",\"name\":\"Cuidado y su aplicaci\u00f3n en el tratamiento de Terracota - Terracota do Algarve\",\"isPartOf\":{\"@id\":\"https:\/\/terracotadoalgarve.com\/es\/#website\"},\"datePublished\":\"2021-10-25T10:48:01+00:00\",\"dateModified\":\"2022-06-13T12:11:22+00:00\",\"breadcrumb\":{\"@id\":\"https:\/\/terracotadoalgarve.com\/es\/cuidado-y-su-aplicacion-en-el-tratamiento-de-terracota\/#breadcrumb\"},\"inLanguage\":\"es\",\"potentialAction\":[{\"@type\":\"ReadAction\",\"target\":[\"https:\/\/terracotadoalgarve.com\/es\/cuidado-y-su-aplicacion-en-el-tratamiento-de-terracota\/\"]}]},{\"@type\":\"BreadcrumbList\",\"@id\":\"https:\/\/terracotadoalgarve.com\/es\/cuidado-y-su-aplicacion-en-el-tratamiento-de-terracota\/#breadcrumb\",\"itemListElement\":[{\"@type\":\"ListItem\",\"position\":1,\"name\":\"Home\",\"item\":\"https:\/\/terracotadoalgarve.com\/es\/\"},{\"@type\":\"ListItem\",\"position\":2,\"name\":\"Cuidado y su aplicaci\u00f3n en el tratamiento de Terracota\"}]},{\"@type\":\"WebSite\",\"@id\":\"https:\/\/terracotadoalgarve.com\/es\/#website\",\"url\":\"https:\/\/terracotadoalgarve.com\/es\/\",\"name\":\"Terracota do Algarve\",\"description\":\"Terracota tiles, Hydraulic cement tiles, Glazed tiles\",\"potentialAction\":[{\"@type\":\"SearchAction\",\"target\":{\"@type\":\"EntryPoint\",\"urlTemplate\":\"https:\/\/terracotadoalgarve.com\/es\/?s={search_term_string}\"},\"query-input\":{\"@type\":\"PropertyValueSpecification\",\"valueRequired\":true,\"valueName\":\"search_term_string\"}}],\"inLanguage\":\"es\"}]}<\/script>\n<!-- \/ Yoast SEO plugin. -->","yoast_head_json":{"title":"Cuidado y su aplicaci\u00f3n en el tratamiento de Terracota - Terracota do Algarve","robots":{"index":"index","follow":"follow","max-snippet":"max-snippet:-1","max-image-preview":"max-image-preview:large","max-video-preview":"max-video-preview:-1"},"canonical":"https:\/\/terracotadoalgarve.com\/es\/cuidado-y-su-aplicacion-en-el-tratamiento-de-terracota\/","og_locale":"es_ES","og_type":"article","og_title":"Cuidado y su aplicaci\u00f3n en el tratamiento de Terracota - Terracota do Algarve","og_description":"[vc_row][vc_column width=\u00bb1\/4&#8243;][vc_single_image image=\u00bb26330&#8243; img_size=\u00bbfull\u00bb][\/vc_column][vc_column width=\u00bb3\/4&#8243;][vc_column_text]Para la soluci\u00f3n de pavimento no tendr\u00e1 que ser diferente de la utilizada para nivelar la soluci\u00f3n de otros pisos de cer\u00e1mica, [\u2026]","og_url":"https:\/\/terracotadoalgarve.com\/es\/cuidado-y-su-aplicacion-en-el-tratamiento-de-terracota\/","og_site_name":"Terracota do Algarve","article_modified_time":"2022-06-13T12:11:22+00:00","twitter_card":"summary_large_image","twitter_misc":{"Tiempo de lectura":"3 minutos"},"schema":{"@context":"https:\/\/schema.org","@graph":[{"@type":"WebPage","@id":"https:\/\/terracotadoalgarve.com\/es\/cuidado-y-su-aplicacion-en-el-tratamiento-de-terracota\/","url":"https:\/\/terracotadoalgarve.com\/es\/cuidado-y-su-aplicacion-en-el-tratamiento-de-terracota\/","name":"Cuidado y su aplicaci\u00f3n en el tratamiento de Terracota - Terracota do Algarve","isPartOf":{"@id":"https:\/\/terracotadoalgarve.com\/es\/#website"},"datePublished":"2021-10-25T10:48:01+00:00","dateModified":"2022-06-13T12:11:22+00:00","breadcrumb":{"@id":"https:\/\/terracotadoalgarve.com\/es\/cuidado-y-su-aplicacion-en-el-tratamiento-de-terracota\/#breadcrumb"},"inLanguage":"es","potentialAction":[{"@type":"ReadAction","target":["https:\/\/terracotadoalgarve.com\/es\/cuidado-y-su-aplicacion-en-el-tratamiento-de-terracota\/"]}]},{"@type":"BreadcrumbList","@id":"https:\/\/terracotadoalgarve.com\/es\/cuidado-y-su-aplicacion-en-el-tratamiento-de-terracota\/#breadcrumb","itemListElement":[{"@type":"ListItem","position":1,"name":"Home","item":"https:\/\/terracotadoalgarve.com\/es\/"},{"@type":"ListItem","position":2,"name":"Cuidado y su aplicaci\u00f3n en el tratamiento de Terracota"}]},{"@type":"WebSite","@id":"https:\/\/terracotadoalgarve.com\/es\/#website","url":"https:\/\/terracotadoalgarve.com\/es\/","name":"Terracota do Algarve","description":"Terracota tiles, Hydraulic cement tiles, Glazed tiles","potentialAction":[{"@type":"SearchAction","target":{"@type":"EntryPoint","urlTemplate":"https:\/\/terracotadoalgarve.com\/es\/?s={search_term_string}"},"query-input":{"@type":"PropertyValueSpecification","valueRequired":true,"valueName":"search_term_string"}}],"inLanguage":"es"}]}},"_links":{"self":[{"href":"https:\/\/terracotadoalgarve.com\/es\/wp-json\/wp\/v2\/pages\/26329","targetHints":{"allow":["GET"]}}],"collection":[{"href":"https:\/\/terracotadoalgarve.com\/es\/wp-json\/wp\/v2\/pages"}],"about":[{"href":"https:\/\/terracotadoalgarve.com\/es\/wp-json\/wp\/v2\/types\/page"}],"author":[{"embeddable":true,"href":"https:\/\/terracotadoalgarve.com\/es\/wp-json\/wp\/v2\/users\/1"}],"replies":[{"embeddable":true,"href":"https:\/\/terracotadoalgarve.com\/es\/wp-json\/wp\/v2\/comments?post=26329"}],"version-history":[{"count":0,"href":"https:\/\/terracotadoalgarve.com\/es\/wp-json\/wp\/v2\/pages\/26329\/revisions"}],"wp:attachment":[{"href":"https:\/\/terracotadoalgarve.com\/es\/wp-json\/wp\/v2\/media?parent=26329"}],"curies":[{"name":"wp","href":"https:\/\/api.w.org\/{rel}","templated":true}]}}