{"id":26299,"date":"2021-10-25T10:38:32","date_gmt":"2021-10-25T10:38:32","guid":{"rendered":"https:\/\/terracotadoalgarve.com\/es\/?page_id=26299"},"modified":"2022-05-09T18:48:11","modified_gmt":"2022-05-09T18:48:11","slug":"proceso-de-produccion","status":"publish","type":"page","link":"https:\/\/terracotadoalgarve.com\/es\/proceso-de-produccion\/","title":{"rendered":"Proceso de producci\u00f3n"},"content":{"rendered":"<div class=\"wpb-content-wrapper\"><p>[vc_row][vc_column width=\u00bb1\/3&#8243;][vc_video link=\u00bbhttps:\/\/www.youtube.com\/watch?v=yzL2zGJva5o\u00bb][\/vc_column][vc_column width=\u00bb2\/3&#8243;][vc_column_text]En nuestro caso concreto, la arcilla se produce manualmente para mantener las caracter\u00edsticas originales del producto. Pasa por varias fases que intentaremos explicar con detalle.<\/p>\n<div class=\"post-entry post-entry-type-page post-entry-3561\">\n<div class=\"entry-content-wrapper clearfix\">\n<div class=\"flex_column av_one_full flex_column_div av-zero-column-padding first avia-builder-el-4 el_after_av_three_fifth el_before_av_one_full \">\n<section class=\"av_textblock_section \">\n<div class=\"avia_textblock \">\n<h3>Extracci\u00f3n de la arcilla<\/h3>\n<p>Se extraen dos tipos de arcilla, roja y blanca, que despu\u00e9s de ser combinadas en la proporci\u00f3n adecuada, dar\u00e1n lugar a la materia prima que es usada en azulejos y otros productos. Durante el proceso de extracci\u00f3n es necesario ser cuidadoso y hacer una buena limpieza alrededor de la veta de arcilla para que no est\u00e9 contaminada con piedras, suciedad o con cualquier otro material que pueda da\u00f1ar la calidad de la arcilla. Ambos tipos de arcilla, roja y blanca, son transportados en camiones para cer\u00e1micas y son almacenados en lotes separados, siendo mezclados solamente en el momento en el que tiene lugar la fase de preparaci\u00f3n de la pasta. Esto se debe a que no siempre usamos la misma cantidad de ambas, ya que depende del tipo de Terracota que queramos producir y del resultado final que queramos, del tono, etc.<strong><em><br \/>\n<\/em><\/strong><\/p>\n<h3>Preparaci\u00f3n de la pasta<\/h3>\n<p>La arcilla se mezcla primero en la proporci\u00f3n deseada, antes de ser aplastada y amasada, adquiriendo una consistencia similar a la plastilina. Se deja reposar la pasta durante alg\u00fan tiempo para que adquiera una mejor consistencia, de manera que pueda ser moldeada en varias formas y tama\u00f1os. Esta es la \u00fanica fase en la que las m\u00e1quinas son usadas para facilitar el proceso. Hasta hace relativamente pocos a\u00f1os, todo el trabajo de preparaci\u00f3n de la pasta era hecho manualmente, lo que adem\u00e1s de ser un trabajo muy duro, llegaba a ser insoportablemente caro.<\/p>\n<h3>Moldeado de la Terracota<\/h3>\n<p>A partir de aqu\u00ed nuestro proceso de fabricaci\u00f3n es diferente, ya que los azulejos, ladrillos y otras piezas decorativas son todos moldeados a mano, uno a uno, dando a cada pieza una apariencia \u00fanica. Todav\u00eda tenemos dos formas de hacer la terracota, que depende esencialmente de la manera en que sacamos la pasta del molde: con arena o con agua. La mayor\u00eda de la terracota que producimos como un acabado natural de arcilla tiene el color original de la pasta que es moldeada. Sin embargo, los famosos \u201cAzulejos de Santa Catarina\u201d tienen un acabado con arcilla blanca con algunas vetas verticales hechas con los dedos de la persona que los moldea en el mismo momento en que lo hace. En la fase de moldeado, el trabajo se realiza por equipos de dos personas: uno que da forma a la terracota y otro que hace los acabados y los pone en secadoras.<\/p>\n<h3>Secado<\/h3>\n<p>Es necesario que la arcilla se seque por complete antes de ir al horno. El tiempo de secado puede durar una semana en verano, o m\u00e1s de un mes en invierno. Es ocurre porque el secado se hace de manera natural a temperatura ambiente. En esta fase algunas partes pueden agrietarse o deformarse si hay grandes cambios de temperatura. Esto ocurre especialmente en las piezas de mayor tama\u00f1o: terracota 40x40cm y 30x30cm.<\/p>\n<h3>Cocci\u00f3n<\/h3>\n<p>Despu\u00e9s de ser secada, la arcilla se introduce en el horno donde se coloca por capas: en la parte inferior del horno colocamos los ladrillos \u201cladrillo burrito\u201d, luego los azulejos de diferentes formas y tama\u00f1os, y finalmente, en la parte superior, las piezas m\u00e1s peque\u00f1as y los azulejos. Y despu\u00e9s de unas pocas horas de precalentamiento, los azulejos son cocidos lentamente en el horno, durante m\u00e1s de 30 horas, adquiriendo un matiz natural. El horno funciona con madera, serr\u00edn y orujo de oliva.<\/p>\n<h3>Sacar del molde y entarimar<\/h3>\n<p>Despu\u00e9s de que termine el proceso de cocci\u00f3n, es necesario esperar de cuatro a cinco d\u00edas a que se enfr\u00ede el horno. Solamente entonces se podr\u00e1n sacar las piezas del molde. El proceso se hace completamente de forma manual: el material es sacado del horno, separado, seleccionado y colocado en paletas. \u00a1Entonces es cuando la terracota est\u00e1 lista para los clientes!<br \/>\nAs\u00ed obtenemos un suelo suave ligeramente rosado, que solo es posible de conseguir a trav\u00e9s de una combinaci\u00f3n de excelentes materias primas con un proceso artesanal, capaz de inspirar una sensaci\u00f3n natural y acogedora en su hogar.<\/p>\n<\/div>\n<\/section>\n<\/div>\n<div class=\"flex_column av_one_full flex_column_div av-zero-column-padding first avia-builder-el-8 el_after_av_one_full avia-builder-el-last column-top-margin\">\n<section class=\"av_textblock_section \">\n<div class=\"avia_textblock \">\n<h3>Moldagem da terracota<\/h3>\n<p>\u00c9 a partir daqui que o nosso processo de fabrico se distingue, j\u00e1 que os ladrilhos, tijolos e outras pe\u00e7as decorativas s\u00e3o todos moldados \u00e0 m\u00e3o, um a um, conferindo a cada pe\u00e7a um aspecto \u00fanico. Temos ainda assim dois modos diferentes de produzir a terracota, que dependem essencialmente da maneira como se desmolda a pasta: a terracota desenformada a areia e a desenformada a \u00e1gua. A maioria da terracota que produzimos fica com um acabamento de barro ao natural, isto \u00e9, com a cor original da pasta que \u00e9 moldada. Contudo, os chamados \u201cLadrilhos Santa Catarina\u201d levam um acabamento com barro branco sob a forma de umas riscas verticais feitas com os dedos pela pr\u00f3pria pessoa que os molda, nesse mesmo momento. Na fase da moldagem o trabalho \u00e9 feito por equipas de duas pessoas: o que molda a terracota e o que d\u00e1 o acabamento final e coloca nos secadores.<\/p>\n<h3>Secagem<\/h3>\n<p>A terracota precisa secar totalmente antes de seguir para o forno e o tempo de secagem pode ir de uma semana no Ver\u00e3o at\u00e9 mais de um m\u00eas no Inverno. Isto acontece porque a secagem \u00e9 feita naturalmente, \u00e0 temperatura ambiente. Nesta fase algumas pe\u00e7as podem rachar ou empenar, em caso de grande amplitude t\u00e9rmica. Isto acontece principalmente com as pe\u00e7as de maior dimens\u00e3o: terracota 30\u00d730 cm, 40\u00d740 cm e 50\u00d750 cm.<\/p>\n<h3>Preparar para a enforna<\/h3>\n<p>Depois de secos os ladrilhos s\u00e3o retirados dos secadores, tendo o cuidado de separar aqueles que tenham rachado ou empenado durante a secagem. Nesta fase chegam a perder-se 10% a 20% das pe\u00e7as, principalmente no Ver\u00e3o quando se atingem temperaturas muito altas.<\/p>\n<h3>Enforna<\/h3>\n<p>A terracota \u00e9 levada para o forno onde \u00e9 enfornada por camadas: na parte inferior do forno \u00e9 colocado o tijolo burro, em seguida os ladrilhos com formatos e tamanhos m\u00e9dios, e finalmente na parte superior as pe\u00e7as e ladrilhos mais pequenos.<\/p>\n<h3>Cozedura<\/h3>\n<p>Em seguida e depois de algumas horas de pr\u00e9-aquecimento, os ladrilhos s\u00e3o cozidos lentamente no forno ao longo de mais de 36 horas, adquirindo uma tonalidade natural. O forno \u00e9 alimentado com madeira, serradura, baga\u00e7o de azeitona e restos de corti\u00e7a.<\/p>\n<h3>Desenforna e Paletiza\u00e7\u00e3o<\/h3>\n<p>Ap\u00f3s terminar a cozedura \u00e9 necess\u00e1rio esperar quatro a cinco dias para que o forno arrefe\u00e7a, s\u00f3 ent\u00e3o \u00e9 feita a desenforna. Todo este processo \u00e9 feito manualmente: o material \u00e9 retirado do forno, separado, seleccionado e colocado em paletes. A terracota est\u00e1 pronta a seguir para o cliente!<\/p>\n<p>Obtemos assim um ch\u00e3o em tons suaves ligeiramente rosados, s\u00f3 poss\u00edvel atrav\u00e9s da combina\u00e7\u00e3o de uma excelente mat\u00e9ria-prima com um processo de fabrico artesanal, capaz de inspirar um ambiente natural e acolhedor na sua habita\u00e7\u00e3o.<\/p>\n<\/div>\n<\/section>\n<\/div>\n<\/div>\n<\/div>\n<p>[\/vc_column_text][vc_gallery type=\u00bbflexslider_slide\u00bb interval=\u00bb3&#8243; images=\u00bb26301,26302,26303,26304,26305,26306,26307,26308,26309,26310,26311,26312,26313,26314,26315,26316,26317,26318,26319,26320&#8243;][\/vc_column][\/vc_row]<\/p>\n<\/div>","protected":false},"excerpt":{"rendered":"<p>[vc_row][vc_column width=\u00bb1\/3&#8243;][vc_video link=\u00bbhttps:\/\/www.youtube.com\/watch?v=yzL2zGJva5o\u00bb][\/vc_column][vc_column width=\u00bb2\/3&#8243;][vc_column_text]En nuestro caso concreto, la arcilla se produce manualmente para mantener las caracter\u00edsticas originales del producto. Pasa por varias fases que intentaremos explicar<span class=\"excerpt-hellip\"> [\u2026]<\/span><\/p>\n","protected":false},"author":1,"featured_media":0,"parent":0,"menu_order":0,"comment_status":"closed","ping_status":"closed","template":"","meta":{"footnotes":""},"class_list":["post-26299","page","type-page","status-publish","hentry"],"yoast_head":"<!-- This site is optimized with the Yoast SEO plugin v26.9 - https:\/\/yoast.com\/product\/yoast-seo-wordpress\/ -->\n<title>Proceso de producci\u00f3n - Terracota do Algarve<\/title>\n<meta name=\"robots\" content=\"index, follow, max-snippet:-1, max-image-preview:large, max-video-preview:-1\" \/>\n<link rel=\"canonical\" href=\"https:\/\/terracotadoalgarve.com\/es\/proceso-de-produccion\/\" \/>\n<meta property=\"og:locale\" content=\"es_ES\" \/>\n<meta property=\"og:type\" content=\"article\" \/>\n<meta property=\"og:title\" content=\"Proceso de producci\u00f3n - Terracota do Algarve\" \/>\n<meta property=\"og:description\" content=\"[vc_row][vc_column width=\u00bb1\/3&#8243;][vc_video link=\u00bbhttps:\/\/www.youtube.com\/watch?v=yzL2zGJva5o\u00bb][\/vc_column][vc_column width=\u00bb2\/3&#8243;][vc_column_text]En nuestro caso concreto, la arcilla se produce manualmente para mantener las caracter\u00edsticas originales del producto. Pasa por varias fases que intentaremos explicar [\u2026]\" \/>\n<meta property=\"og:url\" content=\"https:\/\/terracotadoalgarve.com\/es\/proceso-de-produccion\/\" \/>\n<meta property=\"og:site_name\" content=\"Terracota do Algarve\" \/>\n<meta property=\"article:modified_time\" content=\"2022-05-09T18:48:11+00:00\" \/>\n<meta name=\"twitter:card\" content=\"summary_large_image\" \/>\n<meta name=\"twitter:label1\" content=\"Tiempo de lectura\" \/>\n\t<meta name=\"twitter:data1\" content=\"6 minutos\" \/>\n<script type=\"application\/ld+json\" class=\"yoast-schema-graph\">{\"@context\":\"https:\/\/schema.org\",\"@graph\":[{\"@type\":\"WebPage\",\"@id\":\"https:\/\/terracotadoalgarve.com\/es\/proceso-de-produccion\/\",\"url\":\"https:\/\/terracotadoalgarve.com\/es\/proceso-de-produccion\/\",\"name\":\"Proceso de producci\u00f3n - Terracota do Algarve\",\"isPartOf\":{\"@id\":\"https:\/\/terracotadoalgarve.com\/es\/#website\"},\"datePublished\":\"2021-10-25T10:38:32+00:00\",\"dateModified\":\"2022-05-09T18:48:11+00:00\",\"breadcrumb\":{\"@id\":\"https:\/\/terracotadoalgarve.com\/es\/proceso-de-produccion\/#breadcrumb\"},\"inLanguage\":\"es\",\"potentialAction\":[{\"@type\":\"ReadAction\",\"target\":[\"https:\/\/terracotadoalgarve.com\/es\/proceso-de-produccion\/\"]}]},{\"@type\":\"BreadcrumbList\",\"@id\":\"https:\/\/terracotadoalgarve.com\/es\/proceso-de-produccion\/#breadcrumb\",\"itemListElement\":[{\"@type\":\"ListItem\",\"position\":1,\"name\":\"Home\",\"item\":\"https:\/\/terracotadoalgarve.com\/es\/\"},{\"@type\":\"ListItem\",\"position\":2,\"name\":\"Proceso de producci\u00f3n\"}]},{\"@type\":\"WebSite\",\"@id\":\"https:\/\/terracotadoalgarve.com\/es\/#website\",\"url\":\"https:\/\/terracotadoalgarve.com\/es\/\",\"name\":\"Terracota do Algarve\",\"description\":\"Terracota tiles, Hydraulic cement tiles, Glazed tiles\",\"potentialAction\":[{\"@type\":\"SearchAction\",\"target\":{\"@type\":\"EntryPoint\",\"urlTemplate\":\"https:\/\/terracotadoalgarve.com\/es\/?s={search_term_string}\"},\"query-input\":{\"@type\":\"PropertyValueSpecification\",\"valueRequired\":true,\"valueName\":\"search_term_string\"}}],\"inLanguage\":\"es\"}]}<\/script>\n<!-- \/ Yoast SEO plugin. -->","yoast_head_json":{"title":"Proceso de producci\u00f3n - Terracota do Algarve","robots":{"index":"index","follow":"follow","max-snippet":"max-snippet:-1","max-image-preview":"max-image-preview:large","max-video-preview":"max-video-preview:-1"},"canonical":"https:\/\/terracotadoalgarve.com\/es\/proceso-de-produccion\/","og_locale":"es_ES","og_type":"article","og_title":"Proceso de producci\u00f3n - Terracota do Algarve","og_description":"[vc_row][vc_column width=\u00bb1\/3&#8243;][vc_video link=\u00bbhttps:\/\/www.youtube.com\/watch?v=yzL2zGJva5o\u00bb][\/vc_column][vc_column width=\u00bb2\/3&#8243;][vc_column_text]En nuestro caso concreto, la arcilla se produce manualmente para mantener las caracter\u00edsticas originales del producto. Pasa por varias fases que intentaremos explicar [\u2026]","og_url":"https:\/\/terracotadoalgarve.com\/es\/proceso-de-produccion\/","og_site_name":"Terracota do Algarve","article_modified_time":"2022-05-09T18:48:11+00:00","twitter_card":"summary_large_image","twitter_misc":{"Tiempo de lectura":"6 minutos"},"schema":{"@context":"https:\/\/schema.org","@graph":[{"@type":"WebPage","@id":"https:\/\/terracotadoalgarve.com\/es\/proceso-de-produccion\/","url":"https:\/\/terracotadoalgarve.com\/es\/proceso-de-produccion\/","name":"Proceso de producci\u00f3n - Terracota do Algarve","isPartOf":{"@id":"https:\/\/terracotadoalgarve.com\/es\/#website"},"datePublished":"2021-10-25T10:38:32+00:00","dateModified":"2022-05-09T18:48:11+00:00","breadcrumb":{"@id":"https:\/\/terracotadoalgarve.com\/es\/proceso-de-produccion\/#breadcrumb"},"inLanguage":"es","potentialAction":[{"@type":"ReadAction","target":["https:\/\/terracotadoalgarve.com\/es\/proceso-de-produccion\/"]}]},{"@type":"BreadcrumbList","@id":"https:\/\/terracotadoalgarve.com\/es\/proceso-de-produccion\/#breadcrumb","itemListElement":[{"@type":"ListItem","position":1,"name":"Home","item":"https:\/\/terracotadoalgarve.com\/es\/"},{"@type":"ListItem","position":2,"name":"Proceso de producci\u00f3n"}]},{"@type":"WebSite","@id":"https:\/\/terracotadoalgarve.com\/es\/#website","url":"https:\/\/terracotadoalgarve.com\/es\/","name":"Terracota do Algarve","description":"Terracota tiles, Hydraulic cement tiles, Glazed tiles","potentialAction":[{"@type":"SearchAction","target":{"@type":"EntryPoint","urlTemplate":"https:\/\/terracotadoalgarve.com\/es\/?s={search_term_string}"},"query-input":{"@type":"PropertyValueSpecification","valueRequired":true,"valueName":"search_term_string"}}],"inLanguage":"es"}]}},"_links":{"self":[{"href":"https:\/\/terracotadoalgarve.com\/es\/wp-json\/wp\/v2\/pages\/26299","targetHints":{"allow":["GET"]}}],"collection":[{"href":"https:\/\/terracotadoalgarve.com\/es\/wp-json\/wp\/v2\/pages"}],"about":[{"href":"https:\/\/terracotadoalgarve.com\/es\/wp-json\/wp\/v2\/types\/page"}],"author":[{"embeddable":true,"href":"https:\/\/terracotadoalgarve.com\/es\/wp-json\/wp\/v2\/users\/1"}],"replies":[{"embeddable":true,"href":"https:\/\/terracotadoalgarve.com\/es\/wp-json\/wp\/v2\/comments?post=26299"}],"version-history":[{"count":0,"href":"https:\/\/terracotadoalgarve.com\/es\/wp-json\/wp\/v2\/pages\/26299\/revisions"}],"wp:attachment":[{"href":"https:\/\/terracotadoalgarve.com\/es\/wp-json\/wp\/v2\/media?parent=26299"}],"curies":[{"name":"wp","href":"https:\/\/api.w.org\/{rel}","templated":true}]}}