{"id":26295,"date":"2021-10-25T10:31:05","date_gmt":"2021-10-25T10:31:05","guid":{"rendered":"https:\/\/terracotadoalgarve.com\/es\/?page_id=26295"},"modified":"2022-04-04T19:58:47","modified_gmt":"2022-04-04T19:58:47","slug":"historia-de-la-ceramica","status":"publish","type":"page","link":"https:\/\/terracotadoalgarve.com\/es\/historia-de-la-ceramica\/","title":{"rendered":"Hist\u00f3ria de la cer\u00e1mica"},"content":{"rendered":"<div class=\"wpb-content-wrapper\"><p>[vc_row][vc_column width=\u00bb1\/4&#8243;][vc_single_image image=\u00bb26296&#8243; img_size=\u00bbfull\u00bb][vc_single_image image=\u00bb26297&#8243; img_size=\u00bbfull\u00bb][\/vc_column][vc_column width=\u00bb3\/4&#8243;][vc_column_text]La palabra cer\u00e1mica proviene del t\u00e9rmino griego \u201cKERAMIKE\u201d, que significa arcilla y sirve para nombrar el conjunto de actividades volcadas a la elaboraci\u00f3n de objetos hechos a partir del barro. Eso es posible gracias a la propiedad que posee el barro ( o arcilla )de moldearse f\u00e1cilmente, cogiendo posteriormente la dureza y resistencia necesarias a trav\u00e9s de la cocedura. La cer\u00e1mica ya no era un hecho nuevo antes de que llegaran los Romanos, pero fueron ellos,,, y m\u00e1s tarde, los \u00c1rabes, que hicieron que esta actividad se desarrollara significativamente.<\/p>\n<p>As\u00ed que fueron los \u00c1rabes quienes introdujeron gran parte de las t\u00e9cnicas utilizadas en el proceso de fabricaci\u00f3n de la cer\u00e1mica por lo que todav\u00eda siguen siendo empleadas en la producci\u00f3n de los m\u00e1s dispares objetos y materiales.[\/vc_column_text][\/vc_column][\/vc_row]<\/p>\n<\/div>","protected":false},"excerpt":{"rendered":"<p>[vc_row][vc_column width=\u00bb1\/4&#8243;][vc_single_image image=\u00bb26296&#8243; img_size=\u00bbfull\u00bb][vc_single_image image=\u00bb26297&#8243; img_size=\u00bbfull\u00bb][\/vc_column][vc_column width=\u00bb3\/4&#8243;][vc_column_text]La palabra cer\u00e1mica proviene del t\u00e9rmino griego \u201cKERAMIKE\u201d, que significa arcilla y sirve para nombrar el conjunto de actividades volcadas<span class=\"excerpt-hellip\"> [\u2026]<\/span><\/p>\n","protected":false},"author":1,"featured_media":0,"parent":0,"menu_order":0,"comment_status":"closed","ping_status":"closed","template":"","meta":{"footnotes":""},"class_list":["post-26295","page","type-page","status-publish","hentry"],"yoast_head":"<!-- This site is optimized with the Yoast SEO plugin v26.9 - https:\/\/yoast.com\/product\/yoast-seo-wordpress\/ -->\n<title>Hist\u00f3ria de la cer\u00e1mica - Terracota do Algarve<\/title>\n<meta name=\"robots\" content=\"index, follow, max-snippet:-1, max-image-preview:large, max-video-preview:-1\" \/>\n<link rel=\"canonical\" href=\"https:\/\/terracotadoalgarve.com\/es\/historia-de-la-ceramica\/\" \/>\n<meta property=\"og:locale\" content=\"es_ES\" \/>\n<meta property=\"og:type\" content=\"article\" \/>\n<meta property=\"og:title\" content=\"Hist\u00f3ria de la cer\u00e1mica - Terracota do Algarve\" \/>\n<meta property=\"og:description\" content=\"[vc_row][vc_column width=\u00bb1\/4&#8243;][vc_single_image image=\u00bb26296&#8243; img_size=\u00bbfull\u00bb][vc_single_image image=\u00bb26297&#8243; img_size=\u00bbfull\u00bb][\/vc_column][vc_column width=\u00bb3\/4&#8243;][vc_column_text]La palabra cer\u00e1mica proviene del t\u00e9rmino griego \u201cKERAMIKE\u201d, que significa arcilla y sirve para nombrar el conjunto de actividades volcadas [\u2026]\" \/>\n<meta property=\"og:url\" content=\"https:\/\/terracotadoalgarve.com\/es\/historia-de-la-ceramica\/\" \/>\n<meta property=\"og:site_name\" content=\"Terracota do Algarve\" \/>\n<meta property=\"article:modified_time\" content=\"2022-04-04T19:58:47+00:00\" \/>\n<meta name=\"twitter:card\" content=\"summary_large_image\" \/>\n<meta name=\"twitter:label1\" content=\"Tiempo de lectura\" \/>\n\t<meta name=\"twitter:data1\" content=\"1 minuto\" \/>\n<script type=\"application\/ld+json\" class=\"yoast-schema-graph\">{\"@context\":\"https:\/\/schema.org\",\"@graph\":[{\"@type\":\"WebPage\",\"@id\":\"https:\/\/terracotadoalgarve.com\/es\/historia-de-la-ceramica\/\",\"url\":\"https:\/\/terracotadoalgarve.com\/es\/historia-de-la-ceramica\/\",\"name\":\"Hist\u00f3ria de la cer\u00e1mica - Terracota do Algarve\",\"isPartOf\":{\"@id\":\"https:\/\/terracotadoalgarve.com\/es\/#website\"},\"datePublished\":\"2021-10-25T10:31:05+00:00\",\"dateModified\":\"2022-04-04T19:58:47+00:00\",\"breadcrumb\":{\"@id\":\"https:\/\/terracotadoalgarve.com\/es\/historia-de-la-ceramica\/#breadcrumb\"},\"inLanguage\":\"es\",\"potentialAction\":[{\"@type\":\"ReadAction\",\"target\":[\"https:\/\/terracotadoalgarve.com\/es\/historia-de-la-ceramica\/\"]}]},{\"@type\":\"BreadcrumbList\",\"@id\":\"https:\/\/terracotadoalgarve.com\/es\/historia-de-la-ceramica\/#breadcrumb\",\"itemListElement\":[{\"@type\":\"ListItem\",\"position\":1,\"name\":\"Home\",\"item\":\"https:\/\/terracotadoalgarve.com\/es\/\"},{\"@type\":\"ListItem\",\"position\":2,\"name\":\"Hist\u00f3ria de la cer\u00e1mica\"}]},{\"@type\":\"WebSite\",\"@id\":\"https:\/\/terracotadoalgarve.com\/es\/#website\",\"url\":\"https:\/\/terracotadoalgarve.com\/es\/\",\"name\":\"Terracota do Algarve\",\"description\":\"Terracota tiles, Hydraulic cement tiles, Glazed tiles\",\"potentialAction\":[{\"@type\":\"SearchAction\",\"target\":{\"@type\":\"EntryPoint\",\"urlTemplate\":\"https:\/\/terracotadoalgarve.com\/es\/?s={search_term_string}\"},\"query-input\":{\"@type\":\"PropertyValueSpecification\",\"valueRequired\":true,\"valueName\":\"search_term_string\"}}],\"inLanguage\":\"es\"}]}<\/script>\n<!-- \/ Yoast SEO plugin. -->","yoast_head_json":{"title":"Hist\u00f3ria de la cer\u00e1mica - Terracota do Algarve","robots":{"index":"index","follow":"follow","max-snippet":"max-snippet:-1","max-image-preview":"max-image-preview:large","max-video-preview":"max-video-preview:-1"},"canonical":"https:\/\/terracotadoalgarve.com\/es\/historia-de-la-ceramica\/","og_locale":"es_ES","og_type":"article","og_title":"Hist\u00f3ria de la cer\u00e1mica - Terracota do Algarve","og_description":"[vc_row][vc_column width=\u00bb1\/4&#8243;][vc_single_image image=\u00bb26296&#8243; img_size=\u00bbfull\u00bb][vc_single_image image=\u00bb26297&#8243; img_size=\u00bbfull\u00bb][\/vc_column][vc_column width=\u00bb3\/4&#8243;][vc_column_text]La palabra cer\u00e1mica proviene del t\u00e9rmino griego \u201cKERAMIKE\u201d, que significa arcilla y sirve para nombrar el conjunto de actividades volcadas [\u2026]","og_url":"https:\/\/terracotadoalgarve.com\/es\/historia-de-la-ceramica\/","og_site_name":"Terracota do Algarve","article_modified_time":"2022-04-04T19:58:47+00:00","twitter_card":"summary_large_image","twitter_misc":{"Tiempo de lectura":"1 minuto"},"schema":{"@context":"https:\/\/schema.org","@graph":[{"@type":"WebPage","@id":"https:\/\/terracotadoalgarve.com\/es\/historia-de-la-ceramica\/","url":"https:\/\/terracotadoalgarve.com\/es\/historia-de-la-ceramica\/","name":"Hist\u00f3ria de la cer\u00e1mica - Terracota do Algarve","isPartOf":{"@id":"https:\/\/terracotadoalgarve.com\/es\/#website"},"datePublished":"2021-10-25T10:31:05+00:00","dateModified":"2022-04-04T19:58:47+00:00","breadcrumb":{"@id":"https:\/\/terracotadoalgarve.com\/es\/historia-de-la-ceramica\/#breadcrumb"},"inLanguage":"es","potentialAction":[{"@type":"ReadAction","target":["https:\/\/terracotadoalgarve.com\/es\/historia-de-la-ceramica\/"]}]},{"@type":"BreadcrumbList","@id":"https:\/\/terracotadoalgarve.com\/es\/historia-de-la-ceramica\/#breadcrumb","itemListElement":[{"@type":"ListItem","position":1,"name":"Home","item":"https:\/\/terracotadoalgarve.com\/es\/"},{"@type":"ListItem","position":2,"name":"Hist\u00f3ria de la cer\u00e1mica"}]},{"@type":"WebSite","@id":"https:\/\/terracotadoalgarve.com\/es\/#website","url":"https:\/\/terracotadoalgarve.com\/es\/","name":"Terracota do Algarve","description":"Terracota tiles, Hydraulic cement tiles, Glazed tiles","potentialAction":[{"@type":"SearchAction","target":{"@type":"EntryPoint","urlTemplate":"https:\/\/terracotadoalgarve.com\/es\/?s={search_term_string}"},"query-input":{"@type":"PropertyValueSpecification","valueRequired":true,"valueName":"search_term_string"}}],"inLanguage":"es"}]}},"_links":{"self":[{"href":"https:\/\/terracotadoalgarve.com\/es\/wp-json\/wp\/v2\/pages\/26295","targetHints":{"allow":["GET"]}}],"collection":[{"href":"https:\/\/terracotadoalgarve.com\/es\/wp-json\/wp\/v2\/pages"}],"about":[{"href":"https:\/\/terracotadoalgarve.com\/es\/wp-json\/wp\/v2\/types\/page"}],"author":[{"embeddable":true,"href":"https:\/\/terracotadoalgarve.com\/es\/wp-json\/wp\/v2\/users\/1"}],"replies":[{"embeddable":true,"href":"https:\/\/terracotadoalgarve.com\/es\/wp-json\/wp\/v2\/comments?post=26295"}],"version-history":[{"count":0,"href":"https:\/\/terracotadoalgarve.com\/es\/wp-json\/wp\/v2\/pages\/26295\/revisions"}],"wp:attachment":[{"href":"https:\/\/terracotadoalgarve.com\/es\/wp-json\/wp\/v2\/media?parent=26295"}],"curies":[{"name":"wp","href":"https:\/\/api.w.org\/{rel}","templated":true}]}}