{"id":25848,"date":"2021-10-24T15:26:04","date_gmt":"2021-10-24T15:26:04","guid":{"rendered":"https:\/\/terracotadoalgarve.com\/es\/?page_id=25848"},"modified":"2022-04-04T19:30:56","modified_gmt":"2022-04-04T19:30:56","slug":"decoracion-rustica","status":"publish","type":"page","link":"https:\/\/terracotadoalgarve.com\/es\/decoracion-rustica\/","title":{"rendered":"Decoraci\u00f3n r\u00fastica"},"content":{"rendered":"<div class=\"wpb-content-wrapper\"><p>[vc_row][vc_column width=\u00bb1\/3&#8243;][vc_single_image image=\u00bb25850&#8243; img_size=\u00bbfull\u00bb][\/vc_column][vc_column width=\u00bb2\/3&#8243;][vc_column_text]Cuando construimos una casa o hacemos su remodelaci\u00f3n, la decoraci\u00f3n siempre debe pensarse desde el principio de la obra. En el caso de las casas tradicionales \/ cl\u00e1sicas, no es solo la arquitectura lo que importa, sino que es fundamental complementarlo con muebles r\u00fasticos y otros accesorios capaces de crear el ambiente deseado. Una casa r\u00fastica debe ser c\u00f3moda y funcional, brindarnos momentos de paz y relajaci\u00f3n y, por lo tanto, ser la opci\u00f3n correcta para vacaciones o vivienda permanente. Nuestra casa dice mucho de nosotros, y la decoraci\u00f3n es un reflejo de nuestra personalidad materializada en nuestro espacio diario.<\/p>\n<p>Decorar casas es una tarea dif\u00edcil. Por lo tanto, para que no tenga problemas tanto en la construcci\u00f3n como en la decoraci\u00f3n, debe estar atento a todos los detalles, siempre tratando de encontrar ideas de decoraci\u00f3n original, para no ser simplemente otra casa, como tantas otras. La forma m\u00e1s f\u00e1cil de hacer las cosas es a trav\u00e9s de un decorador profesional, sin embargo, los buenos decoradores son muy caros y no todos podemos pagar tanto dinero. Entonces, con un poco de investigaci\u00f3n y creatividad, podemos lograr el mismo resultado y a\u00fan as\u00ed aprender un poco sobre \u00e9l.<\/p>\n<p>Aqu\u00ed le daremos algunos consejos e ideas para facilitar su trabajo, ya sea en la construcci\u00f3n o remodelaci\u00f3n de la casa, o en su decoraci\u00f3n, una vez finalizados los trabajos. Los factores importantes para elegir la decoraci\u00f3n adecuada son: colores, muebles, elementos decorativos, iluminaci\u00f3n, etc. Todo debe ser de acuerdo con la arquitectura de la casa y con el resultado final. Tambi\u00e9n es muy importante elegir los materiales de construcci\u00f3n que se utilizar\u00e1n: pisos, techos, revestimientos, etc.<\/p>\n<p>Cuando llega el momento de amueblar la casa, tiene dos opciones: usar muebles viejos, bien mantenidos o restaurados, u optar por muebles nuevos, de tipo r\u00fastico. La primera opci\u00f3n tiene la ventaja de comprar muebles genuinos y con ellos un poco de historia. En las casas de campo, la decoraci\u00f3n debe estar de acuerdo con el entorno: los materiales y la decoraci\u00f3n deben estar relacionados con el entorno que rodea a la casa.<\/p>\n<p>La iluminaci\u00f3n tambi\u00e9n es muy importante para crear ambientes agradables. La decoraci\u00f3n r\u00fastica permite una gran variedad de opciones en l\u00e1mparas y accesorios de iluminaci\u00f3n, proporcionando una sensaci\u00f3n agradable a quienes se encuentran en el espacio iluminado. Las l\u00e1mparas pueden tomar muchas formas, pero siempre idealizan una l\u00e1mpara hecha de materiales tradicionales como tela, hierro, madera o terracota.[\/vc_column_text][\/vc_column][\/vc_row][vc_row][vc_column width=\u00bb1\/3&#8243;][vc_single_image image=\u00bb25851&#8243; img_size=\u00bbfull\u00bb][\/vc_column][vc_column width=\u00bb2\/3&#8243;][vc_column_text]Para mantener el esp\u00edritu decorativo r\u00fastico, las habitaciones deben estar decoradas con madera o posiblemente con hierro forjado. Los tejidos naturales tambi\u00e9n encajan muy bien en este tipo de decoraci\u00f3n. Las cortinas de las casas t\u00edpicas no tienen que ser extravagantes, deben estar hechas de telas y varillas simples, para lograr un efecto elegante y contextualizado. Las cortinas pueden adoptar muchas formas y colores, lo que determina la elecci\u00f3n es su gusto personal. Mantas, alfombras y parquet en las habitaciones son imagen de marca en casas r\u00fasticas. Sillones y reposapi\u00e9s proporcionan mayor comodidad.<\/p>\n<p>Es posible utilizar una vieja c\u00f3moda para crear un mueble de ba\u00f1o, quitar la tapa y colocar una tapa de madera, piedra natural o incluso vidrio. Es a su discreci\u00f3n. El uso de ruedas viejas para crear una mesa de caf\u00e9 es una idea original y perfectamente enmarcada en el concepto de decoraci\u00f3n r\u00fastica. Con un pie de madera y una tapa de cristal, el resultado es muy bueno.<\/p>\n<p>Las chimeneas son uno de los sellos distintivos de las casas r\u00fasticas, siendo una \u201cSalamandra\u201d tambi\u00e9n una buena soluci\u00f3n. Lo ideal es tener sof\u00e1s o puf cerca, ya que cuanto mayor sea la comodidad cerca de la chimenea, m\u00e1s tiempo querr\u00e1 pasar al lado. Los cojines de silla de mimbre son una buena soluci\u00f3n de confort: puede usar telas de varios colores. Siempre mantenga un espacio peque\u00f1o para la le\u00f1a. La comodidad proporcionada por una chimenea natural atrae largas horas de conversaci\u00f3n en la noche en los fr\u00edos d\u00edas de invierno.<\/p>\n<p>Una cocina tradicional puede proporcionar todo el confort de una cocina moderna, solo necesita tener los utensilios adecuados. Las encimeras de la cocina adquieren una nueva dimensi\u00f3n en este tipo de decoraci\u00f3n y, a menudo, ver\u00e1 muchos utensilios colgados a lo largo de las paredes. Las tazas que cuelgan dentro y debajo de los muebles colgantes hacen que la decoraci\u00f3n sea a\u00fan m\u00e1s r\u00fastica. Crear una encimera de cocina en este tipo de hogar es f\u00e1cil, simplemente idealice y construya con materiales dentro del contexto: puede jugar con bancos altos para crear un espacio agradable para tomar algo o incluso estar con los amigos m\u00e1s cercanos, tom\u00e1ndose un tiempo juntos. disfrutando de tu hogar.<\/p>\n<p>La particularidad de la decoraci\u00f3n es utilizar todo lo que nos rodea: a veces son las piezas m\u00e1s sencillas las que se destacan. Aqu\u00ed hay algunas soluciones creativas con buenos efectos: cestas, cometas, bancos y perchas de madera son f\u00e1ciles de conseguir y sin duda le dan encanto a la decoraci\u00f3n de un hogar.<\/p>\n<p>La decoraci\u00f3n r\u00fastica puede ser una fuente de inspiraci\u00f3n incluso para los edificios m\u00e1s modernos. Decorar una casa r\u00fastica, adem\u00e1s de ser divertido, nos ayuda a acercarnos a nuestros or\u00edgenes. Estas casas son ideales para aquellos que buscan frescura en el verano y calor en el invierno: las casas de piedra y terracota tienen esta particularidad.<\/p>\n<p>Los escalones se pueden adornar con tapices o forros de alfombras, ideales para quienes aman caminar descalzos por la casa. No se preocupe si su hijo menor camina descalzo, con las alfombras es poco probable que estre\u00f1ida. En superficies demasiado pulidas, es aconsejable colocar tapetes antideslizantes, para que no haya riesgo de que la alfombra se resbale debajo de sus pies.<\/p>\n<p>Otro componente interesante de una casa r\u00fastica es el jard\u00edn, ya que pocas son las casas de la ciudad con un jard\u00edn en armon\u00eda con la naturaleza. Use bancos de madera, coloque un columpio en un \u00e1rbol, haga bancos de piedra o use troncos de \u00e1rboles para crear bancos y sillas, etc. Incluso los bosques m\u00e1s desiguales cobran vida despu\u00e9s de ser tratados.<\/p>\n<p>En resumen, use todo lo que est\u00e1 a su alrededor y recuerde que una casa r\u00fastica es todo lo que una casa adosada no puede ser.[\/vc_column_text][\/vc_column][\/vc_row]<\/p>\n<\/div>","protected":false},"excerpt":{"rendered":"<p>[vc_row][vc_column width=\u00bb1\/3&#8243;][vc_single_image image=\u00bb25850&#8243; img_size=\u00bbfull\u00bb][\/vc_column][vc_column width=\u00bb2\/3&#8243;][vc_column_text]Cuando construimos una casa o hacemos su remodelaci\u00f3n, la decoraci\u00f3n siempre debe pensarse desde el principio de la obra. En el caso<span class=\"excerpt-hellip\"> [\u2026]<\/span><\/p>\n","protected":false},"author":1,"featured_media":0,"parent":0,"menu_order":0,"comment_status":"closed","ping_status":"closed","template":"","meta":{"footnotes":""},"class_list":["post-25848","page","type-page","status-publish","hentry"],"yoast_head":"<!-- This site is optimized with the Yoast SEO plugin v26.9 - https:\/\/yoast.com\/product\/yoast-seo-wordpress\/ -->\n<title>Decoraci\u00f3n r\u00fastica - Terracota do Algarve<\/title>\n<meta name=\"robots\" content=\"index, follow, max-snippet:-1, max-image-preview:large, max-video-preview:-1\" \/>\n<link rel=\"canonical\" href=\"https:\/\/terracotadoalgarve.com\/es\/decoracion-rustica\/\" \/>\n<meta property=\"og:locale\" content=\"es_ES\" \/>\n<meta property=\"og:type\" content=\"article\" \/>\n<meta property=\"og:title\" content=\"Decoraci\u00f3n r\u00fastica - Terracota do Algarve\" \/>\n<meta property=\"og:description\" content=\"[vc_row][vc_column width=\u00bb1\/3&#8243;][vc_single_image image=\u00bb25850&#8243; img_size=\u00bbfull\u00bb][\/vc_column][vc_column width=\u00bb2\/3&#8243;][vc_column_text]Cuando construimos una casa o hacemos su remodelaci\u00f3n, la decoraci\u00f3n siempre debe pensarse desde el principio de la obra. En el caso [\u2026]\" \/>\n<meta property=\"og:url\" content=\"https:\/\/terracotadoalgarve.com\/es\/decoracion-rustica\/\" \/>\n<meta property=\"og:site_name\" content=\"Terracota do Algarve\" \/>\n<meta property=\"article:modified_time\" content=\"2022-04-04T19:30:56+00:00\" \/>\n<meta name=\"twitter:card\" content=\"summary_large_image\" \/>\n<meta name=\"twitter:label1\" content=\"Tiempo de lectura\" \/>\n\t<meta name=\"twitter:data1\" content=\"6 minutos\" \/>\n<script type=\"application\/ld+json\" class=\"yoast-schema-graph\">{\"@context\":\"https:\/\/schema.org\",\"@graph\":[{\"@type\":\"WebPage\",\"@id\":\"https:\/\/terracotadoalgarve.com\/es\/decoracion-rustica\/\",\"url\":\"https:\/\/terracotadoalgarve.com\/es\/decoracion-rustica\/\",\"name\":\"Decoraci\u00f3n r\u00fastica - Terracota do Algarve\",\"isPartOf\":{\"@id\":\"https:\/\/terracotadoalgarve.com\/es\/#website\"},\"datePublished\":\"2021-10-24T15:26:04+00:00\",\"dateModified\":\"2022-04-04T19:30:56+00:00\",\"breadcrumb\":{\"@id\":\"https:\/\/terracotadoalgarve.com\/es\/decoracion-rustica\/#breadcrumb\"},\"inLanguage\":\"es\",\"potentialAction\":[{\"@type\":\"ReadAction\",\"target\":[\"https:\/\/terracotadoalgarve.com\/es\/decoracion-rustica\/\"]}]},{\"@type\":\"BreadcrumbList\",\"@id\":\"https:\/\/terracotadoalgarve.com\/es\/decoracion-rustica\/#breadcrumb\",\"itemListElement\":[{\"@type\":\"ListItem\",\"position\":1,\"name\":\"Home\",\"item\":\"https:\/\/terracotadoalgarve.com\/es\/\"},{\"@type\":\"ListItem\",\"position\":2,\"name\":\"Decoraci\u00f3n r\u00fastica\"}]},{\"@type\":\"WebSite\",\"@id\":\"https:\/\/terracotadoalgarve.com\/es\/#website\",\"url\":\"https:\/\/terracotadoalgarve.com\/es\/\",\"name\":\"Terracota do Algarve\",\"description\":\"Terracota tiles, Hydraulic cement tiles, Glazed tiles\",\"potentialAction\":[{\"@type\":\"SearchAction\",\"target\":{\"@type\":\"EntryPoint\",\"urlTemplate\":\"https:\/\/terracotadoalgarve.com\/es\/?s={search_term_string}\"},\"query-input\":{\"@type\":\"PropertyValueSpecification\",\"valueRequired\":true,\"valueName\":\"search_term_string\"}}],\"inLanguage\":\"es\"}]}<\/script>\n<!-- \/ Yoast SEO plugin. -->","yoast_head_json":{"title":"Decoraci\u00f3n r\u00fastica - Terracota do Algarve","robots":{"index":"index","follow":"follow","max-snippet":"max-snippet:-1","max-image-preview":"max-image-preview:large","max-video-preview":"max-video-preview:-1"},"canonical":"https:\/\/terracotadoalgarve.com\/es\/decoracion-rustica\/","og_locale":"es_ES","og_type":"article","og_title":"Decoraci\u00f3n r\u00fastica - Terracota do Algarve","og_description":"[vc_row][vc_column width=\u00bb1\/3&#8243;][vc_single_image image=\u00bb25850&#8243; img_size=\u00bbfull\u00bb][\/vc_column][vc_column width=\u00bb2\/3&#8243;][vc_column_text]Cuando construimos una casa o hacemos su remodelaci\u00f3n, la decoraci\u00f3n siempre debe pensarse desde el principio de la obra. En el caso [\u2026]","og_url":"https:\/\/terracotadoalgarve.com\/es\/decoracion-rustica\/","og_site_name":"Terracota do Algarve","article_modified_time":"2022-04-04T19:30:56+00:00","twitter_card":"summary_large_image","twitter_misc":{"Tiempo de lectura":"6 minutos"},"schema":{"@context":"https:\/\/schema.org","@graph":[{"@type":"WebPage","@id":"https:\/\/terracotadoalgarve.com\/es\/decoracion-rustica\/","url":"https:\/\/terracotadoalgarve.com\/es\/decoracion-rustica\/","name":"Decoraci\u00f3n r\u00fastica - Terracota do Algarve","isPartOf":{"@id":"https:\/\/terracotadoalgarve.com\/es\/#website"},"datePublished":"2021-10-24T15:26:04+00:00","dateModified":"2022-04-04T19:30:56+00:00","breadcrumb":{"@id":"https:\/\/terracotadoalgarve.com\/es\/decoracion-rustica\/#breadcrumb"},"inLanguage":"es","potentialAction":[{"@type":"ReadAction","target":["https:\/\/terracotadoalgarve.com\/es\/decoracion-rustica\/"]}]},{"@type":"BreadcrumbList","@id":"https:\/\/terracotadoalgarve.com\/es\/decoracion-rustica\/#breadcrumb","itemListElement":[{"@type":"ListItem","position":1,"name":"Home","item":"https:\/\/terracotadoalgarve.com\/es\/"},{"@type":"ListItem","position":2,"name":"Decoraci\u00f3n r\u00fastica"}]},{"@type":"WebSite","@id":"https:\/\/terracotadoalgarve.com\/es\/#website","url":"https:\/\/terracotadoalgarve.com\/es\/","name":"Terracota do Algarve","description":"Terracota tiles, Hydraulic cement tiles, Glazed tiles","potentialAction":[{"@type":"SearchAction","target":{"@type":"EntryPoint","urlTemplate":"https:\/\/terracotadoalgarve.com\/es\/?s={search_term_string}"},"query-input":{"@type":"PropertyValueSpecification","valueRequired":true,"valueName":"search_term_string"}}],"inLanguage":"es"}]}},"_links":{"self":[{"href":"https:\/\/terracotadoalgarve.com\/es\/wp-json\/wp\/v2\/pages\/25848","targetHints":{"allow":["GET"]}}],"collection":[{"href":"https:\/\/terracotadoalgarve.com\/es\/wp-json\/wp\/v2\/pages"}],"about":[{"href":"https:\/\/terracotadoalgarve.com\/es\/wp-json\/wp\/v2\/types\/page"}],"author":[{"embeddable":true,"href":"https:\/\/terracotadoalgarve.com\/es\/wp-json\/wp\/v2\/users\/1"}],"replies":[{"embeddable":true,"href":"https:\/\/terracotadoalgarve.com\/es\/wp-json\/wp\/v2\/comments?post=25848"}],"version-history":[{"count":0,"href":"https:\/\/terracotadoalgarve.com\/es\/wp-json\/wp\/v2\/pages\/25848\/revisions"}],"wp:attachment":[{"href":"https:\/\/terracotadoalgarve.com\/es\/wp-json\/wp\/v2\/media?parent=25848"}],"curies":[{"name":"wp","href":"https:\/\/api.w.org\/{rel}","templated":true}]}}