{"id":26639,"date":"2021-10-30T09:57:39","date_gmt":"2021-10-30T09:57:39","guid":{"rendered":"https:\/\/terracotadoalgarve.com\/de\/?post_type=product&#038;p=26639"},"modified":"2022-06-13T11:15:02","modified_gmt":"2022-06-13T11:15:02","slug":"sellador-vs-lack-mit-reduziertem-glanz","status":"publish","type":"product","link":"https:\/\/terracotadoalgarve.com\/de\/produto\/sellador-vs-lack-mit-reduziertem-glanz\/","title":{"rendered":"SELLADOR VS Lack mit reduziertem Glanz"},"content":{"rendered":"","protected":false},"excerpt":{"rendered":"<p><strong>Eigenschaften:<\/strong><\/p>\n<p>Farblose Versiegelung auf L\u00f6semittelbasis zum Versiegeln, Sch\u00fctzen und Verdichten von B\u00f6den. Abdichtung gegen Wasser, \u00d6le und Fette, um das Eindringen von por\u00f6sen Oberfl\u00e4chen (Terrakotta, Ziegel, Fliesen, Naturstein usw.) zu verhindern.<\/p>\n<p>Es ist wichtig, dass der Boden sehr trocken und frei von Staub, Schmutz und Ablagerungen ist<\/p>\n<p>aus Zement usw. Es sollte nicht bei nassem oder regnerischem Wetter im Freien angewendet werden. Geeignet f\u00fcr drinnen und drau\u00dfen. F\u00fcr eine bessere Wirksamkeit zwei Schichten auftragen.<\/p>\n<ul>\n<li><strong>Darreichungsform:<\/strong> 1 L \/ 5 L \/ 10 L<\/li>\n<li><strong>Farbe:<\/strong> Transparent<\/li>\n<li><strong>Ergiebigkeit:<\/strong> Bis zu 8qm\/L (1 Schicht)<\/li>\n<\/ul>\n<p><a href=\"https:\/\/terracotadoalgarve.com\/wp-content\/uploads\/2021\/10\/SELLADOR-VS.pdf\" target=\"_blank\" rel=\"noopener\">Technische Information<\/a><\/p>\n","protected":false},"featured_media":26640,"comment_status":"closed","ping_status":"closed","template":"","meta":[],"product_brand":[],"product_cat":[42],"product_tag":[],"class_list":{"0":"post-26639","1":"product","2":"type-product","3":"status-publish","4":"has-post-thumbnail","6":"product_cat-produkte-fuer-pflege-und-reinigung","8":"first","9":"instock","10":"product-type-simple"},"yoast_head":"<!-- This site is optimized with the Yoast SEO plugin v26.9 - https:\/\/yoast.com\/product\/yoast-seo-wordpress\/ -->\n<title>SELLADOR VS Lack mit reduziertem Glanz - Terracota do Algarve<\/title>\n<meta name=\"robots\" content=\"index, follow, max-snippet:-1, max-image-preview:large, max-video-preview:-1\" \/>\n<link rel=\"canonical\" href=\"https:\/\/terracotadoalgarve.com\/de\/produto\/sellador-vs-lack-mit-reduziertem-glanz\/\" \/>\n<meta property=\"og:locale\" content=\"de_DE\" \/>\n<meta property=\"og:type\" content=\"article\" \/>\n<meta property=\"og:title\" content=\"SELLADOR VS Lack mit reduziertem Glanz - Terracota do Algarve\" \/>\n<meta property=\"og:description\" content=\"Eigenschaften:  Farblose Versiegelung auf L\u00f6semittelbasis zum Versiegeln, Sch\u00fctzen und Verdichten von B\u00f6den. Abdichtung gegen Wasser, \u00d6le und Fette, um das Eindringen von por\u00f6sen Oberfl\u00e4chen (Terrakotta, Ziegel, Fliesen, Naturstein usw.) zu verhindern.  Es ist wichtig, dass der Boden sehr trocken und frei von Staub, Schmutz und Ablagerungen ist  aus Zement usw. Es sollte nicht bei nassem oder regnerischem Wetter im Freien angewendet werden. Geeignet f\u00fcr drinnen und drau\u00dfen. F\u00fcr eine bessere Wirksamkeit zwei Schichten auftragen.   Darreichungsform: 1 L \/ 5 L \/ 10 L  Farbe: Transparent  Ergiebigkeit: Bis zu 8qm\/L (1 Schicht)  Technische Information\" \/>\n<meta property=\"og:url\" content=\"https:\/\/terracotadoalgarve.com\/de\/produto\/sellador-vs-lack-mit-reduziertem-glanz\/\" \/>\n<meta property=\"og:site_name\" content=\"Terracota do Algarve\" \/>\n<meta property=\"article:modified_time\" content=\"2022-06-13T11:15:02+00:00\" \/>\n<meta property=\"og:image\" content=\"https:\/\/terracotadoalgarve.com\/wp-content\/uploads\/2021\/10\/IMG_5372.png\" \/>\n\t<meta property=\"og:image:width\" content=\"4032\" \/>\n\t<meta property=\"og:image:height\" content=\"3024\" \/>\n\t<meta property=\"og:image:type\" content=\"image\/png\" \/>\n<meta name=\"twitter:card\" content=\"summary_large_image\" \/>\n<script type=\"application\/ld+json\" class=\"yoast-schema-graph\">{\"@context\":\"https:\/\/schema.org\",\"@graph\":[{\"@type\":\"WebPage\",\"@id\":\"https:\/\/terracotadoalgarve.com\/de\/produto\/sellador-vs-lack-mit-reduziertem-glanz\/\",\"url\":\"https:\/\/terracotadoalgarve.com\/de\/produto\/sellador-vs-lack-mit-reduziertem-glanz\/\",\"name\":\"SELLADOR VS Lack mit reduziertem Glanz - Terracota do Algarve\",\"isPartOf\":{\"@id\":\"https:\/\/terracotadoalgarve.com\/de\/#website\"},\"primaryImageOfPage\":{\"@id\":\"https:\/\/terracotadoalgarve.com\/de\/produto\/sellador-vs-lack-mit-reduziertem-glanz\/#primaryimage\"},\"image\":{\"@id\":\"https:\/\/terracotadoalgarve.com\/de\/produto\/sellador-vs-lack-mit-reduziertem-glanz\/#primaryimage\"},\"thumbnailUrl\":\"https:\/\/terracotadoalgarve.com\/wp-content\/uploads\/2021\/10\/IMG_5372.png\",\"datePublished\":\"2021-10-30T09:57:39+00:00\",\"dateModified\":\"2022-06-13T11:15:02+00:00\",\"breadcrumb\":{\"@id\":\"https:\/\/terracotadoalgarve.com\/de\/produto\/sellador-vs-lack-mit-reduziertem-glanz\/#breadcrumb\"},\"inLanguage\":\"de\",\"potentialAction\":[{\"@type\":\"ReadAction\",\"target\":[\"https:\/\/terracotadoalgarve.com\/de\/produto\/sellador-vs-lack-mit-reduziertem-glanz\/\"]}]},{\"@type\":\"ImageObject\",\"inLanguage\":\"de\",\"@id\":\"https:\/\/terracotadoalgarve.com\/de\/produto\/sellador-vs-lack-mit-reduziertem-glanz\/#primaryimage\",\"url\":\"https:\/\/terracotadoalgarve.com\/wp-content\/uploads\/2021\/10\/IMG_5372.png\",\"contentUrl\":\"https:\/\/terracotadoalgarve.com\/wp-content\/uploads\/2021\/10\/IMG_5372.png\",\"width\":4032,\"height\":3024,\"caption\":\"IMG 5372\"},{\"@type\":\"BreadcrumbList\",\"@id\":\"https:\/\/terracotadoalgarve.com\/de\/produto\/sellador-vs-lack-mit-reduziertem-glanz\/#breadcrumb\",\"itemListElement\":[{\"@type\":\"ListItem\",\"position\":1,\"name\":\"Home\",\"item\":\"https:\/\/terracotadoalgarve.com\/de\/\"},{\"@type\":\"ListItem\",\"position\":2,\"name\":\"Produkte\",\"item\":\"https:\/\/terracotadoalgarve.com\/de\/shop\/\"},{\"@type\":\"ListItem\",\"position\":3,\"name\":\"SELLADOR VS Lack mit reduziertem Glanz\"}]},{\"@type\":\"WebSite\",\"@id\":\"https:\/\/terracotadoalgarve.com\/de\/#website\",\"url\":\"https:\/\/terracotadoalgarve.com\/de\/\",\"name\":\"Terracota do Algarve\",\"description\":\"Terracota tiles, Hydraulic cement tiles, Glazed tiles\",\"potentialAction\":[{\"@type\":\"SearchAction\",\"target\":{\"@type\":\"EntryPoint\",\"urlTemplate\":\"https:\/\/terracotadoalgarve.com\/de\/?s={search_term_string}\"},\"query-input\":{\"@type\":\"PropertyValueSpecification\",\"valueRequired\":true,\"valueName\":\"search_term_string\"}}],\"inLanguage\":\"de\"}]}<\/script>\n<!-- \/ Yoast SEO plugin. -->","yoast_head_json":{"title":"SELLADOR VS Lack mit reduziertem Glanz - Terracota do Algarve","robots":{"index":"index","follow":"follow","max-snippet":"max-snippet:-1","max-image-preview":"max-image-preview:large","max-video-preview":"max-video-preview:-1"},"canonical":"https:\/\/terracotadoalgarve.com\/de\/produto\/sellador-vs-lack-mit-reduziertem-glanz\/","og_locale":"de_DE","og_type":"article","og_title":"SELLADOR VS Lack mit reduziertem Glanz - Terracota do Algarve","og_description":"Eigenschaften:  Farblose Versiegelung auf L\u00f6semittelbasis zum Versiegeln, Sch\u00fctzen und Verdichten von B\u00f6den. Abdichtung gegen Wasser, \u00d6le und Fette, um das Eindringen von por\u00f6sen Oberfl\u00e4chen (Terrakotta, Ziegel, Fliesen, Naturstein usw.) zu verhindern.  Es ist wichtig, dass der Boden sehr trocken und frei von Staub, Schmutz und Ablagerungen ist  aus Zement usw. Es sollte nicht bei nassem oder regnerischem Wetter im Freien angewendet werden. Geeignet f\u00fcr drinnen und drau\u00dfen. F\u00fcr eine bessere Wirksamkeit zwei Schichten auftragen.   Darreichungsform: 1 L \/ 5 L \/ 10 L  Farbe: Transparent  Ergiebigkeit: Bis zu 8qm\/L (1 Schicht)  Technische Information","og_url":"https:\/\/terracotadoalgarve.com\/de\/produto\/sellador-vs-lack-mit-reduziertem-glanz\/","og_site_name":"Terracota do Algarve","article_modified_time":"2022-06-13T11:15:02+00:00","og_image":[{"width":4032,"height":3024,"url":"https:\/\/terracotadoalgarve.com\/wp-content\/uploads\/2021\/10\/IMG_5372.png","type":"image\/png"}],"twitter_card":"summary_large_image","schema":{"@context":"https:\/\/schema.org","@graph":[{"@type":"WebPage","@id":"https:\/\/terracotadoalgarve.com\/de\/produto\/sellador-vs-lack-mit-reduziertem-glanz\/","url":"https:\/\/terracotadoalgarve.com\/de\/produto\/sellador-vs-lack-mit-reduziertem-glanz\/","name":"SELLADOR VS Lack mit reduziertem Glanz - Terracota do Algarve","isPartOf":{"@id":"https:\/\/terracotadoalgarve.com\/de\/#website"},"primaryImageOfPage":{"@id":"https:\/\/terracotadoalgarve.com\/de\/produto\/sellador-vs-lack-mit-reduziertem-glanz\/#primaryimage"},"image":{"@id":"https:\/\/terracotadoalgarve.com\/de\/produto\/sellador-vs-lack-mit-reduziertem-glanz\/#primaryimage"},"thumbnailUrl":"https:\/\/terracotadoalgarve.com\/wp-content\/uploads\/2021\/10\/IMG_5372.png","datePublished":"2021-10-30T09:57:39+00:00","dateModified":"2022-06-13T11:15:02+00:00","breadcrumb":{"@id":"https:\/\/terracotadoalgarve.com\/de\/produto\/sellador-vs-lack-mit-reduziertem-glanz\/#breadcrumb"},"inLanguage":"de","potentialAction":[{"@type":"ReadAction","target":["https:\/\/terracotadoalgarve.com\/de\/produto\/sellador-vs-lack-mit-reduziertem-glanz\/"]}]},{"@type":"ImageObject","inLanguage":"de","@id":"https:\/\/terracotadoalgarve.com\/de\/produto\/sellador-vs-lack-mit-reduziertem-glanz\/#primaryimage","url":"https:\/\/terracotadoalgarve.com\/wp-content\/uploads\/2021\/10\/IMG_5372.png","contentUrl":"https:\/\/terracotadoalgarve.com\/wp-content\/uploads\/2021\/10\/IMG_5372.png","width":4032,"height":3024,"caption":"IMG 5372"},{"@type":"BreadcrumbList","@id":"https:\/\/terracotadoalgarve.com\/de\/produto\/sellador-vs-lack-mit-reduziertem-glanz\/#breadcrumb","itemListElement":[{"@type":"ListItem","position":1,"name":"Home","item":"https:\/\/terracotadoalgarve.com\/de\/"},{"@type":"ListItem","position":2,"name":"Produkte","item":"https:\/\/terracotadoalgarve.com\/de\/shop\/"},{"@type":"ListItem","position":3,"name":"SELLADOR VS Lack mit reduziertem Glanz"}]},{"@type":"WebSite","@id":"https:\/\/terracotadoalgarve.com\/de\/#website","url":"https:\/\/terracotadoalgarve.com\/de\/","name":"Terracota do Algarve","description":"Terracota tiles, Hydraulic cement tiles, Glazed tiles","potentialAction":[{"@type":"SearchAction","target":{"@type":"EntryPoint","urlTemplate":"https:\/\/terracotadoalgarve.com\/de\/?s={search_term_string}"},"query-input":{"@type":"PropertyValueSpecification","valueRequired":true,"valueName":"search_term_string"}}],"inLanguage":"de"}]}},"_links":{"self":[{"href":"https:\/\/terracotadoalgarve.com\/de\/wp-json\/wp\/v2\/product\/26639","targetHints":{"allow":["GET"]}}],"collection":[{"href":"https:\/\/terracotadoalgarve.com\/de\/wp-json\/wp\/v2\/product"}],"about":[{"href":"https:\/\/terracotadoalgarve.com\/de\/wp-json\/wp\/v2\/types\/product"}],"replies":[{"embeddable":true,"href":"https:\/\/terracotadoalgarve.com\/de\/wp-json\/wp\/v2\/comments?post=26639"}],"wp:featuredmedia":[{"embeddable":true,"href":"https:\/\/terracotadoalgarve.com\/de\/wp-json\/wp\/v2\/media\/26640"}],"wp:attachment":[{"href":"https:\/\/terracotadoalgarve.com\/de\/wp-json\/wp\/v2\/media?parent=26639"}],"wp:term":[{"taxonomy":"product_brand","embeddable":true,"href":"https:\/\/terracotadoalgarve.com\/de\/wp-json\/wp\/v2\/product_brand?post=26639"},{"taxonomy":"product_cat","embeddable":true,"href":"https:\/\/terracotadoalgarve.com\/de\/wp-json\/wp\/v2\/product_cat?post=26639"},{"taxonomy":"product_tag","embeddable":true,"href":"https:\/\/terracotadoalgarve.com\/de\/wp-json\/wp\/v2\/product_tag?post=26639"}],"curies":[{"name":"wp","href":"https:\/\/api.w.org\/{rel}","templated":true}]}}