{"id":26181,"date":"2021-10-24T19:57:56","date_gmt":"2021-10-24T19:57:56","guid":{"rendered":"https:\/\/terracotadoalgarve.com\/de\/?post_type=product&#038;p=26181"},"modified":"2022-06-12T16:08:00","modified_gmt":"2022-06-12T16:08:00","slug":"ref-711-gealterte-fliese","status":"publish","type":"product","link":"https:\/\/terracotadoalgarve.com\/de\/produto\/ref-711-gealterte-fliese\/","title":{"rendered":"Ref 711 gealterte Fliese"},"content":{"rendered":"","protected":false},"excerpt":{"rendered":"<p>Halbmanuelle Fliese mit einer r\u00f6tlichen Farbe und einem unregelm\u00e4\u00dfigen dunkleren Finish, um ihr ein altes Aussehen zu verleihen, das dem Moos entspricht, das sich im Laufe der Zeit auf Fliesen absetzt.<\/p>\n","protected":false},"featured_media":26178,"comment_status":"closed","ping_status":"closed","template":"","meta":[],"product_brand":[],"product_cat":[126],"product_tag":[],"class_list":{"0":"post-26181","1":"product","2":"type-product","3":"status-publish","4":"has-post-thumbnail","6":"product_cat-dachziegel-santa-catarina","8":"first","9":"instock","10":"product-type-simple"},"yoast_head":"<!-- This site is optimized with the Yoast SEO plugin v26.9 - https:\/\/yoast.com\/product\/yoast-seo-wordpress\/ -->\n<title>Ref 711 gealterte Fliese - Terracota do Algarve<\/title>\n<meta name=\"robots\" content=\"index, follow, max-snippet:-1, max-image-preview:large, max-video-preview:-1\" \/>\n<link rel=\"canonical\" href=\"https:\/\/terracotadoalgarve.com\/de\/produto\/ref-711-gealterte-fliese\/\" \/>\n<meta property=\"og:locale\" content=\"de_DE\" \/>\n<meta property=\"og:type\" content=\"article\" \/>\n<meta property=\"og:title\" content=\"Ref 711 gealterte Fliese - Terracota do Algarve\" \/>\n<meta property=\"og:description\" content=\"Halbmanuelle Fliese mit einer r\u00f6tlichen Farbe und einem unregelm\u00e4\u00dfigen dunkleren Finish, um ihr ein altes Aussehen zu verleihen, das dem Moos entspricht, das sich im Laufe der Zeit auf Fliesen absetzt.\" \/>\n<meta property=\"og:url\" content=\"https:\/\/terracotadoalgarve.com\/de\/produto\/ref-711-gealterte-fliese\/\" \/>\n<meta property=\"og:site_name\" content=\"Terracota do Algarve\" \/>\n<meta property=\"article:modified_time\" content=\"2022-06-12T16:08:00+00:00\" \/>\n<meta property=\"og:image\" content=\"https:\/\/terracotadoalgarve.com\/wp-content\/uploads\/2020\/10\/Ref-711-Telha-Envelhecida.png\" \/>\n\t<meta property=\"og:image:width\" content=\"700\" \/>\n\t<meta property=\"og:image:height\" content=\"525\" \/>\n\t<meta property=\"og:image:type\" content=\"image\/png\" \/>\n<meta name=\"twitter:card\" content=\"summary_large_image\" \/>\n<script type=\"application\/ld+json\" class=\"yoast-schema-graph\">{\"@context\":\"https:\/\/schema.org\",\"@graph\":[{\"@type\":\"WebPage\",\"@id\":\"https:\/\/terracotadoalgarve.com\/de\/produto\/ref-711-gealterte-fliese\/\",\"url\":\"https:\/\/terracotadoalgarve.com\/de\/produto\/ref-711-gealterte-fliese\/\",\"name\":\"Ref 711 gealterte Fliese - Terracota do Algarve\",\"isPartOf\":{\"@id\":\"https:\/\/terracotadoalgarve.com\/de\/#website\"},\"primaryImageOfPage\":{\"@id\":\"https:\/\/terracotadoalgarve.com\/de\/produto\/ref-711-gealterte-fliese\/#primaryimage\"},\"image\":{\"@id\":\"https:\/\/terracotadoalgarve.com\/de\/produto\/ref-711-gealterte-fliese\/#primaryimage\"},\"thumbnailUrl\":\"https:\/\/terracotadoalgarve.com\/wp-content\/uploads\/2020\/10\/Ref-711-Telha-Envelhecida.png\",\"datePublished\":\"2021-10-24T19:57:56+00:00\",\"dateModified\":\"2022-06-12T16:08:00+00:00\",\"breadcrumb\":{\"@id\":\"https:\/\/terracotadoalgarve.com\/de\/produto\/ref-711-gealterte-fliese\/#breadcrumb\"},\"inLanguage\":\"de\",\"potentialAction\":[{\"@type\":\"ReadAction\",\"target\":[\"https:\/\/terracotadoalgarve.com\/de\/produto\/ref-711-gealterte-fliese\/\"]}]},{\"@type\":\"ImageObject\",\"inLanguage\":\"de\",\"@id\":\"https:\/\/terracotadoalgarve.com\/de\/produto\/ref-711-gealterte-fliese\/#primaryimage\",\"url\":\"https:\/\/terracotadoalgarve.com\/wp-content\/uploads\/2020\/10\/Ref-711-Telha-Envelhecida.png\",\"contentUrl\":\"https:\/\/terracotadoalgarve.com\/wp-content\/uploads\/2020\/10\/Ref-711-Telha-Envelhecida.png\",\"width\":700,\"height\":525,\"caption\":\"Ref 711 Telha Envelhecida\"},{\"@type\":\"BreadcrumbList\",\"@id\":\"https:\/\/terracotadoalgarve.com\/de\/produto\/ref-711-gealterte-fliese\/#breadcrumb\",\"itemListElement\":[{\"@type\":\"ListItem\",\"position\":1,\"name\":\"Home\",\"item\":\"https:\/\/terracotadoalgarve.com\/de\/\"},{\"@type\":\"ListItem\",\"position\":2,\"name\":\"Produkte\",\"item\":\"https:\/\/terracotadoalgarve.com\/de\/shop\/\"},{\"@type\":\"ListItem\",\"position\":3,\"name\":\"Ref 711 gealterte Fliese\"}]},{\"@type\":\"WebSite\",\"@id\":\"https:\/\/terracotadoalgarve.com\/de\/#website\",\"url\":\"https:\/\/terracotadoalgarve.com\/de\/\",\"name\":\"Terracota do Algarve\",\"description\":\"Terracota tiles, Hydraulic cement tiles, Glazed tiles\",\"potentialAction\":[{\"@type\":\"SearchAction\",\"target\":{\"@type\":\"EntryPoint\",\"urlTemplate\":\"https:\/\/terracotadoalgarve.com\/de\/?s={search_term_string}\"},\"query-input\":{\"@type\":\"PropertyValueSpecification\",\"valueRequired\":true,\"valueName\":\"search_term_string\"}}],\"inLanguage\":\"de\"}]}<\/script>\n<!-- \/ Yoast SEO plugin. -->","yoast_head_json":{"title":"Ref 711 gealterte Fliese - Terracota do Algarve","robots":{"index":"index","follow":"follow","max-snippet":"max-snippet:-1","max-image-preview":"max-image-preview:large","max-video-preview":"max-video-preview:-1"},"canonical":"https:\/\/terracotadoalgarve.com\/de\/produto\/ref-711-gealterte-fliese\/","og_locale":"de_DE","og_type":"article","og_title":"Ref 711 gealterte Fliese - Terracota do Algarve","og_description":"Halbmanuelle Fliese mit einer r\u00f6tlichen Farbe und einem unregelm\u00e4\u00dfigen dunkleren Finish, um ihr ein altes Aussehen zu verleihen, das dem Moos entspricht, das sich im Laufe der Zeit auf Fliesen absetzt.","og_url":"https:\/\/terracotadoalgarve.com\/de\/produto\/ref-711-gealterte-fliese\/","og_site_name":"Terracota do Algarve","article_modified_time":"2022-06-12T16:08:00+00:00","og_image":[{"width":700,"height":525,"url":"https:\/\/terracotadoalgarve.com\/wp-content\/uploads\/2020\/10\/Ref-711-Telha-Envelhecida.png","type":"image\/png"}],"twitter_card":"summary_large_image","schema":{"@context":"https:\/\/schema.org","@graph":[{"@type":"WebPage","@id":"https:\/\/terracotadoalgarve.com\/de\/produto\/ref-711-gealterte-fliese\/","url":"https:\/\/terracotadoalgarve.com\/de\/produto\/ref-711-gealterte-fliese\/","name":"Ref 711 gealterte Fliese - Terracota do Algarve","isPartOf":{"@id":"https:\/\/terracotadoalgarve.com\/de\/#website"},"primaryImageOfPage":{"@id":"https:\/\/terracotadoalgarve.com\/de\/produto\/ref-711-gealterte-fliese\/#primaryimage"},"image":{"@id":"https:\/\/terracotadoalgarve.com\/de\/produto\/ref-711-gealterte-fliese\/#primaryimage"},"thumbnailUrl":"https:\/\/terracotadoalgarve.com\/wp-content\/uploads\/2020\/10\/Ref-711-Telha-Envelhecida.png","datePublished":"2021-10-24T19:57:56+00:00","dateModified":"2022-06-12T16:08:00+00:00","breadcrumb":{"@id":"https:\/\/terracotadoalgarve.com\/de\/produto\/ref-711-gealterte-fliese\/#breadcrumb"},"inLanguage":"de","potentialAction":[{"@type":"ReadAction","target":["https:\/\/terracotadoalgarve.com\/de\/produto\/ref-711-gealterte-fliese\/"]}]},{"@type":"ImageObject","inLanguage":"de","@id":"https:\/\/terracotadoalgarve.com\/de\/produto\/ref-711-gealterte-fliese\/#primaryimage","url":"https:\/\/terracotadoalgarve.com\/wp-content\/uploads\/2020\/10\/Ref-711-Telha-Envelhecida.png","contentUrl":"https:\/\/terracotadoalgarve.com\/wp-content\/uploads\/2020\/10\/Ref-711-Telha-Envelhecida.png","width":700,"height":525,"caption":"Ref 711 Telha Envelhecida"},{"@type":"BreadcrumbList","@id":"https:\/\/terracotadoalgarve.com\/de\/produto\/ref-711-gealterte-fliese\/#breadcrumb","itemListElement":[{"@type":"ListItem","position":1,"name":"Home","item":"https:\/\/terracotadoalgarve.com\/de\/"},{"@type":"ListItem","position":2,"name":"Produkte","item":"https:\/\/terracotadoalgarve.com\/de\/shop\/"},{"@type":"ListItem","position":3,"name":"Ref 711 gealterte Fliese"}]},{"@type":"WebSite","@id":"https:\/\/terracotadoalgarve.com\/de\/#website","url":"https:\/\/terracotadoalgarve.com\/de\/","name":"Terracota do Algarve","description":"Terracota tiles, Hydraulic cement tiles, Glazed tiles","potentialAction":[{"@type":"SearchAction","target":{"@type":"EntryPoint","urlTemplate":"https:\/\/terracotadoalgarve.com\/de\/?s={search_term_string}"},"query-input":{"@type":"PropertyValueSpecification","valueRequired":true,"valueName":"search_term_string"}}],"inLanguage":"de"}]}},"_links":{"self":[{"href":"https:\/\/terracotadoalgarve.com\/de\/wp-json\/wp\/v2\/product\/26181","targetHints":{"allow":["GET"]}}],"collection":[{"href":"https:\/\/terracotadoalgarve.com\/de\/wp-json\/wp\/v2\/product"}],"about":[{"href":"https:\/\/terracotadoalgarve.com\/de\/wp-json\/wp\/v2\/types\/product"}],"replies":[{"embeddable":true,"href":"https:\/\/terracotadoalgarve.com\/de\/wp-json\/wp\/v2\/comments?post=26181"}],"wp:featuredmedia":[{"embeddable":true,"href":"https:\/\/terracotadoalgarve.com\/de\/wp-json\/wp\/v2\/media\/26178"}],"wp:attachment":[{"href":"https:\/\/terracotadoalgarve.com\/de\/wp-json\/wp\/v2\/media?parent=26181"}],"wp:term":[{"taxonomy":"product_brand","embeddable":true,"href":"https:\/\/terracotadoalgarve.com\/de\/wp-json\/wp\/v2\/product_brand?post=26181"},{"taxonomy":"product_cat","embeddable":true,"href":"https:\/\/terracotadoalgarve.com\/de\/wp-json\/wp\/v2\/product_cat?post=26181"},{"taxonomy":"product_tag","embeddable":true,"href":"https:\/\/terracotadoalgarve.com\/de\/wp-json\/wp\/v2\/product_tag?post=26181"}],"curies":[{"name":"wp","href":"https:\/\/api.w.org\/{rel}","templated":true}]}}