{"id":17600,"date":"2018-11-15T09:24:33","date_gmt":"2018-11-15T09:24:33","guid":{"rendered":"http:\/\/terracotadoalgarve.com\/product\/zorcons-lf-plus-limpeza-e-renovacao-de-superficies\/"},"modified":"2022-06-22T09:02:23","modified_gmt":"2022-06-22T09:02:23","slug":"zorcons-lf-plus-reinigung-und-renovierung","status":"publish","type":"product","link":"https:\/\/terracotadoalgarve.com\/de\/produto\/zorcons-lf-plus-reinigung-und-renovierung\/","title":{"rendered":"Zorcons-LF-PLUS Reinigung und Renovierung"},"content":{"rendered":"","protected":false},"excerpt":{"rendered":"<p><strong>Eigenschaften:<\/strong><\/p>\n<p>Konzentriertes S\u00e4ureprodukt zum Reinigen und Renovieren von Oberfl\u00e4chen.<\/p>\n<p>Formuliert auf Basis von anorganischen S\u00e4uren, Tensiden und Feuchthaltemitteln mit synergistischer Wirkung.<\/p>\n<p>Zur effektiven Entfernung von Umweltschmutz, Kalk, Oxidflecken, organischen Ablagerungen, Moos, Pilzen und Algen. Geeignet f\u00fcr Fu\u00dfb\u00f6den, Fassaden und Oberfl\u00e4chen im Allgemeinen aus Zement, Stein, Keramik, Terrakotta usw.<\/p>\n<p>Einfach anzubringen und schnell zu reinigen.<\/p>\n<ul>\n<li><strong>Darreichungsform:<\/strong>\u00a01 Lt \/ 5 Lt\/10Lt<\/li>\n<\/ul>\n<p><a href=\"http:\/\/terracotadoalgarve.com\/wp-content\/uploads\/2016\/10\/ZORCONS-LF-PLUS_-ficha-tecnica_PT.pdf\" target=\"_blank\" rel=\"noopener\">Technische Information<\/a><\/p>\n","protected":false},"featured_media":25216,"comment_status":"closed","ping_status":"closed","template":"","meta":[],"product_brand":[],"product_cat":[42],"product_tag":[],"class_list":{"0":"post-17600","1":"product","2":"type-product","3":"status-publish","4":"has-post-thumbnail","6":"product_cat-produkte-fuer-pflege-und-reinigung","8":"first","9":"instock","10":"product-type-simple"},"yoast_head":"<!-- This site is optimized with the Yoast SEO plugin v26.9 - https:\/\/yoast.com\/product\/yoast-seo-wordpress\/ -->\n<title>Zorcons-LF-PLUS Reinigung und Renovierung - Terracota do Algarve<\/title>\n<meta name=\"robots\" content=\"index, follow, max-snippet:-1, max-image-preview:large, max-video-preview:-1\" \/>\n<link rel=\"canonical\" href=\"https:\/\/terracotadoalgarve.com\/de\/produto\/zorcons-lf-plus-reinigung-und-renovierung\/\" \/>\n<meta property=\"og:locale\" content=\"de_DE\" \/>\n<meta property=\"og:type\" content=\"article\" \/>\n<meta property=\"og:title\" content=\"Zorcons-LF-PLUS Reinigung und Renovierung - Terracota do Algarve\" \/>\n<meta property=\"og:description\" content=\"Eigenschaften:  Konzentriertes S\u00e4ureprodukt zum Reinigen und Renovieren von Oberfl\u00e4chen.  Formuliert auf Basis von anorganischen S\u00e4uren, Tensiden und Feuchthaltemitteln mit synergistischer Wirkung.  Zur effektiven Entfernung von Umweltschmutz, Kalk, Oxidflecken, organischen Ablagerungen, Moos, Pilzen und Algen. Geeignet f\u00fcr Fu\u00dfb\u00f6den, Fassaden und Oberfl\u00e4chen im Allgemeinen aus Zement, Stein, Keramik, Terrakotta usw.  Einfach anzubringen und schnell zu reinigen.   Darreichungsform:\u00a01 Lt \/ 5 Lt\/10Lt  Technische Information\" \/>\n<meta property=\"og:url\" content=\"https:\/\/terracotadoalgarve.com\/de\/produto\/zorcons-lf-plus-reinigung-und-renovierung\/\" \/>\n<meta property=\"og:site_name\" content=\"Terracota do Algarve\" \/>\n<meta property=\"article:modified_time\" content=\"2022-06-22T09:02:23+00:00\" \/>\n<meta property=\"og:image\" content=\"https:\/\/terracotadoalgarve.com\/wp-content\/uploads\/2018\/11\/ZORCONS-LF-PLUS-PNG-1.png\" \/>\n\t<meta property=\"og:image:width\" content=\"700\" \/>\n\t<meta property=\"og:image:height\" content=\"525\" \/>\n\t<meta property=\"og:image:type\" content=\"image\/png\" \/>\n<meta name=\"twitter:card\" content=\"summary_large_image\" \/>\n<script type=\"application\/ld+json\" class=\"yoast-schema-graph\">{\"@context\":\"https:\/\/schema.org\",\"@graph\":[{\"@type\":\"WebPage\",\"@id\":\"https:\/\/terracotadoalgarve.com\/de\/produto\/zorcons-lf-plus-reinigung-und-renovierung\/\",\"url\":\"https:\/\/terracotadoalgarve.com\/de\/produto\/zorcons-lf-plus-reinigung-und-renovierung\/\",\"name\":\"Zorcons-LF-PLUS Reinigung und Renovierung - Terracota do Algarve\",\"isPartOf\":{\"@id\":\"https:\/\/terracotadoalgarve.com\/de\/#website\"},\"primaryImageOfPage\":{\"@id\":\"https:\/\/terracotadoalgarve.com\/de\/produto\/zorcons-lf-plus-reinigung-und-renovierung\/#primaryimage\"},\"image\":{\"@id\":\"https:\/\/terracotadoalgarve.com\/de\/produto\/zorcons-lf-plus-reinigung-und-renovierung\/#primaryimage\"},\"thumbnailUrl\":\"https:\/\/terracotadoalgarve.com\/wp-content\/uploads\/2018\/11\/ZORCONS-LF-PLUS-PNG-1.png\",\"datePublished\":\"2018-11-15T09:24:33+00:00\",\"dateModified\":\"2022-06-22T09:02:23+00:00\",\"breadcrumb\":{\"@id\":\"https:\/\/terracotadoalgarve.com\/de\/produto\/zorcons-lf-plus-reinigung-und-renovierung\/#breadcrumb\"},\"inLanguage\":\"de\",\"potentialAction\":[{\"@type\":\"ReadAction\",\"target\":[\"https:\/\/terracotadoalgarve.com\/de\/produto\/zorcons-lf-plus-reinigung-und-renovierung\/\"]}]},{\"@type\":\"ImageObject\",\"inLanguage\":\"de\",\"@id\":\"https:\/\/terracotadoalgarve.com\/de\/produto\/zorcons-lf-plus-reinigung-und-renovierung\/#primaryimage\",\"url\":\"https:\/\/terracotadoalgarve.com\/wp-content\/uploads\/2018\/11\/ZORCONS-LF-PLUS-PNG-1.png\",\"contentUrl\":\"https:\/\/terracotadoalgarve.com\/wp-content\/uploads\/2018\/11\/ZORCONS-LF-PLUS-PNG-1.png\",\"width\":700,\"height\":525,\"caption\":\"ZORCONS LF PLUS PNG 1\"},{\"@type\":\"BreadcrumbList\",\"@id\":\"https:\/\/terracotadoalgarve.com\/de\/produto\/zorcons-lf-plus-reinigung-und-renovierung\/#breadcrumb\",\"itemListElement\":[{\"@type\":\"ListItem\",\"position\":1,\"name\":\"Home\",\"item\":\"https:\/\/terracotadoalgarve.com\/de\/\"},{\"@type\":\"ListItem\",\"position\":2,\"name\":\"Produkte\",\"item\":\"https:\/\/terracotadoalgarve.com\/de\/shop\/\"},{\"@type\":\"ListItem\",\"position\":3,\"name\":\"Zorcons-LF-PLUS Reinigung und Renovierung\"}]},{\"@type\":\"WebSite\",\"@id\":\"https:\/\/terracotadoalgarve.com\/de\/#website\",\"url\":\"https:\/\/terracotadoalgarve.com\/de\/\",\"name\":\"Terracota do Algarve\",\"description\":\"Terracota tiles, Hydraulic cement tiles, Glazed tiles\",\"potentialAction\":[{\"@type\":\"SearchAction\",\"target\":{\"@type\":\"EntryPoint\",\"urlTemplate\":\"https:\/\/terracotadoalgarve.com\/de\/?s={search_term_string}\"},\"query-input\":{\"@type\":\"PropertyValueSpecification\",\"valueRequired\":true,\"valueName\":\"search_term_string\"}}],\"inLanguage\":\"de\"}]}<\/script>\n<!-- \/ Yoast SEO plugin. -->","yoast_head_json":{"title":"Zorcons-LF-PLUS Reinigung und Renovierung - Terracota do Algarve","robots":{"index":"index","follow":"follow","max-snippet":"max-snippet:-1","max-image-preview":"max-image-preview:large","max-video-preview":"max-video-preview:-1"},"canonical":"https:\/\/terracotadoalgarve.com\/de\/produto\/zorcons-lf-plus-reinigung-und-renovierung\/","og_locale":"de_DE","og_type":"article","og_title":"Zorcons-LF-PLUS Reinigung und Renovierung - Terracota do Algarve","og_description":"Eigenschaften:  Konzentriertes S\u00e4ureprodukt zum Reinigen und Renovieren von Oberfl\u00e4chen.  Formuliert auf Basis von anorganischen S\u00e4uren, Tensiden und Feuchthaltemitteln mit synergistischer Wirkung.  Zur effektiven Entfernung von Umweltschmutz, Kalk, Oxidflecken, organischen Ablagerungen, Moos, Pilzen und Algen. Geeignet f\u00fcr Fu\u00dfb\u00f6den, Fassaden und Oberfl\u00e4chen im Allgemeinen aus Zement, Stein, Keramik, Terrakotta usw.  Einfach anzubringen und schnell zu reinigen.   Darreichungsform:\u00a01 Lt \/ 5 Lt\/10Lt  Technische Information","og_url":"https:\/\/terracotadoalgarve.com\/de\/produto\/zorcons-lf-plus-reinigung-und-renovierung\/","og_site_name":"Terracota do Algarve","article_modified_time":"2022-06-22T09:02:23+00:00","og_image":[{"width":700,"height":525,"url":"https:\/\/terracotadoalgarve.com\/wp-content\/uploads\/2018\/11\/ZORCONS-LF-PLUS-PNG-1.png","type":"image\/png"}],"twitter_card":"summary_large_image","schema":{"@context":"https:\/\/schema.org","@graph":[{"@type":"WebPage","@id":"https:\/\/terracotadoalgarve.com\/de\/produto\/zorcons-lf-plus-reinigung-und-renovierung\/","url":"https:\/\/terracotadoalgarve.com\/de\/produto\/zorcons-lf-plus-reinigung-und-renovierung\/","name":"Zorcons-LF-PLUS Reinigung und Renovierung - Terracota do Algarve","isPartOf":{"@id":"https:\/\/terracotadoalgarve.com\/de\/#website"},"primaryImageOfPage":{"@id":"https:\/\/terracotadoalgarve.com\/de\/produto\/zorcons-lf-plus-reinigung-und-renovierung\/#primaryimage"},"image":{"@id":"https:\/\/terracotadoalgarve.com\/de\/produto\/zorcons-lf-plus-reinigung-und-renovierung\/#primaryimage"},"thumbnailUrl":"https:\/\/terracotadoalgarve.com\/wp-content\/uploads\/2018\/11\/ZORCONS-LF-PLUS-PNG-1.png","datePublished":"2018-11-15T09:24:33+00:00","dateModified":"2022-06-22T09:02:23+00:00","breadcrumb":{"@id":"https:\/\/terracotadoalgarve.com\/de\/produto\/zorcons-lf-plus-reinigung-und-renovierung\/#breadcrumb"},"inLanguage":"de","potentialAction":[{"@type":"ReadAction","target":["https:\/\/terracotadoalgarve.com\/de\/produto\/zorcons-lf-plus-reinigung-und-renovierung\/"]}]},{"@type":"ImageObject","inLanguage":"de","@id":"https:\/\/terracotadoalgarve.com\/de\/produto\/zorcons-lf-plus-reinigung-und-renovierung\/#primaryimage","url":"https:\/\/terracotadoalgarve.com\/wp-content\/uploads\/2018\/11\/ZORCONS-LF-PLUS-PNG-1.png","contentUrl":"https:\/\/terracotadoalgarve.com\/wp-content\/uploads\/2018\/11\/ZORCONS-LF-PLUS-PNG-1.png","width":700,"height":525,"caption":"ZORCONS LF PLUS PNG 1"},{"@type":"BreadcrumbList","@id":"https:\/\/terracotadoalgarve.com\/de\/produto\/zorcons-lf-plus-reinigung-und-renovierung\/#breadcrumb","itemListElement":[{"@type":"ListItem","position":1,"name":"Home","item":"https:\/\/terracotadoalgarve.com\/de\/"},{"@type":"ListItem","position":2,"name":"Produkte","item":"https:\/\/terracotadoalgarve.com\/de\/shop\/"},{"@type":"ListItem","position":3,"name":"Zorcons-LF-PLUS Reinigung und Renovierung"}]},{"@type":"WebSite","@id":"https:\/\/terracotadoalgarve.com\/de\/#website","url":"https:\/\/terracotadoalgarve.com\/de\/","name":"Terracota do Algarve","description":"Terracota tiles, Hydraulic cement tiles, Glazed tiles","potentialAction":[{"@type":"SearchAction","target":{"@type":"EntryPoint","urlTemplate":"https:\/\/terracotadoalgarve.com\/de\/?s={search_term_string}"},"query-input":{"@type":"PropertyValueSpecification","valueRequired":true,"valueName":"search_term_string"}}],"inLanguage":"de"}]}},"_links":{"self":[{"href":"https:\/\/terracotadoalgarve.com\/de\/wp-json\/wp\/v2\/product\/17600","targetHints":{"allow":["GET"]}}],"collection":[{"href":"https:\/\/terracotadoalgarve.com\/de\/wp-json\/wp\/v2\/product"}],"about":[{"href":"https:\/\/terracotadoalgarve.com\/de\/wp-json\/wp\/v2\/types\/product"}],"replies":[{"embeddable":true,"href":"https:\/\/terracotadoalgarve.com\/de\/wp-json\/wp\/v2\/comments?post=17600"}],"wp:featuredmedia":[{"embeddable":true,"href":"https:\/\/terracotadoalgarve.com\/de\/wp-json\/wp\/v2\/media\/25216"}],"wp:attachment":[{"href":"https:\/\/terracotadoalgarve.com\/de\/wp-json\/wp\/v2\/media?parent=17600"}],"wp:term":[{"taxonomy":"product_brand","embeddable":true,"href":"https:\/\/terracotadoalgarve.com\/de\/wp-json\/wp\/v2\/product_brand?post=17600"},{"taxonomy":"product_cat","embeddable":true,"href":"https:\/\/terracotadoalgarve.com\/de\/wp-json\/wp\/v2\/product_cat?post=17600"},{"taxonomy":"product_tag","embeddable":true,"href":"https:\/\/terracotadoalgarve.com\/de\/wp-json\/wp\/v2\/product_tag?post=17600"}],"curies":[{"name":"wp","href":"https:\/\/api.w.org\/{rel}","templated":true}]}}