{"id":17592,"date":"2018-11-15T09:25:09","date_gmt":"2018-11-15T09:25:09","guid":{"rendered":"http:\/\/terracotadoalgarve.com\/product\/zorpit-bar-verniz-acrilico-para-o-chao\/"},"modified":"2022-06-09T12:40:45","modified_gmt":"2022-06-09T12:40:45","slug":"zorpit-bar-acryllack","status":"publish","type":"product","link":"https:\/\/terracotadoalgarve.com\/de\/produto\/zorpit-bar-acryllack\/","title":{"rendered":"Zorpit-Bar Acryllack"},"content":{"rendered":"","protected":false},"excerpt":{"rendered":"<p><strong>Eigenschaften:<\/strong><\/p>\n<p>Verleiht den Oberfl\u00e4chen einen sofortigen und dauerhaften Glanz, ohne Anstrengung und einfach zu verarbeiten. Der Auftrag ist rutsch- und trittfest und sch\u00fctz die Nutzfl\u00e4chen. Die Oberfl\u00e4chen k\u00f6nnen mit einem Neutralreiniger ges\u00e4ubert werden.<\/p>\n<p>Anzuwenden bei Terrakotta, Fliesen, PVC, Marmor und diversen anderen Steinarten.<\/p>\n<ul>\n<li><strong>Darreichungsform:<\/strong>\u00a01 Lt. \/ 5 Lt.\/10 Lt.<\/li>\n<li><strong>Farbe:<\/strong>\u00a0Transparent<\/li>\n<li><strong>Ergiebigkeit:\u00a0<\/strong>Bis zu 12qm \/ Liter<\/li>\n<\/ul>\n<div>\n<p><a href=\"https:\/\/terracotadoalgarve.com\/wp-content\/uploads\/2018\/11\/Zorpit-BAR-ficha-tecnica_EN.pdf\" target=\"_blank\" rel=\"noopener\">Technische Information<\/a><\/p>\n<\/div>\n<div><\/div>\n<div><\/div>\n","protected":false},"featured_media":25212,"comment_status":"closed","ping_status":"closed","template":"","meta":[],"product_brand":[],"product_cat":[42],"product_tag":[],"class_list":{"0":"post-17592","1":"product","2":"type-product","3":"status-publish","4":"has-post-thumbnail","6":"product_cat-produkte-fuer-pflege-und-reinigung","8":"first","9":"instock","10":"product-type-simple"},"yoast_head":"<!-- This site is optimized with the Yoast SEO plugin v26.9 - https:\/\/yoast.com\/product\/yoast-seo-wordpress\/ -->\n<title>Zorpit-Bar Acryllack - Terracota do Algarve<\/title>\n<meta name=\"robots\" content=\"index, follow, max-snippet:-1, max-image-preview:large, max-video-preview:-1\" \/>\n<link rel=\"canonical\" href=\"https:\/\/terracotadoalgarve.com\/de\/produto\/zorpit-bar-acryllack\/\" \/>\n<meta property=\"og:locale\" content=\"de_DE\" \/>\n<meta property=\"og:type\" content=\"article\" \/>\n<meta property=\"og:title\" content=\"Zorpit-Bar Acryllack - Terracota do Algarve\" \/>\n<meta property=\"og:description\" content=\"Eigenschaften:  Verleiht den Oberfl\u00e4chen einen sofortigen und dauerhaften Glanz, ohne Anstrengung und einfach zu verarbeiten. Der Auftrag ist rutsch- und trittfest und sch\u00fctz die Nutzfl\u00e4chen. Die Oberfl\u00e4chen k\u00f6nnen mit einem Neutralreiniger ges\u00e4ubert werden.  Anzuwenden bei Terrakotta, Fliesen, PVC, Marmor und diversen anderen Steinarten.   Darreichungsform:\u00a01 Lt. \/ 5 Lt.\/10 Lt.  Farbe:\u00a0Transparent  Ergiebigkeit:\u00a0Bis zu 12qm \/ Liter    Technische Information\" \/>\n<meta property=\"og:url\" content=\"https:\/\/terracotadoalgarve.com\/de\/produto\/zorpit-bar-acryllack\/\" \/>\n<meta property=\"og:site_name\" content=\"Terracota do Algarve\" \/>\n<meta property=\"article:modified_time\" content=\"2022-06-09T12:40:45+00:00\" \/>\n<meta property=\"og:image\" content=\"https:\/\/terracotadoalgarve.com\/wp-content\/uploads\/2018\/11\/Zorpit-BAR-Embalagens-3.png\" \/>\n\t<meta property=\"og:image:width\" content=\"700\" \/>\n\t<meta property=\"og:image:height\" content=\"525\" \/>\n\t<meta property=\"og:image:type\" content=\"image\/png\" \/>\n<meta name=\"twitter:card\" content=\"summary_large_image\" \/>\n<script type=\"application\/ld+json\" class=\"yoast-schema-graph\">{\"@context\":\"https:\/\/schema.org\",\"@graph\":[{\"@type\":\"WebPage\",\"@id\":\"https:\/\/terracotadoalgarve.com\/de\/produto\/zorpit-bar-acryllack\/\",\"url\":\"https:\/\/terracotadoalgarve.com\/de\/produto\/zorpit-bar-acryllack\/\",\"name\":\"Zorpit-Bar Acryllack - Terracota do Algarve\",\"isPartOf\":{\"@id\":\"https:\/\/terracotadoalgarve.com\/de\/#website\"},\"primaryImageOfPage\":{\"@id\":\"https:\/\/terracotadoalgarve.com\/de\/produto\/zorpit-bar-acryllack\/#primaryimage\"},\"image\":{\"@id\":\"https:\/\/terracotadoalgarve.com\/de\/produto\/zorpit-bar-acryllack\/#primaryimage\"},\"thumbnailUrl\":\"https:\/\/terracotadoalgarve.com\/wp-content\/uploads\/2018\/11\/Zorpit-BAR-Embalagens-3.png\",\"datePublished\":\"2018-11-15T09:25:09+00:00\",\"dateModified\":\"2022-06-09T12:40:45+00:00\",\"breadcrumb\":{\"@id\":\"https:\/\/terracotadoalgarve.com\/de\/produto\/zorpit-bar-acryllack\/#breadcrumb\"},\"inLanguage\":\"de\",\"potentialAction\":[{\"@type\":\"ReadAction\",\"target\":[\"https:\/\/terracotadoalgarve.com\/de\/produto\/zorpit-bar-acryllack\/\"]}]},{\"@type\":\"ImageObject\",\"inLanguage\":\"de\",\"@id\":\"https:\/\/terracotadoalgarve.com\/de\/produto\/zorpit-bar-acryllack\/#primaryimage\",\"url\":\"https:\/\/terracotadoalgarve.com\/wp-content\/uploads\/2018\/11\/Zorpit-BAR-Embalagens-3.png\",\"contentUrl\":\"https:\/\/terracotadoalgarve.com\/wp-content\/uploads\/2018\/11\/Zorpit-BAR-Embalagens-3.png\",\"width\":700,\"height\":525,\"caption\":\"Zorpit BAR Embalagens 3\"},{\"@type\":\"BreadcrumbList\",\"@id\":\"https:\/\/terracotadoalgarve.com\/de\/produto\/zorpit-bar-acryllack\/#breadcrumb\",\"itemListElement\":[{\"@type\":\"ListItem\",\"position\":1,\"name\":\"Home\",\"item\":\"https:\/\/terracotadoalgarve.com\/de\/\"},{\"@type\":\"ListItem\",\"position\":2,\"name\":\"Produkte\",\"item\":\"https:\/\/terracotadoalgarve.com\/de\/shop\/\"},{\"@type\":\"ListItem\",\"position\":3,\"name\":\"Zorpit-Bar Acryllack\"}]},{\"@type\":\"WebSite\",\"@id\":\"https:\/\/terracotadoalgarve.com\/de\/#website\",\"url\":\"https:\/\/terracotadoalgarve.com\/de\/\",\"name\":\"Terracota do Algarve\",\"description\":\"Terracota tiles, Hydraulic cement tiles, Glazed tiles\",\"potentialAction\":[{\"@type\":\"SearchAction\",\"target\":{\"@type\":\"EntryPoint\",\"urlTemplate\":\"https:\/\/terracotadoalgarve.com\/de\/?s={search_term_string}\"},\"query-input\":{\"@type\":\"PropertyValueSpecification\",\"valueRequired\":true,\"valueName\":\"search_term_string\"}}],\"inLanguage\":\"de\"}]}<\/script>\n<!-- \/ Yoast SEO plugin. -->","yoast_head_json":{"title":"Zorpit-Bar Acryllack - Terracota do Algarve","robots":{"index":"index","follow":"follow","max-snippet":"max-snippet:-1","max-image-preview":"max-image-preview:large","max-video-preview":"max-video-preview:-1"},"canonical":"https:\/\/terracotadoalgarve.com\/de\/produto\/zorpit-bar-acryllack\/","og_locale":"de_DE","og_type":"article","og_title":"Zorpit-Bar Acryllack - Terracota do Algarve","og_description":"Eigenschaften:  Verleiht den Oberfl\u00e4chen einen sofortigen und dauerhaften Glanz, ohne Anstrengung und einfach zu verarbeiten. Der Auftrag ist rutsch- und trittfest und sch\u00fctz die Nutzfl\u00e4chen. Die Oberfl\u00e4chen k\u00f6nnen mit einem Neutralreiniger ges\u00e4ubert werden.  Anzuwenden bei Terrakotta, Fliesen, PVC, Marmor und diversen anderen Steinarten.   Darreichungsform:\u00a01 Lt. \/ 5 Lt.\/10 Lt.  Farbe:\u00a0Transparent  Ergiebigkeit:\u00a0Bis zu 12qm \/ Liter    Technische Information","og_url":"https:\/\/terracotadoalgarve.com\/de\/produto\/zorpit-bar-acryllack\/","og_site_name":"Terracota do Algarve","article_modified_time":"2022-06-09T12:40:45+00:00","og_image":[{"width":700,"height":525,"url":"https:\/\/terracotadoalgarve.com\/wp-content\/uploads\/2018\/11\/Zorpit-BAR-Embalagens-3.png","type":"image\/png"}],"twitter_card":"summary_large_image","schema":{"@context":"https:\/\/schema.org","@graph":[{"@type":"WebPage","@id":"https:\/\/terracotadoalgarve.com\/de\/produto\/zorpit-bar-acryllack\/","url":"https:\/\/terracotadoalgarve.com\/de\/produto\/zorpit-bar-acryllack\/","name":"Zorpit-Bar Acryllack - Terracota do Algarve","isPartOf":{"@id":"https:\/\/terracotadoalgarve.com\/de\/#website"},"primaryImageOfPage":{"@id":"https:\/\/terracotadoalgarve.com\/de\/produto\/zorpit-bar-acryllack\/#primaryimage"},"image":{"@id":"https:\/\/terracotadoalgarve.com\/de\/produto\/zorpit-bar-acryllack\/#primaryimage"},"thumbnailUrl":"https:\/\/terracotadoalgarve.com\/wp-content\/uploads\/2018\/11\/Zorpit-BAR-Embalagens-3.png","datePublished":"2018-11-15T09:25:09+00:00","dateModified":"2022-06-09T12:40:45+00:00","breadcrumb":{"@id":"https:\/\/terracotadoalgarve.com\/de\/produto\/zorpit-bar-acryllack\/#breadcrumb"},"inLanguage":"de","potentialAction":[{"@type":"ReadAction","target":["https:\/\/terracotadoalgarve.com\/de\/produto\/zorpit-bar-acryllack\/"]}]},{"@type":"ImageObject","inLanguage":"de","@id":"https:\/\/terracotadoalgarve.com\/de\/produto\/zorpit-bar-acryllack\/#primaryimage","url":"https:\/\/terracotadoalgarve.com\/wp-content\/uploads\/2018\/11\/Zorpit-BAR-Embalagens-3.png","contentUrl":"https:\/\/terracotadoalgarve.com\/wp-content\/uploads\/2018\/11\/Zorpit-BAR-Embalagens-3.png","width":700,"height":525,"caption":"Zorpit BAR Embalagens 3"},{"@type":"BreadcrumbList","@id":"https:\/\/terracotadoalgarve.com\/de\/produto\/zorpit-bar-acryllack\/#breadcrumb","itemListElement":[{"@type":"ListItem","position":1,"name":"Home","item":"https:\/\/terracotadoalgarve.com\/de\/"},{"@type":"ListItem","position":2,"name":"Produkte","item":"https:\/\/terracotadoalgarve.com\/de\/shop\/"},{"@type":"ListItem","position":3,"name":"Zorpit-Bar Acryllack"}]},{"@type":"WebSite","@id":"https:\/\/terracotadoalgarve.com\/de\/#website","url":"https:\/\/terracotadoalgarve.com\/de\/","name":"Terracota do Algarve","description":"Terracota tiles, Hydraulic cement tiles, Glazed tiles","potentialAction":[{"@type":"SearchAction","target":{"@type":"EntryPoint","urlTemplate":"https:\/\/terracotadoalgarve.com\/de\/?s={search_term_string}"},"query-input":{"@type":"PropertyValueSpecification","valueRequired":true,"valueName":"search_term_string"}}],"inLanguage":"de"}]}},"_links":{"self":[{"href":"https:\/\/terracotadoalgarve.com\/de\/wp-json\/wp\/v2\/product\/17592","targetHints":{"allow":["GET"]}}],"collection":[{"href":"https:\/\/terracotadoalgarve.com\/de\/wp-json\/wp\/v2\/product"}],"about":[{"href":"https:\/\/terracotadoalgarve.com\/de\/wp-json\/wp\/v2\/types\/product"}],"replies":[{"embeddable":true,"href":"https:\/\/terracotadoalgarve.com\/de\/wp-json\/wp\/v2\/comments?post=17592"}],"wp:featuredmedia":[{"embeddable":true,"href":"https:\/\/terracotadoalgarve.com\/de\/wp-json\/wp\/v2\/media\/25212"}],"wp:attachment":[{"href":"https:\/\/terracotadoalgarve.com\/de\/wp-json\/wp\/v2\/media?parent=17592"}],"wp:term":[{"taxonomy":"product_brand","embeddable":true,"href":"https:\/\/terracotadoalgarve.com\/de\/wp-json\/wp\/v2\/product_brand?post=17592"},{"taxonomy":"product_cat","embeddable":true,"href":"https:\/\/terracotadoalgarve.com\/de\/wp-json\/wp\/v2\/product_cat?post=17592"},{"taxonomy":"product_tag","embeddable":true,"href":"https:\/\/terracotadoalgarve.com\/de\/wp-json\/wp\/v2\/product_tag?post=17592"}],"curies":[{"name":"wp","href":"https:\/\/api.w.org\/{rel}","templated":true}]}}