{"id":17575,"date":"2018-11-15T09:25:09","date_gmt":"2018-11-15T09:25:09","guid":{"rendered":"http:\/\/terracotadoalgarve.com\/product\/kreidezeit-azeite-natural\/"},"modified":"2022-05-24T09:34:49","modified_gmt":"2022-05-24T09:34:49","slug":"kreidezeit-naturhartoel","status":"publish","type":"product","link":"https:\/\/terracotadoalgarve.com\/de\/produto\/kreidezeit-naturhartoel\/","title":{"rendered":"KREIDEZEIT \u2013 Naturhart\u00f6l"},"content":{"rendered":"","protected":false},"excerpt":{"rendered":"<p><strong>Eigenschaften<\/strong>:<\/p>\n<p>Das Kreidezeit Hart\u00f6l f\u00fcr Fu\u00dfb\u00f6den dringt tief in Oberfl\u00e4chen ein, hat eine hohe Leistungsf\u00e4higkeit und bildet eine widerstandsf\u00e4hige Impr\u00e4gnierung, die Oberfl\u00e4chen verdichtet. Es ist diffusionsf\u00e4hig, wasser- und schmutzabweisend. Hergestellt aus nachwachsenden nat\u00fcrlichen Ressourcen.<br \/>\nEs besteht haupts\u00e4chlich aus Lein\u00f6l.<\/p>\n<ul>\n<li><strong><b>Darreichungsform<\/b><\/strong>: 0,75 L\/2,5 L\/10 Lt\/20 L<\/li>\n<li><strong>Farbe<\/strong>: Dark<\/li>\n<li><strong>Ergiebigkeit<\/strong>: Up to 12m2\/Litre<\/li>\n<\/ul>\n<div>\n<p><a href=\"http:\/\/terracotadoalgarve.com\/wp-content\/uploads\/2016\/08\/Oleo-Duro-ficha-tecnica_PT.pdf\" target=\"_blank\" rel=\"noopener\">Technische Information<\/a><\/p>\n<\/div>\n<div><\/div>\n","protected":false},"featured_media":25213,"comment_status":"closed","ping_status":"closed","template":"","meta":[],"product_brand":[],"product_cat":[42],"product_tag":[],"class_list":{"0":"post-17575","1":"product","2":"type-product","3":"status-publish","4":"has-post-thumbnail","6":"product_cat-produkte-fuer-pflege-und-reinigung","8":"first","9":"instock","10":"product-type-simple"},"yoast_head":"<!-- This site is optimized with the Yoast SEO plugin v26.9 - https:\/\/yoast.com\/product\/yoast-seo-wordpress\/ -->\n<title>KREIDEZEIT \u2013 Naturhart\u00f6l - Terracota do Algarve<\/title>\n<meta name=\"robots\" content=\"index, follow, max-snippet:-1, max-image-preview:large, max-video-preview:-1\" \/>\n<link rel=\"canonical\" href=\"https:\/\/terracotadoalgarve.com\/de\/produto\/kreidezeit-naturhartoel\/\" \/>\n<meta property=\"og:locale\" content=\"de_DE\" \/>\n<meta property=\"og:type\" content=\"article\" \/>\n<meta property=\"og:title\" content=\"KREIDEZEIT \u2013 Naturhart\u00f6l - Terracota do Algarve\" \/>\n<meta property=\"og:description\" content=\"Eigenschaften:  Das Kreidezeit Hart\u00f6l f\u00fcr Fu\u00dfb\u00f6den dringt tief in Oberfl\u00e4chen ein, hat eine hohe Leistungsf\u00e4higkeit und bildet eine widerstandsf\u00e4hige Impr\u00e4gnierung, die Oberfl\u00e4chen verdichtet. Es ist diffusionsf\u00e4hig, wasser- und schmutzabweisend. Hergestellt aus nachwachsenden nat\u00fcrlichen Ressourcen. Es besteht haupts\u00e4chlich aus Lein\u00f6l.   Darreichungsform: 0,75 L\/2,5 L\/10 Lt\/20 L  Farbe: Dark  Ergiebigkeit: Up to 12m2\/Litre    Technische Information\" \/>\n<meta property=\"og:url\" content=\"https:\/\/terracotadoalgarve.com\/de\/produto\/kreidezeit-naturhartoel\/\" \/>\n<meta property=\"og:site_name\" content=\"Terracota do Algarve\" \/>\n<meta property=\"article:modified_time\" content=\"2022-05-24T09:34:49+00:00\" \/>\n<meta property=\"og:image\" content=\"https:\/\/terracotadoalgarve.com\/wp-content\/uploads\/2018\/11\/montagem.png\" \/>\n\t<meta property=\"og:image:width\" content=\"700\" \/>\n\t<meta property=\"og:image:height\" content=\"525\" \/>\n\t<meta property=\"og:image:type\" content=\"image\/png\" \/>\n<meta name=\"twitter:card\" content=\"summary_large_image\" \/>\n<script type=\"application\/ld+json\" class=\"yoast-schema-graph\">{\"@context\":\"https:\/\/schema.org\",\"@graph\":[{\"@type\":\"WebPage\",\"@id\":\"https:\/\/terracotadoalgarve.com\/de\/produto\/kreidezeit-naturhartoel\/\",\"url\":\"https:\/\/terracotadoalgarve.com\/de\/produto\/kreidezeit-naturhartoel\/\",\"name\":\"KREIDEZEIT \u2013 Naturhart\u00f6l - Terracota do Algarve\",\"isPartOf\":{\"@id\":\"https:\/\/terracotadoalgarve.com\/de\/#website\"},\"primaryImageOfPage\":{\"@id\":\"https:\/\/terracotadoalgarve.com\/de\/produto\/kreidezeit-naturhartoel\/#primaryimage\"},\"image\":{\"@id\":\"https:\/\/terracotadoalgarve.com\/de\/produto\/kreidezeit-naturhartoel\/#primaryimage\"},\"thumbnailUrl\":\"https:\/\/terracotadoalgarve.com\/wp-content\/uploads\/2018\/11\/montagem.png\",\"datePublished\":\"2018-11-15T09:25:09+00:00\",\"dateModified\":\"2022-05-24T09:34:49+00:00\",\"breadcrumb\":{\"@id\":\"https:\/\/terracotadoalgarve.com\/de\/produto\/kreidezeit-naturhartoel\/#breadcrumb\"},\"inLanguage\":\"de\",\"potentialAction\":[{\"@type\":\"ReadAction\",\"target\":[\"https:\/\/terracotadoalgarve.com\/de\/produto\/kreidezeit-naturhartoel\/\"]}]},{\"@type\":\"ImageObject\",\"inLanguage\":\"de\",\"@id\":\"https:\/\/terracotadoalgarve.com\/de\/produto\/kreidezeit-naturhartoel\/#primaryimage\",\"url\":\"https:\/\/terracotadoalgarve.com\/wp-content\/uploads\/2018\/11\/montagem.png\",\"contentUrl\":\"https:\/\/terracotadoalgarve.com\/wp-content\/uploads\/2018\/11\/montagem.png\",\"width\":700,\"height\":525,\"caption\":\"montagem\"},{\"@type\":\"BreadcrumbList\",\"@id\":\"https:\/\/terracotadoalgarve.com\/de\/produto\/kreidezeit-naturhartoel\/#breadcrumb\",\"itemListElement\":[{\"@type\":\"ListItem\",\"position\":1,\"name\":\"Home\",\"item\":\"https:\/\/terracotadoalgarve.com\/de\/\"},{\"@type\":\"ListItem\",\"position\":2,\"name\":\"Produkte\",\"item\":\"https:\/\/terracotadoalgarve.com\/de\/shop\/\"},{\"@type\":\"ListItem\",\"position\":3,\"name\":\"KREIDEZEIT \u2013 Naturhart\u00f6l\"}]},{\"@type\":\"WebSite\",\"@id\":\"https:\/\/terracotadoalgarve.com\/de\/#website\",\"url\":\"https:\/\/terracotadoalgarve.com\/de\/\",\"name\":\"Terracota do Algarve\",\"description\":\"Terracota tiles, Hydraulic cement tiles, Glazed tiles\",\"potentialAction\":[{\"@type\":\"SearchAction\",\"target\":{\"@type\":\"EntryPoint\",\"urlTemplate\":\"https:\/\/terracotadoalgarve.com\/de\/?s={search_term_string}\"},\"query-input\":{\"@type\":\"PropertyValueSpecification\",\"valueRequired\":true,\"valueName\":\"search_term_string\"}}],\"inLanguage\":\"de\"}]}<\/script>\n<!-- \/ Yoast SEO plugin. -->","yoast_head_json":{"title":"KREIDEZEIT \u2013 Naturhart\u00f6l - Terracota do Algarve","robots":{"index":"index","follow":"follow","max-snippet":"max-snippet:-1","max-image-preview":"max-image-preview:large","max-video-preview":"max-video-preview:-1"},"canonical":"https:\/\/terracotadoalgarve.com\/de\/produto\/kreidezeit-naturhartoel\/","og_locale":"de_DE","og_type":"article","og_title":"KREIDEZEIT \u2013 Naturhart\u00f6l - Terracota do Algarve","og_description":"Eigenschaften:  Das Kreidezeit Hart\u00f6l f\u00fcr Fu\u00dfb\u00f6den dringt tief in Oberfl\u00e4chen ein, hat eine hohe Leistungsf\u00e4higkeit und bildet eine widerstandsf\u00e4hige Impr\u00e4gnierung, die Oberfl\u00e4chen verdichtet. Es ist diffusionsf\u00e4hig, wasser- und schmutzabweisend. Hergestellt aus nachwachsenden nat\u00fcrlichen Ressourcen. Es besteht haupts\u00e4chlich aus Lein\u00f6l.   Darreichungsform: 0,75 L\/2,5 L\/10 Lt\/20 L  Farbe: Dark  Ergiebigkeit: Up to 12m2\/Litre    Technische Information","og_url":"https:\/\/terracotadoalgarve.com\/de\/produto\/kreidezeit-naturhartoel\/","og_site_name":"Terracota do Algarve","article_modified_time":"2022-05-24T09:34:49+00:00","og_image":[{"width":700,"height":525,"url":"https:\/\/terracotadoalgarve.com\/wp-content\/uploads\/2018\/11\/montagem.png","type":"image\/png"}],"twitter_card":"summary_large_image","schema":{"@context":"https:\/\/schema.org","@graph":[{"@type":"WebPage","@id":"https:\/\/terracotadoalgarve.com\/de\/produto\/kreidezeit-naturhartoel\/","url":"https:\/\/terracotadoalgarve.com\/de\/produto\/kreidezeit-naturhartoel\/","name":"KREIDEZEIT \u2013 Naturhart\u00f6l - Terracota do Algarve","isPartOf":{"@id":"https:\/\/terracotadoalgarve.com\/de\/#website"},"primaryImageOfPage":{"@id":"https:\/\/terracotadoalgarve.com\/de\/produto\/kreidezeit-naturhartoel\/#primaryimage"},"image":{"@id":"https:\/\/terracotadoalgarve.com\/de\/produto\/kreidezeit-naturhartoel\/#primaryimage"},"thumbnailUrl":"https:\/\/terracotadoalgarve.com\/wp-content\/uploads\/2018\/11\/montagem.png","datePublished":"2018-11-15T09:25:09+00:00","dateModified":"2022-05-24T09:34:49+00:00","breadcrumb":{"@id":"https:\/\/terracotadoalgarve.com\/de\/produto\/kreidezeit-naturhartoel\/#breadcrumb"},"inLanguage":"de","potentialAction":[{"@type":"ReadAction","target":["https:\/\/terracotadoalgarve.com\/de\/produto\/kreidezeit-naturhartoel\/"]}]},{"@type":"ImageObject","inLanguage":"de","@id":"https:\/\/terracotadoalgarve.com\/de\/produto\/kreidezeit-naturhartoel\/#primaryimage","url":"https:\/\/terracotadoalgarve.com\/wp-content\/uploads\/2018\/11\/montagem.png","contentUrl":"https:\/\/terracotadoalgarve.com\/wp-content\/uploads\/2018\/11\/montagem.png","width":700,"height":525,"caption":"montagem"},{"@type":"BreadcrumbList","@id":"https:\/\/terracotadoalgarve.com\/de\/produto\/kreidezeit-naturhartoel\/#breadcrumb","itemListElement":[{"@type":"ListItem","position":1,"name":"Home","item":"https:\/\/terracotadoalgarve.com\/de\/"},{"@type":"ListItem","position":2,"name":"Produkte","item":"https:\/\/terracotadoalgarve.com\/de\/shop\/"},{"@type":"ListItem","position":3,"name":"KREIDEZEIT \u2013 Naturhart\u00f6l"}]},{"@type":"WebSite","@id":"https:\/\/terracotadoalgarve.com\/de\/#website","url":"https:\/\/terracotadoalgarve.com\/de\/","name":"Terracota do Algarve","description":"Terracota tiles, Hydraulic cement tiles, Glazed tiles","potentialAction":[{"@type":"SearchAction","target":{"@type":"EntryPoint","urlTemplate":"https:\/\/terracotadoalgarve.com\/de\/?s={search_term_string}"},"query-input":{"@type":"PropertyValueSpecification","valueRequired":true,"valueName":"search_term_string"}}],"inLanguage":"de"}]}},"_links":{"self":[{"href":"https:\/\/terracotadoalgarve.com\/de\/wp-json\/wp\/v2\/product\/17575","targetHints":{"allow":["GET"]}}],"collection":[{"href":"https:\/\/terracotadoalgarve.com\/de\/wp-json\/wp\/v2\/product"}],"about":[{"href":"https:\/\/terracotadoalgarve.com\/de\/wp-json\/wp\/v2\/types\/product"}],"replies":[{"embeddable":true,"href":"https:\/\/terracotadoalgarve.com\/de\/wp-json\/wp\/v2\/comments?post=17575"}],"wp:featuredmedia":[{"embeddable":true,"href":"https:\/\/terracotadoalgarve.com\/de\/wp-json\/wp\/v2\/media\/25213"}],"wp:attachment":[{"href":"https:\/\/terracotadoalgarve.com\/de\/wp-json\/wp\/v2\/media?parent=17575"}],"wp:term":[{"taxonomy":"product_brand","embeddable":true,"href":"https:\/\/terracotadoalgarve.com\/de\/wp-json\/wp\/v2\/product_brand?post=17575"},{"taxonomy":"product_cat","embeddable":true,"href":"https:\/\/terracotadoalgarve.com\/de\/wp-json\/wp\/v2\/product_cat?post=17575"},{"taxonomy":"product_tag","embeddable":true,"href":"https:\/\/terracotadoalgarve.com\/de\/wp-json\/wp\/v2\/product_tag?post=17575"}],"curies":[{"name":"wp","href":"https:\/\/api.w.org\/{rel}","templated":true}]}}