{"id":17560,"date":"2018-11-15T09:25:14","date_gmt":"2018-11-15T09:25:14","guid":{"rendered":"http:\/\/terracotadoalgarve.com\/product\/zorpit-twall-isolante-transparente\/"},"modified":"2022-06-14T09:53:08","modified_gmt":"2022-06-14T09:53:08","slug":"hidrofort-wasserabweisend","status":"publish","type":"product","link":"https:\/\/terracotadoalgarve.com\/de\/produto\/hidrofort-wasserabweisend\/","title":{"rendered":"HIDROFORT Wasserabweisend"},"content":{"rendered":"","protected":false},"excerpt":{"rendered":"<p><strong><b>Eigenschaften<\/b>:<\/strong><\/p>\n<p>Produkt f\u00fcr die Versiegelung und Isolierung von por\u00f6sen Materialien, wie Fliesen, Dachziegel, Naturstein, Beton, Backstein, Sichtmauerwerk, etc..<\/p>\n<p>Verhindert das Eindringen von Feuchtigkeit und Schmutz, der schwer zu entfernende Flecken verursacht. Als fl\u00fcssiges Produkt dringt IMPERMIL in die Poren des Materials ein und trocknet bis in die Tiefe. Verleiht der Oberfl\u00e4che durch einheitliche Tonalit\u00e4t ihre Sch\u00f6nheit. Da transparent, ver\u00e4ndert IMPERMIL nicht die Nat\u00fcrlichkeit des Materials.<\/p>\n<ul>\n<li><strong>Darreichungsform:\u00a0<\/strong>1 Lt. \/ 5 Lt \/ 10Lt.<\/li>\n<li><strong>Farbe:\u00a0<\/strong>Transparent<\/li>\n<li><strong>Ergiebigkeit:\u00a0<\/strong>Bis zu 10qm \/ Liter<\/li>\n<\/ul>\n<div>\n<p><a href=\"http:\/\/terracotadoalgarve.com\/wp-content\/uploads\/2016\/12\/Zorpit-TWALL_ficha_tecnica_EN.pdf\" target=\"_blank\" rel=\"noopener\">Technische Information<\/a><\/p>\n<\/div>\n","protected":false},"featured_media":25210,"comment_status":"closed","ping_status":"closed","template":"","meta":[],"product_brand":[],"product_cat":[42],"product_tag":[],"class_list":{"0":"post-17560","1":"product","2":"type-product","3":"status-publish","4":"has-post-thumbnail","6":"product_cat-produkte-fuer-pflege-und-reinigung","8":"first","9":"instock","10":"product-type-simple"},"yoast_head":"<!-- This site is optimized with the Yoast SEO plugin v26.9 - https:\/\/yoast.com\/product\/yoast-seo-wordpress\/ -->\n<title>HIDROFORT Wasserabweisend - Terracota do Algarve<\/title>\n<meta name=\"robots\" content=\"index, follow, max-snippet:-1, max-image-preview:large, max-video-preview:-1\" \/>\n<link rel=\"canonical\" href=\"https:\/\/terracotadoalgarve.com\/de\/produto\/hidrofort-wasserabweisend\/\" \/>\n<meta property=\"og:locale\" content=\"de_DE\" \/>\n<meta property=\"og:type\" content=\"article\" \/>\n<meta property=\"og:title\" content=\"HIDROFORT Wasserabweisend - Terracota do Algarve\" \/>\n<meta property=\"og:description\" content=\"Eigenschaften:  Produkt f\u00fcr die Versiegelung und Isolierung von por\u00f6sen Materialien, wie Fliesen, Dachziegel, Naturstein, Beton, Backstein, Sichtmauerwerk, etc..  Verhindert das Eindringen von Feuchtigkeit und Schmutz, der schwer zu entfernende Flecken verursacht. Als fl\u00fcssiges Produkt dringt IMPERMIL in die Poren des Materials ein und trocknet bis in die Tiefe. Verleiht der Oberfl\u00e4che durch einheitliche Tonalit\u00e4t ihre Sch\u00f6nheit. Da transparent, ver\u00e4ndert IMPERMIL nicht die Nat\u00fcrlichkeit des Materials.   Darreichungsform:\u00a01 Lt. \/ 5 Lt \/ 10Lt.  Farbe:\u00a0Transparent  Ergiebigkeit:\u00a0Bis zu 10qm \/ Liter    Technische Information\" \/>\n<meta property=\"og:url\" content=\"https:\/\/terracotadoalgarve.com\/de\/produto\/hidrofort-wasserabweisend\/\" \/>\n<meta property=\"og:site_name\" content=\"Terracota do Algarve\" \/>\n<meta property=\"article:modified_time\" content=\"2022-06-14T09:53:08+00:00\" \/>\n<meta property=\"og:image\" content=\"https:\/\/terracotadoalgarve.com\/wp-content\/uploads\/2018\/11\/Zorpit-TWALL-Embalagens.png\" \/>\n\t<meta property=\"og:image:width\" content=\"700\" \/>\n\t<meta property=\"og:image:height\" content=\"525\" \/>\n\t<meta property=\"og:image:type\" content=\"image\/png\" \/>\n<meta name=\"twitter:card\" content=\"summary_large_image\" \/>\n<script type=\"application\/ld+json\" class=\"yoast-schema-graph\">{\"@context\":\"https:\/\/schema.org\",\"@graph\":[{\"@type\":\"WebPage\",\"@id\":\"https:\/\/terracotadoalgarve.com\/de\/produto\/hidrofort-wasserabweisend\/\",\"url\":\"https:\/\/terracotadoalgarve.com\/de\/produto\/hidrofort-wasserabweisend\/\",\"name\":\"HIDROFORT Wasserabweisend - Terracota do Algarve\",\"isPartOf\":{\"@id\":\"https:\/\/terracotadoalgarve.com\/de\/#website\"},\"primaryImageOfPage\":{\"@id\":\"https:\/\/terracotadoalgarve.com\/de\/produto\/hidrofort-wasserabweisend\/#primaryimage\"},\"image\":{\"@id\":\"https:\/\/terracotadoalgarve.com\/de\/produto\/hidrofort-wasserabweisend\/#primaryimage\"},\"thumbnailUrl\":\"https:\/\/terracotadoalgarve.com\/wp-content\/uploads\/2018\/11\/Zorpit-TWALL-Embalagens.png\",\"datePublished\":\"2018-11-15T09:25:14+00:00\",\"dateModified\":\"2022-06-14T09:53:08+00:00\",\"breadcrumb\":{\"@id\":\"https:\/\/terracotadoalgarve.com\/de\/produto\/hidrofort-wasserabweisend\/#breadcrumb\"},\"inLanguage\":\"de\",\"potentialAction\":[{\"@type\":\"ReadAction\",\"target\":[\"https:\/\/terracotadoalgarve.com\/de\/produto\/hidrofort-wasserabweisend\/\"]}]},{\"@type\":\"ImageObject\",\"inLanguage\":\"de\",\"@id\":\"https:\/\/terracotadoalgarve.com\/de\/produto\/hidrofort-wasserabweisend\/#primaryimage\",\"url\":\"https:\/\/terracotadoalgarve.com\/wp-content\/uploads\/2018\/11\/Zorpit-TWALL-Embalagens.png\",\"contentUrl\":\"https:\/\/terracotadoalgarve.com\/wp-content\/uploads\/2018\/11\/Zorpit-TWALL-Embalagens.png\",\"width\":700,\"height\":525,\"caption\":\"Zorpit TWALL Embalagens\"},{\"@type\":\"BreadcrumbList\",\"@id\":\"https:\/\/terracotadoalgarve.com\/de\/produto\/hidrofort-wasserabweisend\/#breadcrumb\",\"itemListElement\":[{\"@type\":\"ListItem\",\"position\":1,\"name\":\"Home\",\"item\":\"https:\/\/terracotadoalgarve.com\/de\/\"},{\"@type\":\"ListItem\",\"position\":2,\"name\":\"Produkte\",\"item\":\"https:\/\/terracotadoalgarve.com\/de\/shop\/\"},{\"@type\":\"ListItem\",\"position\":3,\"name\":\"HIDROFORT Wasserabweisend\"}]},{\"@type\":\"WebSite\",\"@id\":\"https:\/\/terracotadoalgarve.com\/de\/#website\",\"url\":\"https:\/\/terracotadoalgarve.com\/de\/\",\"name\":\"Terracota do Algarve\",\"description\":\"Terracota tiles, Hydraulic cement tiles, Glazed tiles\",\"potentialAction\":[{\"@type\":\"SearchAction\",\"target\":{\"@type\":\"EntryPoint\",\"urlTemplate\":\"https:\/\/terracotadoalgarve.com\/de\/?s={search_term_string}\"},\"query-input\":{\"@type\":\"PropertyValueSpecification\",\"valueRequired\":true,\"valueName\":\"search_term_string\"}}],\"inLanguage\":\"de\"}]}<\/script>\n<!-- \/ Yoast SEO plugin. -->","yoast_head_json":{"title":"HIDROFORT Wasserabweisend - Terracota do Algarve","robots":{"index":"index","follow":"follow","max-snippet":"max-snippet:-1","max-image-preview":"max-image-preview:large","max-video-preview":"max-video-preview:-1"},"canonical":"https:\/\/terracotadoalgarve.com\/de\/produto\/hidrofort-wasserabweisend\/","og_locale":"de_DE","og_type":"article","og_title":"HIDROFORT Wasserabweisend - Terracota do Algarve","og_description":"Eigenschaften:  Produkt f\u00fcr die Versiegelung und Isolierung von por\u00f6sen Materialien, wie Fliesen, Dachziegel, Naturstein, Beton, Backstein, Sichtmauerwerk, etc..  Verhindert das Eindringen von Feuchtigkeit und Schmutz, der schwer zu entfernende Flecken verursacht. Als fl\u00fcssiges Produkt dringt IMPERMIL in die Poren des Materials ein und trocknet bis in die Tiefe. Verleiht der Oberfl\u00e4che durch einheitliche Tonalit\u00e4t ihre Sch\u00f6nheit. Da transparent, ver\u00e4ndert IMPERMIL nicht die Nat\u00fcrlichkeit des Materials.   Darreichungsform:\u00a01 Lt. \/ 5 Lt \/ 10Lt.  Farbe:\u00a0Transparent  Ergiebigkeit:\u00a0Bis zu 10qm \/ Liter    Technische Information","og_url":"https:\/\/terracotadoalgarve.com\/de\/produto\/hidrofort-wasserabweisend\/","og_site_name":"Terracota do Algarve","article_modified_time":"2022-06-14T09:53:08+00:00","og_image":[{"width":700,"height":525,"url":"https:\/\/terracotadoalgarve.com\/wp-content\/uploads\/2018\/11\/Zorpit-TWALL-Embalagens.png","type":"image\/png"}],"twitter_card":"summary_large_image","schema":{"@context":"https:\/\/schema.org","@graph":[{"@type":"WebPage","@id":"https:\/\/terracotadoalgarve.com\/de\/produto\/hidrofort-wasserabweisend\/","url":"https:\/\/terracotadoalgarve.com\/de\/produto\/hidrofort-wasserabweisend\/","name":"HIDROFORT Wasserabweisend - Terracota do Algarve","isPartOf":{"@id":"https:\/\/terracotadoalgarve.com\/de\/#website"},"primaryImageOfPage":{"@id":"https:\/\/terracotadoalgarve.com\/de\/produto\/hidrofort-wasserabweisend\/#primaryimage"},"image":{"@id":"https:\/\/terracotadoalgarve.com\/de\/produto\/hidrofort-wasserabweisend\/#primaryimage"},"thumbnailUrl":"https:\/\/terracotadoalgarve.com\/wp-content\/uploads\/2018\/11\/Zorpit-TWALL-Embalagens.png","datePublished":"2018-11-15T09:25:14+00:00","dateModified":"2022-06-14T09:53:08+00:00","breadcrumb":{"@id":"https:\/\/terracotadoalgarve.com\/de\/produto\/hidrofort-wasserabweisend\/#breadcrumb"},"inLanguage":"de","potentialAction":[{"@type":"ReadAction","target":["https:\/\/terracotadoalgarve.com\/de\/produto\/hidrofort-wasserabweisend\/"]}]},{"@type":"ImageObject","inLanguage":"de","@id":"https:\/\/terracotadoalgarve.com\/de\/produto\/hidrofort-wasserabweisend\/#primaryimage","url":"https:\/\/terracotadoalgarve.com\/wp-content\/uploads\/2018\/11\/Zorpit-TWALL-Embalagens.png","contentUrl":"https:\/\/terracotadoalgarve.com\/wp-content\/uploads\/2018\/11\/Zorpit-TWALL-Embalagens.png","width":700,"height":525,"caption":"Zorpit TWALL Embalagens"},{"@type":"BreadcrumbList","@id":"https:\/\/terracotadoalgarve.com\/de\/produto\/hidrofort-wasserabweisend\/#breadcrumb","itemListElement":[{"@type":"ListItem","position":1,"name":"Home","item":"https:\/\/terracotadoalgarve.com\/de\/"},{"@type":"ListItem","position":2,"name":"Produkte","item":"https:\/\/terracotadoalgarve.com\/de\/shop\/"},{"@type":"ListItem","position":3,"name":"HIDROFORT Wasserabweisend"}]},{"@type":"WebSite","@id":"https:\/\/terracotadoalgarve.com\/de\/#website","url":"https:\/\/terracotadoalgarve.com\/de\/","name":"Terracota do Algarve","description":"Terracota tiles, Hydraulic cement tiles, Glazed tiles","potentialAction":[{"@type":"SearchAction","target":{"@type":"EntryPoint","urlTemplate":"https:\/\/terracotadoalgarve.com\/de\/?s={search_term_string}"},"query-input":{"@type":"PropertyValueSpecification","valueRequired":true,"valueName":"search_term_string"}}],"inLanguage":"de"}]}},"_links":{"self":[{"href":"https:\/\/terracotadoalgarve.com\/de\/wp-json\/wp\/v2\/product\/17560","targetHints":{"allow":["GET"]}}],"collection":[{"href":"https:\/\/terracotadoalgarve.com\/de\/wp-json\/wp\/v2\/product"}],"about":[{"href":"https:\/\/terracotadoalgarve.com\/de\/wp-json\/wp\/v2\/types\/product"}],"replies":[{"embeddable":true,"href":"https:\/\/terracotadoalgarve.com\/de\/wp-json\/wp\/v2\/comments?post=17560"}],"wp:featuredmedia":[{"embeddable":true,"href":"https:\/\/terracotadoalgarve.com\/de\/wp-json\/wp\/v2\/media\/25210"}],"wp:attachment":[{"href":"https:\/\/terracotadoalgarve.com\/de\/wp-json\/wp\/v2\/media?parent=17560"}],"wp:term":[{"taxonomy":"product_brand","embeddable":true,"href":"https:\/\/terracotadoalgarve.com\/de\/wp-json\/wp\/v2\/product_brand?post=17560"},{"taxonomy":"product_cat","embeddable":true,"href":"https:\/\/terracotadoalgarve.com\/de\/wp-json\/wp\/v2\/product_cat?post=17560"},{"taxonomy":"product_tag","embeddable":true,"href":"https:\/\/terracotadoalgarve.com\/de\/wp-json\/wp\/v2\/product_tag?post=17560"}],"curies":[{"name":"wp","href":"https:\/\/api.w.org\/{rel}","templated":true}]}}