{"id":17552,"date":"2018-11-15T09:27:04","date_gmt":"2018-11-15T09:27:04","guid":{"rendered":"http:\/\/terracotadoalgarve.com\/product\/siril-desincrustante-profissional\/"},"modified":"2022-06-14T10:10:01","modified_gmt":"2022-06-14T10:10:01","slug":"siril-professioneller-entkalker","status":"publish","type":"product","link":"https:\/\/terracotadoalgarve.com\/de\/produto\/siril-professioneller-entkalker\/","title":{"rendered":"SIRIL Professioneller Entkalker"},"content":{"rendered":"","protected":false},"excerpt":{"rendered":"<p><strong>Eigenschaften:<\/strong><\/p>\n<p>Produkt f\u00fcr die Entfernung von R\u00fcckst\u00e4nden von Zement, Kalk, Rost und Putz auf Fliesen, Stein, Marmor und Marmorbruchstein. Hervorragend geeignet f\u00fcr die Restaurierung antiker Steine sowie die Reinigung von Kalkverkrustungen in sanit\u00e4ren Anlagen, Wasserh\u00e4hnen, etc..<\/p>\n<ul>\n<li><strong>Darreichungsform:\u00a0<\/strong>1 Lt. \/ 5 Lt. \/ 25 Lt<\/li>\n<\/ul>\n<p><a href=\"http:\/\/terracotadoalgarve.com\/wp-content\/uploads\/2016\/12\/SIRIL_Profissional_ficha_tecnica_EN.pdf\" target=\"_blank\" rel=\"noopener\">Technische Information<\/a><\/p>\n","protected":false},"featured_media":25209,"comment_status":"closed","ping_status":"closed","template":"","meta":[],"product_brand":[],"product_cat":[42],"product_tag":[],"class_list":{"0":"post-17552","1":"product","2":"type-product","3":"status-publish","4":"has-post-thumbnail","6":"product_cat-produkte-fuer-pflege-und-reinigung","8":"first","9":"instock","10":"product-type-simple"},"yoast_head":"<!-- This site is optimized with the Yoast SEO plugin v26.9 - https:\/\/yoast.com\/product\/yoast-seo-wordpress\/ -->\n<title>SIRIL Professioneller Entkalker - Terracota do Algarve<\/title>\n<meta name=\"robots\" content=\"index, follow, max-snippet:-1, max-image-preview:large, max-video-preview:-1\" \/>\n<link rel=\"canonical\" href=\"https:\/\/terracotadoalgarve.com\/de\/produto\/siril-professioneller-entkalker\/\" \/>\n<meta property=\"og:locale\" content=\"de_DE\" \/>\n<meta property=\"og:type\" content=\"article\" \/>\n<meta property=\"og:title\" content=\"SIRIL Professioneller Entkalker - Terracota do Algarve\" \/>\n<meta property=\"og:description\" content=\"Eigenschaften:  Produkt f\u00fcr die Entfernung von R\u00fcckst\u00e4nden von Zement, Kalk, Rost und Putz auf Fliesen, Stein, Marmor und Marmorbruchstein. Hervorragend geeignet f\u00fcr die Restaurierung antiker Steine sowie die Reinigung von Kalkverkrustungen in sanit\u00e4ren Anlagen, Wasserh\u00e4hnen, etc..   Darreichungsform:\u00a01 Lt. \/ 5 Lt. \/ 25 Lt  Technische Information\" \/>\n<meta property=\"og:url\" content=\"https:\/\/terracotadoalgarve.com\/de\/produto\/siril-professioneller-entkalker\/\" \/>\n<meta property=\"og:site_name\" content=\"Terracota do Algarve\" \/>\n<meta property=\"article:modified_time\" content=\"2022-06-14T10:10:01+00:00\" \/>\n<meta property=\"og:image\" content=\"https:\/\/terracotadoalgarve.com\/wp-content\/uploads\/2018\/11\/Siril_Profission-4.png\" \/>\n\t<meta property=\"og:image:width\" content=\"700\" \/>\n\t<meta property=\"og:image:height\" content=\"525\" \/>\n\t<meta property=\"og:image:type\" content=\"image\/png\" \/>\n<meta name=\"twitter:card\" content=\"summary_large_image\" \/>\n<script type=\"application\/ld+json\" class=\"yoast-schema-graph\">{\"@context\":\"https:\/\/schema.org\",\"@graph\":[{\"@type\":\"WebPage\",\"@id\":\"https:\/\/terracotadoalgarve.com\/de\/produto\/siril-professioneller-entkalker\/\",\"url\":\"https:\/\/terracotadoalgarve.com\/de\/produto\/siril-professioneller-entkalker\/\",\"name\":\"SIRIL Professioneller Entkalker - Terracota do Algarve\",\"isPartOf\":{\"@id\":\"https:\/\/terracotadoalgarve.com\/de\/#website\"},\"primaryImageOfPage\":{\"@id\":\"https:\/\/terracotadoalgarve.com\/de\/produto\/siril-professioneller-entkalker\/#primaryimage\"},\"image\":{\"@id\":\"https:\/\/terracotadoalgarve.com\/de\/produto\/siril-professioneller-entkalker\/#primaryimage\"},\"thumbnailUrl\":\"https:\/\/terracotadoalgarve.com\/wp-content\/uploads\/2018\/11\/Siril_Profission-4.png\",\"datePublished\":\"2018-11-15T09:27:04+00:00\",\"dateModified\":\"2022-06-14T10:10:01+00:00\",\"breadcrumb\":{\"@id\":\"https:\/\/terracotadoalgarve.com\/de\/produto\/siril-professioneller-entkalker\/#breadcrumb\"},\"inLanguage\":\"de\",\"potentialAction\":[{\"@type\":\"ReadAction\",\"target\":[\"https:\/\/terracotadoalgarve.com\/de\/produto\/siril-professioneller-entkalker\/\"]}]},{\"@type\":\"ImageObject\",\"inLanguage\":\"de\",\"@id\":\"https:\/\/terracotadoalgarve.com\/de\/produto\/siril-professioneller-entkalker\/#primaryimage\",\"url\":\"https:\/\/terracotadoalgarve.com\/wp-content\/uploads\/2018\/11\/Siril_Profission-4.png\",\"contentUrl\":\"https:\/\/terracotadoalgarve.com\/wp-content\/uploads\/2018\/11\/Siril_Profission-4.png\",\"width\":700,\"height\":525,\"caption\":\"Siril Profission 4\"},{\"@type\":\"BreadcrumbList\",\"@id\":\"https:\/\/terracotadoalgarve.com\/de\/produto\/siril-professioneller-entkalker\/#breadcrumb\",\"itemListElement\":[{\"@type\":\"ListItem\",\"position\":1,\"name\":\"Home\",\"item\":\"https:\/\/terracotadoalgarve.com\/de\/\"},{\"@type\":\"ListItem\",\"position\":2,\"name\":\"Produkte\",\"item\":\"https:\/\/terracotadoalgarve.com\/de\/shop\/\"},{\"@type\":\"ListItem\",\"position\":3,\"name\":\"SIRIL Professioneller Entkalker\"}]},{\"@type\":\"WebSite\",\"@id\":\"https:\/\/terracotadoalgarve.com\/de\/#website\",\"url\":\"https:\/\/terracotadoalgarve.com\/de\/\",\"name\":\"Terracota do Algarve\",\"description\":\"Terracota tiles, Hydraulic cement tiles, Glazed tiles\",\"potentialAction\":[{\"@type\":\"SearchAction\",\"target\":{\"@type\":\"EntryPoint\",\"urlTemplate\":\"https:\/\/terracotadoalgarve.com\/de\/?s={search_term_string}\"},\"query-input\":{\"@type\":\"PropertyValueSpecification\",\"valueRequired\":true,\"valueName\":\"search_term_string\"}}],\"inLanguage\":\"de\"}]}<\/script>\n<!-- \/ Yoast SEO plugin. -->","yoast_head_json":{"title":"SIRIL Professioneller Entkalker - Terracota do Algarve","robots":{"index":"index","follow":"follow","max-snippet":"max-snippet:-1","max-image-preview":"max-image-preview:large","max-video-preview":"max-video-preview:-1"},"canonical":"https:\/\/terracotadoalgarve.com\/de\/produto\/siril-professioneller-entkalker\/","og_locale":"de_DE","og_type":"article","og_title":"SIRIL Professioneller Entkalker - Terracota do Algarve","og_description":"Eigenschaften:  Produkt f\u00fcr die Entfernung von R\u00fcckst\u00e4nden von Zement, Kalk, Rost und Putz auf Fliesen, Stein, Marmor und Marmorbruchstein. Hervorragend geeignet f\u00fcr die Restaurierung antiker Steine sowie die Reinigung von Kalkverkrustungen in sanit\u00e4ren Anlagen, Wasserh\u00e4hnen, etc..   Darreichungsform:\u00a01 Lt. \/ 5 Lt. \/ 25 Lt  Technische Information","og_url":"https:\/\/terracotadoalgarve.com\/de\/produto\/siril-professioneller-entkalker\/","og_site_name":"Terracota do Algarve","article_modified_time":"2022-06-14T10:10:01+00:00","og_image":[{"width":700,"height":525,"url":"https:\/\/terracotadoalgarve.com\/wp-content\/uploads\/2018\/11\/Siril_Profission-4.png","type":"image\/png"}],"twitter_card":"summary_large_image","schema":{"@context":"https:\/\/schema.org","@graph":[{"@type":"WebPage","@id":"https:\/\/terracotadoalgarve.com\/de\/produto\/siril-professioneller-entkalker\/","url":"https:\/\/terracotadoalgarve.com\/de\/produto\/siril-professioneller-entkalker\/","name":"SIRIL Professioneller Entkalker - Terracota do Algarve","isPartOf":{"@id":"https:\/\/terracotadoalgarve.com\/de\/#website"},"primaryImageOfPage":{"@id":"https:\/\/terracotadoalgarve.com\/de\/produto\/siril-professioneller-entkalker\/#primaryimage"},"image":{"@id":"https:\/\/terracotadoalgarve.com\/de\/produto\/siril-professioneller-entkalker\/#primaryimage"},"thumbnailUrl":"https:\/\/terracotadoalgarve.com\/wp-content\/uploads\/2018\/11\/Siril_Profission-4.png","datePublished":"2018-11-15T09:27:04+00:00","dateModified":"2022-06-14T10:10:01+00:00","breadcrumb":{"@id":"https:\/\/terracotadoalgarve.com\/de\/produto\/siril-professioneller-entkalker\/#breadcrumb"},"inLanguage":"de","potentialAction":[{"@type":"ReadAction","target":["https:\/\/terracotadoalgarve.com\/de\/produto\/siril-professioneller-entkalker\/"]}]},{"@type":"ImageObject","inLanguage":"de","@id":"https:\/\/terracotadoalgarve.com\/de\/produto\/siril-professioneller-entkalker\/#primaryimage","url":"https:\/\/terracotadoalgarve.com\/wp-content\/uploads\/2018\/11\/Siril_Profission-4.png","contentUrl":"https:\/\/terracotadoalgarve.com\/wp-content\/uploads\/2018\/11\/Siril_Profission-4.png","width":700,"height":525,"caption":"Siril Profission 4"},{"@type":"BreadcrumbList","@id":"https:\/\/terracotadoalgarve.com\/de\/produto\/siril-professioneller-entkalker\/#breadcrumb","itemListElement":[{"@type":"ListItem","position":1,"name":"Home","item":"https:\/\/terracotadoalgarve.com\/de\/"},{"@type":"ListItem","position":2,"name":"Produkte","item":"https:\/\/terracotadoalgarve.com\/de\/shop\/"},{"@type":"ListItem","position":3,"name":"SIRIL Professioneller Entkalker"}]},{"@type":"WebSite","@id":"https:\/\/terracotadoalgarve.com\/de\/#website","url":"https:\/\/terracotadoalgarve.com\/de\/","name":"Terracota do Algarve","description":"Terracota tiles, Hydraulic cement tiles, Glazed tiles","potentialAction":[{"@type":"SearchAction","target":{"@type":"EntryPoint","urlTemplate":"https:\/\/terracotadoalgarve.com\/de\/?s={search_term_string}"},"query-input":{"@type":"PropertyValueSpecification","valueRequired":true,"valueName":"search_term_string"}}],"inLanguage":"de"}]}},"_links":{"self":[{"href":"https:\/\/terracotadoalgarve.com\/de\/wp-json\/wp\/v2\/product\/17552","targetHints":{"allow":["GET"]}}],"collection":[{"href":"https:\/\/terracotadoalgarve.com\/de\/wp-json\/wp\/v2\/product"}],"about":[{"href":"https:\/\/terracotadoalgarve.com\/de\/wp-json\/wp\/v2\/types\/product"}],"replies":[{"embeddable":true,"href":"https:\/\/terracotadoalgarve.com\/de\/wp-json\/wp\/v2\/comments?post=17552"}],"wp:featuredmedia":[{"embeddable":true,"href":"https:\/\/terracotadoalgarve.com\/de\/wp-json\/wp\/v2\/media\/25209"}],"wp:attachment":[{"href":"https:\/\/terracotadoalgarve.com\/de\/wp-json\/wp\/v2\/media?parent=17552"}],"wp:term":[{"taxonomy":"product_brand","embeddable":true,"href":"https:\/\/terracotadoalgarve.com\/de\/wp-json\/wp\/v2\/product_brand?post=17552"},{"taxonomy":"product_cat","embeddable":true,"href":"https:\/\/terracotadoalgarve.com\/de\/wp-json\/wp\/v2\/product_cat?post=17552"},{"taxonomy":"product_tag","embeddable":true,"href":"https:\/\/terracotadoalgarve.com\/de\/wp-json\/wp\/v2\/product_tag?post=17552"}],"curies":[{"name":"wp","href":"https:\/\/api.w.org\/{rel}","templated":true}]}}