{"id":17543,"date":"2018-11-15T09:27:04","date_gmt":"2018-11-15T09:27:04","guid":{"rendered":"http:\/\/terracotadoalgarve.com\/product\/removedor-de-cera-r-descerex\/"},"modified":"2022-06-13T11:33:04","modified_gmt":"2022-06-13T11:33:04","slug":"r-descerex-acrylwachs-entferner","status":"publish","type":"product","link":"https:\/\/terracotadoalgarve.com\/de\/produto\/r-descerex-acrylwachs-entferner\/","title":{"rendered":"R-DESCEREX, Acrylwachs-Entferner"},"content":{"rendered":"","protected":false},"excerpt":{"rendered":"<p><strong>Eigenschaften:<\/strong><\/p>\n<p>Entfernt Acrylwachs sowie konventionelle Wachse von Fu\u00dfb\u00f6den, M\u00f6beln und grunds\u00e4tzlich allen Oberfl\u00e4chen, welche angefeuchtet werden d\u00fcrfen. Effizient bei Mosaik, Fliesen, Holz, Kunststoffverkleidungen, etc.. Erzeugt perfekt saubere und fettfreie Oberfl\u00e4chen.Kann manuell oder mit einer Reinigungsmaschine aufgetragen werden, welche den Mengenauftrag besser reguliert.<\/p>\n<ul>\n<li><strong><b>Darreichungsform<\/b>:<\/strong>\u00a01 Lt. \/ 5 Lt.<\/li>\n<\/ul>\n<p><a href=\"http:\/\/terracotadoalgarve.com\/wp-content\/uploads\/2016\/12\/Ficha_Tecnica_Removedor_de_Cera_EN.pdf\" target=\"_blank\" rel=\"noopener\">Technische Information<\/a><\/p>\n","protected":false},"featured_media":25217,"comment_status":"closed","ping_status":"closed","template":"","meta":[],"product_brand":[],"product_cat":[42],"product_tag":[],"class_list":{"0":"post-17543","1":"product","2":"type-product","3":"status-publish","4":"has-post-thumbnail","6":"product_cat-produkte-fuer-pflege-und-reinigung","8":"first","9":"instock","10":"product-type-simple"},"yoast_head":"<!-- This site is optimized with the Yoast SEO plugin v26.9 - https:\/\/yoast.com\/product\/yoast-seo-wordpress\/ -->\n<title>R-DESCEREX, Acrylwachs-Entferner - Terracota do Algarve<\/title>\n<meta name=\"robots\" content=\"index, follow, max-snippet:-1, max-image-preview:large, max-video-preview:-1\" \/>\n<link rel=\"canonical\" href=\"https:\/\/terracotadoalgarve.com\/de\/produto\/r-descerex-acrylwachs-entferner\/\" \/>\n<meta property=\"og:locale\" content=\"de_DE\" \/>\n<meta property=\"og:type\" content=\"article\" \/>\n<meta property=\"og:title\" content=\"R-DESCEREX, Acrylwachs-Entferner - Terracota do Algarve\" \/>\n<meta property=\"og:description\" content=\"Eigenschaften:  Entfernt Acrylwachs sowie konventionelle Wachse von Fu\u00dfb\u00f6den, M\u00f6beln und grunds\u00e4tzlich allen Oberfl\u00e4chen, welche angefeuchtet werden d\u00fcrfen. Effizient bei Mosaik, Fliesen, Holz, Kunststoffverkleidungen, etc.. Erzeugt perfekt saubere und fettfreie Oberfl\u00e4chen.Kann manuell oder mit einer Reinigungsmaschine aufgetragen werden, welche den Mengenauftrag besser reguliert.   Darreichungsform:\u00a01 Lt. \/ 5 Lt.  Technische Information\" \/>\n<meta property=\"og:url\" content=\"https:\/\/terracotadoalgarve.com\/de\/produto\/r-descerex-acrylwachs-entferner\/\" \/>\n<meta property=\"og:site_name\" content=\"Terracota do Algarve\" \/>\n<meta property=\"article:modified_time\" content=\"2022-06-13T11:33:04+00:00\" \/>\n<meta property=\"og:image\" content=\"https:\/\/terracotadoalgarve.com\/wp-content\/uploads\/2018\/11\/R_Descerex-3.png\" \/>\n\t<meta property=\"og:image:width\" content=\"700\" \/>\n\t<meta property=\"og:image:height\" content=\"525\" \/>\n\t<meta property=\"og:image:type\" content=\"image\/png\" \/>\n<meta name=\"twitter:card\" content=\"summary_large_image\" \/>\n<script type=\"application\/ld+json\" class=\"yoast-schema-graph\">{\"@context\":\"https:\/\/schema.org\",\"@graph\":[{\"@type\":\"WebPage\",\"@id\":\"https:\/\/terracotadoalgarve.com\/de\/produto\/r-descerex-acrylwachs-entferner\/\",\"url\":\"https:\/\/terracotadoalgarve.com\/de\/produto\/r-descerex-acrylwachs-entferner\/\",\"name\":\"R-DESCEREX, Acrylwachs-Entferner - Terracota do Algarve\",\"isPartOf\":{\"@id\":\"https:\/\/terracotadoalgarve.com\/de\/#website\"},\"primaryImageOfPage\":{\"@id\":\"https:\/\/terracotadoalgarve.com\/de\/produto\/r-descerex-acrylwachs-entferner\/#primaryimage\"},\"image\":{\"@id\":\"https:\/\/terracotadoalgarve.com\/de\/produto\/r-descerex-acrylwachs-entferner\/#primaryimage\"},\"thumbnailUrl\":\"https:\/\/terracotadoalgarve.com\/wp-content\/uploads\/2018\/11\/R_Descerex-3.png\",\"datePublished\":\"2018-11-15T09:27:04+00:00\",\"dateModified\":\"2022-06-13T11:33:04+00:00\",\"breadcrumb\":{\"@id\":\"https:\/\/terracotadoalgarve.com\/de\/produto\/r-descerex-acrylwachs-entferner\/#breadcrumb\"},\"inLanguage\":\"de\",\"potentialAction\":[{\"@type\":\"ReadAction\",\"target\":[\"https:\/\/terracotadoalgarve.com\/de\/produto\/r-descerex-acrylwachs-entferner\/\"]}]},{\"@type\":\"ImageObject\",\"inLanguage\":\"de\",\"@id\":\"https:\/\/terracotadoalgarve.com\/de\/produto\/r-descerex-acrylwachs-entferner\/#primaryimage\",\"url\":\"https:\/\/terracotadoalgarve.com\/wp-content\/uploads\/2018\/11\/R_Descerex-3.png\",\"contentUrl\":\"https:\/\/terracotadoalgarve.com\/wp-content\/uploads\/2018\/11\/R_Descerex-3.png\",\"width\":700,\"height\":525,\"caption\":\"R Descerex 3\"},{\"@type\":\"BreadcrumbList\",\"@id\":\"https:\/\/terracotadoalgarve.com\/de\/produto\/r-descerex-acrylwachs-entferner\/#breadcrumb\",\"itemListElement\":[{\"@type\":\"ListItem\",\"position\":1,\"name\":\"Home\",\"item\":\"https:\/\/terracotadoalgarve.com\/de\/\"},{\"@type\":\"ListItem\",\"position\":2,\"name\":\"Produkte\",\"item\":\"https:\/\/terracotadoalgarve.com\/de\/shop\/\"},{\"@type\":\"ListItem\",\"position\":3,\"name\":\"R-DESCEREX, Acrylwachs-Entferner\"}]},{\"@type\":\"WebSite\",\"@id\":\"https:\/\/terracotadoalgarve.com\/de\/#website\",\"url\":\"https:\/\/terracotadoalgarve.com\/de\/\",\"name\":\"Terracota do Algarve\",\"description\":\"Terracota tiles, Hydraulic cement tiles, Glazed tiles\",\"potentialAction\":[{\"@type\":\"SearchAction\",\"target\":{\"@type\":\"EntryPoint\",\"urlTemplate\":\"https:\/\/terracotadoalgarve.com\/de\/?s={search_term_string}\"},\"query-input\":{\"@type\":\"PropertyValueSpecification\",\"valueRequired\":true,\"valueName\":\"search_term_string\"}}],\"inLanguage\":\"de\"}]}<\/script>\n<!-- \/ Yoast SEO plugin. -->","yoast_head_json":{"title":"R-DESCEREX, Acrylwachs-Entferner - Terracota do Algarve","robots":{"index":"index","follow":"follow","max-snippet":"max-snippet:-1","max-image-preview":"max-image-preview:large","max-video-preview":"max-video-preview:-1"},"canonical":"https:\/\/terracotadoalgarve.com\/de\/produto\/r-descerex-acrylwachs-entferner\/","og_locale":"de_DE","og_type":"article","og_title":"R-DESCEREX, Acrylwachs-Entferner - Terracota do Algarve","og_description":"Eigenschaften:  Entfernt Acrylwachs sowie konventionelle Wachse von Fu\u00dfb\u00f6den, M\u00f6beln und grunds\u00e4tzlich allen Oberfl\u00e4chen, welche angefeuchtet werden d\u00fcrfen. Effizient bei Mosaik, Fliesen, Holz, Kunststoffverkleidungen, etc.. Erzeugt perfekt saubere und fettfreie Oberfl\u00e4chen.Kann manuell oder mit einer Reinigungsmaschine aufgetragen werden, welche den Mengenauftrag besser reguliert.   Darreichungsform:\u00a01 Lt. \/ 5 Lt.  Technische Information","og_url":"https:\/\/terracotadoalgarve.com\/de\/produto\/r-descerex-acrylwachs-entferner\/","og_site_name":"Terracota do Algarve","article_modified_time":"2022-06-13T11:33:04+00:00","og_image":[{"width":700,"height":525,"url":"https:\/\/terracotadoalgarve.com\/wp-content\/uploads\/2018\/11\/R_Descerex-3.png","type":"image\/png"}],"twitter_card":"summary_large_image","schema":{"@context":"https:\/\/schema.org","@graph":[{"@type":"WebPage","@id":"https:\/\/terracotadoalgarve.com\/de\/produto\/r-descerex-acrylwachs-entferner\/","url":"https:\/\/terracotadoalgarve.com\/de\/produto\/r-descerex-acrylwachs-entferner\/","name":"R-DESCEREX, Acrylwachs-Entferner - Terracota do Algarve","isPartOf":{"@id":"https:\/\/terracotadoalgarve.com\/de\/#website"},"primaryImageOfPage":{"@id":"https:\/\/terracotadoalgarve.com\/de\/produto\/r-descerex-acrylwachs-entferner\/#primaryimage"},"image":{"@id":"https:\/\/terracotadoalgarve.com\/de\/produto\/r-descerex-acrylwachs-entferner\/#primaryimage"},"thumbnailUrl":"https:\/\/terracotadoalgarve.com\/wp-content\/uploads\/2018\/11\/R_Descerex-3.png","datePublished":"2018-11-15T09:27:04+00:00","dateModified":"2022-06-13T11:33:04+00:00","breadcrumb":{"@id":"https:\/\/terracotadoalgarve.com\/de\/produto\/r-descerex-acrylwachs-entferner\/#breadcrumb"},"inLanguage":"de","potentialAction":[{"@type":"ReadAction","target":["https:\/\/terracotadoalgarve.com\/de\/produto\/r-descerex-acrylwachs-entferner\/"]}]},{"@type":"ImageObject","inLanguage":"de","@id":"https:\/\/terracotadoalgarve.com\/de\/produto\/r-descerex-acrylwachs-entferner\/#primaryimage","url":"https:\/\/terracotadoalgarve.com\/wp-content\/uploads\/2018\/11\/R_Descerex-3.png","contentUrl":"https:\/\/terracotadoalgarve.com\/wp-content\/uploads\/2018\/11\/R_Descerex-3.png","width":700,"height":525,"caption":"R Descerex 3"},{"@type":"BreadcrumbList","@id":"https:\/\/terracotadoalgarve.com\/de\/produto\/r-descerex-acrylwachs-entferner\/#breadcrumb","itemListElement":[{"@type":"ListItem","position":1,"name":"Home","item":"https:\/\/terracotadoalgarve.com\/de\/"},{"@type":"ListItem","position":2,"name":"Produkte","item":"https:\/\/terracotadoalgarve.com\/de\/shop\/"},{"@type":"ListItem","position":3,"name":"R-DESCEREX, Acrylwachs-Entferner"}]},{"@type":"WebSite","@id":"https:\/\/terracotadoalgarve.com\/de\/#website","url":"https:\/\/terracotadoalgarve.com\/de\/","name":"Terracota do Algarve","description":"Terracota tiles, Hydraulic cement tiles, Glazed tiles","potentialAction":[{"@type":"SearchAction","target":{"@type":"EntryPoint","urlTemplate":"https:\/\/terracotadoalgarve.com\/de\/?s={search_term_string}"},"query-input":{"@type":"PropertyValueSpecification","valueRequired":true,"valueName":"search_term_string"}}],"inLanguage":"de"}]}},"_links":{"self":[{"href":"https:\/\/terracotadoalgarve.com\/de\/wp-json\/wp\/v2\/product\/17543","targetHints":{"allow":["GET"]}}],"collection":[{"href":"https:\/\/terracotadoalgarve.com\/de\/wp-json\/wp\/v2\/product"}],"about":[{"href":"https:\/\/terracotadoalgarve.com\/de\/wp-json\/wp\/v2\/types\/product"}],"replies":[{"embeddable":true,"href":"https:\/\/terracotadoalgarve.com\/de\/wp-json\/wp\/v2\/comments?post=17543"}],"wp:featuredmedia":[{"embeddable":true,"href":"https:\/\/terracotadoalgarve.com\/de\/wp-json\/wp\/v2\/media\/25217"}],"wp:attachment":[{"href":"https:\/\/terracotadoalgarve.com\/de\/wp-json\/wp\/v2\/media?parent=17543"}],"wp:term":[{"taxonomy":"product_brand","embeddable":true,"href":"https:\/\/terracotadoalgarve.com\/de\/wp-json\/wp\/v2\/product_brand?post=17543"},{"taxonomy":"product_cat","embeddable":true,"href":"https:\/\/terracotadoalgarve.com\/de\/wp-json\/wp\/v2\/product_cat?post=17543"},{"taxonomy":"product_tag","embeddable":true,"href":"https:\/\/terracotadoalgarve.com\/de\/wp-json\/wp\/v2\/product_tag?post=17543"}],"curies":[{"name":"wp","href":"https:\/\/api.w.org\/{rel}","templated":true}]}}