{"id":17529,"date":"2018-11-15T09:47:38","date_gmt":"2018-11-15T09:47:38","guid":{"rendered":"http:\/\/terracotadoalgarve.com\/product\/zorkil-m26-detergente-concentrado-ph-neutro\/"},"modified":"2022-06-13T11:27:48","modified_gmt":"2022-06-13T11:27:48","slug":"zorkil-m26-reinigungsmittel-ph-neutrales-konzentrat","status":"publish","type":"product","link":"https:\/\/terracotadoalgarve.com\/de\/produto\/zorkil-m26-reinigungsmittel-ph-neutrales-konzentrat\/","title":{"rendered":"Zorkil-M26 Reinigungsmittel PH-neutrales Konzentrat"},"content":{"rendered":"","protected":false},"excerpt":{"rendered":"<p><strong><b>Eigenschaften<\/b>:<\/strong><\/p>\n<div>\n<p>Konzentrierter Neutralreiniger zur Reinigung von Oberfl\u00e4chen aller Art, formuliert mit biologisch gut abbaubaren Rohstoffen, dessen Entwicklung nach \u00f6kologischen Kriterien erfolgte.<\/p>\n<p>Produkt entwickelt f\u00fcr die allgemeine Reinigung aller Arten von Oberfl\u00e4chen, einschlie\u00dflich der empfindlichsten, in allen Bereichen der Lebensmittelindustrie wie B\u00e4ckereien, Konservenl\u00e4den, Hotels im Allgemeinen, Einkaufszentren, Gemeinden usw.<\/p>\n<p>Zum Reinigen von Terrakottab\u00f6den und -bel\u00e4gen, Stein, hydraulischem Mosaik usw.<\/p>\n<ul>\n<li><strong>Darreichungsform:<\/strong>\u00a01 Lt \/ 5 Lt\/ 10 Lt<\/li>\n<li><strong>D\u00fcfte<\/strong>: Orange und Rosen<\/li>\n<\/ul>\n<\/div>\n<div>\n<p><a href=\"http:\/\/terracotadoalgarve.com\/wp-content\/uploads\/2016\/10\/Zorkil-M26-ficha-tecnica_PT.pdf\" target=\"_blank\" rel=\"noopener\">Technische Information<\/a><\/p>\n<\/div>\n<div><\/div>\n<div><\/div>\n","protected":false},"featured_media":25215,"comment_status":"closed","ping_status":"closed","template":"","meta":[],"product_brand":[],"product_cat":[42],"product_tag":[],"class_list":{"0":"post-17529","1":"product","2":"type-product","3":"status-publish","4":"has-post-thumbnail","6":"product_cat-produkte-fuer-pflege-und-reinigung","8":"first","9":"instock","10":"product-type-simple"},"yoast_head":"<!-- This site is optimized with the Yoast SEO plugin v26.9 - https:\/\/yoast.com\/product\/yoast-seo-wordpress\/ -->\n<title>Zorkil-M26 Reinigungsmittel PH-neutrales Konzentrat - Terracota do Algarve<\/title>\n<meta name=\"robots\" content=\"index, follow, max-snippet:-1, max-image-preview:large, max-video-preview:-1\" \/>\n<link rel=\"canonical\" href=\"https:\/\/terracotadoalgarve.com\/de\/produto\/zorkil-m26-reinigungsmittel-ph-neutrales-konzentrat\/\" \/>\n<meta property=\"og:locale\" content=\"de_DE\" \/>\n<meta property=\"og:type\" content=\"article\" \/>\n<meta property=\"og:title\" content=\"Zorkil-M26 Reinigungsmittel PH-neutrales Konzentrat - Terracota do Algarve\" \/>\n<meta property=\"og:description\" content=\"Eigenschaften:   Konzentrierter Neutralreiniger zur Reinigung von Oberfl\u00e4chen aller Art, formuliert mit biologisch gut abbaubaren Rohstoffen, dessen Entwicklung nach \u00f6kologischen Kriterien erfolgte.  Produkt entwickelt f\u00fcr die allgemeine Reinigung aller Arten von Oberfl\u00e4chen, einschlie\u00dflich der empfindlichsten, in allen Bereichen der Lebensmittelindustrie wie B\u00e4ckereien, Konservenl\u00e4den, Hotels im Allgemeinen, Einkaufszentren, Gemeinden usw.  Zum Reinigen von Terrakottab\u00f6den und -bel\u00e4gen, Stein, hydraulischem Mosaik usw.   Darreichungsform:\u00a01 Lt \/ 5 Lt\/ 10 Lt  D\u00fcfte: Orange und Rosen     Technische Information\" \/>\n<meta property=\"og:url\" content=\"https:\/\/terracotadoalgarve.com\/de\/produto\/zorkil-m26-reinigungsmittel-ph-neutrales-konzentrat\/\" \/>\n<meta property=\"og:site_name\" content=\"Terracota do Algarve\" \/>\n<meta property=\"article:modified_time\" content=\"2022-06-13T11:27:48+00:00\" \/>\n<meta property=\"og:image\" content=\"https:\/\/terracotadoalgarve.com\/wp-content\/uploads\/2018\/11\/Zorkil-M26_PNG-1.png\" \/>\n\t<meta property=\"og:image:width\" content=\"700\" \/>\n\t<meta property=\"og:image:height\" content=\"525\" \/>\n\t<meta property=\"og:image:type\" content=\"image\/png\" \/>\n<meta name=\"twitter:card\" content=\"summary_large_image\" \/>\n<script type=\"application\/ld+json\" class=\"yoast-schema-graph\">{\"@context\":\"https:\/\/schema.org\",\"@graph\":[{\"@type\":\"WebPage\",\"@id\":\"https:\/\/terracotadoalgarve.com\/de\/produto\/zorkil-m26-reinigungsmittel-ph-neutrales-konzentrat\/\",\"url\":\"https:\/\/terracotadoalgarve.com\/de\/produto\/zorkil-m26-reinigungsmittel-ph-neutrales-konzentrat\/\",\"name\":\"Zorkil-M26 Reinigungsmittel PH-neutrales Konzentrat - Terracota do Algarve\",\"isPartOf\":{\"@id\":\"https:\/\/terracotadoalgarve.com\/de\/#website\"},\"primaryImageOfPage\":{\"@id\":\"https:\/\/terracotadoalgarve.com\/de\/produto\/zorkil-m26-reinigungsmittel-ph-neutrales-konzentrat\/#primaryimage\"},\"image\":{\"@id\":\"https:\/\/terracotadoalgarve.com\/de\/produto\/zorkil-m26-reinigungsmittel-ph-neutrales-konzentrat\/#primaryimage\"},\"thumbnailUrl\":\"https:\/\/terracotadoalgarve.com\/wp-content\/uploads\/2018\/11\/Zorkil-M26_PNG-1.png\",\"datePublished\":\"2018-11-15T09:47:38+00:00\",\"dateModified\":\"2022-06-13T11:27:48+00:00\",\"breadcrumb\":{\"@id\":\"https:\/\/terracotadoalgarve.com\/de\/produto\/zorkil-m26-reinigungsmittel-ph-neutrales-konzentrat\/#breadcrumb\"},\"inLanguage\":\"de\",\"potentialAction\":[{\"@type\":\"ReadAction\",\"target\":[\"https:\/\/terracotadoalgarve.com\/de\/produto\/zorkil-m26-reinigungsmittel-ph-neutrales-konzentrat\/\"]}]},{\"@type\":\"ImageObject\",\"inLanguage\":\"de\",\"@id\":\"https:\/\/terracotadoalgarve.com\/de\/produto\/zorkil-m26-reinigungsmittel-ph-neutrales-konzentrat\/#primaryimage\",\"url\":\"https:\/\/terracotadoalgarve.com\/wp-content\/uploads\/2018\/11\/Zorkil-M26_PNG-1.png\",\"contentUrl\":\"https:\/\/terracotadoalgarve.com\/wp-content\/uploads\/2018\/11\/Zorkil-M26_PNG-1.png\",\"width\":700,\"height\":525,\"caption\":\"Zorkil M26 PNG 1\"},{\"@type\":\"BreadcrumbList\",\"@id\":\"https:\/\/terracotadoalgarve.com\/de\/produto\/zorkil-m26-reinigungsmittel-ph-neutrales-konzentrat\/#breadcrumb\",\"itemListElement\":[{\"@type\":\"ListItem\",\"position\":1,\"name\":\"Home\",\"item\":\"https:\/\/terracotadoalgarve.com\/de\/\"},{\"@type\":\"ListItem\",\"position\":2,\"name\":\"Produkte\",\"item\":\"https:\/\/terracotadoalgarve.com\/de\/shop\/\"},{\"@type\":\"ListItem\",\"position\":3,\"name\":\"Zorkil-M26 Reinigungsmittel PH-neutrales Konzentrat\"}]},{\"@type\":\"WebSite\",\"@id\":\"https:\/\/terracotadoalgarve.com\/de\/#website\",\"url\":\"https:\/\/terracotadoalgarve.com\/de\/\",\"name\":\"Terracota do Algarve\",\"description\":\"Terracota tiles, Hydraulic cement tiles, Glazed tiles\",\"potentialAction\":[{\"@type\":\"SearchAction\",\"target\":{\"@type\":\"EntryPoint\",\"urlTemplate\":\"https:\/\/terracotadoalgarve.com\/de\/?s={search_term_string}\"},\"query-input\":{\"@type\":\"PropertyValueSpecification\",\"valueRequired\":true,\"valueName\":\"search_term_string\"}}],\"inLanguage\":\"de\"}]}<\/script>\n<!-- \/ Yoast SEO plugin. -->","yoast_head_json":{"title":"Zorkil-M26 Reinigungsmittel PH-neutrales Konzentrat - Terracota do Algarve","robots":{"index":"index","follow":"follow","max-snippet":"max-snippet:-1","max-image-preview":"max-image-preview:large","max-video-preview":"max-video-preview:-1"},"canonical":"https:\/\/terracotadoalgarve.com\/de\/produto\/zorkil-m26-reinigungsmittel-ph-neutrales-konzentrat\/","og_locale":"de_DE","og_type":"article","og_title":"Zorkil-M26 Reinigungsmittel PH-neutrales Konzentrat - Terracota do Algarve","og_description":"Eigenschaften:   Konzentrierter Neutralreiniger zur Reinigung von Oberfl\u00e4chen aller Art, formuliert mit biologisch gut abbaubaren Rohstoffen, dessen Entwicklung nach \u00f6kologischen Kriterien erfolgte.  Produkt entwickelt f\u00fcr die allgemeine Reinigung aller Arten von Oberfl\u00e4chen, einschlie\u00dflich der empfindlichsten, in allen Bereichen der Lebensmittelindustrie wie B\u00e4ckereien, Konservenl\u00e4den, Hotels im Allgemeinen, Einkaufszentren, Gemeinden usw.  Zum Reinigen von Terrakottab\u00f6den und -bel\u00e4gen, Stein, hydraulischem Mosaik usw.   Darreichungsform:\u00a01 Lt \/ 5 Lt\/ 10 Lt  D\u00fcfte: Orange und Rosen     Technische Information","og_url":"https:\/\/terracotadoalgarve.com\/de\/produto\/zorkil-m26-reinigungsmittel-ph-neutrales-konzentrat\/","og_site_name":"Terracota do Algarve","article_modified_time":"2022-06-13T11:27:48+00:00","og_image":[{"width":700,"height":525,"url":"https:\/\/terracotadoalgarve.com\/wp-content\/uploads\/2018\/11\/Zorkil-M26_PNG-1.png","type":"image\/png"}],"twitter_card":"summary_large_image","schema":{"@context":"https:\/\/schema.org","@graph":[{"@type":"WebPage","@id":"https:\/\/terracotadoalgarve.com\/de\/produto\/zorkil-m26-reinigungsmittel-ph-neutrales-konzentrat\/","url":"https:\/\/terracotadoalgarve.com\/de\/produto\/zorkil-m26-reinigungsmittel-ph-neutrales-konzentrat\/","name":"Zorkil-M26 Reinigungsmittel PH-neutrales Konzentrat - Terracota do Algarve","isPartOf":{"@id":"https:\/\/terracotadoalgarve.com\/de\/#website"},"primaryImageOfPage":{"@id":"https:\/\/terracotadoalgarve.com\/de\/produto\/zorkil-m26-reinigungsmittel-ph-neutrales-konzentrat\/#primaryimage"},"image":{"@id":"https:\/\/terracotadoalgarve.com\/de\/produto\/zorkil-m26-reinigungsmittel-ph-neutrales-konzentrat\/#primaryimage"},"thumbnailUrl":"https:\/\/terracotadoalgarve.com\/wp-content\/uploads\/2018\/11\/Zorkil-M26_PNG-1.png","datePublished":"2018-11-15T09:47:38+00:00","dateModified":"2022-06-13T11:27:48+00:00","breadcrumb":{"@id":"https:\/\/terracotadoalgarve.com\/de\/produto\/zorkil-m26-reinigungsmittel-ph-neutrales-konzentrat\/#breadcrumb"},"inLanguage":"de","potentialAction":[{"@type":"ReadAction","target":["https:\/\/terracotadoalgarve.com\/de\/produto\/zorkil-m26-reinigungsmittel-ph-neutrales-konzentrat\/"]}]},{"@type":"ImageObject","inLanguage":"de","@id":"https:\/\/terracotadoalgarve.com\/de\/produto\/zorkil-m26-reinigungsmittel-ph-neutrales-konzentrat\/#primaryimage","url":"https:\/\/terracotadoalgarve.com\/wp-content\/uploads\/2018\/11\/Zorkil-M26_PNG-1.png","contentUrl":"https:\/\/terracotadoalgarve.com\/wp-content\/uploads\/2018\/11\/Zorkil-M26_PNG-1.png","width":700,"height":525,"caption":"Zorkil M26 PNG 1"},{"@type":"BreadcrumbList","@id":"https:\/\/terracotadoalgarve.com\/de\/produto\/zorkil-m26-reinigungsmittel-ph-neutrales-konzentrat\/#breadcrumb","itemListElement":[{"@type":"ListItem","position":1,"name":"Home","item":"https:\/\/terracotadoalgarve.com\/de\/"},{"@type":"ListItem","position":2,"name":"Produkte","item":"https:\/\/terracotadoalgarve.com\/de\/shop\/"},{"@type":"ListItem","position":3,"name":"Zorkil-M26 Reinigungsmittel PH-neutrales Konzentrat"}]},{"@type":"WebSite","@id":"https:\/\/terracotadoalgarve.com\/de\/#website","url":"https:\/\/terracotadoalgarve.com\/de\/","name":"Terracota do Algarve","description":"Terracota tiles, Hydraulic cement tiles, Glazed tiles","potentialAction":[{"@type":"SearchAction","target":{"@type":"EntryPoint","urlTemplate":"https:\/\/terracotadoalgarve.com\/de\/?s={search_term_string}"},"query-input":{"@type":"PropertyValueSpecification","valueRequired":true,"valueName":"search_term_string"}}],"inLanguage":"de"}]}},"_links":{"self":[{"href":"https:\/\/terracotadoalgarve.com\/de\/wp-json\/wp\/v2\/product\/17529","targetHints":{"allow":["GET"]}}],"collection":[{"href":"https:\/\/terracotadoalgarve.com\/de\/wp-json\/wp\/v2\/product"}],"about":[{"href":"https:\/\/terracotadoalgarve.com\/de\/wp-json\/wp\/v2\/types\/product"}],"replies":[{"embeddable":true,"href":"https:\/\/terracotadoalgarve.com\/de\/wp-json\/wp\/v2\/comments?post=17529"}],"wp:featuredmedia":[{"embeddable":true,"href":"https:\/\/terracotadoalgarve.com\/de\/wp-json\/wp\/v2\/media\/25215"}],"wp:attachment":[{"href":"https:\/\/terracotadoalgarve.com\/de\/wp-json\/wp\/v2\/media?parent=17529"}],"wp:term":[{"taxonomy":"product_brand","embeddable":true,"href":"https:\/\/terracotadoalgarve.com\/de\/wp-json\/wp\/v2\/product_brand?post=17529"},{"taxonomy":"product_cat","embeddable":true,"href":"https:\/\/terracotadoalgarve.com\/de\/wp-json\/wp\/v2\/product_cat?post=17529"},{"taxonomy":"product_tag","embeddable":true,"href":"https:\/\/terracotadoalgarve.com\/de\/wp-json\/wp\/v2\/product_tag?post=17529"}],"curies":[{"name":"wp","href":"https:\/\/api.w.org\/{rel}","templated":true}]}}