{"id":17472,"date":"2018-11-15T09:27:39","date_gmt":"2018-11-15T09:27:39","guid":{"rendered":"http:\/\/terracotadoalgarve.com\/product\/refa-420-tijoleira-30x30x3\/"},"modified":"2022-05-02T03:59:28","modified_gmt":"2022-05-02T03:59:28","slug":"ref-420-fliese-30-x-30-x-3-cm-ausgeschalt-mit-wasser","status":"publish","type":"product","link":"https:\/\/terracotadoalgarve.com\/de\/produto\/ref-420-fliese-30-x-30-x-3-cm-ausgeschalt-mit-wasser\/","title":{"rendered":"Ref. 420: Fliese 30 x 30 x 3 cm, ausgeschalt mit Wasser"},"content":{"rendered":"","protected":false},"excerpt":{"rendered":"<p>Es handelt sich um eine sehr kompakte Fliese mit erh\u00f6hter Dicke von 3 cm, mit abgerundeten Kanten und 1 runden Seiten. Diese Fliesen werden verwendet bei der Konstruktion von Treppenstufen, Randabschl\u00fcssen von Schwimmbecken, Trib\u00fcnen, T\u00fcrschwellen, etc.. Zur Erg\u00e4nzung dieser Fliese, bieten wir ein Zubeh\u00f6rteil in gleicher Materialst\u00e4rke und Qualit\u00e4t zur Ausarbeiten von Ecken (Ref. 421).<\/p>\n","protected":false},"featured_media":25919,"comment_status":"closed","ping_status":"closed","template":"","meta":[],"product_brand":[],"product_cat":[35],"product_tag":[],"class_list":{"0":"post-17472","1":"product","2":"type-product","3":"status-publish","4":"has-post-thumbnail","6":"product_cat-handgefertigte-terrakotta","8":"first","9":"instock","10":"product-type-simple"},"yoast_head":"<!-- This site is optimized with the Yoast SEO plugin v26.9 - https:\/\/yoast.com\/product\/yoast-seo-wordpress\/ -->\n<title>Ref. 420: Fliese 30 x 30 x 3 cm, ausgeschalt mit Wasser - Terracota do Algarve<\/title>\n<meta name=\"robots\" content=\"index, follow, max-snippet:-1, max-image-preview:large, max-video-preview:-1\" \/>\n<link rel=\"canonical\" href=\"https:\/\/terracotadoalgarve.com\/de\/produto\/ref-420-fliese-30-x-30-x-3-cm-ausgeschalt-mit-wasser\/\" \/>\n<meta property=\"og:locale\" content=\"de_DE\" \/>\n<meta property=\"og:type\" content=\"article\" \/>\n<meta property=\"og:title\" content=\"Ref. 420: Fliese 30 x 30 x 3 cm, ausgeschalt mit Wasser - Terracota do Algarve\" \/>\n<meta property=\"og:description\" content=\"Es handelt sich um eine sehr kompakte Fliese mit erh\u00f6hter Dicke von 3 cm, mit abgerundeten Kanten und 1 runden Seiten. Diese Fliesen werden verwendet bei der Konstruktion von Treppenstufen, Randabschl\u00fcssen von Schwimmbecken, Trib\u00fcnen, T\u00fcrschwellen, etc.. Zur Erg\u00e4nzung dieser Fliese, bieten wir ein Zubeh\u00f6rteil in gleicher Materialst\u00e4rke und Qualit\u00e4t zur Ausarbeiten von Ecken (Ref. 421).\" \/>\n<meta property=\"og:url\" content=\"https:\/\/terracotadoalgarve.com\/de\/produto\/ref-420-fliese-30-x-30-x-3-cm-ausgeschalt-mit-wasser\/\" \/>\n<meta property=\"og:site_name\" content=\"Terracota do Algarve\" \/>\n<meta property=\"article:modified_time\" content=\"2022-05-02T03:59:28+00:00\" \/>\n<meta property=\"og:image\" content=\"https:\/\/terracotadoalgarve.com\/wp-content\/uploads\/2018\/11\/Ref-420-degrau-30x30x3-cm-desenformado-a-agua.png\" \/>\n\t<meta property=\"og:image:width\" content=\"700\" \/>\n\t<meta property=\"og:image:height\" content=\"525\" \/>\n\t<meta property=\"og:image:type\" content=\"image\/png\" \/>\n<meta name=\"twitter:card\" content=\"summary_large_image\" \/>\n<script type=\"application\/ld+json\" class=\"yoast-schema-graph\">{\"@context\":\"https:\/\/schema.org\",\"@graph\":[{\"@type\":\"WebPage\",\"@id\":\"https:\/\/terracotadoalgarve.com\/de\/produto\/ref-420-fliese-30-x-30-x-3-cm-ausgeschalt-mit-wasser\/\",\"url\":\"https:\/\/terracotadoalgarve.com\/de\/produto\/ref-420-fliese-30-x-30-x-3-cm-ausgeschalt-mit-wasser\/\",\"name\":\"Ref. 420: Fliese 30 x 30 x 3 cm, ausgeschalt mit Wasser - Terracota do Algarve\",\"isPartOf\":{\"@id\":\"https:\/\/terracotadoalgarve.com\/de\/#website\"},\"primaryImageOfPage\":{\"@id\":\"https:\/\/terracotadoalgarve.com\/de\/produto\/ref-420-fliese-30-x-30-x-3-cm-ausgeschalt-mit-wasser\/#primaryimage\"},\"image\":{\"@id\":\"https:\/\/terracotadoalgarve.com\/de\/produto\/ref-420-fliese-30-x-30-x-3-cm-ausgeschalt-mit-wasser\/#primaryimage\"},\"thumbnailUrl\":\"https:\/\/terracotadoalgarve.com\/wp-content\/uploads\/2018\/11\/Ref-420-degrau-30x30x3-cm-desenformado-a-agua.png\",\"datePublished\":\"2018-11-15T09:27:39+00:00\",\"dateModified\":\"2022-05-02T03:59:28+00:00\",\"breadcrumb\":{\"@id\":\"https:\/\/terracotadoalgarve.com\/de\/produto\/ref-420-fliese-30-x-30-x-3-cm-ausgeschalt-mit-wasser\/#breadcrumb\"},\"inLanguage\":\"de\",\"potentialAction\":[{\"@type\":\"ReadAction\",\"target\":[\"https:\/\/terracotadoalgarve.com\/de\/produto\/ref-420-fliese-30-x-30-x-3-cm-ausgeschalt-mit-wasser\/\"]}]},{\"@type\":\"ImageObject\",\"inLanguage\":\"de\",\"@id\":\"https:\/\/terracotadoalgarve.com\/de\/produto\/ref-420-fliese-30-x-30-x-3-cm-ausgeschalt-mit-wasser\/#primaryimage\",\"url\":\"https:\/\/terracotadoalgarve.com\/wp-content\/uploads\/2018\/11\/Ref-420-degrau-30x30x3-cm-desenformado-a-agua.png\",\"contentUrl\":\"https:\/\/terracotadoalgarve.com\/wp-content\/uploads\/2018\/11\/Ref-420-degrau-30x30x3-cm-desenformado-a-agua.png\",\"width\":700,\"height\":525,\"caption\":\"Ref 420 degrau 30x30x3 cm desenformado a agua\"},{\"@type\":\"BreadcrumbList\",\"@id\":\"https:\/\/terracotadoalgarve.com\/de\/produto\/ref-420-fliese-30-x-30-x-3-cm-ausgeschalt-mit-wasser\/#breadcrumb\",\"itemListElement\":[{\"@type\":\"ListItem\",\"position\":1,\"name\":\"Home\",\"item\":\"https:\/\/terracotadoalgarve.com\/de\/\"},{\"@type\":\"ListItem\",\"position\":2,\"name\":\"Produkte\",\"item\":\"https:\/\/terracotadoalgarve.com\/de\/shop\/\"},{\"@type\":\"ListItem\",\"position\":3,\"name\":\"Ref. 420: Fliese 30 x 30 x 3 cm, ausgeschalt mit Wasser\"}]},{\"@type\":\"WebSite\",\"@id\":\"https:\/\/terracotadoalgarve.com\/de\/#website\",\"url\":\"https:\/\/terracotadoalgarve.com\/de\/\",\"name\":\"Terracota do Algarve\",\"description\":\"Terracota tiles, Hydraulic cement tiles, Glazed tiles\",\"potentialAction\":[{\"@type\":\"SearchAction\",\"target\":{\"@type\":\"EntryPoint\",\"urlTemplate\":\"https:\/\/terracotadoalgarve.com\/de\/?s={search_term_string}\"},\"query-input\":{\"@type\":\"PropertyValueSpecification\",\"valueRequired\":true,\"valueName\":\"search_term_string\"}}],\"inLanguage\":\"de\"}]}<\/script>\n<!-- \/ Yoast SEO plugin. -->","yoast_head_json":{"title":"Ref. 420: Fliese 30 x 30 x 3 cm, ausgeschalt mit Wasser - Terracota do Algarve","robots":{"index":"index","follow":"follow","max-snippet":"max-snippet:-1","max-image-preview":"max-image-preview:large","max-video-preview":"max-video-preview:-1"},"canonical":"https:\/\/terracotadoalgarve.com\/de\/produto\/ref-420-fliese-30-x-30-x-3-cm-ausgeschalt-mit-wasser\/","og_locale":"de_DE","og_type":"article","og_title":"Ref. 420: Fliese 30 x 30 x 3 cm, ausgeschalt mit Wasser - Terracota do Algarve","og_description":"Es handelt sich um eine sehr kompakte Fliese mit erh\u00f6hter Dicke von 3 cm, mit abgerundeten Kanten und 1 runden Seiten. Diese Fliesen werden verwendet bei der Konstruktion von Treppenstufen, Randabschl\u00fcssen von Schwimmbecken, Trib\u00fcnen, T\u00fcrschwellen, etc.. Zur Erg\u00e4nzung dieser Fliese, bieten wir ein Zubeh\u00f6rteil in gleicher Materialst\u00e4rke und Qualit\u00e4t zur Ausarbeiten von Ecken (Ref. 421).","og_url":"https:\/\/terracotadoalgarve.com\/de\/produto\/ref-420-fliese-30-x-30-x-3-cm-ausgeschalt-mit-wasser\/","og_site_name":"Terracota do Algarve","article_modified_time":"2022-05-02T03:59:28+00:00","og_image":[{"width":700,"height":525,"url":"https:\/\/terracotadoalgarve.com\/wp-content\/uploads\/2018\/11\/Ref-420-degrau-30x30x3-cm-desenformado-a-agua.png","type":"image\/png"}],"twitter_card":"summary_large_image","schema":{"@context":"https:\/\/schema.org","@graph":[{"@type":"WebPage","@id":"https:\/\/terracotadoalgarve.com\/de\/produto\/ref-420-fliese-30-x-30-x-3-cm-ausgeschalt-mit-wasser\/","url":"https:\/\/terracotadoalgarve.com\/de\/produto\/ref-420-fliese-30-x-30-x-3-cm-ausgeschalt-mit-wasser\/","name":"Ref. 420: Fliese 30 x 30 x 3 cm, ausgeschalt mit Wasser - Terracota do Algarve","isPartOf":{"@id":"https:\/\/terracotadoalgarve.com\/de\/#website"},"primaryImageOfPage":{"@id":"https:\/\/terracotadoalgarve.com\/de\/produto\/ref-420-fliese-30-x-30-x-3-cm-ausgeschalt-mit-wasser\/#primaryimage"},"image":{"@id":"https:\/\/terracotadoalgarve.com\/de\/produto\/ref-420-fliese-30-x-30-x-3-cm-ausgeschalt-mit-wasser\/#primaryimage"},"thumbnailUrl":"https:\/\/terracotadoalgarve.com\/wp-content\/uploads\/2018\/11\/Ref-420-degrau-30x30x3-cm-desenformado-a-agua.png","datePublished":"2018-11-15T09:27:39+00:00","dateModified":"2022-05-02T03:59:28+00:00","breadcrumb":{"@id":"https:\/\/terracotadoalgarve.com\/de\/produto\/ref-420-fliese-30-x-30-x-3-cm-ausgeschalt-mit-wasser\/#breadcrumb"},"inLanguage":"de","potentialAction":[{"@type":"ReadAction","target":["https:\/\/terracotadoalgarve.com\/de\/produto\/ref-420-fliese-30-x-30-x-3-cm-ausgeschalt-mit-wasser\/"]}]},{"@type":"ImageObject","inLanguage":"de","@id":"https:\/\/terracotadoalgarve.com\/de\/produto\/ref-420-fliese-30-x-30-x-3-cm-ausgeschalt-mit-wasser\/#primaryimage","url":"https:\/\/terracotadoalgarve.com\/wp-content\/uploads\/2018\/11\/Ref-420-degrau-30x30x3-cm-desenformado-a-agua.png","contentUrl":"https:\/\/terracotadoalgarve.com\/wp-content\/uploads\/2018\/11\/Ref-420-degrau-30x30x3-cm-desenformado-a-agua.png","width":700,"height":525,"caption":"Ref 420 degrau 30x30x3 cm desenformado a agua"},{"@type":"BreadcrumbList","@id":"https:\/\/terracotadoalgarve.com\/de\/produto\/ref-420-fliese-30-x-30-x-3-cm-ausgeschalt-mit-wasser\/#breadcrumb","itemListElement":[{"@type":"ListItem","position":1,"name":"Home","item":"https:\/\/terracotadoalgarve.com\/de\/"},{"@type":"ListItem","position":2,"name":"Produkte","item":"https:\/\/terracotadoalgarve.com\/de\/shop\/"},{"@type":"ListItem","position":3,"name":"Ref. 420: Fliese 30 x 30 x 3 cm, ausgeschalt mit Wasser"}]},{"@type":"WebSite","@id":"https:\/\/terracotadoalgarve.com\/de\/#website","url":"https:\/\/terracotadoalgarve.com\/de\/","name":"Terracota do Algarve","description":"Terracota tiles, Hydraulic cement tiles, Glazed tiles","potentialAction":[{"@type":"SearchAction","target":{"@type":"EntryPoint","urlTemplate":"https:\/\/terracotadoalgarve.com\/de\/?s={search_term_string}"},"query-input":{"@type":"PropertyValueSpecification","valueRequired":true,"valueName":"search_term_string"}}],"inLanguage":"de"}]}},"_links":{"self":[{"href":"https:\/\/terracotadoalgarve.com\/de\/wp-json\/wp\/v2\/product\/17472","targetHints":{"allow":["GET"]}}],"collection":[{"href":"https:\/\/terracotadoalgarve.com\/de\/wp-json\/wp\/v2\/product"}],"about":[{"href":"https:\/\/terracotadoalgarve.com\/de\/wp-json\/wp\/v2\/types\/product"}],"replies":[{"embeddable":true,"href":"https:\/\/terracotadoalgarve.com\/de\/wp-json\/wp\/v2\/comments?post=17472"}],"wp:featuredmedia":[{"embeddable":true,"href":"https:\/\/terracotadoalgarve.com\/de\/wp-json\/wp\/v2\/media\/25919"}],"wp:attachment":[{"href":"https:\/\/terracotadoalgarve.com\/de\/wp-json\/wp\/v2\/media?parent=17472"}],"wp:term":[{"taxonomy":"product_brand","embeddable":true,"href":"https:\/\/terracotadoalgarve.com\/de\/wp-json\/wp\/v2\/product_brand?post=17472"},{"taxonomy":"product_cat","embeddable":true,"href":"https:\/\/terracotadoalgarve.com\/de\/wp-json\/wp\/v2\/product_cat?post=17472"},{"taxonomy":"product_tag","embeddable":true,"href":"https:\/\/terracotadoalgarve.com\/de\/wp-json\/wp\/v2\/product_tag?post=17472"}],"curies":[{"name":"wp","href":"https:\/\/api.w.org\/{rel}","templated":true}]}}