{"id":17456,"date":"2018-11-15T09:30:06","date_gmt":"2018-11-15T09:30:06","guid":{"rendered":"http:\/\/terracotadoalgarve.com\/product\/refa-409-ladrilho-hexagonal-irregular-aresta-viva\/"},"modified":"2022-05-02T03:54:35","modified_gmt":"2022-05-02T03:54:35","slug":"ref-409-fliese-unregelmaessiges-sechseck-scharfe-kante","status":"publish","type":"product","link":"https:\/\/terracotadoalgarve.com\/de\/produto\/ref-409-fliese-unregelmaessiges-sechseck-scharfe-kante\/","title":{"rendered":"Ref 409: Fliese unregelm\u00e4\u00dfiges Sechseck \u2013 Scharfe Kante"},"content":{"rendered":"","protected":false},"excerpt":{"rendered":"<p>Nur auf Anfrage erh\u00e4ltlich, kann alleine oder in Kombination mit anderen Terracotta, Stein, Holz oder anderen Materialien verwendet werden, wodurch ein sehr interessanter Effekt entsteht. Kann mit folgenden Gr\u00f6\u00dfen hergestellt werden:<\/p>\n<p>Ref 409A Fliese unregelm\u00e4\u00dfiges Sechseck 20 cm<br \/>\nRef 409B Fliese unregelm\u00e4\u00dfiges Sechseck 15 cm<br \/>\nRef 409C Fliese unregelm\u00e4\u00dfiges Sechseck 10 cm<\/p>\n","protected":false},"featured_media":25917,"comment_status":"closed","ping_status":"closed","template":"","meta":[],"product_brand":[],"product_cat":[35],"product_tag":[],"class_list":{"0":"post-17456","1":"product","2":"type-product","3":"status-publish","4":"has-post-thumbnail","6":"product_cat-handgefertigte-terrakotta","8":"first","9":"instock","10":"product-type-simple"},"yoast_head":"<!-- This site is optimized with the Yoast SEO plugin v26.9 - https:\/\/yoast.com\/product\/yoast-seo-wordpress\/ -->\n<title>Ref 409: Fliese unregelm\u00e4\u00dfiges Sechseck \u2013 Scharfe Kante - Terracota do Algarve<\/title>\n<meta name=\"robots\" content=\"index, follow, max-snippet:-1, max-image-preview:large, max-video-preview:-1\" \/>\n<link rel=\"canonical\" href=\"https:\/\/terracotadoalgarve.com\/de\/produto\/ref-409-fliese-unregelmaessiges-sechseck-scharfe-kante\/\" \/>\n<meta property=\"og:locale\" content=\"de_DE\" \/>\n<meta property=\"og:type\" content=\"article\" \/>\n<meta property=\"og:title\" content=\"Ref 409: Fliese unregelm\u00e4\u00dfiges Sechseck \u2013 Scharfe Kante - Terracota do Algarve\" \/>\n<meta property=\"og:description\" content=\"Nur auf Anfrage erh\u00e4ltlich, kann alleine oder in Kombination mit anderen Terracotta, Stein, Holz oder anderen Materialien verwendet werden, wodurch ein sehr interessanter Effekt entsteht. Kann mit folgenden Gr\u00f6\u00dfen hergestellt werden:  Ref 409A Fliese unregelm\u00e4\u00dfiges Sechseck 20 cm Ref 409B Fliese unregelm\u00e4\u00dfiges Sechseck 15 cm Ref 409C Fliese unregelm\u00e4\u00dfiges Sechseck 10 cm\" \/>\n<meta property=\"og:url\" content=\"https:\/\/terracotadoalgarve.com\/de\/produto\/ref-409-fliese-unregelmaessiges-sechseck-scharfe-kante\/\" \/>\n<meta property=\"og:site_name\" content=\"Terracota do Algarve\" \/>\n<meta property=\"article:modified_time\" content=\"2022-05-02T03:54:35+00:00\" \/>\n<meta property=\"og:image\" content=\"https:\/\/terracotadoalgarve.com\/wp-content\/uploads\/2018\/11\/Ref-409-ladrilho-hexagonal-15-cm-desenformado-a-areia-2.png\" \/>\n\t<meta property=\"og:image:width\" content=\"700\" \/>\n\t<meta property=\"og:image:height\" content=\"525\" \/>\n\t<meta property=\"og:image:type\" content=\"image\/png\" \/>\n<meta name=\"twitter:card\" content=\"summary_large_image\" \/>\n<script type=\"application\/ld+json\" class=\"yoast-schema-graph\">{\"@context\":\"https:\/\/schema.org\",\"@graph\":[{\"@type\":\"WebPage\",\"@id\":\"https:\/\/terracotadoalgarve.com\/de\/produto\/ref-409-fliese-unregelmaessiges-sechseck-scharfe-kante\/\",\"url\":\"https:\/\/terracotadoalgarve.com\/de\/produto\/ref-409-fliese-unregelmaessiges-sechseck-scharfe-kante\/\",\"name\":\"Ref 409: Fliese unregelm\u00e4\u00dfiges Sechseck \u2013 Scharfe Kante - Terracota do Algarve\",\"isPartOf\":{\"@id\":\"https:\/\/terracotadoalgarve.com\/de\/#website\"},\"primaryImageOfPage\":{\"@id\":\"https:\/\/terracotadoalgarve.com\/de\/produto\/ref-409-fliese-unregelmaessiges-sechseck-scharfe-kante\/#primaryimage\"},\"image\":{\"@id\":\"https:\/\/terracotadoalgarve.com\/de\/produto\/ref-409-fliese-unregelmaessiges-sechseck-scharfe-kante\/#primaryimage\"},\"thumbnailUrl\":\"https:\/\/terracotadoalgarve.com\/wp-content\/uploads\/2018\/11\/Ref-409-ladrilho-hexagonal-15-cm-desenformado-a-areia-2.png\",\"datePublished\":\"2018-11-15T09:30:06+00:00\",\"dateModified\":\"2022-05-02T03:54:35+00:00\",\"breadcrumb\":{\"@id\":\"https:\/\/terracotadoalgarve.com\/de\/produto\/ref-409-fliese-unregelmaessiges-sechseck-scharfe-kante\/#breadcrumb\"},\"inLanguage\":\"de\",\"potentialAction\":[{\"@type\":\"ReadAction\",\"target\":[\"https:\/\/terracotadoalgarve.com\/de\/produto\/ref-409-fliese-unregelmaessiges-sechseck-scharfe-kante\/\"]}]},{\"@type\":\"ImageObject\",\"inLanguage\":\"de\",\"@id\":\"https:\/\/terracotadoalgarve.com\/de\/produto\/ref-409-fliese-unregelmaessiges-sechseck-scharfe-kante\/#primaryimage\",\"url\":\"https:\/\/terracotadoalgarve.com\/wp-content\/uploads\/2018\/11\/Ref-409-ladrilho-hexagonal-15-cm-desenformado-a-areia-2.png\",\"contentUrl\":\"https:\/\/terracotadoalgarve.com\/wp-content\/uploads\/2018\/11\/Ref-409-ladrilho-hexagonal-15-cm-desenformado-a-areia-2.png\",\"width\":700,\"height\":525,\"caption\":\"Ref 409 ladrilho hexagonal 15 cm desenformado a areia 2\"},{\"@type\":\"BreadcrumbList\",\"@id\":\"https:\/\/terracotadoalgarve.com\/de\/produto\/ref-409-fliese-unregelmaessiges-sechseck-scharfe-kante\/#breadcrumb\",\"itemListElement\":[{\"@type\":\"ListItem\",\"position\":1,\"name\":\"Home\",\"item\":\"https:\/\/terracotadoalgarve.com\/de\/\"},{\"@type\":\"ListItem\",\"position\":2,\"name\":\"Produkte\",\"item\":\"https:\/\/terracotadoalgarve.com\/de\/shop\/\"},{\"@type\":\"ListItem\",\"position\":3,\"name\":\"Ref 409: Fliese unregelm\u00e4\u00dfiges Sechseck \u2013 Scharfe Kante\"}]},{\"@type\":\"WebSite\",\"@id\":\"https:\/\/terracotadoalgarve.com\/de\/#website\",\"url\":\"https:\/\/terracotadoalgarve.com\/de\/\",\"name\":\"Terracota do Algarve\",\"description\":\"Terracota tiles, Hydraulic cement tiles, Glazed tiles\",\"potentialAction\":[{\"@type\":\"SearchAction\",\"target\":{\"@type\":\"EntryPoint\",\"urlTemplate\":\"https:\/\/terracotadoalgarve.com\/de\/?s={search_term_string}\"},\"query-input\":{\"@type\":\"PropertyValueSpecification\",\"valueRequired\":true,\"valueName\":\"search_term_string\"}}],\"inLanguage\":\"de\"}]}<\/script>\n<!-- \/ Yoast SEO plugin. -->","yoast_head_json":{"title":"Ref 409: Fliese unregelm\u00e4\u00dfiges Sechseck \u2013 Scharfe Kante - Terracota do Algarve","robots":{"index":"index","follow":"follow","max-snippet":"max-snippet:-1","max-image-preview":"max-image-preview:large","max-video-preview":"max-video-preview:-1"},"canonical":"https:\/\/terracotadoalgarve.com\/de\/produto\/ref-409-fliese-unregelmaessiges-sechseck-scharfe-kante\/","og_locale":"de_DE","og_type":"article","og_title":"Ref 409: Fliese unregelm\u00e4\u00dfiges Sechseck \u2013 Scharfe Kante - Terracota do Algarve","og_description":"Nur auf Anfrage erh\u00e4ltlich, kann alleine oder in Kombination mit anderen Terracotta, Stein, Holz oder anderen Materialien verwendet werden, wodurch ein sehr interessanter Effekt entsteht. Kann mit folgenden Gr\u00f6\u00dfen hergestellt werden:  Ref 409A Fliese unregelm\u00e4\u00dfiges Sechseck 20 cm Ref 409B Fliese unregelm\u00e4\u00dfiges Sechseck 15 cm Ref 409C Fliese unregelm\u00e4\u00dfiges Sechseck 10 cm","og_url":"https:\/\/terracotadoalgarve.com\/de\/produto\/ref-409-fliese-unregelmaessiges-sechseck-scharfe-kante\/","og_site_name":"Terracota do Algarve","article_modified_time":"2022-05-02T03:54:35+00:00","og_image":[{"width":700,"height":525,"url":"https:\/\/terracotadoalgarve.com\/wp-content\/uploads\/2018\/11\/Ref-409-ladrilho-hexagonal-15-cm-desenformado-a-areia-2.png","type":"image\/png"}],"twitter_card":"summary_large_image","schema":{"@context":"https:\/\/schema.org","@graph":[{"@type":"WebPage","@id":"https:\/\/terracotadoalgarve.com\/de\/produto\/ref-409-fliese-unregelmaessiges-sechseck-scharfe-kante\/","url":"https:\/\/terracotadoalgarve.com\/de\/produto\/ref-409-fliese-unregelmaessiges-sechseck-scharfe-kante\/","name":"Ref 409: Fliese unregelm\u00e4\u00dfiges Sechseck \u2013 Scharfe Kante - Terracota do Algarve","isPartOf":{"@id":"https:\/\/terracotadoalgarve.com\/de\/#website"},"primaryImageOfPage":{"@id":"https:\/\/terracotadoalgarve.com\/de\/produto\/ref-409-fliese-unregelmaessiges-sechseck-scharfe-kante\/#primaryimage"},"image":{"@id":"https:\/\/terracotadoalgarve.com\/de\/produto\/ref-409-fliese-unregelmaessiges-sechseck-scharfe-kante\/#primaryimage"},"thumbnailUrl":"https:\/\/terracotadoalgarve.com\/wp-content\/uploads\/2018\/11\/Ref-409-ladrilho-hexagonal-15-cm-desenformado-a-areia-2.png","datePublished":"2018-11-15T09:30:06+00:00","dateModified":"2022-05-02T03:54:35+00:00","breadcrumb":{"@id":"https:\/\/terracotadoalgarve.com\/de\/produto\/ref-409-fliese-unregelmaessiges-sechseck-scharfe-kante\/#breadcrumb"},"inLanguage":"de","potentialAction":[{"@type":"ReadAction","target":["https:\/\/terracotadoalgarve.com\/de\/produto\/ref-409-fliese-unregelmaessiges-sechseck-scharfe-kante\/"]}]},{"@type":"ImageObject","inLanguage":"de","@id":"https:\/\/terracotadoalgarve.com\/de\/produto\/ref-409-fliese-unregelmaessiges-sechseck-scharfe-kante\/#primaryimage","url":"https:\/\/terracotadoalgarve.com\/wp-content\/uploads\/2018\/11\/Ref-409-ladrilho-hexagonal-15-cm-desenformado-a-areia-2.png","contentUrl":"https:\/\/terracotadoalgarve.com\/wp-content\/uploads\/2018\/11\/Ref-409-ladrilho-hexagonal-15-cm-desenformado-a-areia-2.png","width":700,"height":525,"caption":"Ref 409 ladrilho hexagonal 15 cm desenformado a areia 2"},{"@type":"BreadcrumbList","@id":"https:\/\/terracotadoalgarve.com\/de\/produto\/ref-409-fliese-unregelmaessiges-sechseck-scharfe-kante\/#breadcrumb","itemListElement":[{"@type":"ListItem","position":1,"name":"Home","item":"https:\/\/terracotadoalgarve.com\/de\/"},{"@type":"ListItem","position":2,"name":"Produkte","item":"https:\/\/terracotadoalgarve.com\/de\/shop\/"},{"@type":"ListItem","position":3,"name":"Ref 409: Fliese unregelm\u00e4\u00dfiges Sechseck \u2013 Scharfe Kante"}]},{"@type":"WebSite","@id":"https:\/\/terracotadoalgarve.com\/de\/#website","url":"https:\/\/terracotadoalgarve.com\/de\/","name":"Terracota do Algarve","description":"Terracota tiles, Hydraulic cement tiles, Glazed tiles","potentialAction":[{"@type":"SearchAction","target":{"@type":"EntryPoint","urlTemplate":"https:\/\/terracotadoalgarve.com\/de\/?s={search_term_string}"},"query-input":{"@type":"PropertyValueSpecification","valueRequired":true,"valueName":"search_term_string"}}],"inLanguage":"de"}]}},"_links":{"self":[{"href":"https:\/\/terracotadoalgarve.com\/de\/wp-json\/wp\/v2\/product\/17456","targetHints":{"allow":["GET"]}}],"collection":[{"href":"https:\/\/terracotadoalgarve.com\/de\/wp-json\/wp\/v2\/product"}],"about":[{"href":"https:\/\/terracotadoalgarve.com\/de\/wp-json\/wp\/v2\/types\/product"}],"replies":[{"embeddable":true,"href":"https:\/\/terracotadoalgarve.com\/de\/wp-json\/wp\/v2\/comments?post=17456"}],"wp:featuredmedia":[{"embeddable":true,"href":"https:\/\/terracotadoalgarve.com\/de\/wp-json\/wp\/v2\/media\/25917"}],"wp:attachment":[{"href":"https:\/\/terracotadoalgarve.com\/de\/wp-json\/wp\/v2\/media?parent=17456"}],"wp:term":[{"taxonomy":"product_brand","embeddable":true,"href":"https:\/\/terracotadoalgarve.com\/de\/wp-json\/wp\/v2\/product_brand?post=17456"},{"taxonomy":"product_cat","embeddable":true,"href":"https:\/\/terracotadoalgarve.com\/de\/wp-json\/wp\/v2\/product_cat?post=17456"},{"taxonomy":"product_tag","embeddable":true,"href":"https:\/\/terracotadoalgarve.com\/de\/wp-json\/wp\/v2\/product_tag?post=17456"}],"curies":[{"name":"wp","href":"https:\/\/api.w.org\/{rel}","templated":true}]}}