{"id":17423,"date":"2018-11-15T09:55:40","date_gmt":"2018-11-15T09:55:40","guid":{"rendered":"http:\/\/terracotadoalgarve.com\/product\/refa-404-tijoleira-40x40x25-cm-barro-natural-aresta-viva\/"},"modified":"2024-09-10T12:25:03","modified_gmt":"2024-09-10T12:25:03","slug":"ref-404-fliese-40x40x25-cm-scharfe-kante","status":"publish","type":"product","link":"https:\/\/terracotadoalgarve.com\/de\/produto\/ref-404-fliese-40x40x25-cm-scharfe-kante\/","title":{"rendered":"Ref. 404: Fliese 40\u00d740\u00d72,5 cm \u2013 Scharfe Kante"},"content":{"rendered":"<div id='wpcp-5e299ba72d47b7f8ae471d97a3297bc8' class='wpcp-container'><div id='UseyourDrive' class=' gallery  wpcp-has-scroll-to-top' data-module-id='wpcp-5e299ba72d47b7f8ae471d97a3297bc8' style='display:none'><noscript><div class='UseyourDrive-nojsmessage'>Um diesen Inhalt anzuzeigen, m\u00fcssen Sie JavaScript in Ihrem Browser aktiviert haben.<br\/><a href='http:\/\/www.enable-javascript.com\/' target='_blank'>Gehen Sie dazu bitte wie folgt vor<\/a>.<\/div><\/noscript><div class='wpcp-module UseyourDrive wpcp-gallery jsdisabled'  id='UseyourDrive-5e299ba72d47b7f8ae471d97a3297bc8' data-token='5e299ba72d47b7f8ae471d97a3297bc8' data-account-id='110759019842783483711' data-id='' data-org-id='' data-path='bnVsbA==' data-org-path='bnVsbA==' data-source='98c5cf45bbf4babab73aa94f40772cce' data-sort='name:asc' data-list='gallery' data-query='' data-lightboxnav='1' data-lightboxthumbs='1' data-lightboxopen='0' data-targetheight='300' data-slideshow='0' data-pausetime='5000'><div class=\"wpcp-browser-container wpcp-browser-tree--init wpcp-no-tree wpcp-browser--init\" style=\"width:100%;max-width:100%;\">\r\n    <div class=\"wpcp-browser-container-tree\" data-show-tree='0'>\r\n        <div class=\"nav-header\">\r\n            <a class=\"nav-tree-toggle entry-info-button\" tabindex=\"0\" title=\"Ordnerstruktur anzeigen\">\r\n                <i class=\"eva eva-arrowhead-left-outline\"><\/i>\r\n            <\/a>\r\n        <\/div>\r\n        <div class=\"wpcp-browser-tree\"><\/div>\r\n    <\/div>\r\n    <div class=\"wpcp-browser-container-content\">\r\n        <div class=\"nav-header nav-header-has-breadcrumb nav-header-onhover\">            <a class=\"nav-home entry-info-button\" title=\"Gehen Sie zur\u00fcck zum Startordner\" tabindex=\"0\">\r\n                <i class=\"eva eva-home-outline\"><\/i>\r\n            <\/a>\r\n            <div class=\"nav-title\">Laden...<\/div>\r\n                        <a class=\"nav-search entry-info-button\" tabindex=\"0\">\r\n                <i class=\"eva eva-search\"><\/i>\r\n            <\/a>\r\n\r\n            <div class=\"tippy-content-holder search-wrapper\">\r\n                <a class=\"search-icon search-submit\" href=\"javascript:;\"><i class=\"eva eva-search\"><\/i><\/a>\r\n                <input class=\"search-input\" name=\"q\" type=\"search\" autocomplete=\"off\" size=\"40\" aria-label=\"Suche\" placeholder=\"Suche nach Dateien\" \/>\r\n                <a class=\"search-remove\" href=\"javascript:;\" title=\"Zur\u00fccksetzen\"><i class=\"eva eva-close\"><\/i><\/a>\r\n            <\/div>\r\n            \r\n            <a class=\"nav-sort entry-info-button\" title=\"Sortieren\">\r\n                <i class=\"eva eva-options\"><\/i>\r\n            <\/a>\r\n            <div class=\"tippy-content-holder sort-div\">\r\n                <ul class='nav-sorting-list'>\r\n                    <li><a class=\"nav-sorting-field nav-name sort-selected\" data-field=\"name\" title=\"Name\">\r\n                            Name                        <\/a>\r\n                    <\/li>\r\n                    <li><a class=\"nav-sorting-field nav-size \" data-field=\"size\" title=\"Gr\u00f6\u00dfe\">\r\n                            Gr\u00f6\u00dfe                        <\/a>\r\n                    <\/li>\r\n                    <li><a class=\"nav-sorting-field nav-modified \" data-field=\"modified\" title=\"\u00c4nderungsdatum\">\r\n                            \u00c4nderungsdatum                        <\/a>\r\n                    <\/li>\r\n                    <li><a class=\"nav-sorting-field nav-created \" data-field=\"created\" title=\"Erstellungsdatum\">\r\n                            Erstellungsdatum                        <\/a>\r\n                    <\/li>\r\n                    <li class=\"list-separator\">&nbsp;<\/li>\r\n                    <li><a class=\"nav-sorting-order nav-asc sort-selected\" data-order=\"asc\" title=\"Aufsteigend\">\r\n                            Aufsteigend                        <\/a>\r\n                    <\/li>\r\n                    <li><a class=\"nav-sorting-order nav-desc \" data-order=\"desc\" title=\"Absteigend\">\r\n                            Absteigend                        <\/a>\r\n                    <\/li>\r\n                <\/ul>\r\n            <\/div>\r\n\r\n            <a class=\"nav-gear entry-info-button\" title=\"Weitere Aktionen\">\r\n                <i class=\"eva eva-more-vertical-outline\"><\/i>\r\n            <\/a>\r\n            <div class=\"tippy-content-holder gear-div\" data-token=\"5e299ba72d47b7f8ae471d97a3297bc8\">\r\n                <ul>\r\n                                        <li class='gear-menu-no-options' style=\"display: none\"><a><i class='eva eva-info-outline eva-lg'><\/i>Keine Optionen...<\/a><\/li>\r\n                <\/ul>\r\n            <\/div>\r\n                        <a class=\"nav-refresh entry-info-button\" title=\"Neu laden\">\r\n                <i class=\"eva eva-sync\"><\/i>\r\n            <\/a>\r\n                    <\/div>        <div class=\"wpcp-container-content\">\r\n            <div class=\"loading initialize\">                <svg class=\"loader-spinner\" viewBox=\"25 25 50 50\">\r\n                    <circle class=\"path\" cx=\"50\" cy=\"50\" r=\"20\" fill=\"none\" stroke-width=\"3\" stroke-miterlimit=\"10\"><\/circle>\r\n                <\/svg>\r\n                            <\/div>\r\n            <div class=\"ajax-filelist\" style=\"\">\r\n                <div class='images image-collage'>\r\n                    \r\n<div class=\"image-container entry\">\r\n    <a>\r\n        <img loading=\"lazy\" decoding=\"async\" class=\"skeleton skeleton-gallery-img\" alt=\"\" src=\"data:image\/png;base64,iVBORw0KGgoAAAANSUhEUgAAAAEAAAABCAYAAAAfFcSJAAAAC0lEQVQYV2NgAAIAAAUAAarVyFEAAAAASUVORK5CYII=\" width=\"169\" height=\"300\" style=\"width:169px !important;height:300px !important; \">\r\n    <\/a>\r\n<\/div>\r\n\r\n<div class=\"image-container entry\">\r\n    <a>\r\n        <img loading=\"lazy\" decoding=\"async\" class=\"skeleton skeleton-gallery-img\" alt=\"\" src=\"data:image\/png;base64,iVBORw0KGgoAAAANSUhEUgAAAAEAAAABCAYAAAAfFcSJAAAAC0lEQVQYV2NgAAIAAAUAAarVyFEAAAAASUVORK5CYII=\" width=\"534\" height=\"300\" style=\"width:534px !important;height:300px !important; \">\r\n    <\/a>\r\n<\/div>\r\n\r\n<div class=\"image-container entry\">\r\n    <a>\r\n        <img loading=\"lazy\" decoding=\"async\" class=\"skeleton skeleton-gallery-img\" alt=\"\" src=\"data:image\/png;base64,iVBORw0KGgoAAAANSUhEUgAAAAEAAAABCAYAAAAfFcSJAAAAC0lEQVQYV2NgAAIAAAUAAarVyFEAAAAASUVORK5CYII=\" width=\"399\" height=\"300\" style=\"width:399px !important;height:300px !important; \">\r\n    <\/a>\r\n<\/div>\r\n\r\n<div class=\"image-container entry\">\r\n    <a>\r\n        <img loading=\"lazy\" decoding=\"async\" class=\"skeleton skeleton-gallery-img\" alt=\"\" src=\"data:image\/png;base64,iVBORw0KGgoAAAANSUhEUgAAAAEAAAABCAYAAAAfFcSJAAAAC0lEQVQYV2NgAAIAAAUAAarVyFEAAAAASUVORK5CYII=\" width=\"300\" height=\"300\" style=\"width:300px !important;height:300px !important; \">\r\n    <\/a>\r\n<\/div>\r\n\r\n<div class=\"image-container entry\">\r\n    <a>\r\n        <img loading=\"lazy\" decoding=\"async\" class=\"skeleton skeleton-gallery-img\" alt=\"\" src=\"data:image\/png;base64,iVBORw0KGgoAAAANSUhEUgAAAAEAAAABCAYAAAAfFcSJAAAAC0lEQVQYV2NgAAIAAAUAAarVyFEAAAAASUVORK5CYII=\" width=\"399\" height=\"300\" style=\"width:399px !important;height:300px !important; \">\r\n    <\/a>\r\n<\/div>\r\n                <\/div>\r\n            <\/div>\r\n\r\n            <div class=\"scroll-to-top\">\r\n                <button class=\"scroll-to-top-action button button-round-icon secondary button-round-icon-lg button-shadow-3\" type=\"button\" title=\"Nach oben scrollen\" aria-expanded=\"false\"><i class=\"eva eva-arrow-upward-outline eva-2x\"><\/i><\/button>\r\n                            <\/div>\r\n        <\/div>\r\n    <\/div>\r\n<\/div>\r\n<style>\r\n<\/style><\/div><\/div><div class='wpcp-module-script'><script type='text\/javascript'>if (typeof(jQuery) !== 'undefined' && typeof(jQuery.cp) !== 'undefined' && typeof(jQuery.cp.UseyourDrive) === 'function') { jQuery('#UseyourDrive-5e299ba72d47b7f8ae471d97a3297bc8').UseyourDrive(UseyourDrive_vars); };<\/script><\/div><\/div>\n","protected":false},"excerpt":{"rendered":"<p>Fliese f\u00fcr den Gebrauch in sehr gro\u00dfen Fl\u00e4chen bzw. R\u00e4umen. Produktion nur auf Bestellung!<\/p>\n","protected":false},"featured_media":25913,"comment_status":"closed","ping_status":"closed","template":"","meta":[],"product_brand":[],"product_cat":[35],"product_tag":[],"class_list":{"0":"post-17423","1":"product","2":"type-product","3":"status-publish","4":"has-post-thumbnail","6":"product_cat-handgefertigte-terrakotta","8":"first","9":"instock","10":"product-type-simple"},"yoast_head":"<!-- This site is optimized with the Yoast SEO plugin v26.9 - https:\/\/yoast.com\/product\/yoast-seo-wordpress\/ -->\n<title>Ref. 404: Fliese 40\u00d740\u00d72,5 cm \u2013 Scharfe Kante - Terracota do Algarve<\/title>\n<meta name=\"robots\" content=\"index, follow, max-snippet:-1, max-image-preview:large, max-video-preview:-1\" \/>\n<link rel=\"canonical\" href=\"https:\/\/terracotadoalgarve.com\/de\/produto\/ref-404-fliese-40x40x25-cm-scharfe-kante\/\" \/>\n<meta property=\"og:locale\" content=\"de_DE\" \/>\n<meta property=\"og:type\" content=\"article\" \/>\n<meta property=\"og:title\" content=\"Ref. 404: Fliese 40\u00d740\u00d72,5 cm \u2013 Scharfe Kante - Terracota do Algarve\" \/>\n<meta property=\"og:description\" content=\"Fliese f\u00fcr den Gebrauch in sehr gro\u00dfen Fl\u00e4chen bzw. R\u00e4umen. Produktion nur auf Bestellung!\" \/>\n<meta property=\"og:url\" content=\"https:\/\/terracotadoalgarve.com\/de\/produto\/ref-404-fliese-40x40x25-cm-scharfe-kante\/\" \/>\n<meta property=\"og:site_name\" content=\"Terracota do Algarve\" \/>\n<meta property=\"article:modified_time\" content=\"2024-09-10T12:25:03+00:00\" \/>\n<meta property=\"og:image\" content=\"https:\/\/terracotadoalgarve.com\/wp-content\/uploads\/2018\/11\/Ref-404-ladrilho-40x40x25-desenformado-agua-1.png\" \/>\n\t<meta property=\"og:image:width\" content=\"700\" \/>\n\t<meta property=\"og:image:height\" content=\"525\" \/>\n\t<meta property=\"og:image:type\" content=\"image\/png\" \/>\n<meta name=\"twitter:card\" content=\"summary_large_image\" \/>\n<meta name=\"twitter:label1\" content=\"Gesch\u00e4tzte Lesezeit\" \/>\n\t<meta name=\"twitter:data1\" content=\"1\u00a0Minute\" \/>\n<script type=\"application\/ld+json\" class=\"yoast-schema-graph\">{\"@context\":\"https:\/\/schema.org\",\"@graph\":[{\"@type\":\"WebPage\",\"@id\":\"https:\/\/terracotadoalgarve.com\/de\/produto\/ref-404-fliese-40x40x25-cm-scharfe-kante\/\",\"url\":\"https:\/\/terracotadoalgarve.com\/de\/produto\/ref-404-fliese-40x40x25-cm-scharfe-kante\/\",\"name\":\"Ref. 404: Fliese 40\u00d740\u00d72,5 cm \u2013 Scharfe Kante - Terracota do Algarve\",\"isPartOf\":{\"@id\":\"https:\/\/terracotadoalgarve.com\/de\/#website\"},\"primaryImageOfPage\":{\"@id\":\"https:\/\/terracotadoalgarve.com\/de\/produto\/ref-404-fliese-40x40x25-cm-scharfe-kante\/#primaryimage\"},\"image\":{\"@id\":\"https:\/\/terracotadoalgarve.com\/de\/produto\/ref-404-fliese-40x40x25-cm-scharfe-kante\/#primaryimage\"},\"thumbnailUrl\":\"https:\/\/terracotadoalgarve.com\/wp-content\/uploads\/2018\/11\/Ref-404-ladrilho-40x40x25-desenformado-agua-1.png\",\"datePublished\":\"2018-11-15T09:55:40+00:00\",\"dateModified\":\"2024-09-10T12:25:03+00:00\",\"breadcrumb\":{\"@id\":\"https:\/\/terracotadoalgarve.com\/de\/produto\/ref-404-fliese-40x40x25-cm-scharfe-kante\/#breadcrumb\"},\"inLanguage\":\"de\",\"potentialAction\":[{\"@type\":\"ReadAction\",\"target\":[\"https:\/\/terracotadoalgarve.com\/de\/produto\/ref-404-fliese-40x40x25-cm-scharfe-kante\/\"]}]},{\"@type\":\"ImageObject\",\"inLanguage\":\"de\",\"@id\":\"https:\/\/terracotadoalgarve.com\/de\/produto\/ref-404-fliese-40x40x25-cm-scharfe-kante\/#primaryimage\",\"url\":\"https:\/\/terracotadoalgarve.com\/wp-content\/uploads\/2018\/11\/Ref-404-ladrilho-40x40x25-desenformado-agua-1.png\",\"contentUrl\":\"https:\/\/terracotadoalgarve.com\/wp-content\/uploads\/2018\/11\/Ref-404-ladrilho-40x40x25-desenformado-agua-1.png\",\"width\":700,\"height\":525,\"caption\":\"Ref 404 ladrilho 40x40x25 desenformado agua 1\"},{\"@type\":\"BreadcrumbList\",\"@id\":\"https:\/\/terracotadoalgarve.com\/de\/produto\/ref-404-fliese-40x40x25-cm-scharfe-kante\/#breadcrumb\",\"itemListElement\":[{\"@type\":\"ListItem\",\"position\":1,\"name\":\"Home\",\"item\":\"https:\/\/terracotadoalgarve.com\/de\/\"},{\"@type\":\"ListItem\",\"position\":2,\"name\":\"Produkte\",\"item\":\"https:\/\/terracotadoalgarve.com\/de\/shop\/\"},{\"@type\":\"ListItem\",\"position\":3,\"name\":\"Ref. 404: Fliese 40\u00d740\u00d72,5 cm \u2013 Scharfe Kante\"}]},{\"@type\":\"WebSite\",\"@id\":\"https:\/\/terracotadoalgarve.com\/de\/#website\",\"url\":\"https:\/\/terracotadoalgarve.com\/de\/\",\"name\":\"Terracota do Algarve\",\"description\":\"Terracota tiles, Hydraulic cement tiles, Glazed tiles\",\"potentialAction\":[{\"@type\":\"SearchAction\",\"target\":{\"@type\":\"EntryPoint\",\"urlTemplate\":\"https:\/\/terracotadoalgarve.com\/de\/?s={search_term_string}\"},\"query-input\":{\"@type\":\"PropertyValueSpecification\",\"valueRequired\":true,\"valueName\":\"search_term_string\"}}],\"inLanguage\":\"de\"}]}<\/script>\n<!-- \/ Yoast SEO plugin. -->","yoast_head_json":{"title":"Ref. 404: Fliese 40\u00d740\u00d72,5 cm \u2013 Scharfe Kante - Terracota do Algarve","robots":{"index":"index","follow":"follow","max-snippet":"max-snippet:-1","max-image-preview":"max-image-preview:large","max-video-preview":"max-video-preview:-1"},"canonical":"https:\/\/terracotadoalgarve.com\/de\/produto\/ref-404-fliese-40x40x25-cm-scharfe-kante\/","og_locale":"de_DE","og_type":"article","og_title":"Ref. 404: Fliese 40\u00d740\u00d72,5 cm \u2013 Scharfe Kante - Terracota do Algarve","og_description":"Fliese f\u00fcr den Gebrauch in sehr gro\u00dfen Fl\u00e4chen bzw. R\u00e4umen. Produktion nur auf Bestellung!","og_url":"https:\/\/terracotadoalgarve.com\/de\/produto\/ref-404-fliese-40x40x25-cm-scharfe-kante\/","og_site_name":"Terracota do Algarve","article_modified_time":"2024-09-10T12:25:03+00:00","og_image":[{"width":700,"height":525,"url":"https:\/\/terracotadoalgarve.com\/wp-content\/uploads\/2018\/11\/Ref-404-ladrilho-40x40x25-desenformado-agua-1.png","type":"image\/png"}],"twitter_card":"summary_large_image","twitter_misc":{"Gesch\u00e4tzte Lesezeit":"1\u00a0Minute"},"schema":{"@context":"https:\/\/schema.org","@graph":[{"@type":"WebPage","@id":"https:\/\/terracotadoalgarve.com\/de\/produto\/ref-404-fliese-40x40x25-cm-scharfe-kante\/","url":"https:\/\/terracotadoalgarve.com\/de\/produto\/ref-404-fliese-40x40x25-cm-scharfe-kante\/","name":"Ref. 404: Fliese 40\u00d740\u00d72,5 cm \u2013 Scharfe Kante - Terracota do Algarve","isPartOf":{"@id":"https:\/\/terracotadoalgarve.com\/de\/#website"},"primaryImageOfPage":{"@id":"https:\/\/terracotadoalgarve.com\/de\/produto\/ref-404-fliese-40x40x25-cm-scharfe-kante\/#primaryimage"},"image":{"@id":"https:\/\/terracotadoalgarve.com\/de\/produto\/ref-404-fliese-40x40x25-cm-scharfe-kante\/#primaryimage"},"thumbnailUrl":"https:\/\/terracotadoalgarve.com\/wp-content\/uploads\/2018\/11\/Ref-404-ladrilho-40x40x25-desenformado-agua-1.png","datePublished":"2018-11-15T09:55:40+00:00","dateModified":"2024-09-10T12:25:03+00:00","breadcrumb":{"@id":"https:\/\/terracotadoalgarve.com\/de\/produto\/ref-404-fliese-40x40x25-cm-scharfe-kante\/#breadcrumb"},"inLanguage":"de","potentialAction":[{"@type":"ReadAction","target":["https:\/\/terracotadoalgarve.com\/de\/produto\/ref-404-fliese-40x40x25-cm-scharfe-kante\/"]}]},{"@type":"ImageObject","inLanguage":"de","@id":"https:\/\/terracotadoalgarve.com\/de\/produto\/ref-404-fliese-40x40x25-cm-scharfe-kante\/#primaryimage","url":"https:\/\/terracotadoalgarve.com\/wp-content\/uploads\/2018\/11\/Ref-404-ladrilho-40x40x25-desenformado-agua-1.png","contentUrl":"https:\/\/terracotadoalgarve.com\/wp-content\/uploads\/2018\/11\/Ref-404-ladrilho-40x40x25-desenformado-agua-1.png","width":700,"height":525,"caption":"Ref 404 ladrilho 40x40x25 desenformado agua 1"},{"@type":"BreadcrumbList","@id":"https:\/\/terracotadoalgarve.com\/de\/produto\/ref-404-fliese-40x40x25-cm-scharfe-kante\/#breadcrumb","itemListElement":[{"@type":"ListItem","position":1,"name":"Home","item":"https:\/\/terracotadoalgarve.com\/de\/"},{"@type":"ListItem","position":2,"name":"Produkte","item":"https:\/\/terracotadoalgarve.com\/de\/shop\/"},{"@type":"ListItem","position":3,"name":"Ref. 404: Fliese 40\u00d740\u00d72,5 cm \u2013 Scharfe Kante"}]},{"@type":"WebSite","@id":"https:\/\/terracotadoalgarve.com\/de\/#website","url":"https:\/\/terracotadoalgarve.com\/de\/","name":"Terracota do Algarve","description":"Terracota tiles, Hydraulic cement tiles, Glazed tiles","potentialAction":[{"@type":"SearchAction","target":{"@type":"EntryPoint","urlTemplate":"https:\/\/terracotadoalgarve.com\/de\/?s={search_term_string}"},"query-input":{"@type":"PropertyValueSpecification","valueRequired":true,"valueName":"search_term_string"}}],"inLanguage":"de"}]}},"_links":{"self":[{"href":"https:\/\/terracotadoalgarve.com\/de\/wp-json\/wp\/v2\/product\/17423","targetHints":{"allow":["GET"]}}],"collection":[{"href":"https:\/\/terracotadoalgarve.com\/de\/wp-json\/wp\/v2\/product"}],"about":[{"href":"https:\/\/terracotadoalgarve.com\/de\/wp-json\/wp\/v2\/types\/product"}],"replies":[{"embeddable":true,"href":"https:\/\/terracotadoalgarve.com\/de\/wp-json\/wp\/v2\/comments?post=17423"}],"wp:featuredmedia":[{"embeddable":true,"href":"https:\/\/terracotadoalgarve.com\/de\/wp-json\/wp\/v2\/media\/25913"}],"wp:attachment":[{"href":"https:\/\/terracotadoalgarve.com\/de\/wp-json\/wp\/v2\/media?parent=17423"}],"wp:term":[{"taxonomy":"product_brand","embeddable":true,"href":"https:\/\/terracotadoalgarve.com\/de\/wp-json\/wp\/v2\/product_brand?post=17423"},{"taxonomy":"product_cat","embeddable":true,"href":"https:\/\/terracotadoalgarve.com\/de\/wp-json\/wp\/v2\/product_cat?post=17423"},{"taxonomy":"product_tag","embeddable":true,"href":"https:\/\/terracotadoalgarve.com\/de\/wp-json\/wp\/v2\/product_tag?post=17423"}],"curies":[{"name":"wp","href":"https:\/\/api.w.org\/{rel}","templated":true}]}}