{"id":17391,"date":"2018-11-15T09:32:57","date_gmt":"2018-11-15T09:32:57","guid":{"rendered":"http:\/\/terracotadoalgarve.com\/product\/refa-604-pecas-para-revestimentos-20x5x1-cm\/"},"modified":"2025-03-12T12:21:16","modified_gmt":"2025-03-12T12:21:16","slug":"ref-604-terrakotta-streifen-fur-dekoration-und-wandverkleidung-20x5x1-cm","status":"publish","type":"product","link":"https:\/\/terracotadoalgarve.com\/de\/produto\/ref-604-terrakotta-streifen-fur-dekoration-und-wandverkleidung-20x5x1-cm\/","title":{"rendered":"Ref. 604 Terrakotta \u2013 Streifen f\u00fcr Dekoration und Wandverkleidung 20x5x1.2 cm"},"content":{"rendered":"","protected":false},"excerpt":{"rendered":"<p>Es ist die leichteste Abdeckung, die man mit handgefertigten Terrakotta bekommen kann, was es zu einer idealen L\u00f6sung f\u00fcr Decken oder Bereiche macht, in denen Gewicht ein Problem ist. Es kann ohne Gelenk angewendet werden, weil es sehr d\u00fcnn ist.<\/p>\n","protected":false},"featured_media":25909,"comment_status":"closed","ping_status":"closed","template":"","meta":[],"product_brand":[],"product_cat":[35],"product_tag":[],"class_list":{"0":"post-17391","1":"product","2":"type-product","3":"status-publish","4":"has-post-thumbnail","6":"product_cat-handgefertigte-terrakotta","8":"first","9":"instock","10":"product-type-simple"},"yoast_head":"<!-- This site is optimized with the Yoast SEO plugin v26.9 - https:\/\/yoast.com\/product\/yoast-seo-wordpress\/ -->\n<title>Ref. 604 Terrakotta \u2013 Streifen f\u00fcr Dekoration und Wandverkleidung 20x5x1.2 cm - Terracota do Algarve<\/title>\n<meta name=\"robots\" content=\"index, follow, max-snippet:-1, max-image-preview:large, max-video-preview:-1\" \/>\n<link rel=\"canonical\" href=\"https:\/\/terracotadoalgarve.com\/de\/produto\/ref-604-terrakotta-streifen-fur-dekoration-und-wandverkleidung-20x5x1-cm\/\" \/>\n<meta property=\"og:locale\" content=\"de_DE\" \/>\n<meta property=\"og:type\" content=\"article\" \/>\n<meta property=\"og:title\" content=\"Ref. 604 Terrakotta \u2013 Streifen f\u00fcr Dekoration und Wandverkleidung 20x5x1.2 cm - Terracota do Algarve\" \/>\n<meta property=\"og:description\" content=\"Es ist die leichteste Abdeckung, die man mit handgefertigten Terrakotta bekommen kann, was es zu einer idealen L\u00f6sung f\u00fcr Decken oder Bereiche macht, in denen Gewicht ein Problem ist. Es kann ohne Gelenk angewendet werden, weil es sehr d\u00fcnn ist.\" \/>\n<meta property=\"og:url\" content=\"https:\/\/terracotadoalgarve.com\/de\/produto\/ref-604-terrakotta-streifen-fur-dekoration-und-wandverkleidung-20x5x1-cm\/\" \/>\n<meta property=\"og:site_name\" content=\"Terracota do Algarve\" \/>\n<meta property=\"article:modified_time\" content=\"2025-03-12T12:21:16+00:00\" \/>\n<meta property=\"og:image\" content=\"https:\/\/terracotadoalgarve.com\/wp-content\/uploads\/2018\/11\/Ref-604-Pecas-para-Revestimentos-20x5x1-cm-2.png\" \/>\n\t<meta property=\"og:image:width\" content=\"700\" \/>\n\t<meta property=\"og:image:height\" content=\"525\" \/>\n\t<meta property=\"og:image:type\" content=\"image\/png\" \/>\n<meta name=\"twitter:card\" content=\"summary_large_image\" \/>\n<script type=\"application\/ld+json\" class=\"yoast-schema-graph\">{\"@context\":\"https:\/\/schema.org\",\"@graph\":[{\"@type\":\"WebPage\",\"@id\":\"https:\/\/terracotadoalgarve.com\/de\/produto\/ref-604-terrakotta-streifen-fur-dekoration-und-wandverkleidung-20x5x1-cm\/\",\"url\":\"https:\/\/terracotadoalgarve.com\/de\/produto\/ref-604-terrakotta-streifen-fur-dekoration-und-wandverkleidung-20x5x1-cm\/\",\"name\":\"Ref. 604 Terrakotta \u2013 Streifen f\u00fcr Dekoration und Wandverkleidung 20x5x1.2 cm - Terracota do Algarve\",\"isPartOf\":{\"@id\":\"https:\/\/terracotadoalgarve.com\/de\/#website\"},\"primaryImageOfPage\":{\"@id\":\"https:\/\/terracotadoalgarve.com\/de\/produto\/ref-604-terrakotta-streifen-fur-dekoration-und-wandverkleidung-20x5x1-cm\/#primaryimage\"},\"image\":{\"@id\":\"https:\/\/terracotadoalgarve.com\/de\/produto\/ref-604-terrakotta-streifen-fur-dekoration-und-wandverkleidung-20x5x1-cm\/#primaryimage\"},\"thumbnailUrl\":\"https:\/\/terracotadoalgarve.com\/wp-content\/uploads\/2018\/11\/Ref-604-Pecas-para-Revestimentos-20x5x1-cm-2.png\",\"datePublished\":\"2018-11-15T09:32:57+00:00\",\"dateModified\":\"2025-03-12T12:21:16+00:00\",\"breadcrumb\":{\"@id\":\"https:\/\/terracotadoalgarve.com\/de\/produto\/ref-604-terrakotta-streifen-fur-dekoration-und-wandverkleidung-20x5x1-cm\/#breadcrumb\"},\"inLanguage\":\"de\",\"potentialAction\":[{\"@type\":\"ReadAction\",\"target\":[\"https:\/\/terracotadoalgarve.com\/de\/produto\/ref-604-terrakotta-streifen-fur-dekoration-und-wandverkleidung-20x5x1-cm\/\"]}]},{\"@type\":\"ImageObject\",\"inLanguage\":\"de\",\"@id\":\"https:\/\/terracotadoalgarve.com\/de\/produto\/ref-604-terrakotta-streifen-fur-dekoration-und-wandverkleidung-20x5x1-cm\/#primaryimage\",\"url\":\"https:\/\/terracotadoalgarve.com\/wp-content\/uploads\/2018\/11\/Ref-604-Pecas-para-Revestimentos-20x5x1-cm-2.png\",\"contentUrl\":\"https:\/\/terracotadoalgarve.com\/wp-content\/uploads\/2018\/11\/Ref-604-Pecas-para-Revestimentos-20x5x1-cm-2.png\",\"width\":700,\"height\":525,\"caption\":\"Ref 604 Pecas para Revestimentos 20x5x1 cm 2\"},{\"@type\":\"BreadcrumbList\",\"@id\":\"https:\/\/terracotadoalgarve.com\/de\/produto\/ref-604-terrakotta-streifen-fur-dekoration-und-wandverkleidung-20x5x1-cm\/#breadcrumb\",\"itemListElement\":[{\"@type\":\"ListItem\",\"position\":1,\"name\":\"Home\",\"item\":\"https:\/\/terracotadoalgarve.com\/de\/\"},{\"@type\":\"ListItem\",\"position\":2,\"name\":\"Produkte\",\"item\":\"https:\/\/terracotadoalgarve.com\/de\/shop\/\"},{\"@type\":\"ListItem\",\"position\":3,\"name\":\"Ref. 604 Terrakotta \u2013 Streifen f\u00fcr Dekoration und Wandverkleidung 20x5x1.2 cm\"}]},{\"@type\":\"WebSite\",\"@id\":\"https:\/\/terracotadoalgarve.com\/de\/#website\",\"url\":\"https:\/\/terracotadoalgarve.com\/de\/\",\"name\":\"Terracota do Algarve\",\"description\":\"Terracota tiles, Hydraulic cement tiles, Glazed tiles\",\"potentialAction\":[{\"@type\":\"SearchAction\",\"target\":{\"@type\":\"EntryPoint\",\"urlTemplate\":\"https:\/\/terracotadoalgarve.com\/de\/?s={search_term_string}\"},\"query-input\":{\"@type\":\"PropertyValueSpecification\",\"valueRequired\":true,\"valueName\":\"search_term_string\"}}],\"inLanguage\":\"de\"}]}<\/script>\n<!-- \/ Yoast SEO plugin. -->","yoast_head_json":{"title":"Ref. 604 Terrakotta \u2013 Streifen f\u00fcr Dekoration und Wandverkleidung 20x5x1.2 cm - Terracota do Algarve","robots":{"index":"index","follow":"follow","max-snippet":"max-snippet:-1","max-image-preview":"max-image-preview:large","max-video-preview":"max-video-preview:-1"},"canonical":"https:\/\/terracotadoalgarve.com\/de\/produto\/ref-604-terrakotta-streifen-fur-dekoration-und-wandverkleidung-20x5x1-cm\/","og_locale":"de_DE","og_type":"article","og_title":"Ref. 604 Terrakotta \u2013 Streifen f\u00fcr Dekoration und Wandverkleidung 20x5x1.2 cm - Terracota do Algarve","og_description":"Es ist die leichteste Abdeckung, die man mit handgefertigten Terrakotta bekommen kann, was es zu einer idealen L\u00f6sung f\u00fcr Decken oder Bereiche macht, in denen Gewicht ein Problem ist. Es kann ohne Gelenk angewendet werden, weil es sehr d\u00fcnn ist.","og_url":"https:\/\/terracotadoalgarve.com\/de\/produto\/ref-604-terrakotta-streifen-fur-dekoration-und-wandverkleidung-20x5x1-cm\/","og_site_name":"Terracota do Algarve","article_modified_time":"2025-03-12T12:21:16+00:00","og_image":[{"width":700,"height":525,"url":"https:\/\/terracotadoalgarve.com\/wp-content\/uploads\/2018\/11\/Ref-604-Pecas-para-Revestimentos-20x5x1-cm-2.png","type":"image\/png"}],"twitter_card":"summary_large_image","schema":{"@context":"https:\/\/schema.org","@graph":[{"@type":"WebPage","@id":"https:\/\/terracotadoalgarve.com\/de\/produto\/ref-604-terrakotta-streifen-fur-dekoration-und-wandverkleidung-20x5x1-cm\/","url":"https:\/\/terracotadoalgarve.com\/de\/produto\/ref-604-terrakotta-streifen-fur-dekoration-und-wandverkleidung-20x5x1-cm\/","name":"Ref. 604 Terrakotta \u2013 Streifen f\u00fcr Dekoration und Wandverkleidung 20x5x1.2 cm - Terracota do Algarve","isPartOf":{"@id":"https:\/\/terracotadoalgarve.com\/de\/#website"},"primaryImageOfPage":{"@id":"https:\/\/terracotadoalgarve.com\/de\/produto\/ref-604-terrakotta-streifen-fur-dekoration-und-wandverkleidung-20x5x1-cm\/#primaryimage"},"image":{"@id":"https:\/\/terracotadoalgarve.com\/de\/produto\/ref-604-terrakotta-streifen-fur-dekoration-und-wandverkleidung-20x5x1-cm\/#primaryimage"},"thumbnailUrl":"https:\/\/terracotadoalgarve.com\/wp-content\/uploads\/2018\/11\/Ref-604-Pecas-para-Revestimentos-20x5x1-cm-2.png","datePublished":"2018-11-15T09:32:57+00:00","dateModified":"2025-03-12T12:21:16+00:00","breadcrumb":{"@id":"https:\/\/terracotadoalgarve.com\/de\/produto\/ref-604-terrakotta-streifen-fur-dekoration-und-wandverkleidung-20x5x1-cm\/#breadcrumb"},"inLanguage":"de","potentialAction":[{"@type":"ReadAction","target":["https:\/\/terracotadoalgarve.com\/de\/produto\/ref-604-terrakotta-streifen-fur-dekoration-und-wandverkleidung-20x5x1-cm\/"]}]},{"@type":"ImageObject","inLanguage":"de","@id":"https:\/\/terracotadoalgarve.com\/de\/produto\/ref-604-terrakotta-streifen-fur-dekoration-und-wandverkleidung-20x5x1-cm\/#primaryimage","url":"https:\/\/terracotadoalgarve.com\/wp-content\/uploads\/2018\/11\/Ref-604-Pecas-para-Revestimentos-20x5x1-cm-2.png","contentUrl":"https:\/\/terracotadoalgarve.com\/wp-content\/uploads\/2018\/11\/Ref-604-Pecas-para-Revestimentos-20x5x1-cm-2.png","width":700,"height":525,"caption":"Ref 604 Pecas para Revestimentos 20x5x1 cm 2"},{"@type":"BreadcrumbList","@id":"https:\/\/terracotadoalgarve.com\/de\/produto\/ref-604-terrakotta-streifen-fur-dekoration-und-wandverkleidung-20x5x1-cm\/#breadcrumb","itemListElement":[{"@type":"ListItem","position":1,"name":"Home","item":"https:\/\/terracotadoalgarve.com\/de\/"},{"@type":"ListItem","position":2,"name":"Produkte","item":"https:\/\/terracotadoalgarve.com\/de\/shop\/"},{"@type":"ListItem","position":3,"name":"Ref. 604 Terrakotta \u2013 Streifen f\u00fcr Dekoration und Wandverkleidung 20x5x1.2 cm"}]},{"@type":"WebSite","@id":"https:\/\/terracotadoalgarve.com\/de\/#website","url":"https:\/\/terracotadoalgarve.com\/de\/","name":"Terracota do Algarve","description":"Terracota tiles, Hydraulic cement tiles, Glazed tiles","potentialAction":[{"@type":"SearchAction","target":{"@type":"EntryPoint","urlTemplate":"https:\/\/terracotadoalgarve.com\/de\/?s={search_term_string}"},"query-input":{"@type":"PropertyValueSpecification","valueRequired":true,"valueName":"search_term_string"}}],"inLanguage":"de"}]}},"_links":{"self":[{"href":"https:\/\/terracotadoalgarve.com\/de\/wp-json\/wp\/v2\/product\/17391","targetHints":{"allow":["GET"]}}],"collection":[{"href":"https:\/\/terracotadoalgarve.com\/de\/wp-json\/wp\/v2\/product"}],"about":[{"href":"https:\/\/terracotadoalgarve.com\/de\/wp-json\/wp\/v2\/types\/product"}],"replies":[{"embeddable":true,"href":"https:\/\/terracotadoalgarve.com\/de\/wp-json\/wp\/v2\/comments?post=17391"}],"wp:featuredmedia":[{"embeddable":true,"href":"https:\/\/terracotadoalgarve.com\/de\/wp-json\/wp\/v2\/media\/25909"}],"wp:attachment":[{"href":"https:\/\/terracotadoalgarve.com\/de\/wp-json\/wp\/v2\/media?parent=17391"}],"wp:term":[{"taxonomy":"product_brand","embeddable":true,"href":"https:\/\/terracotadoalgarve.com\/de\/wp-json\/wp\/v2\/product_brand?post=17391"},{"taxonomy":"product_cat","embeddable":true,"href":"https:\/\/terracotadoalgarve.com\/de\/wp-json\/wp\/v2\/product_cat?post=17391"},{"taxonomy":"product_tag","embeddable":true,"href":"https:\/\/terracotadoalgarve.com\/de\/wp-json\/wp\/v2\/product_tag?post=17391"}],"curies":[{"name":"wp","href":"https:\/\/api.w.org\/{rel}","templated":true}]}}