{"id":17366,"date":"2018-11-15T09:39:44","date_gmt":"2018-11-15T09:39:44","guid":{"rendered":"http:\/\/terracotadoalgarve.com\/product\/refa-601-tijolo-tipo-burro-20x10x4-cm\/"},"modified":"2022-05-02T03:40:14","modified_gmt":"2022-05-02T03:40:14","slug":"ref-601-backstein-ziegel-tijolo-burro-20-x-10-x-4-cm","status":"publish","type":"product","link":"https:\/\/terracotadoalgarve.com\/de\/produto\/ref-601-backstein-ziegel-tijolo-burro-20-x-10-x-4-cm\/","title":{"rendered":"Ref. 601: Backstein-Ziegel \u201cTijolo Burro\u201d 20 x 10 x 4 cm"},"content":{"rendered":"","protected":false},"excerpt":{"rendered":"<p>Durch seine Hitzebest\u00e4ndigkeit ist dieser Ziegel geeignet f\u00fcr die Konstruktion von Kamin\u00f6fen, Grillpl\u00e4tzen oder andere Anwendungen im direkten Kontakt mit Feuer. Er wird ebenso eingesetzt f\u00fcr die Gestaltung von Gew\u00f6lben, B\u00f6gen, Beeten und Blumenk\u00fcbeln sowie f\u00fcr massive Wandkonstruktionen. Sehr robust.<\/p>\n","protected":false},"featured_media":25906,"comment_status":"closed","ping_status":"closed","template":"","meta":[],"product_brand":[],"product_cat":[35],"product_tag":[],"class_list":{"0":"post-17366","1":"product","2":"type-product","3":"status-publish","4":"has-post-thumbnail","6":"product_cat-handgefertigte-terrakotta","8":"first","9":"instock","10":"product-type-simple"},"yoast_head":"<!-- This site is optimized with the Yoast SEO plugin v26.9 - https:\/\/yoast.com\/product\/yoast-seo-wordpress\/ -->\n<title>Ref. 601: Backstein-Ziegel \u201cTijolo Burro\u201d 20 x 10 x 4 cm - Terracota do Algarve<\/title>\n<meta name=\"robots\" content=\"index, follow, max-snippet:-1, max-image-preview:large, max-video-preview:-1\" \/>\n<link rel=\"canonical\" href=\"https:\/\/terracotadoalgarve.com\/de\/produto\/ref-601-backstein-ziegel-tijolo-burro-20-x-10-x-4-cm\/\" \/>\n<meta property=\"og:locale\" content=\"de_DE\" \/>\n<meta property=\"og:type\" content=\"article\" \/>\n<meta property=\"og:title\" content=\"Ref. 601: Backstein-Ziegel \u201cTijolo Burro\u201d 20 x 10 x 4 cm - Terracota do Algarve\" \/>\n<meta property=\"og:description\" content=\"Durch seine Hitzebest\u00e4ndigkeit ist dieser Ziegel geeignet f\u00fcr die Konstruktion von Kamin\u00f6fen, Grillpl\u00e4tzen oder andere Anwendungen im direkten Kontakt mit Feuer. Er wird ebenso eingesetzt f\u00fcr die Gestaltung von Gew\u00f6lben, B\u00f6gen, Beeten und Blumenk\u00fcbeln sowie f\u00fcr massive Wandkonstruktionen. Sehr robust.\" \/>\n<meta property=\"og:url\" content=\"https:\/\/terracotadoalgarve.com\/de\/produto\/ref-601-backstein-ziegel-tijolo-burro-20-x-10-x-4-cm\/\" \/>\n<meta property=\"og:site_name\" content=\"Terracota do Algarve\" \/>\n<meta property=\"article:modified_time\" content=\"2022-05-02T03:40:14+00:00\" \/>\n<meta property=\"og:image\" content=\"https:\/\/terracotadoalgarve.com\/wp-content\/uploads\/2018\/11\/Ref-601-Tijolo-Tipo-Burro-20x10x4-cm-2.png\" \/>\n\t<meta property=\"og:image:width\" content=\"700\" \/>\n\t<meta property=\"og:image:height\" content=\"525\" \/>\n\t<meta property=\"og:image:type\" content=\"image\/png\" \/>\n<meta name=\"twitter:card\" content=\"summary_large_image\" \/>\n<script type=\"application\/ld+json\" class=\"yoast-schema-graph\">{\"@context\":\"https:\/\/schema.org\",\"@graph\":[{\"@type\":\"WebPage\",\"@id\":\"https:\/\/terracotadoalgarve.com\/de\/produto\/ref-601-backstein-ziegel-tijolo-burro-20-x-10-x-4-cm\/\",\"url\":\"https:\/\/terracotadoalgarve.com\/de\/produto\/ref-601-backstein-ziegel-tijolo-burro-20-x-10-x-4-cm\/\",\"name\":\"Ref. 601: Backstein-Ziegel \u201cTijolo Burro\u201d 20 x 10 x 4 cm - Terracota do Algarve\",\"isPartOf\":{\"@id\":\"https:\/\/terracotadoalgarve.com\/de\/#website\"},\"primaryImageOfPage\":{\"@id\":\"https:\/\/terracotadoalgarve.com\/de\/produto\/ref-601-backstein-ziegel-tijolo-burro-20-x-10-x-4-cm\/#primaryimage\"},\"image\":{\"@id\":\"https:\/\/terracotadoalgarve.com\/de\/produto\/ref-601-backstein-ziegel-tijolo-burro-20-x-10-x-4-cm\/#primaryimage\"},\"thumbnailUrl\":\"https:\/\/terracotadoalgarve.com\/wp-content\/uploads\/2018\/11\/Ref-601-Tijolo-Tipo-Burro-20x10x4-cm-2.png\",\"datePublished\":\"2018-11-15T09:39:44+00:00\",\"dateModified\":\"2022-05-02T03:40:14+00:00\",\"breadcrumb\":{\"@id\":\"https:\/\/terracotadoalgarve.com\/de\/produto\/ref-601-backstein-ziegel-tijolo-burro-20-x-10-x-4-cm\/#breadcrumb\"},\"inLanguage\":\"de\",\"potentialAction\":[{\"@type\":\"ReadAction\",\"target\":[\"https:\/\/terracotadoalgarve.com\/de\/produto\/ref-601-backstein-ziegel-tijolo-burro-20-x-10-x-4-cm\/\"]}]},{\"@type\":\"ImageObject\",\"inLanguage\":\"de\",\"@id\":\"https:\/\/terracotadoalgarve.com\/de\/produto\/ref-601-backstein-ziegel-tijolo-burro-20-x-10-x-4-cm\/#primaryimage\",\"url\":\"https:\/\/terracotadoalgarve.com\/wp-content\/uploads\/2018\/11\/Ref-601-Tijolo-Tipo-Burro-20x10x4-cm-2.png\",\"contentUrl\":\"https:\/\/terracotadoalgarve.com\/wp-content\/uploads\/2018\/11\/Ref-601-Tijolo-Tipo-Burro-20x10x4-cm-2.png\",\"width\":700,\"height\":525,\"caption\":\"Ref 601 Tijolo Tipo Burro 20x10x4 cm 2\"},{\"@type\":\"BreadcrumbList\",\"@id\":\"https:\/\/terracotadoalgarve.com\/de\/produto\/ref-601-backstein-ziegel-tijolo-burro-20-x-10-x-4-cm\/#breadcrumb\",\"itemListElement\":[{\"@type\":\"ListItem\",\"position\":1,\"name\":\"Home\",\"item\":\"https:\/\/terracotadoalgarve.com\/de\/\"},{\"@type\":\"ListItem\",\"position\":2,\"name\":\"Produkte\",\"item\":\"https:\/\/terracotadoalgarve.com\/de\/shop\/\"},{\"@type\":\"ListItem\",\"position\":3,\"name\":\"Ref. 601: Backstein-Ziegel \u201cTijolo Burro\u201d 20 x 10 x 4 cm\"}]},{\"@type\":\"WebSite\",\"@id\":\"https:\/\/terracotadoalgarve.com\/de\/#website\",\"url\":\"https:\/\/terracotadoalgarve.com\/de\/\",\"name\":\"Terracota do Algarve\",\"description\":\"Terracota tiles, Hydraulic cement tiles, Glazed tiles\",\"potentialAction\":[{\"@type\":\"SearchAction\",\"target\":{\"@type\":\"EntryPoint\",\"urlTemplate\":\"https:\/\/terracotadoalgarve.com\/de\/?s={search_term_string}\"},\"query-input\":{\"@type\":\"PropertyValueSpecification\",\"valueRequired\":true,\"valueName\":\"search_term_string\"}}],\"inLanguage\":\"de\"}]}<\/script>\n<!-- \/ Yoast SEO plugin. -->","yoast_head_json":{"title":"Ref. 601: Backstein-Ziegel \u201cTijolo Burro\u201d 20 x 10 x 4 cm - Terracota do Algarve","robots":{"index":"index","follow":"follow","max-snippet":"max-snippet:-1","max-image-preview":"max-image-preview:large","max-video-preview":"max-video-preview:-1"},"canonical":"https:\/\/terracotadoalgarve.com\/de\/produto\/ref-601-backstein-ziegel-tijolo-burro-20-x-10-x-4-cm\/","og_locale":"de_DE","og_type":"article","og_title":"Ref. 601: Backstein-Ziegel \u201cTijolo Burro\u201d 20 x 10 x 4 cm - Terracota do Algarve","og_description":"Durch seine Hitzebest\u00e4ndigkeit ist dieser Ziegel geeignet f\u00fcr die Konstruktion von Kamin\u00f6fen, Grillpl\u00e4tzen oder andere Anwendungen im direkten Kontakt mit Feuer. Er wird ebenso eingesetzt f\u00fcr die Gestaltung von Gew\u00f6lben, B\u00f6gen, Beeten und Blumenk\u00fcbeln sowie f\u00fcr massive Wandkonstruktionen. Sehr robust.","og_url":"https:\/\/terracotadoalgarve.com\/de\/produto\/ref-601-backstein-ziegel-tijolo-burro-20-x-10-x-4-cm\/","og_site_name":"Terracota do Algarve","article_modified_time":"2022-05-02T03:40:14+00:00","og_image":[{"width":700,"height":525,"url":"https:\/\/terracotadoalgarve.com\/wp-content\/uploads\/2018\/11\/Ref-601-Tijolo-Tipo-Burro-20x10x4-cm-2.png","type":"image\/png"}],"twitter_card":"summary_large_image","schema":{"@context":"https:\/\/schema.org","@graph":[{"@type":"WebPage","@id":"https:\/\/terracotadoalgarve.com\/de\/produto\/ref-601-backstein-ziegel-tijolo-burro-20-x-10-x-4-cm\/","url":"https:\/\/terracotadoalgarve.com\/de\/produto\/ref-601-backstein-ziegel-tijolo-burro-20-x-10-x-4-cm\/","name":"Ref. 601: Backstein-Ziegel \u201cTijolo Burro\u201d 20 x 10 x 4 cm - Terracota do Algarve","isPartOf":{"@id":"https:\/\/terracotadoalgarve.com\/de\/#website"},"primaryImageOfPage":{"@id":"https:\/\/terracotadoalgarve.com\/de\/produto\/ref-601-backstein-ziegel-tijolo-burro-20-x-10-x-4-cm\/#primaryimage"},"image":{"@id":"https:\/\/terracotadoalgarve.com\/de\/produto\/ref-601-backstein-ziegel-tijolo-burro-20-x-10-x-4-cm\/#primaryimage"},"thumbnailUrl":"https:\/\/terracotadoalgarve.com\/wp-content\/uploads\/2018\/11\/Ref-601-Tijolo-Tipo-Burro-20x10x4-cm-2.png","datePublished":"2018-11-15T09:39:44+00:00","dateModified":"2022-05-02T03:40:14+00:00","breadcrumb":{"@id":"https:\/\/terracotadoalgarve.com\/de\/produto\/ref-601-backstein-ziegel-tijolo-burro-20-x-10-x-4-cm\/#breadcrumb"},"inLanguage":"de","potentialAction":[{"@type":"ReadAction","target":["https:\/\/terracotadoalgarve.com\/de\/produto\/ref-601-backstein-ziegel-tijolo-burro-20-x-10-x-4-cm\/"]}]},{"@type":"ImageObject","inLanguage":"de","@id":"https:\/\/terracotadoalgarve.com\/de\/produto\/ref-601-backstein-ziegel-tijolo-burro-20-x-10-x-4-cm\/#primaryimage","url":"https:\/\/terracotadoalgarve.com\/wp-content\/uploads\/2018\/11\/Ref-601-Tijolo-Tipo-Burro-20x10x4-cm-2.png","contentUrl":"https:\/\/terracotadoalgarve.com\/wp-content\/uploads\/2018\/11\/Ref-601-Tijolo-Tipo-Burro-20x10x4-cm-2.png","width":700,"height":525,"caption":"Ref 601 Tijolo Tipo Burro 20x10x4 cm 2"},{"@type":"BreadcrumbList","@id":"https:\/\/terracotadoalgarve.com\/de\/produto\/ref-601-backstein-ziegel-tijolo-burro-20-x-10-x-4-cm\/#breadcrumb","itemListElement":[{"@type":"ListItem","position":1,"name":"Home","item":"https:\/\/terracotadoalgarve.com\/de\/"},{"@type":"ListItem","position":2,"name":"Produkte","item":"https:\/\/terracotadoalgarve.com\/de\/shop\/"},{"@type":"ListItem","position":3,"name":"Ref. 601: Backstein-Ziegel \u201cTijolo Burro\u201d 20 x 10 x 4 cm"}]},{"@type":"WebSite","@id":"https:\/\/terracotadoalgarve.com\/de\/#website","url":"https:\/\/terracotadoalgarve.com\/de\/","name":"Terracota do Algarve","description":"Terracota tiles, Hydraulic cement tiles, Glazed tiles","potentialAction":[{"@type":"SearchAction","target":{"@type":"EntryPoint","urlTemplate":"https:\/\/terracotadoalgarve.com\/de\/?s={search_term_string}"},"query-input":{"@type":"PropertyValueSpecification","valueRequired":true,"valueName":"search_term_string"}}],"inLanguage":"de"}]}},"_links":{"self":[{"href":"https:\/\/terracotadoalgarve.com\/de\/wp-json\/wp\/v2\/product\/17366","targetHints":{"allow":["GET"]}}],"collection":[{"href":"https:\/\/terracotadoalgarve.com\/de\/wp-json\/wp\/v2\/product"}],"about":[{"href":"https:\/\/terracotadoalgarve.com\/de\/wp-json\/wp\/v2\/types\/product"}],"replies":[{"embeddable":true,"href":"https:\/\/terracotadoalgarve.com\/de\/wp-json\/wp\/v2\/comments?post=17366"}],"wp:featuredmedia":[{"embeddable":true,"href":"https:\/\/terracotadoalgarve.com\/de\/wp-json\/wp\/v2\/media\/25906"}],"wp:attachment":[{"href":"https:\/\/terracotadoalgarve.com\/de\/wp-json\/wp\/v2\/media?parent=17366"}],"wp:term":[{"taxonomy":"product_brand","embeddable":true,"href":"https:\/\/terracotadoalgarve.com\/de\/wp-json\/wp\/v2\/product_brand?post=17366"},{"taxonomy":"product_cat","embeddable":true,"href":"https:\/\/terracotadoalgarve.com\/de\/wp-json\/wp\/v2\/product_cat?post=17366"},{"taxonomy":"product_tag","embeddable":true,"href":"https:\/\/terracotadoalgarve.com\/de\/wp-json\/wp\/v2\/product_tag?post=17366"}],"curies":[{"name":"wp","href":"https:\/\/api.w.org\/{rel}","templated":true}]}}