{"id":16658,"date":"2018-11-15T09:57:06","date_gmt":"2018-11-15T09:57:06","guid":{"rendered":"http:\/\/terracotadoalgarve.com\/product\/refa-302-ladrilho-santa-catarina-20x20-cm-com-acabamento-as-riscas\/"},"modified":"2022-05-02T03:06:50","modified_gmt":"2022-05-02T03:06:50","slug":"ref-302-fliese-santa-catarina-20-x-20-cm-mit-streifen","status":"publish","type":"product","link":"https:\/\/terracotadoalgarve.com\/de\/produto\/ref-302-fliese-santa-catarina-20-x-20-cm-mit-streifen\/","title":{"rendered":"Ref. 302: Fliese \u201cSanta Catarina\u201d 20 x 20 cm, mit Streifen"},"content":{"rendered":"","protected":false},"excerpt":{"rendered":"<p>Mit Sand ausgeschalte Fliese, mit glatten Kanten, welche, obwohl haupts\u00e4chlich aus rotem Lehm hergestellt, einen manuellen Auftrag von Streifen aus wei\u00dfem Lehm erh\u00e4lt. Ob ihres geringeren Formates, eignet sich diese Fliese in der Anwendung bei kleineren Fl\u00e4chen.<\/p>\n","protected":false},"featured_media":25893,"comment_status":"closed","ping_status":"closed","template":"","meta":[],"product_brand":[],"product_cat":[35],"product_tag":[],"class_list":{"0":"post-16658","1":"product","2":"type-product","3":"status-publish","4":"has-post-thumbnail","6":"product_cat-handgefertigte-terrakotta","8":"first","9":"instock","10":"product-type-simple"},"yoast_head":"<!-- This site is optimized with the Yoast SEO plugin v26.9 - https:\/\/yoast.com\/product\/yoast-seo-wordpress\/ -->\n<title>Ref. 302: Fliese \u201cSanta Catarina\u201d 20 x 20 cm, mit Streifen - Terracota do Algarve<\/title>\n<meta name=\"robots\" content=\"index, follow, max-snippet:-1, max-image-preview:large, max-video-preview:-1\" \/>\n<link rel=\"canonical\" href=\"https:\/\/terracotadoalgarve.com\/de\/produto\/ref-302-fliese-santa-catarina-20-x-20-cm-mit-streifen\/\" \/>\n<meta property=\"og:locale\" content=\"de_DE\" \/>\n<meta property=\"og:type\" content=\"article\" \/>\n<meta property=\"og:title\" content=\"Ref. 302: Fliese \u201cSanta Catarina\u201d 20 x 20 cm, mit Streifen - Terracota do Algarve\" \/>\n<meta property=\"og:description\" content=\"Mit Sand ausgeschalte Fliese, mit glatten Kanten, welche, obwohl haupts\u00e4chlich aus rotem Lehm hergestellt, einen manuellen Auftrag von Streifen aus wei\u00dfem Lehm erh\u00e4lt. Ob ihres geringeren Formates, eignet sich diese Fliese in der Anwendung bei kleineren Fl\u00e4chen.\" \/>\n<meta property=\"og:url\" content=\"https:\/\/terracotadoalgarve.com\/de\/produto\/ref-302-fliese-santa-catarina-20-x-20-cm-mit-streifen\/\" \/>\n<meta property=\"og:site_name\" content=\"Terracota do Algarve\" \/>\n<meta property=\"article:modified_time\" content=\"2022-05-02T03:06:50+00:00\" \/>\n<meta property=\"og:image\" content=\"https:\/\/terracotadoalgarve.com\/wp-content\/uploads\/2018\/11\/Ref-302-Ladrilho-20x20-cm-desenformado-a-Areia-com-riscas-2.png\" \/>\n\t<meta property=\"og:image:width\" content=\"700\" \/>\n\t<meta property=\"og:image:height\" content=\"525\" \/>\n\t<meta property=\"og:image:type\" content=\"image\/png\" \/>\n<meta name=\"twitter:card\" content=\"summary_large_image\" \/>\n<script type=\"application\/ld+json\" class=\"yoast-schema-graph\">{\"@context\":\"https:\/\/schema.org\",\"@graph\":[{\"@type\":\"WebPage\",\"@id\":\"https:\/\/terracotadoalgarve.com\/de\/produto\/ref-302-fliese-santa-catarina-20-x-20-cm-mit-streifen\/\",\"url\":\"https:\/\/terracotadoalgarve.com\/de\/produto\/ref-302-fliese-santa-catarina-20-x-20-cm-mit-streifen\/\",\"name\":\"Ref. 302: Fliese \u201cSanta Catarina\u201d 20 x 20 cm, mit Streifen - Terracota do Algarve\",\"isPartOf\":{\"@id\":\"https:\/\/terracotadoalgarve.com\/de\/#website\"},\"primaryImageOfPage\":{\"@id\":\"https:\/\/terracotadoalgarve.com\/de\/produto\/ref-302-fliese-santa-catarina-20-x-20-cm-mit-streifen\/#primaryimage\"},\"image\":{\"@id\":\"https:\/\/terracotadoalgarve.com\/de\/produto\/ref-302-fliese-santa-catarina-20-x-20-cm-mit-streifen\/#primaryimage\"},\"thumbnailUrl\":\"https:\/\/terracotadoalgarve.com\/wp-content\/uploads\/2018\/11\/Ref-302-Ladrilho-20x20-cm-desenformado-a-Areia-com-riscas-2.png\",\"datePublished\":\"2018-11-15T09:57:06+00:00\",\"dateModified\":\"2022-05-02T03:06:50+00:00\",\"breadcrumb\":{\"@id\":\"https:\/\/terracotadoalgarve.com\/de\/produto\/ref-302-fliese-santa-catarina-20-x-20-cm-mit-streifen\/#breadcrumb\"},\"inLanguage\":\"de\",\"potentialAction\":[{\"@type\":\"ReadAction\",\"target\":[\"https:\/\/terracotadoalgarve.com\/de\/produto\/ref-302-fliese-santa-catarina-20-x-20-cm-mit-streifen\/\"]}]},{\"@type\":\"ImageObject\",\"inLanguage\":\"de\",\"@id\":\"https:\/\/terracotadoalgarve.com\/de\/produto\/ref-302-fliese-santa-catarina-20-x-20-cm-mit-streifen\/#primaryimage\",\"url\":\"https:\/\/terracotadoalgarve.com\/wp-content\/uploads\/2018\/11\/Ref-302-Ladrilho-20x20-cm-desenformado-a-Areia-com-riscas-2.png\",\"contentUrl\":\"https:\/\/terracotadoalgarve.com\/wp-content\/uploads\/2018\/11\/Ref-302-Ladrilho-20x20-cm-desenformado-a-Areia-com-riscas-2.png\",\"width\":700,\"height\":525,\"caption\":\"Ref 302 Ladrilho 20x20 cm desenformado a Areia com riscas 2\"},{\"@type\":\"BreadcrumbList\",\"@id\":\"https:\/\/terracotadoalgarve.com\/de\/produto\/ref-302-fliese-santa-catarina-20-x-20-cm-mit-streifen\/#breadcrumb\",\"itemListElement\":[{\"@type\":\"ListItem\",\"position\":1,\"name\":\"Home\",\"item\":\"https:\/\/terracotadoalgarve.com\/de\/\"},{\"@type\":\"ListItem\",\"position\":2,\"name\":\"Produkte\",\"item\":\"https:\/\/terracotadoalgarve.com\/de\/shop\/\"},{\"@type\":\"ListItem\",\"position\":3,\"name\":\"Ref. 302: Fliese \u201cSanta Catarina\u201d 20 x 20 cm, mit Streifen\"}]},{\"@type\":\"WebSite\",\"@id\":\"https:\/\/terracotadoalgarve.com\/de\/#website\",\"url\":\"https:\/\/terracotadoalgarve.com\/de\/\",\"name\":\"Terracota do Algarve\",\"description\":\"Terracota tiles, Hydraulic cement tiles, Glazed tiles\",\"potentialAction\":[{\"@type\":\"SearchAction\",\"target\":{\"@type\":\"EntryPoint\",\"urlTemplate\":\"https:\/\/terracotadoalgarve.com\/de\/?s={search_term_string}\"},\"query-input\":{\"@type\":\"PropertyValueSpecification\",\"valueRequired\":true,\"valueName\":\"search_term_string\"}}],\"inLanguage\":\"de\"}]}<\/script>\n<!-- \/ Yoast SEO plugin. -->","yoast_head_json":{"title":"Ref. 302: Fliese \u201cSanta Catarina\u201d 20 x 20 cm, mit Streifen - Terracota do Algarve","robots":{"index":"index","follow":"follow","max-snippet":"max-snippet:-1","max-image-preview":"max-image-preview:large","max-video-preview":"max-video-preview:-1"},"canonical":"https:\/\/terracotadoalgarve.com\/de\/produto\/ref-302-fliese-santa-catarina-20-x-20-cm-mit-streifen\/","og_locale":"de_DE","og_type":"article","og_title":"Ref. 302: Fliese \u201cSanta Catarina\u201d 20 x 20 cm, mit Streifen - Terracota do Algarve","og_description":"Mit Sand ausgeschalte Fliese, mit glatten Kanten, welche, obwohl haupts\u00e4chlich aus rotem Lehm hergestellt, einen manuellen Auftrag von Streifen aus wei\u00dfem Lehm erh\u00e4lt. Ob ihres geringeren Formates, eignet sich diese Fliese in der Anwendung bei kleineren Fl\u00e4chen.","og_url":"https:\/\/terracotadoalgarve.com\/de\/produto\/ref-302-fliese-santa-catarina-20-x-20-cm-mit-streifen\/","og_site_name":"Terracota do Algarve","article_modified_time":"2022-05-02T03:06:50+00:00","og_image":[{"width":700,"height":525,"url":"https:\/\/terracotadoalgarve.com\/wp-content\/uploads\/2018\/11\/Ref-302-Ladrilho-20x20-cm-desenformado-a-Areia-com-riscas-2.png","type":"image\/png"}],"twitter_card":"summary_large_image","schema":{"@context":"https:\/\/schema.org","@graph":[{"@type":"WebPage","@id":"https:\/\/terracotadoalgarve.com\/de\/produto\/ref-302-fliese-santa-catarina-20-x-20-cm-mit-streifen\/","url":"https:\/\/terracotadoalgarve.com\/de\/produto\/ref-302-fliese-santa-catarina-20-x-20-cm-mit-streifen\/","name":"Ref. 302: Fliese \u201cSanta Catarina\u201d 20 x 20 cm, mit Streifen - Terracota do Algarve","isPartOf":{"@id":"https:\/\/terracotadoalgarve.com\/de\/#website"},"primaryImageOfPage":{"@id":"https:\/\/terracotadoalgarve.com\/de\/produto\/ref-302-fliese-santa-catarina-20-x-20-cm-mit-streifen\/#primaryimage"},"image":{"@id":"https:\/\/terracotadoalgarve.com\/de\/produto\/ref-302-fliese-santa-catarina-20-x-20-cm-mit-streifen\/#primaryimage"},"thumbnailUrl":"https:\/\/terracotadoalgarve.com\/wp-content\/uploads\/2018\/11\/Ref-302-Ladrilho-20x20-cm-desenformado-a-Areia-com-riscas-2.png","datePublished":"2018-11-15T09:57:06+00:00","dateModified":"2022-05-02T03:06:50+00:00","breadcrumb":{"@id":"https:\/\/terracotadoalgarve.com\/de\/produto\/ref-302-fliese-santa-catarina-20-x-20-cm-mit-streifen\/#breadcrumb"},"inLanguage":"de","potentialAction":[{"@type":"ReadAction","target":["https:\/\/terracotadoalgarve.com\/de\/produto\/ref-302-fliese-santa-catarina-20-x-20-cm-mit-streifen\/"]}]},{"@type":"ImageObject","inLanguage":"de","@id":"https:\/\/terracotadoalgarve.com\/de\/produto\/ref-302-fliese-santa-catarina-20-x-20-cm-mit-streifen\/#primaryimage","url":"https:\/\/terracotadoalgarve.com\/wp-content\/uploads\/2018\/11\/Ref-302-Ladrilho-20x20-cm-desenformado-a-Areia-com-riscas-2.png","contentUrl":"https:\/\/terracotadoalgarve.com\/wp-content\/uploads\/2018\/11\/Ref-302-Ladrilho-20x20-cm-desenformado-a-Areia-com-riscas-2.png","width":700,"height":525,"caption":"Ref 302 Ladrilho 20x20 cm desenformado a Areia com riscas 2"},{"@type":"BreadcrumbList","@id":"https:\/\/terracotadoalgarve.com\/de\/produto\/ref-302-fliese-santa-catarina-20-x-20-cm-mit-streifen\/#breadcrumb","itemListElement":[{"@type":"ListItem","position":1,"name":"Home","item":"https:\/\/terracotadoalgarve.com\/de\/"},{"@type":"ListItem","position":2,"name":"Produkte","item":"https:\/\/terracotadoalgarve.com\/de\/shop\/"},{"@type":"ListItem","position":3,"name":"Ref. 302: Fliese \u201cSanta Catarina\u201d 20 x 20 cm, mit Streifen"}]},{"@type":"WebSite","@id":"https:\/\/terracotadoalgarve.com\/de\/#website","url":"https:\/\/terracotadoalgarve.com\/de\/","name":"Terracota do Algarve","description":"Terracota tiles, Hydraulic cement tiles, Glazed tiles","potentialAction":[{"@type":"SearchAction","target":{"@type":"EntryPoint","urlTemplate":"https:\/\/terracotadoalgarve.com\/de\/?s={search_term_string}"},"query-input":{"@type":"PropertyValueSpecification","valueRequired":true,"valueName":"search_term_string"}}],"inLanguage":"de"}]}},"_links":{"self":[{"href":"https:\/\/terracotadoalgarve.com\/de\/wp-json\/wp\/v2\/product\/16658","targetHints":{"allow":["GET"]}}],"collection":[{"href":"https:\/\/terracotadoalgarve.com\/de\/wp-json\/wp\/v2\/product"}],"about":[{"href":"https:\/\/terracotadoalgarve.com\/de\/wp-json\/wp\/v2\/types\/product"}],"replies":[{"embeddable":true,"href":"https:\/\/terracotadoalgarve.com\/de\/wp-json\/wp\/v2\/comments?post=16658"}],"wp:featuredmedia":[{"embeddable":true,"href":"https:\/\/terracotadoalgarve.com\/de\/wp-json\/wp\/v2\/media\/25893"}],"wp:attachment":[{"href":"https:\/\/terracotadoalgarve.com\/de\/wp-json\/wp\/v2\/media?parent=16658"}],"wp:term":[{"taxonomy":"product_brand","embeddable":true,"href":"https:\/\/terracotadoalgarve.com\/de\/wp-json\/wp\/v2\/product_brand?post=16658"},{"taxonomy":"product_cat","embeddable":true,"href":"https:\/\/terracotadoalgarve.com\/de\/wp-json\/wp\/v2\/product_cat?post=16658"},{"taxonomy":"product_tag","embeddable":true,"href":"https:\/\/terracotadoalgarve.com\/de\/wp-json\/wp\/v2\/product_tag?post=16658"}],"curies":[{"name":"wp","href":"https:\/\/api.w.org\/{rel}","templated":true}]}}