{"id":26420,"date":"2021-10-25T19:59:49","date_gmt":"2021-10-25T19:59:49","guid":{"rendered":"https:\/\/terracotadoalgarve.com\/de\/?page_id=26420"},"modified":"2022-04-26T12:38:59","modified_gmt":"2022-04-26T12:38:59","slug":"haeufig-gestellte-fragen","status":"publish","type":"page","link":"https:\/\/terracotadoalgarve.com\/de\/haeufig-gestellte-fragen\/","title":{"rendered":"H\u00e4ufig gestellte Fragen"},"content":{"rendered":"<div class=\"wpb-content-wrapper\"><p>[vc_row full_height=&#8220;yes&#8220; columns_placement=&#8220;top&#8220;][vc_column width=&#8220;1\/2&#8243;][vc_toggle title=&#8220;Warum gibt es so starke Unterschiede bei den Fliesenpreisen? &#8222;]Der Preisunterschied zwischen der 20&#215;20 cm Fliese und der 30&#215;15 cm Fliese ist auf die Tatsache zur\u00fcckzuf\u00fchren, dass die Produktionskosten der 20&#215;20 cm Fliese etwa 60% h\u00f6her sind als die Kosten f\u00fcr die Herstellung der 30&#215;15 cm Fliese. Dies ist haupts\u00e4chlich auf Folgendes zur\u00fcckzuf\u00fchren:<\/p>\n<ul>\n<li>Die 30&#215;15 cm Fliesen werden manuell paarweise in Doppelformen geformt, w\u00e4hrend die 20&#215;20 cm Fliesen einzeln einzeln geformt werden. Diese Arbeit wird von Teams aus zwei Personen ausgef\u00fchrt, die am Ende des Tages die doppelte Menge an Fliesen 30&#215;15 cm im Vergleich zu 20&#215;20 cm produzieren k\u00f6nnen.<\/li>\n<li>W\u00e4hrend der Trocknungsphase neigen Fliesen mit 20 x 20 cm gro\u00dfen Quadraten dazu, mehr als rechteckige 30 x 15 cm zu rei\u00dfen, was zu mehr Verlusten f\u00fchrt.<\/li>\n<li>Wenn die Fliesen im Ofen gebacken werden, erleiden die quadratischen Fliesen von 20 x 20 cm mehr Verluste als die anderen, da sich einige von ihnen verziehen.<\/li>\n<\/ul>\n<p>Aus diesen Gr\u00fcnden ist der Preis der 20&#215;20 cm Fliese immer h\u00f6her als der Preis der 30&#215;15 cm Fliese, obwohl die Gewinnspanne gleich oder sogar niedriger ist. Ebenso haben Fliesen mit anderen Ma\u00dfen unterschiedliche Produktionskosten, wobei die 30&#215;15 cm Fliese die niedrigsten Produktionskosten aufweist.<\/p>\n<p>Bei Fliesen von 30&#215;30 cm, 40&#215;40 cm und 50&#215;50 cm steigt der Preis je nach Gr\u00f6\u00dfe. Je gr\u00f6\u00dfer die Fliese, desto wahrscheinlicher ist es, dass sie sich sowohl in der Trocknungsphase als auch w\u00e4hrend des Kochens verzieht und rei\u00dft.[\/vc_toggle][vc_toggle title=&#8220;Wie werden Fliesen verpackt? &#8222;]Die Fliesen werden ausgew\u00e4hlt und auf Paletten gelegt, damit sie beim Transport nicht brechen. Die Palette wird dann zum zus\u00e4tzlichen Schutz in Stretchfolie eingewickelt.<\/p>\n<p>Wenn sie f\u00fcr andere L\u00e4nder bestimmt sind, werden die Fliesen in Holzkisten von jeweils ca. 30 m2 gelegt. Sie sind in Schichten mit dickem Karton zwischen jeder Schicht angeordnet, um die Fliesen w\u00e4hrend der Fahrt zu sch\u00fctzen. Derzeit wurden die Kartons durch Winkelhalterungen ersetzt, die an allen Seiten der Paletten angebracht sind. Bei den mehreren Verk\u00e4ufen au\u00dferhalb Portugals gab es nie ein Problem.<\/p>\n<p>[\/vc_toggle][vc_toggle title=&#8220;Was ist der Unterschied zwischen den aus Sand verformten und aus Wasser verformten Fliesen? &#8222;]Beide werden mit demselben Rohmaterial hergestellt, im selben Ofen gekocht und haben ungef\u00e4hr den gleichen Farbton und die gleiche St\u00e4rke. Der Hauptunterschied zwischen wasserverformten Fliesen und sandverformten Fliesen besteht darin, dass die ersteren leicht abgerundete Kanten haben, w\u00e4hrend die letzteren scharfe Kanten haben. Dar\u00fcber hinaus werden die wasserverformten Fliesen (auch als \u201eFilets\u201c bezeichnet) einem strengeren Auswahlverfahren unterzogen. Da sie abgerundete \/ abgerundete Kanten aufweisen, erm\u00f6glichen sie ein besseres Finish. Diese Art von Fliesen gibt es nur in Terracota do Algarve.[\/vc_toggle][vc_toggle title=&#8220;Warum gibt es Farbunterschiede zwischen den Fliesen? &#8222;]Aufgrund unseres handwerklichen Herstellungsprozesses und des Brennens in einem Holzofen gibt es immer einige Farbunterschiede zwischen den verschiedenen Teilen, und es ist nicht m\u00f6glich, eine homogene Farbe zu erhalten. Obwohl wir im Allgemeinen Fu\u00dfb\u00f6den mit einer helleren Farbe herstellen k\u00f6nnen, wird es immer mehr rosa \/ r\u00f6tliche St\u00fccke geben. Genau diese Farbnuancen unterscheiden uns von den gro\u00dfen Fabriken der industriellen Massenproduktion.<\/p>\n<p>Es ist zu beachten, dass die verschiedenen Fotos unserer Produkte aus manuellem Terrakotta, die auf der Website zu finden sind, seit langem und mit unterschiedlichen Ger\u00e4ten aufgenommen wurden, weshalb sie kaum die wahre Farbe des Produkts \u00fcbersetzen.[\/vc_toggle][vc_toggle title=&#8220;Wie reagieren Fliesen auf negative Temperaturen? &#8222;]In k\u00e4lteren L\u00e4ndern werden manuelle Terrakottafliesen haupts\u00e4chlich im Innenraum verwendet. Alle unsere Fliesen werden nach dem gleichen Verfahren hergestellt, sodass sie sich in Bezug auf Eis alle gleich verhalten. Um Gefriertemperaturen mit Eis unter -5 \u00b0 zu widerstehen, m\u00fcssen die Fliesen nach dem Verlegen versiegelt werden. Wenn die Fliesen nicht versiegelt sind, nehmen sie Wasser auf, das Wasser kann gefrieren und Sch\u00e4den verursachen.[\/vc_toggle][vc_toggle title=&#8220;Unterst\u00fctzt die Fliese den Durchgang von Fahrzeugen? &#8222;]Wir empfehlen eine Mindestfuge von mindestens 3 oder 4 mm. Dies liegt daran, dass unsere B\u00f6den und Bel\u00e4ge von Hand gefertigt werden und es daher kleine Gr\u00f6\u00dfenunterschiede zwischen den verschiedenen Teilen gibt (bis zu 2 oder 3 mm). Die Verbindung dient genau dazu, diese Unterschiede zu \u00fcberbr\u00fccken und ein gutes Finish zu erzielen. Es gibt jedoch Kunden, die unsere Fliesen bereits mit fast geschlossenen Fugen (aneinander gelehnt) aufgebracht haben, aber daf\u00fcr ist es notwendig, dass die Arbeit von einem guten Vorarbeiter ausgef\u00fchrt wird. In jedem Fall empfehlen wir, vor dem Verlegen \/ Kleben der Fliesen einen Test von mindestens einem Quadratmeter mit der gew\u00fcnschten Mindestfuge durchzuf\u00fchren, um festzustellen, ob die Arbeiten auf diese Weise ausgef\u00fchrt werden k\u00f6nnen.[\/vc_toggle][vc_toggle title=&#8220;Was ist die empfohlene Mindestfuge zwischen Fliesen? &#8222;]Wir empfehlen eine Mindestfuge von mindestens 3 oder 4 mm. Dies liegt daran, dass unsere B\u00f6den und Bel\u00e4ge von Hand gefertigt werden und es daher kleine Gr\u00f6\u00dfenunterschiede zwischen den verschiedenen Teilen gibt (bis zu 2 oder 3 mm). Die Verbindung dient genau dazu, diese Unterschiede zu \u00fcberbr\u00fccken und ein gutes Finish zu erzielen. Es gibt jedoch Kunden, die unsere Fliesen bereits mit fast geschlossenen Fugen (aneinander gelehnt) aufgebracht haben, aber daf\u00fcr ist es notwendig, dass die Arbeit von einem guten Vorarbeiter ausgef\u00fchrt wird. In jedem Fall empfehlen wir, vor dem Verlegen \/ Kleben der Fliesen einen Test von mindestens einem Quadratmeter mit der gew\u00fcnschten Mindestfuge durchzuf\u00fchren, um festzustellen, ob die Arbeiten auf diese Weise ausgef\u00fchrt werden k\u00f6nnen.[\/vc_toggle][vc_toggle title=&#8220;H\u00e4ngt die Haltbarkeit der Fliesen von der Behandlung ab? &#8222;]Die Haltbarkeit von manuellen Terrakottafliesen h\u00e4ngt nicht von ihrer Behandlung ab. Was f\u00fcr eine Lebensdauer von gut Hunderten von Jahren oder mehr unerl\u00e4sslich ist, ist die Qualit\u00e4t des verwendeten Rohmaterials (des Tons) und eine gute K\u00fcche, die die Best\u00e4ndigkeit der Terrakotta garantiert. Es ist auch wichtig, dass die t\u00e4gliche Reinigung mit geeigneten Reinigungsmitteln durchgef\u00fchrt wird, vorzugsweise mit neutralem PH. Die Verwendung von abrasiven oder s\u00e4urebasierten Produkten, die die Fliese besch\u00e4digen k\u00f6nnen, sollte immer vermieden werden.[\/vc_toggle][vc_toggle title=&#8220;M\u00fcssen Fliesen immer behandelt werden? &#8222;]Die Fliesen m\u00fcssen nicht unbedingt behandelt werden, da die Behandlung sowohl innen als auch au\u00dfen nur erfolgt, um die Fliesen vor dem Auftreten eventueller Flecken von Fett, \u00d6l, Wein usw. zu sch\u00fctzen. Eine Behandlung in K\u00fcchen, Speises\u00e4len, in der N\u00e4he von Grills usw. wird jedoch empfohlen.<\/p>\n<p>Die Behandlung kann zwischen 4 und 8 Jahren dauern, abh\u00e4ngig vom verwendeten Produkt, der Intensit\u00e4t und der Art und Weise, wie der Boden verwendet wird, und der H\u00e4ufigkeit der Reinigung \/ des Waschens.<\/p>\n<p>Es sollte beachtet werden, dass es drau\u00dfen auf unbedeckten Terrassen ideal ist, die Fliesen ohne Behandlung der Natur zu \u00fcberlassen. Wenn Sie sich f\u00fcr die Behandlung entscheiden, ist es wichtig, dass der Boden vollst\u00e4ndig trocken ist, damit keine Feuchtigkeit im Inneren eingeschlossen wird.[\/vc_toggle][vc_toggle title=&#8220;Kann Terrakotta auf andere B\u00f6den und Bel\u00e4ge aufgetragen werden, n\u00e4mlich auf glasierte Oberfl\u00e4chen? &#8222;]Wenn die Terrakotta auf einen Estrich gelegt wird, wird normalerweise herk\u00f6mmlicher Klebezement verwendet. Wenn Sie die Terrakotta auf Fliesen oder einen anderen glasierten Boden \/ Belag legen m\u00f6chten, m\u00fcssen Sie einen speziellen Kleber verwenden. Dies liegt daran, dass die vorhandene Fliese, insbesondere wenn sie glasiert ist, keine Wasseraufnahme zul\u00e4sst, was das Verkleben erschwert. Der Kleber, den wir f\u00fcr diese Situationen empfehlen, ist weber.fix Premium, ein Kleber mit sehr guter Leistung.[\/vc_toggle][\/vc_column][vc_column width=&#8220;1\/2&#8220;][vc_toggle title=&#8220;Was ist der Unterschied zwischen &#8222;Ladrilho&#8222; und &#8222;Tijoleira&#8222;? &#8222;]Bei manuellen Terrakottab\u00f6den und -bel\u00e4gen sind \u201eLadrilho\u201c und \u201eTijoleira\u201c genau gleich. Der am h\u00e4ufigsten verwendete Begriff variiert je nach Region, wobei Bereiche, in denen die W\u00f6rter \u201eBaldosa\u201c oder \u201eMosaico\u201c auch zur Bezeichnung der Tonfliesen verwendet werden. An der Algarve, wo wir uns befinden, bleibt das am h\u00e4ufigsten verwendete Wort \u201eLadrilho\u201c.[\/vc_toggle][vc_toggle title=&#8220;Gibt es unterschiedliche Fliesen f\u00fcr Innen und Au\u00dfen? &#8222;]Alle manuellen Terrakottafliesen k\u00f6nnen sowohl drinnen als auch drau\u00dfen verwendet werden. Nur die Art der Behandlung, die sp\u00e4ter angewendet werden sollte, h\u00e4ngt davon ab, wo die Fliesen platziert werden: Es gibt spezielle Produkte f\u00fcr die Behandlung im Inneren und andere f\u00fcr die Au\u00dfenseite.[\/vc_toggle][vc_toggle title=&#8220;Warum nutzen sich einige Fliesen schneller ab als andere? &#8222;]Diese Situation tritt manchmal auf den Inseln und entlang der K\u00fcste auf, wenn die Fliesenbasis (Estrich) nicht gut isoliert ist und Feuchtigkeit und Salpeter durchgelassen werden, was zu einer schnelleren Verschlechterung des Bodens beitr\u00e4gt. Auf den Fliesen k\u00f6nnen auch wei\u00dfe Flecken auftreten, was ein Zeichen f\u00fcr das Vorhandensein von Feuchtigkeit ist.<\/p>\n<p>Dies passiert manchmal auch bei Naturstein und anderen nat\u00fcrlichen Materialien, die aufgrund ihrer Eigenschaften anf\u00e4lliger sind.[\/vc_toggle][vc_toggle title=&#8220;Wie ist der Transport und die Lieferung von Bestellungen?&#8220;]Einige unserer Kunden, Unternehmen oder Einzelpersonen transportieren das Material selbst. Wann immer der Kunde dies w\u00fcnscht, wird der Transport und die Lieferung von Bestellungen von Spediteuren unseres Vertrauens sichergestellt. Wenn wir das Budget erstellen, k\u00f6nnen wir auch Angebote f\u00fcr den Transport des Materials machen. Der Kunde entscheidet dann, ob er das Angebot mit Lieferung annimmt oder ob es sich um den Transport selbst handelt.[\/vc_toggle][vc_toggle title=&#8220;Ist bei der Bestellung ein Vorschuss erforderlich?&#8220;]F\u00fcr bestimmte Materialien bitten wir um eine Auszeichnung \/ einen Vorschuss, bevor wir mit der Produktion fortfahren. Dies ist der Fall bei hydraulischen Mosaiken, bei denen eine Auszeichnung immer mit Auftragsbest\u00e4tigung erforderlich ist, da es sich um ein Produkt handelt, das in vom Kunden ausgew\u00e4hlten Farben hergestellt wird und nur f\u00fcr diesen Kunden bestimmt ist. Bei manuellem Terrakotta bitten wir nur um einen Vorschuss f\u00fcr die Herstellung gro\u00dfer Mengen oder f\u00fcr Fliesen mit einer anderen Gr\u00f6\u00dfe oder Form, die speziell f\u00fcr einen bestimmten Kunden hergestellt wurden.[\/vc_toggle][vc_toggle title=&#8220;Warum variieren die Preise f\u00fcr Hydraulikmosaike? &#8222;]Die Preise der verschiedenen hydraulischen Mosaikmodelle variieren je nach Komplexit\u00e4t des betreffenden Modells, was die Arbeitskosten mit der Produktion erh\u00f6ht. Es versteht sich daher, dass das einfache Mosaik mit einer einzigen Farbe oder ein Mosaik mit einem einfachen Muster mit zwei Farben einen erheblich niedrigeren Preis hat als ein Mosaik mit einem komplexeren Muster und mit 4 oder 5 verschiedenen Farben.[\/vc_toggle][vc_toggle title=&#8220;Ist es in Bezug auf hydraulische Mosaike m\u00f6glich, andere als die auf der Website gezeigten Modelle herzustellen? &#8222;]Ja, es ist m\u00f6glich, neue Modelle von Hydraulikmosaiken herzustellen. Hierzu ist es jedoch erforderlich, eine neue Form bei einem Handwerker zu bestellen, die ca. 400,00 \u20ac zzgl. MwSt. Oder etwas mehr kostet (der Preis variiert je nach Modell) und ca. 30 Tage dauert, bis sie fertig ist. Die Lieferzeit erh\u00f6ht sich somit ab dem Datum der Auftragsbest\u00e4tigung auf ca. 60 bis 90 Tage. Dar\u00fcber hinaus bearbeiten wir die Bestellung erst nach Zahlung von 50% des Wertes zuz\u00fcglich der Kosten f\u00fcr die neue Form. Wenn der Kunde bereit ist, diese Kosten zu tragen und mindestens 60 Tage zu warten, bis die Mosaike fertig sind, kann fast jedes Mosaikmodell hergestellt werden.[\/vc_toggle][vc_toggle title=&#8220;Wie berechnet sich der Preis f\u00fcr Mosaike, wenn es um Patchwork geht? &#8222;]Der Preis f\u00fcr hydraulische Mosaike in Patchwork betr\u00e4gt bei Bestellung aus dem Katalog 150 \u20ac\/m2 + MwSt. Dies entspricht dem Preis des teuersten Mosaikmodells, das wir um 20% erh\u00f6ht haben. Wenn das Patchwork aus den Resten von Mosaiken erstellt wird, die wir zur Verf\u00fcgung haben, betr\u00e4gt der Preis 75,00 \u20ac\/ m2 + MwSt. Dieser Preisunterschied ist auf die Logistik zur\u00fcckzuf\u00fchren, die erforderlich ist, um nur wenige Mosaike jedes Modells in verschiedenen Farben herzustellen, bis die gew\u00fcnschte Menge erreicht ist, w\u00e4hrend die Mosaikreste bereits auf Lager sind.[\/vc_toggle][vc_toggle title=&#8220;Kann die Tonfliese mit Fu\u00dfbodenheizung verwendet werden? &#8222;]Soweit wir wissen, gibt es keine Unannehmlichkeiten bei der Anwendung der manuellen Terrakottafliese mit Fu\u00dfbodenheizung. Das Erleben der Hitze dauert nur ein wenig l\u00e4nger, da es sich um einen Boden mit einer Dicke von 2 cm handelt, der etwas dicker ist als andere Stockwerke. Nach Ansicht einiger Kunden, die diese L\u00f6sung bereits verwendet haben, besteht der Vorteil darin, dass der Lehmboden nach dem Heizen des Hauses die W\u00e4rme l\u00e4nger speichert, was sich in einem Anstieg des Energieverbrauchs niederschl\u00e4gt.[\/vc_toggle][\/vc_column][\/vc_row]<\/p>\n<\/div>","protected":false},"excerpt":{"rendered":"<p>[vc_row full_height=&#8220;yes&#8220; columns_placement=&#8220;top&#8220;][vc_column width=&#8220;1\/2&#8243;][vc_toggle title=&#8220;Warum gibt es so starke Unterschiede bei den Fliesenpreisen? &#8222;]Der Preisunterschied zwischen der 20&#215;20 cm Fliese und der 30&#215;15 cm Fliese ist<span class=\"excerpt-hellip\"> [\u2026]<\/span><\/p>\n","protected":false},"author":1,"featured_media":0,"parent":0,"menu_order":0,"comment_status":"closed","ping_status":"closed","template":"","meta":{"footnotes":""},"class_list":["post-26420","page","type-page","status-publish","hentry"],"yoast_head":"<!-- This site is optimized with the Yoast SEO plugin v26.9 - https:\/\/yoast.com\/product\/yoast-seo-wordpress\/ -->\n<title>H\u00e4ufig gestellte Fragen - Terracota do Algarve<\/title>\n<meta name=\"robots\" content=\"index, follow, max-snippet:-1, max-image-preview:large, max-video-preview:-1\" \/>\n<link rel=\"canonical\" href=\"https:\/\/terracotadoalgarve.com\/de\/haeufig-gestellte-fragen\/\" \/>\n<meta property=\"og:locale\" content=\"de_DE\" \/>\n<meta property=\"og:type\" content=\"article\" \/>\n<meta property=\"og:title\" content=\"H\u00e4ufig gestellte Fragen - Terracota do Algarve\" \/>\n<meta property=\"og:description\" content=\"[vc_row full_height=&#8220;yes&#8220; columns_placement=&#8220;top&#8220;][vc_column width=&#8220;1\/2&#8243;][vc_toggle title=&#8220;Warum gibt es so starke Unterschiede bei den Fliesenpreisen? &#8222;]Der Preisunterschied zwischen der 20&#215;20 cm Fliese und der 30&#215;15 cm Fliese ist [\u2026]\" \/>\n<meta property=\"og:url\" content=\"https:\/\/terracotadoalgarve.com\/de\/haeufig-gestellte-fragen\/\" \/>\n<meta property=\"og:site_name\" content=\"Terracota do Algarve\" \/>\n<meta property=\"article:modified_time\" content=\"2022-04-26T12:38:59+00:00\" \/>\n<meta name=\"twitter:card\" content=\"summary_large_image\" \/>\n<meta name=\"twitter:label1\" content=\"Gesch\u00e4tzte Lesezeit\" \/>\n\t<meta name=\"twitter:data1\" content=\"9\u00a0Minuten\" \/>\n<script type=\"application\/ld+json\" class=\"yoast-schema-graph\">{\"@context\":\"https:\/\/schema.org\",\"@graph\":[{\"@type\":\"WebPage\",\"@id\":\"https:\/\/terracotadoalgarve.com\/de\/haeufig-gestellte-fragen\/\",\"url\":\"https:\/\/terracotadoalgarve.com\/de\/haeufig-gestellte-fragen\/\",\"name\":\"H\u00e4ufig gestellte Fragen - Terracota do Algarve\",\"isPartOf\":{\"@id\":\"https:\/\/terracotadoalgarve.com\/de\/#website\"},\"datePublished\":\"2021-10-25T19:59:49+00:00\",\"dateModified\":\"2022-04-26T12:38:59+00:00\",\"breadcrumb\":{\"@id\":\"https:\/\/terracotadoalgarve.com\/de\/haeufig-gestellte-fragen\/#breadcrumb\"},\"inLanguage\":\"de\",\"potentialAction\":[{\"@type\":\"ReadAction\",\"target\":[\"https:\/\/terracotadoalgarve.com\/de\/haeufig-gestellte-fragen\/\"]}]},{\"@type\":\"BreadcrumbList\",\"@id\":\"https:\/\/terracotadoalgarve.com\/de\/haeufig-gestellte-fragen\/#breadcrumb\",\"itemListElement\":[{\"@type\":\"ListItem\",\"position\":1,\"name\":\"Home\",\"item\":\"https:\/\/terracotadoalgarve.com\/de\/\"},{\"@type\":\"ListItem\",\"position\":2,\"name\":\"H\u00e4ufig gestellte Fragen\"}]},{\"@type\":\"WebSite\",\"@id\":\"https:\/\/terracotadoalgarve.com\/de\/#website\",\"url\":\"https:\/\/terracotadoalgarve.com\/de\/\",\"name\":\"Terracota do Algarve\",\"description\":\"Terracota tiles, Hydraulic cement tiles, Glazed tiles\",\"potentialAction\":[{\"@type\":\"SearchAction\",\"target\":{\"@type\":\"EntryPoint\",\"urlTemplate\":\"https:\/\/terracotadoalgarve.com\/de\/?s={search_term_string}\"},\"query-input\":{\"@type\":\"PropertyValueSpecification\",\"valueRequired\":true,\"valueName\":\"search_term_string\"}}],\"inLanguage\":\"de\"}]}<\/script>\n<!-- \/ Yoast SEO plugin. -->","yoast_head_json":{"title":"H\u00e4ufig gestellte Fragen - Terracota do Algarve","robots":{"index":"index","follow":"follow","max-snippet":"max-snippet:-1","max-image-preview":"max-image-preview:large","max-video-preview":"max-video-preview:-1"},"canonical":"https:\/\/terracotadoalgarve.com\/de\/haeufig-gestellte-fragen\/","og_locale":"de_DE","og_type":"article","og_title":"H\u00e4ufig gestellte Fragen - Terracota do Algarve","og_description":"[vc_row full_height=&#8220;yes&#8220; columns_placement=&#8220;top&#8220;][vc_column width=&#8220;1\/2&#8243;][vc_toggle title=&#8220;Warum gibt es so starke Unterschiede bei den Fliesenpreisen? &#8222;]Der Preisunterschied zwischen der 20&#215;20 cm Fliese und der 30&#215;15 cm Fliese ist [\u2026]","og_url":"https:\/\/terracotadoalgarve.com\/de\/haeufig-gestellte-fragen\/","og_site_name":"Terracota do Algarve","article_modified_time":"2022-04-26T12:38:59+00:00","twitter_card":"summary_large_image","twitter_misc":{"Gesch\u00e4tzte Lesezeit":"9\u00a0Minuten"},"schema":{"@context":"https:\/\/schema.org","@graph":[{"@type":"WebPage","@id":"https:\/\/terracotadoalgarve.com\/de\/haeufig-gestellte-fragen\/","url":"https:\/\/terracotadoalgarve.com\/de\/haeufig-gestellte-fragen\/","name":"H\u00e4ufig gestellte Fragen - Terracota do Algarve","isPartOf":{"@id":"https:\/\/terracotadoalgarve.com\/de\/#website"},"datePublished":"2021-10-25T19:59:49+00:00","dateModified":"2022-04-26T12:38:59+00:00","breadcrumb":{"@id":"https:\/\/terracotadoalgarve.com\/de\/haeufig-gestellte-fragen\/#breadcrumb"},"inLanguage":"de","potentialAction":[{"@type":"ReadAction","target":["https:\/\/terracotadoalgarve.com\/de\/haeufig-gestellte-fragen\/"]}]},{"@type":"BreadcrumbList","@id":"https:\/\/terracotadoalgarve.com\/de\/haeufig-gestellte-fragen\/#breadcrumb","itemListElement":[{"@type":"ListItem","position":1,"name":"Home","item":"https:\/\/terracotadoalgarve.com\/de\/"},{"@type":"ListItem","position":2,"name":"H\u00e4ufig gestellte Fragen"}]},{"@type":"WebSite","@id":"https:\/\/terracotadoalgarve.com\/de\/#website","url":"https:\/\/terracotadoalgarve.com\/de\/","name":"Terracota do Algarve","description":"Terracota tiles, Hydraulic cement tiles, Glazed tiles","potentialAction":[{"@type":"SearchAction","target":{"@type":"EntryPoint","urlTemplate":"https:\/\/terracotadoalgarve.com\/de\/?s={search_term_string}"},"query-input":{"@type":"PropertyValueSpecification","valueRequired":true,"valueName":"search_term_string"}}],"inLanguage":"de"}]}},"_links":{"self":[{"href":"https:\/\/terracotadoalgarve.com\/de\/wp-json\/wp\/v2\/pages\/26420","targetHints":{"allow":["GET"]}}],"collection":[{"href":"https:\/\/terracotadoalgarve.com\/de\/wp-json\/wp\/v2\/pages"}],"about":[{"href":"https:\/\/terracotadoalgarve.com\/de\/wp-json\/wp\/v2\/types\/page"}],"author":[{"embeddable":true,"href":"https:\/\/terracotadoalgarve.com\/de\/wp-json\/wp\/v2\/users\/1"}],"replies":[{"embeddable":true,"href":"https:\/\/terracotadoalgarve.com\/de\/wp-json\/wp\/v2\/comments?post=26420"}],"version-history":[{"count":0,"href":"https:\/\/terracotadoalgarve.com\/de\/wp-json\/wp\/v2\/pages\/26420\/revisions"}],"wp:attachment":[{"href":"https:\/\/terracotadoalgarve.com\/de\/wp-json\/wp\/v2\/media?parent=26420"}],"curies":[{"name":"wp","href":"https:\/\/api.w.org\/{rel}","templated":true}]}}