{"id":26381,"date":"2021-10-25T17:54:41","date_gmt":"2021-10-25T17:54:41","guid":{"rendered":"https:\/\/terracotadoalgarve.com\/de\/?page_id=26381"},"modified":"2025-02-16T11:05:10","modified_gmt":"2025-02-16T11:05:10","slug":"verlegen-von-historischen-zementfliesen","status":"publish","type":"page","link":"https:\/\/terracotadoalgarve.com\/de\/verlegen-von-historischen-zementfliesen\/","title":{"rendered":"Verlegen von historischen Zementfliesen"},"content":{"rendered":"<div class=\"wpb-content-wrapper\"><p>[vc_row][vc_column width=&#8220;1\/3&#8243;][vc_single_image image=&#8220;26373&#8243; img_size=&#8220;full&#8220;][vc_single_image image=&#8220;26374&#8243; img_size=&#8220;full&#8220;][\/vc_column][vc_column width=&#8220;2\/3&#8243;][vc_column_text css=&#8220;&#8220;]<span style=\"font-weight: 400;\">Der von uns empfohlene Vorgang des Verlegens der Zementfliesen ist einfach, sauber und schnell, wobei wir gleichzeitig empfehlen diese Arbeit von professionell geschultem Personal ausf\u00fchren zu lassen.<\/span><\/p>\n<p>&nbsp;<\/p>\n<p><b>1 Vorbereitung der Oberfl\u00e4che des Bodens<\/b><\/p>\n<p><span style=\"font-weight: 400;\">Erstellen Sie eine perfekt waagerechte Oberfl\u00e4che eines Estrichs aus Beton oder Nivelliermasse und belassen die H\u00f6he 24mm unterhalb des finalen Bodenniveaus (20mm Fliesendicke + 4mm Fliesenkleber).<\/span><\/p>\n<p><span style=\"font-weight: 400;\">Warten Sie bis zur vollst\u00e4ndigen Trocknung des Estrichs vor der Verlegung der Zementfliesen, da andernfalls die aufsteigende Restfeuchte in den Fliesen Flecken von Salpeterausbl\u00fchungen verursachen kann.<\/span><\/p>\n<p><span style=\"font-weight: 400;\">Falls Ihr gew\u00fcnschtes Fliesenmuster ein &#8222;Teppich&#8220; in traditionellem Stil sein soll, verlegen Sie zuerst die Mitte, danach die Bord\u00fcre und anschlie\u00dfend nach au\u00dfen alle Fliesen ohne Muster im Zuschnitt bis zum Wandabschlu\u00df.<\/span><\/p>\n<p>&nbsp;<\/p>\n<p><b>2 Vorbereitung der Zementfliesen<\/b><\/p>\n<p><span style=\"font-weight: 400;\">Feuchten Sie die ges\u00e4uberte Unterseite der Zementfliese an, um die Verbindung mit dem Fliesenkleber zu verbessern. S\u00e4ubern Sie ebenfalls alle Seitenkanten der Fliesen, um eine pa\u00dfgenaue, schmale Fuge zu gew\u00e4hrleisten. Falls Sie die Zementfliesen zuschneiden m\u00fcssen, verwenden Sie bitte einen Winkelschleifer mit Diamantscheibe.<\/span><\/p>\n<p>&nbsp;<\/p>\n<p><b>3 Auftragen des Fliesenklebers<\/b><\/p>\n<p><span style=\"font-weight: 400;\">Tragen Sie den Fliesenkleber mit einem gro\u00dfen Zahnspachtel gleichm\u00e4\u00dfig auf den Estrich auf. Versehen Sie ebenfalls die angefeuchtete Unterseite der Zementfliese mit einem Auftrag des Klebers (Doppel-Klebeschicht).<\/span><\/p>\n<p>&nbsp;<\/p>\n<p><b>4 Das Verlegen<\/b><\/p>\n<p><span style=\"font-weight: 400;\">Verlegen Sie die Fliesen einzeln nacheinander und nivellieren diese vorsichtig, indem Sie lediglich mit der Handfl\u00e4che sanften Druck aus\u00fcben. Das energische Festklopfen mit einem Gummihammer wird nach und nach feine Risse in der Fliese hervorrufen.<\/span><\/p>\n<p><b>Verlegen Sie die Fliesen wie folgt:<\/b><\/p>\n<p><span style=\"font-weight: 400;\">&#8211; Ohne Fuge zwischen den Fliesen (Trockenfuge oder Minimalfuge, Spielraum zwischen 2 Fliesen\u00a0 + &#8211; 1mm)<\/span><\/p>\n<p><span style=\"font-weight: 400;\">&#8211; Achten Sie auf gerade Ausrichtung in den Reihen (Orientierung am Muster)<\/span><\/p>\n<p><span style=\"font-weight: 400;\">&#8211; Nivellieren Sie die Fliesen sehr genau. (Sie k\u00f6nnen die Fliesen sp\u00e4ter nicht zur H\u00f6henkorrektur abschleifen. Herstellungstoleranzen in der Dicke der Fliesen von + &#8211; 1mm, korrigieren sich durch den Andruck in der Schichtdicke des Klebers.)<\/span><\/p>\n<p><span style=\"font-weight: 400;\">&#8211; <\/span><b>Wir raten nachdr\u00fccklich von einer direkten Verlegung der Fliesen in den frischen Estrich ab!<\/b><\/p>\n<p><span style=\"font-weight: 400;\">Das Ergebnis auf lange Sicht w\u00e4ren schief liegende Fliesen ohne Verbindung zum Fliesenkleber an Stellen mit Hohlr\u00e4umen.<\/span><\/p>\n<p>&nbsp;<\/p>\n<p><b>5 Fugen<\/b><\/p>\n<p><span style=\"font-weight: 400;\">Die sehr feinen Fugen zwischen den Zementfliesen, f\u00fcllen Sie mithilfe eines Spachtels und Fugenmasse. Bei B\u00f6den mit einfarbigen Zementfliesen, k\u00f6nnen Sie die Fugenmasse mit daf\u00fcr ad\u00e4quaten Pigmenten einf\u00e4rben, um die Fugen farblich an den Fliesenton anzugleichen. F\u00fcr das Verfugen zwischen Musterfliesen, verwenden Sie bitte keine pigmentierte Fugenmasse. \u00dcbersch\u00fcssige Fugenmasse ist schnellstm\u00f6glich mit einem feuchten Lappen von den Fliesen zu entfernen.<\/span><\/p>\n<p><b>6 Reinigung w\u00e4hrend des Verlegens \/ Verfugens<\/b><\/p>\n<p><span style=\"font-weight: 400;\">Entfernen Sie Zementreste bzw. Reste des Fliesenklebers oder der Fugenmasse immer sofort mit einem feuchten Tuch, um das Antrocknen an der Fliese zu verhindern.<\/span><\/p>\n<p><span style=\"font-weight: 400;\">Angetrocknete Zementr\u00fcckst\u00e4nde k\u00f6nnen mit 600er Sandpapier vorsichtig abgeschliffen werden.<\/span><\/p>\n<p>&nbsp;<\/p>\n<p><b>7 Trocknung<\/b><\/p>\n<p><span style=\"font-weight: 400;\">Lassen Sie die fertigen Fu\u00dfb\u00f6den gut durchtrocknen.<\/span><\/p>\n<p><span style=\"font-weight: 400;\">Betreten Sie die B\u00f6den nicht, bevor der Fliesenkleber vollst\u00e4ndig durchgetrocknet ist.<\/span><\/p>\n<p><span style=\"font-weight: 400;\">Die Trocknung des Bodens dauert einige Tage, abh\u00e4ngig von den klimatischen Bedingungen des Umfeldes.<\/span><\/p>\n<p><span style=\"font-weight: 400;\">Nach der Trocknung, erlangen die Fliesen ihre Originalfarbe zur\u00fcck.<\/span><\/p>\n<p>&nbsp;<\/p>\n<p><b>8 Behandlung\/Schutz<\/b><\/p>\n<p><span style=\"font-weight: 400;\">Sobald die Oberfl\u00e4che vollkommen sauber und trocken ist, tragen Sie mit einem Pinsel den wasser- und \u00f6labweisenden Schutz Zorpit-PGM auf. Dieser verhindert die Aufnahme von Feuchtigkeit und die Entstehung von Flecken, ohne das Aussehen des Materials zu ver\u00e4ndern. Warten Sie 24 Stunden und tragen Sie eine zweite Schicht des Produkts auf. Diese Behandlung verhindert das tiefe Eindringen organischer Substanzen, ohne das urspr\u00fcngliche Aussehen des Mosaiks zu ver\u00e4ndern.<\/span><\/p>\n<p>&nbsp;<\/p>\n<p><b>9 T\u00e4gliche Reinigung<\/b><\/p>\n<p><span style=\"font-weight: 400;\">Verwenden Sie ausschlie\u00dflich neutrale Reinigungsmittel. Industrielle Produkte, S\u00e4uren oder Basen k\u00f6nnen das Mosaik irreparabel besch\u00e4digen und zu Ver\u00e4nderungen oder Farbverlust f\u00fchren.<\/span><\/p>\n<p><span style=\"font-weight: 400;\">Der hydraulische Mosaikboden kann mit einem Tuch oder einer weichen B\u00fcrste mit Wasser und neutraler Seife (gr\u00fcne oder blaue Seife, Marmorprodukte) gereinigt werden.<\/span><\/p>\n<p><span style=\"font-weight: 400;\">Das farblose Wachs sch\u00fctzt und verleiht den Mosaiken Glanz, reinigt jedoch nicht und baut sich in mehreren Schichten auf, wenn es nicht entfernt wird.<\/span>[\/vc_column_text][\/vc_column][\/vc_row]<\/p>\n<\/div>","protected":false},"excerpt":{"rendered":"<p>[vc_row][vc_column width=&#8220;1\/3&#8243;][vc_single_image image=&#8220;26373&#8243; img_size=&#8220;full&#8220;][vc_single_image image=&#8220;26374&#8243; img_size=&#8220;full&#8220;][\/vc_column][vc_column width=&#8220;2\/3&#8243;][vc_column_text css=&#8220;&#8220;]Der von uns empfohlene Vorgang des Verlegens der Zementfliesen ist einfach, sauber und schnell, wobei wir gleichzeitig empfehlen diese<span class=\"excerpt-hellip\"> [\u2026]<\/span><\/p>\n","protected":false},"author":1,"featured_media":0,"parent":0,"menu_order":0,"comment_status":"closed","ping_status":"closed","template":"","meta":{"footnotes":""},"class_list":["post-26381","page","type-page","status-publish","hentry"],"yoast_head":"<!-- This site is optimized with the Yoast SEO plugin v26.9 - https:\/\/yoast.com\/product\/yoast-seo-wordpress\/ -->\n<title>Verlegen von historischen Zementfliesen - Terracota do Algarve<\/title>\n<meta name=\"robots\" content=\"index, follow, max-snippet:-1, max-image-preview:large, max-video-preview:-1\" \/>\n<link rel=\"canonical\" href=\"https:\/\/terracotadoalgarve.com\/de\/verlegen-von-historischen-zementfliesen\/\" \/>\n<meta property=\"og:locale\" content=\"de_DE\" \/>\n<meta property=\"og:type\" content=\"article\" \/>\n<meta property=\"og:title\" content=\"Verlegen von historischen Zementfliesen - Terracota do Algarve\" \/>\n<meta property=\"og:description\" content=\"[vc_row][vc_column width=&#8220;1\/3&#8243;][vc_single_image image=&#8220;26373&#8243; img_size=&#8220;full&#8220;][vc_single_image image=&#8220;26374&#8243; img_size=&#8220;full&#8220;][\/vc_column][vc_column width=&#8220;2\/3&#8243;][vc_column_text css=&#8220;&#8220;]Der von uns empfohlene Vorgang des Verlegens der Zementfliesen ist einfach, sauber und schnell, wobei wir gleichzeitig empfehlen diese [\u2026]\" \/>\n<meta property=\"og:url\" content=\"https:\/\/terracotadoalgarve.com\/de\/verlegen-von-historischen-zementfliesen\/\" \/>\n<meta property=\"og:site_name\" content=\"Terracota do Algarve\" \/>\n<meta property=\"article:modified_time\" content=\"2025-02-16T11:05:10+00:00\" \/>\n<meta name=\"twitter:card\" content=\"summary_large_image\" \/>\n<meta name=\"twitter:label1\" content=\"Gesch\u00e4tzte Lesezeit\" \/>\n\t<meta name=\"twitter:data1\" content=\"4\u00a0Minuten\" \/>\n<script type=\"application\/ld+json\" class=\"yoast-schema-graph\">{\"@context\":\"https:\/\/schema.org\",\"@graph\":[{\"@type\":\"WebPage\",\"@id\":\"https:\/\/terracotadoalgarve.com\/de\/verlegen-von-historischen-zementfliesen\/\",\"url\":\"https:\/\/terracotadoalgarve.com\/de\/verlegen-von-historischen-zementfliesen\/\",\"name\":\"Verlegen von historischen Zementfliesen - Terracota do Algarve\",\"isPartOf\":{\"@id\":\"https:\/\/terracotadoalgarve.com\/de\/#website\"},\"datePublished\":\"2021-10-25T17:54:41+00:00\",\"dateModified\":\"2025-02-16T11:05:10+00:00\",\"breadcrumb\":{\"@id\":\"https:\/\/terracotadoalgarve.com\/de\/verlegen-von-historischen-zementfliesen\/#breadcrumb\"},\"inLanguage\":\"de\",\"potentialAction\":[{\"@type\":\"ReadAction\",\"target\":[\"https:\/\/terracotadoalgarve.com\/de\/verlegen-von-historischen-zementfliesen\/\"]}]},{\"@type\":\"BreadcrumbList\",\"@id\":\"https:\/\/terracotadoalgarve.com\/de\/verlegen-von-historischen-zementfliesen\/#breadcrumb\",\"itemListElement\":[{\"@type\":\"ListItem\",\"position\":1,\"name\":\"Home\",\"item\":\"https:\/\/terracotadoalgarve.com\/de\/\"},{\"@type\":\"ListItem\",\"position\":2,\"name\":\"Verlegen von historischen Zementfliesen\"}]},{\"@type\":\"WebSite\",\"@id\":\"https:\/\/terracotadoalgarve.com\/de\/#website\",\"url\":\"https:\/\/terracotadoalgarve.com\/de\/\",\"name\":\"Terracota do Algarve\",\"description\":\"Terracota tiles, Hydraulic cement tiles, Glazed tiles\",\"potentialAction\":[{\"@type\":\"SearchAction\",\"target\":{\"@type\":\"EntryPoint\",\"urlTemplate\":\"https:\/\/terracotadoalgarve.com\/de\/?s={search_term_string}\"},\"query-input\":{\"@type\":\"PropertyValueSpecification\",\"valueRequired\":true,\"valueName\":\"search_term_string\"}}],\"inLanguage\":\"de\"}]}<\/script>\n<!-- \/ Yoast SEO plugin. -->","yoast_head_json":{"title":"Verlegen von historischen Zementfliesen - Terracota do Algarve","robots":{"index":"index","follow":"follow","max-snippet":"max-snippet:-1","max-image-preview":"max-image-preview:large","max-video-preview":"max-video-preview:-1"},"canonical":"https:\/\/terracotadoalgarve.com\/de\/verlegen-von-historischen-zementfliesen\/","og_locale":"de_DE","og_type":"article","og_title":"Verlegen von historischen Zementfliesen - Terracota do Algarve","og_description":"[vc_row][vc_column width=&#8220;1\/3&#8243;][vc_single_image image=&#8220;26373&#8243; img_size=&#8220;full&#8220;][vc_single_image image=&#8220;26374&#8243; img_size=&#8220;full&#8220;][\/vc_column][vc_column width=&#8220;2\/3&#8243;][vc_column_text css=&#8220;&#8220;]Der von uns empfohlene Vorgang des Verlegens der Zementfliesen ist einfach, sauber und schnell, wobei wir gleichzeitig empfehlen diese [\u2026]","og_url":"https:\/\/terracotadoalgarve.com\/de\/verlegen-von-historischen-zementfliesen\/","og_site_name":"Terracota do Algarve","article_modified_time":"2025-02-16T11:05:10+00:00","twitter_card":"summary_large_image","twitter_misc":{"Gesch\u00e4tzte Lesezeit":"4\u00a0Minuten"},"schema":{"@context":"https:\/\/schema.org","@graph":[{"@type":"WebPage","@id":"https:\/\/terracotadoalgarve.com\/de\/verlegen-von-historischen-zementfliesen\/","url":"https:\/\/terracotadoalgarve.com\/de\/verlegen-von-historischen-zementfliesen\/","name":"Verlegen von historischen Zementfliesen - Terracota do Algarve","isPartOf":{"@id":"https:\/\/terracotadoalgarve.com\/de\/#website"},"datePublished":"2021-10-25T17:54:41+00:00","dateModified":"2025-02-16T11:05:10+00:00","breadcrumb":{"@id":"https:\/\/terracotadoalgarve.com\/de\/verlegen-von-historischen-zementfliesen\/#breadcrumb"},"inLanguage":"de","potentialAction":[{"@type":"ReadAction","target":["https:\/\/terracotadoalgarve.com\/de\/verlegen-von-historischen-zementfliesen\/"]}]},{"@type":"BreadcrumbList","@id":"https:\/\/terracotadoalgarve.com\/de\/verlegen-von-historischen-zementfliesen\/#breadcrumb","itemListElement":[{"@type":"ListItem","position":1,"name":"Home","item":"https:\/\/terracotadoalgarve.com\/de\/"},{"@type":"ListItem","position":2,"name":"Verlegen von historischen Zementfliesen"}]},{"@type":"WebSite","@id":"https:\/\/terracotadoalgarve.com\/de\/#website","url":"https:\/\/terracotadoalgarve.com\/de\/","name":"Terracota do Algarve","description":"Terracota tiles, Hydraulic cement tiles, Glazed tiles","potentialAction":[{"@type":"SearchAction","target":{"@type":"EntryPoint","urlTemplate":"https:\/\/terracotadoalgarve.com\/de\/?s={search_term_string}"},"query-input":{"@type":"PropertyValueSpecification","valueRequired":true,"valueName":"search_term_string"}}],"inLanguage":"de"}]}},"_links":{"self":[{"href":"https:\/\/terracotadoalgarve.com\/de\/wp-json\/wp\/v2\/pages\/26381","targetHints":{"allow":["GET"]}}],"collection":[{"href":"https:\/\/terracotadoalgarve.com\/de\/wp-json\/wp\/v2\/pages"}],"about":[{"href":"https:\/\/terracotadoalgarve.com\/de\/wp-json\/wp\/v2\/types\/page"}],"author":[{"embeddable":true,"href":"https:\/\/terracotadoalgarve.com\/de\/wp-json\/wp\/v2\/users\/1"}],"replies":[{"embeddable":true,"href":"https:\/\/terracotadoalgarve.com\/de\/wp-json\/wp\/v2\/comments?post=26381"}],"version-history":[{"count":1,"href":"https:\/\/terracotadoalgarve.com\/de\/wp-json\/wp\/v2\/pages\/26381\/revisions"}],"predecessor-version":[{"id":27962,"href":"https:\/\/terracotadoalgarve.com\/de\/wp-json\/wp\/v2\/pages\/26381\/revisions\/27962"}],"wp:attachment":[{"href":"https:\/\/terracotadoalgarve.com\/de\/wp-json\/wp\/v2\/media?parent=26381"}],"curies":[{"name":"wp","href":"https:\/\/api.w.org\/{rel}","templated":true}]}}