{"id":26379,"date":"2021-10-25T17:51:36","date_gmt":"2021-10-25T17:51:36","guid":{"rendered":"https:\/\/terracotadoalgarve.com\/de\/?page_id=26379"},"modified":"2022-06-15T10:31:12","modified_gmt":"2022-06-15T10:31:12","slug":"herstellungsprozess-historischer-zementfliesen","status":"publish","type":"page","link":"https:\/\/terracotadoalgarve.com\/de\/herstellungsprozess-historischer-zementfliesen\/","title":{"rendered":"Herstellungsproze\u00df historischer Zementfliesen"},"content":{"rendered":"<div class=\"wpb-content-wrapper\"><p>[vc_row el_position=&#8220;first last&#8220;][vc_column width=&#8220;1\/3&#8243;][vc_video link=&#8220;http:\/\/www.youtube.com\/watch?v=finbIxT3c1Q&#8220; el_position=&#8220;first last&#8220;][\/vc_column][vc_column width=&#8220;2\/3&#8243;][vc_column_text el_position=&#8220;first last&#8220;]<\/p>\n<div class=\"wpb_text_column wpb_content_element \">\n<div class=\"wpb_wrapper\">\n<p>Der Herstellungsproze\u00df beginnt mit der Umsetzung eines Musters in eine Schablone aus Kupfer, Eisen, Zinn oder Stahl, dessen Funktion es ist, die Segmente verschiedener Farben innerhalb der Form der Fliese voneinander abzusetzen. Die Schablone wird geformt, verschwei\u00dft und installiert in einer Kastenform aus Metall.<\/p>\n<p>In Bottichen aus Metall wird eine Masse aus Zement, Sand, Marmormehl, Wasser, sowie Metalloxiden als Farbpigmente, anger\u00fchrt. Jeder Bottich h\u00e4lt eine unterschiedliche Farbe bereit.<\/p>\n<p>Diese vorbereiteten Ans\u00e4tze, werden gleichzeitig in die, dem gew\u00fcnschten Muster entsprechenden, Segmente der Musterform eingef\u00fcllt, welche so justiert ist, da\u00df ein Vermischen der Farben vermieden wird. Die Schablone wird anschlie\u00dfend vorsichtig aus der Kastenform entnommen.<\/p>\n<p>Das Geheimnis des Produktes liegt in der Dichte jedes einzelne Pigmentansatzes. Es gibt F\u00e4lle, in denen das gew\u00fcnschte Muster bedingt, da\u00df der Pigmentansatz tropfenweise in der Schablone verteilt werden mu\u00df.<\/p>\n<p>Diese eingef\u00fcllte Schicht, bildet die oberste der sp\u00e4teren Oberfl\u00e4che der Fliese und wird mit einer Mischung aus trockenem Zementpulver und Sand bestreut, welche ihr eine bessere Festigkeit verleiht. Als N\u00e4chstes wird eine Schicht aus einer Mischung von Zement, Sand und Wasser eingef\u00fcllt, welche die Basis der Zementfliese bilden wird.<\/p>\n<p>In diesem Stadium wird die Fliese nun einmal maschinell gepre\u00dft, wobei \u00fcbersch\u00fcssige Fl\u00fcssigkeit der Farbpigmentschicht in die Schicht der Zementbasis \u00fcbergeht. Nach der Pressung wird die Fliese vorsichtig aus der Kastenform entnommen und per Hand \u00fcberpr\u00fcft.<\/p>\n<p>Nachfolgend wird die Fliese f\u00fcr die Dauer von 8 Stunden in ein Wasserbad getaucht, wobei der Zement \u201ereift\u201c, bzw. die hydraulischen Bindemittel in einer chemischen Reaktion aush\u00e4rten und der Fliese zu Festigkeit verhelfen. Die Bezeichnung dieses Vorgangs, verleiht der Fliese den Namen\u00a0<i>Mosa\u00edco hidr\u00e1ulico.<\/i><\/p>\n<\/div>\n<\/div>\n<div class=\"wpb_text_column wpb_content_element \">\n<div class=\"wpb_wrapper\">\n<p style=\"text-align: left;\" align=\"center\">Die letzte Phase des Herstellungsprozesses ist die Trocknung der Zementfliese. Nach der Entnahme aus dem Wasserbad, werden die Fliesen an einem trockenen Ort f\u00fcr f\u00fcr 1 Monat gelagert, um die vollst\u00e4ndige Aush\u00e4rtung des Materials zu gew\u00e4hrleisten. Schlie\u00dflich sind die Zementfliesen gebrauchsfertig.<\/p>\n<\/div>\n<\/div>\n<p>[\/vc_column_text][vc_gallery type=&#8220;flexslider_slide&#8220; interval=&#8220;5&#8243; images=&#8220;26356,26357,26358,26359,26360,26361,26362,26363,26364,26365,26366,26367,26368,26369,26370,26371&#8243; img_size=&#8220;full&#8220;][\/vc_column][\/vc_row][vc_row][vc_column][vc_gallery type=&#8220;image_grid&#8220; images=&#8220;8577,8578,8579,8580,8581,8582,8583,8584,8585,8586,8587,8588,8589,8590,8591,8592&#8243; img_size=&#8220;140&#215;100&#8243;][\/vc_column][\/vc_row]<\/p>\n<\/div>","protected":false},"excerpt":{"rendered":"<p>[vc_row el_position=&#8220;first last&#8220;][vc_column width=&#8220;1\/3&#8243;][vc_video link=&#8220;http:\/\/www.youtube.com\/watch?v=finbIxT3c1Q&#8220; el_position=&#8220;first last&#8220;][\/vc_column][vc_column width=&#8220;2\/3&#8243;][vc_column_text el_position=&#8220;first last&#8220;] Der Herstellungsproze\u00df beginnt mit der Umsetzung eines Musters in eine Schablone aus Kupfer, Eisen, Zinn oder<span class=\"excerpt-hellip\"> [\u2026]<\/span><\/p>\n","protected":false},"author":1,"featured_media":0,"parent":0,"menu_order":0,"comment_status":"closed","ping_status":"closed","template":"","meta":{"footnotes":""},"class_list":["post-26379","page","type-page","status-publish","hentry"],"yoast_head":"<!-- This site is optimized with the Yoast SEO plugin v26.9 - https:\/\/yoast.com\/product\/yoast-seo-wordpress\/ -->\n<title>Herstellungsproze\u00df historischer Zementfliesen - Terracota do Algarve<\/title>\n<meta name=\"robots\" content=\"index, follow, max-snippet:-1, max-image-preview:large, max-video-preview:-1\" \/>\n<link rel=\"canonical\" href=\"https:\/\/terracotadoalgarve.com\/de\/herstellungsprozess-historischer-zementfliesen\/\" \/>\n<meta property=\"og:locale\" content=\"de_DE\" \/>\n<meta property=\"og:type\" content=\"article\" \/>\n<meta property=\"og:title\" content=\"Herstellungsproze\u00df historischer Zementfliesen - Terracota do Algarve\" \/>\n<meta property=\"og:description\" content=\"[vc_row el_position=&#8220;first last&#8220;][vc_column width=&#8220;1\/3&#8243;][vc_video link=&#8220;http:\/\/www.youtube.com\/watch?v=finbIxT3c1Q&#8220; el_position=&#8220;first last&#8220;][\/vc_column][vc_column width=&#8220;2\/3&#8243;][vc_column_text el_position=&#8220;first last&#8220;] Der Herstellungsproze\u00df beginnt mit der Umsetzung eines Musters in eine Schablone aus Kupfer, Eisen, Zinn oder [\u2026]\" \/>\n<meta property=\"og:url\" content=\"https:\/\/terracotadoalgarve.com\/de\/herstellungsprozess-historischer-zementfliesen\/\" \/>\n<meta property=\"og:site_name\" content=\"Terracota do Algarve\" \/>\n<meta property=\"article:modified_time\" content=\"2022-06-15T10:31:12+00:00\" \/>\n<meta name=\"twitter:card\" content=\"summary_large_image\" \/>\n<meta name=\"twitter:label1\" content=\"Gesch\u00e4tzte Lesezeit\" \/>\n\t<meta name=\"twitter:data1\" content=\"2\u00a0Minuten\" \/>\n<script type=\"application\/ld+json\" class=\"yoast-schema-graph\">{\"@context\":\"https:\/\/schema.org\",\"@graph\":[{\"@type\":\"WebPage\",\"@id\":\"https:\/\/terracotadoalgarve.com\/de\/herstellungsprozess-historischer-zementfliesen\/\",\"url\":\"https:\/\/terracotadoalgarve.com\/de\/herstellungsprozess-historischer-zementfliesen\/\",\"name\":\"Herstellungsproze\u00df historischer Zementfliesen - Terracota do Algarve\",\"isPartOf\":{\"@id\":\"https:\/\/terracotadoalgarve.com\/de\/#website\"},\"datePublished\":\"2021-10-25T17:51:36+00:00\",\"dateModified\":\"2022-06-15T10:31:12+00:00\",\"breadcrumb\":{\"@id\":\"https:\/\/terracotadoalgarve.com\/de\/herstellungsprozess-historischer-zementfliesen\/#breadcrumb\"},\"inLanguage\":\"de\",\"potentialAction\":[{\"@type\":\"ReadAction\",\"target\":[\"https:\/\/terracotadoalgarve.com\/de\/herstellungsprozess-historischer-zementfliesen\/\"]}]},{\"@type\":\"BreadcrumbList\",\"@id\":\"https:\/\/terracotadoalgarve.com\/de\/herstellungsprozess-historischer-zementfliesen\/#breadcrumb\",\"itemListElement\":[{\"@type\":\"ListItem\",\"position\":1,\"name\":\"Home\",\"item\":\"https:\/\/terracotadoalgarve.com\/de\/\"},{\"@type\":\"ListItem\",\"position\":2,\"name\":\"Herstellungsproze\u00df historischer Zementfliesen\"}]},{\"@type\":\"WebSite\",\"@id\":\"https:\/\/terracotadoalgarve.com\/de\/#website\",\"url\":\"https:\/\/terracotadoalgarve.com\/de\/\",\"name\":\"Terracota do Algarve\",\"description\":\"Terracota tiles, Hydraulic cement tiles, Glazed tiles\",\"potentialAction\":[{\"@type\":\"SearchAction\",\"target\":{\"@type\":\"EntryPoint\",\"urlTemplate\":\"https:\/\/terracotadoalgarve.com\/de\/?s={search_term_string}\"},\"query-input\":{\"@type\":\"PropertyValueSpecification\",\"valueRequired\":true,\"valueName\":\"search_term_string\"}}],\"inLanguage\":\"de\"}]}<\/script>\n<!-- \/ Yoast SEO plugin. -->","yoast_head_json":{"title":"Herstellungsproze\u00df historischer Zementfliesen - Terracota do Algarve","robots":{"index":"index","follow":"follow","max-snippet":"max-snippet:-1","max-image-preview":"max-image-preview:large","max-video-preview":"max-video-preview:-1"},"canonical":"https:\/\/terracotadoalgarve.com\/de\/herstellungsprozess-historischer-zementfliesen\/","og_locale":"de_DE","og_type":"article","og_title":"Herstellungsproze\u00df historischer Zementfliesen - Terracota do Algarve","og_description":"[vc_row el_position=&#8220;first last&#8220;][vc_column width=&#8220;1\/3&#8243;][vc_video link=&#8220;http:\/\/www.youtube.com\/watch?v=finbIxT3c1Q&#8220; el_position=&#8220;first last&#8220;][\/vc_column][vc_column width=&#8220;2\/3&#8243;][vc_column_text el_position=&#8220;first last&#8220;] Der Herstellungsproze\u00df beginnt mit der Umsetzung eines Musters in eine Schablone aus Kupfer, Eisen, Zinn oder [\u2026]","og_url":"https:\/\/terracotadoalgarve.com\/de\/herstellungsprozess-historischer-zementfliesen\/","og_site_name":"Terracota do Algarve","article_modified_time":"2022-06-15T10:31:12+00:00","twitter_card":"summary_large_image","twitter_misc":{"Gesch\u00e4tzte Lesezeit":"2\u00a0Minuten"},"schema":{"@context":"https:\/\/schema.org","@graph":[{"@type":"WebPage","@id":"https:\/\/terracotadoalgarve.com\/de\/herstellungsprozess-historischer-zementfliesen\/","url":"https:\/\/terracotadoalgarve.com\/de\/herstellungsprozess-historischer-zementfliesen\/","name":"Herstellungsproze\u00df historischer Zementfliesen - Terracota do Algarve","isPartOf":{"@id":"https:\/\/terracotadoalgarve.com\/de\/#website"},"datePublished":"2021-10-25T17:51:36+00:00","dateModified":"2022-06-15T10:31:12+00:00","breadcrumb":{"@id":"https:\/\/terracotadoalgarve.com\/de\/herstellungsprozess-historischer-zementfliesen\/#breadcrumb"},"inLanguage":"de","potentialAction":[{"@type":"ReadAction","target":["https:\/\/terracotadoalgarve.com\/de\/herstellungsprozess-historischer-zementfliesen\/"]}]},{"@type":"BreadcrumbList","@id":"https:\/\/terracotadoalgarve.com\/de\/herstellungsprozess-historischer-zementfliesen\/#breadcrumb","itemListElement":[{"@type":"ListItem","position":1,"name":"Home","item":"https:\/\/terracotadoalgarve.com\/de\/"},{"@type":"ListItem","position":2,"name":"Herstellungsproze\u00df historischer Zementfliesen"}]},{"@type":"WebSite","@id":"https:\/\/terracotadoalgarve.com\/de\/#website","url":"https:\/\/terracotadoalgarve.com\/de\/","name":"Terracota do Algarve","description":"Terracota tiles, Hydraulic cement tiles, Glazed tiles","potentialAction":[{"@type":"SearchAction","target":{"@type":"EntryPoint","urlTemplate":"https:\/\/terracotadoalgarve.com\/de\/?s={search_term_string}"},"query-input":{"@type":"PropertyValueSpecification","valueRequired":true,"valueName":"search_term_string"}}],"inLanguage":"de"}]}},"_links":{"self":[{"href":"https:\/\/terracotadoalgarve.com\/de\/wp-json\/wp\/v2\/pages\/26379","targetHints":{"allow":["GET"]}}],"collection":[{"href":"https:\/\/terracotadoalgarve.com\/de\/wp-json\/wp\/v2\/pages"}],"about":[{"href":"https:\/\/terracotadoalgarve.com\/de\/wp-json\/wp\/v2\/types\/page"}],"author":[{"embeddable":true,"href":"https:\/\/terracotadoalgarve.com\/de\/wp-json\/wp\/v2\/users\/1"}],"replies":[{"embeddable":true,"href":"https:\/\/terracotadoalgarve.com\/de\/wp-json\/wp\/v2\/comments?post=26379"}],"version-history":[{"count":0,"href":"https:\/\/terracotadoalgarve.com\/de\/wp-json\/wp\/v2\/pages\/26379\/revisions"}],"wp:attachment":[{"href":"https:\/\/terracotadoalgarve.com\/de\/wp-json\/wp\/v2\/media?parent=26379"}],"curies":[{"name":"wp","href":"https:\/\/api.w.org\/{rel}","templated":true}]}}