{"id":26376,"date":"2021-10-25T16:50:36","date_gmt":"2021-10-25T16:50:36","guid":{"rendered":"https:\/\/terracotadoalgarve.com\/de\/?page_id=26376"},"modified":"2022-05-02T04:28:55","modified_gmt":"2022-05-02T04:28:55","slug":"die-vorteile-der-historischen-zementfliese","status":"publish","type":"page","link":"https:\/\/terracotadoalgarve.com\/de\/die-vorteile-der-historischen-zementfliese\/","title":{"rendered":"Die Vorteile der historischen Zementfliese"},"content":{"rendered":"<div class=\"wpb-content-wrapper\"><p>[vc_row el_position=&#8220;first last&#8220;][vc_column width=&#8220;1\/3&#8243;][vc_single_image image=&#8220;26372&#8243; img_size=&#8220;full&#8220;][\/vc_column][vc_column width=&#8220;2\/3&#8243;][vc_column_text el_position=&#8220;first last&#8220;]Widerstandsf\u00e4higkeit gegen Abnutzung: Die H\u00e4rte des Zementes und die Dicke der pigmentierten Farbschicht (3-4mm) machen die Zementfliese gegen\u00fcber einer Abnutzung sehr widerstandsf\u00e4hig, weshalb sie sowohl technisch, als auch dekorativ auf Dauer keinen Schaden nimmt. Kenner sagen, da\u00df die Zementfliese im Laufe ihres Lebens immer sch\u00f6ner wird, nicht zuletzt dadurch, weil das Farbmuster nicht aufgedruckt ist.<br \/>\nPlastizit\u00e4t: Durch die fugenlose Verlegung der Zementfliesen, k\u00f6nnen minimale Ver\u00e4nderungen der eigenen Zementstruktur (hervorgerufen durch klimatische Ver\u00e4nderungen oder Ausdehnungen) ausgeglichen werden. Es ist diese Minimalfuge, welche aus Zementmusterfliesen wahre \u201cTeppiche\u201d werden l\u00e4\u00dft.<br \/>\nVielfalt: Die Zementfliesen erlauben unterschiedliche Typen von Oberfl\u00e4chen (nat\u00fcrlich, matt, gl\u00e4nzend, etc.), verschiedene Designs (klassisch, zeitgen\u00f6ssisch, Blumenmuster, geometrische Muster, etc.) und die Kombination mit unterschiedlichen Materialien (Holz, geschliffenem Zement, Marmor, etc.).<br \/>\nVielseitigkeit: In Kombination mit anderen Materialien f\u00fcr Fu\u00dfb\u00f6den wie Holz, Terrakotta oder Stein, bietet die Zementfliese unz\u00e4hlige individuelle M\u00f6glichkeiten.<\/p>\n<p>Die historische Zementfliese<\/p>\n<p>Mediterrane Zementfliesen auf Bestellung:<\/p>\n<ul>\n<li>Wir haben unz\u00e4hlige Muster in unserem Katalog, klassisch und zeitgen\u00f6ssisch<\/li>\n<li>Eine Palette an verschiedenen Farben<\/li>\n<li>Herstellung von Mustern nach Kundenwunsch<\/li>\n<li>Formate: 10x10cm, 14x28cm, 20x20cm, 25x25cm, 30x30cm, und Fu\u00dfleisten<\/li>\n<li>Gesicherte Qualit\u00e4t, aufgrund des traditionell kunsthandwerklichen Herstellungsprozesses<\/li>\n<li>Auslieferungszeit: 6-8 Wochen<\/li>\n<li>Wettbewerbsf\u00e4hige Preise<\/li>\n<li>Einfarbige Fliesen: komplette Farbpalette in allen Formaten<\/li>\n<li>Fliesen mit Dekor: alle Farben mit den Dekoren kombinierbar<\/li>\n<li>Herstellung bestimmter Farben f\u00fcr spezielle Projekte (z.B.: Restaurierungen)<\/li>\n<\/ul>\n<p>Die traditionellen Farben bieten, da \u00fcber lange Zeit eingehend getestet, die maximale Stabilit\u00e4t und Dauerhaftigkeit.[\/vc_column_text][\/vc_column][\/vc_row]<\/p>\n<\/div>","protected":false},"excerpt":{"rendered":"<p>[vc_row el_position=&#8220;first last&#8220;][vc_column width=&#8220;1\/3&#8243;][vc_single_image image=&#8220;26372&#8243; img_size=&#8220;full&#8220;][\/vc_column][vc_column width=&#8220;2\/3&#8243;][vc_column_text el_position=&#8220;first last&#8220;]Widerstandsf\u00e4higkeit gegen Abnutzung: Die H\u00e4rte des Zementes und die Dicke der pigmentierten Farbschicht (3-4mm) machen die Zementfliese gegen\u00fcber<span class=\"excerpt-hellip\"> [\u2026]<\/span><\/p>\n","protected":false},"author":1,"featured_media":0,"parent":0,"menu_order":0,"comment_status":"closed","ping_status":"closed","template":"","meta":{"footnotes":""},"class_list":["post-26376","page","type-page","status-publish","hentry"],"yoast_head":"<!-- This site is optimized with the Yoast SEO plugin v26.9 - https:\/\/yoast.com\/product\/yoast-seo-wordpress\/ -->\n<title>Die Vorteile der historischen Zementfliese - Terracota do Algarve<\/title>\n<meta name=\"robots\" content=\"index, follow, max-snippet:-1, max-image-preview:large, max-video-preview:-1\" \/>\n<link rel=\"canonical\" href=\"https:\/\/terracotadoalgarve.com\/de\/die-vorteile-der-historischen-zementfliese\/\" \/>\n<meta property=\"og:locale\" content=\"de_DE\" \/>\n<meta property=\"og:type\" content=\"article\" \/>\n<meta property=\"og:title\" content=\"Die Vorteile der historischen Zementfliese - Terracota do Algarve\" \/>\n<meta property=\"og:description\" content=\"[vc_row el_position=&#8220;first last&#8220;][vc_column width=&#8220;1\/3&#8243;][vc_single_image image=&#8220;26372&#8243; img_size=&#8220;full&#8220;][\/vc_column][vc_column width=&#8220;2\/3&#8243;][vc_column_text el_position=&#8220;first last&#8220;]Widerstandsf\u00e4higkeit gegen Abnutzung: Die H\u00e4rte des Zementes und die Dicke der pigmentierten Farbschicht (3-4mm) machen die Zementfliese gegen\u00fcber [\u2026]\" \/>\n<meta property=\"og:url\" content=\"https:\/\/terracotadoalgarve.com\/de\/die-vorteile-der-historischen-zementfliese\/\" \/>\n<meta property=\"og:site_name\" content=\"Terracota do Algarve\" \/>\n<meta property=\"article:modified_time\" content=\"2022-05-02T04:28:55+00:00\" \/>\n<meta name=\"twitter:card\" content=\"summary_large_image\" \/>\n<meta name=\"twitter:label1\" content=\"Gesch\u00e4tzte Lesezeit\" \/>\n\t<meta name=\"twitter:data1\" content=\"1\u00a0Minute\" \/>\n<script type=\"application\/ld+json\" class=\"yoast-schema-graph\">{\"@context\":\"https:\/\/schema.org\",\"@graph\":[{\"@type\":\"WebPage\",\"@id\":\"https:\/\/terracotadoalgarve.com\/de\/die-vorteile-der-historischen-zementfliese\/\",\"url\":\"https:\/\/terracotadoalgarve.com\/de\/die-vorteile-der-historischen-zementfliese\/\",\"name\":\"Die Vorteile der historischen Zementfliese - Terracota do Algarve\",\"isPartOf\":{\"@id\":\"https:\/\/terracotadoalgarve.com\/de\/#website\"},\"datePublished\":\"2021-10-25T16:50:36+00:00\",\"dateModified\":\"2022-05-02T04:28:55+00:00\",\"breadcrumb\":{\"@id\":\"https:\/\/terracotadoalgarve.com\/de\/die-vorteile-der-historischen-zementfliese\/#breadcrumb\"},\"inLanguage\":\"de\",\"potentialAction\":[{\"@type\":\"ReadAction\",\"target\":[\"https:\/\/terracotadoalgarve.com\/de\/die-vorteile-der-historischen-zementfliese\/\"]}]},{\"@type\":\"BreadcrumbList\",\"@id\":\"https:\/\/terracotadoalgarve.com\/de\/die-vorteile-der-historischen-zementfliese\/#breadcrumb\",\"itemListElement\":[{\"@type\":\"ListItem\",\"position\":1,\"name\":\"Home\",\"item\":\"https:\/\/terracotadoalgarve.com\/de\/\"},{\"@type\":\"ListItem\",\"position\":2,\"name\":\"Die Vorteile der historischen Zementfliese\"}]},{\"@type\":\"WebSite\",\"@id\":\"https:\/\/terracotadoalgarve.com\/de\/#website\",\"url\":\"https:\/\/terracotadoalgarve.com\/de\/\",\"name\":\"Terracota do Algarve\",\"description\":\"Terracota tiles, Hydraulic cement tiles, Glazed tiles\",\"potentialAction\":[{\"@type\":\"SearchAction\",\"target\":{\"@type\":\"EntryPoint\",\"urlTemplate\":\"https:\/\/terracotadoalgarve.com\/de\/?s={search_term_string}\"},\"query-input\":{\"@type\":\"PropertyValueSpecification\",\"valueRequired\":true,\"valueName\":\"search_term_string\"}}],\"inLanguage\":\"de\"}]}<\/script>\n<!-- \/ Yoast SEO plugin. -->","yoast_head_json":{"title":"Die Vorteile der historischen Zementfliese - Terracota do Algarve","robots":{"index":"index","follow":"follow","max-snippet":"max-snippet:-1","max-image-preview":"max-image-preview:large","max-video-preview":"max-video-preview:-1"},"canonical":"https:\/\/terracotadoalgarve.com\/de\/die-vorteile-der-historischen-zementfliese\/","og_locale":"de_DE","og_type":"article","og_title":"Die Vorteile der historischen Zementfliese - Terracota do Algarve","og_description":"[vc_row el_position=&#8220;first last&#8220;][vc_column width=&#8220;1\/3&#8243;][vc_single_image image=&#8220;26372&#8243; img_size=&#8220;full&#8220;][\/vc_column][vc_column width=&#8220;2\/3&#8243;][vc_column_text el_position=&#8220;first last&#8220;]Widerstandsf\u00e4higkeit gegen Abnutzung: Die H\u00e4rte des Zementes und die Dicke der pigmentierten Farbschicht (3-4mm) machen die Zementfliese gegen\u00fcber [\u2026]","og_url":"https:\/\/terracotadoalgarve.com\/de\/die-vorteile-der-historischen-zementfliese\/","og_site_name":"Terracota do Algarve","article_modified_time":"2022-05-02T04:28:55+00:00","twitter_card":"summary_large_image","twitter_misc":{"Gesch\u00e4tzte Lesezeit":"1\u00a0Minute"},"schema":{"@context":"https:\/\/schema.org","@graph":[{"@type":"WebPage","@id":"https:\/\/terracotadoalgarve.com\/de\/die-vorteile-der-historischen-zementfliese\/","url":"https:\/\/terracotadoalgarve.com\/de\/die-vorteile-der-historischen-zementfliese\/","name":"Die Vorteile der historischen Zementfliese - Terracota do Algarve","isPartOf":{"@id":"https:\/\/terracotadoalgarve.com\/de\/#website"},"datePublished":"2021-10-25T16:50:36+00:00","dateModified":"2022-05-02T04:28:55+00:00","breadcrumb":{"@id":"https:\/\/terracotadoalgarve.com\/de\/die-vorteile-der-historischen-zementfliese\/#breadcrumb"},"inLanguage":"de","potentialAction":[{"@type":"ReadAction","target":["https:\/\/terracotadoalgarve.com\/de\/die-vorteile-der-historischen-zementfliese\/"]}]},{"@type":"BreadcrumbList","@id":"https:\/\/terracotadoalgarve.com\/de\/die-vorteile-der-historischen-zementfliese\/#breadcrumb","itemListElement":[{"@type":"ListItem","position":1,"name":"Home","item":"https:\/\/terracotadoalgarve.com\/de\/"},{"@type":"ListItem","position":2,"name":"Die Vorteile der historischen Zementfliese"}]},{"@type":"WebSite","@id":"https:\/\/terracotadoalgarve.com\/de\/#website","url":"https:\/\/terracotadoalgarve.com\/de\/","name":"Terracota do Algarve","description":"Terracota tiles, Hydraulic cement tiles, Glazed tiles","potentialAction":[{"@type":"SearchAction","target":{"@type":"EntryPoint","urlTemplate":"https:\/\/terracotadoalgarve.com\/de\/?s={search_term_string}"},"query-input":{"@type":"PropertyValueSpecification","valueRequired":true,"valueName":"search_term_string"}}],"inLanguage":"de"}]}},"_links":{"self":[{"href":"https:\/\/terracotadoalgarve.com\/de\/wp-json\/wp\/v2\/pages\/26376","targetHints":{"allow":["GET"]}}],"collection":[{"href":"https:\/\/terracotadoalgarve.com\/de\/wp-json\/wp\/v2\/pages"}],"about":[{"href":"https:\/\/terracotadoalgarve.com\/de\/wp-json\/wp\/v2\/types\/page"}],"author":[{"embeddable":true,"href":"https:\/\/terracotadoalgarve.com\/de\/wp-json\/wp\/v2\/users\/1"}],"replies":[{"embeddable":true,"href":"https:\/\/terracotadoalgarve.com\/de\/wp-json\/wp\/v2\/comments?post=26376"}],"version-history":[{"count":0,"href":"https:\/\/terracotadoalgarve.com\/de\/wp-json\/wp\/v2\/pages\/26376\/revisions"}],"wp:attachment":[{"href":"https:\/\/terracotadoalgarve.com\/de\/wp-json\/wp\/v2\/media?parent=26376"}],"curies":[{"name":"wp","href":"https:\/\/api.w.org\/{rel}","templated":true}]}}