{"id":26353,"date":"2021-10-25T16:48:23","date_gmt":"2021-10-25T16:48:23","guid":{"rendered":"https:\/\/terracotadoalgarve.com\/de\/?page_id=26353"},"modified":"2022-05-02T04:27:27","modified_gmt":"2022-05-02T04:27:27","slug":"die-geschichte-der-handgemachte-ornamentfliese-aus-zement","status":"publish","type":"page","link":"https:\/\/terracotadoalgarve.com\/de\/die-geschichte-der-handgemachte-ornamentfliese-aus-zement\/","title":{"rendered":"Die Geschichte der Handgemachte Ornamentfliese aus Zement"},"content":{"rendered":"<div class=\"wpb-content-wrapper\"><p>[vc_row][vc_column width=&#8220;1\/3&#8243;][vc_single_image image=&#8220;26354&#8243; img_size=&#8220;full&#8220;][\/vc_column][vc_column width=&#8220;2\/3&#8243;][vc_column_text]Die Ornamentfliese aus Zement wurde Mitte 1850 in S\u00fcdfrankreich entwickelt, war in den Nachbarl\u00e4ndern und dem gesamten Mittelmeerraum sehr verbreitet und im viktorianischen England sowie in Ru\u00dfland , ob ihrer Widerstandsf\u00e4higkeit und der dekorativen Qualit\u00e4t, sehr beliebt. Sie wurde schnell in ganz Europa popul\u00e4r, sowie den damaligen Kolonien und S\u00fcdamerika, war allerdings bis zu Beginn der 20er Jahre des letzten Jahrhunderts ein Produkt, welches eher der Klientel der \u201cgehobeneren Gesellschaft\u201d vorbehalten war.<br \/>\nDie Zementfliese verschwand fast vollst\u00e4ndig mit der beginnenden Industrialisierung der 60er Jahre und wurde erst jetzt, durch die zeitgen\u00f6ssische Architekt wiederentdeckt.<\/p>\n<p>Lediglich ab Beginn des 20. Jahrhunderts, wurde die Zementfliese auch in Portugal hergestellt und nachtr\u00e4glich in zahlreiche alte H\u00e4user eingef\u00fcgt. Noch heute finden sich Zementfliesen in den K\u00fcchen und Badezimmern vieler Geb\u00e4ude und bei Renovierungen versuchen die neuen Hausbesitzer diese Fliesen zu bewahren bzw. zu restaurieren.<\/p>\n<p>Damals wie heute werden die Ornamentfliesen aus Zement per Handarbeit St\u00fcck f\u00fcr St\u00fcck nach Abl\u00e4ufen der originalen Herstellungsprozesse produziert.[\/vc_column_text][\/vc_column][\/vc_row][vc_row][vc_column width=&#8220;1\/3&#8243;][vc_single_image image=&#8220;26355&#8243; img_size=&#8220;full&#8220;][\/vc_column][vc_column width=&#8220;2\/3&#8243;][vc_column_text]Tats\u00e4chlich ist es nicht m\u00f6glich eine Zementfliese mit kunsthandwerklicher Farbgestaltung industriell herzustellen:die Farben, die matte Oberfl\u00e4che und die weiche Textur sind unvergleichlich. Es sind Werkst\u00fccke mit der pers\u00f6nlichen Note des Handwerkers, weshalb es keine zwei identischen Zementfliesen gibt. Ein Produkt auf halbem Wege zwischen Kunsthandwerk und Industrie, aber mit der F\u00e4higkeit den Betrachter zu erfreuen.<br \/>\nDie Zementfliese ist Handarbeit und hat somit ihre eigene Charakteristik.<\/p>\n<p>Zus\u00e4tzlich zu ihrem Material, wird die historische Zementfliese durch ihre Ausdrucksst\u00e4rke und Urbanit\u00e4t sehr interessant.<\/p>\n<p>Die Ornamentfliesen aus Zement sind gegenw\u00e4rtig in Markthallen, Kirchen, Krankenh\u00e4usern, in Museen, Pal\u00e4sten und H\u00e4usern. Sie werden h\u00e4ufig verlegt in Wohnzimmern von Apartments und Stadth\u00e4usern, in R\u00e4umen, Badezimmern, K\u00fcchen, auf Terrassen und manchmal in Form von Teppichen.<br \/>\nIn der Tat ein Fu\u00dfboden, welcher ein Geschichte erz\u00e4hlt.[\/vc_column_text][\/vc_column][\/vc_row]<\/p>\n<\/div>","protected":false},"excerpt":{"rendered":"<p>[vc_row][vc_column width=&#8220;1\/3&#8243;][vc_single_image image=&#8220;26354&#8243; img_size=&#8220;full&#8220;][\/vc_column][vc_column width=&#8220;2\/3&#8243;][vc_column_text]Die Ornamentfliese aus Zement wurde Mitte 1850 in S\u00fcdfrankreich entwickelt, war in den Nachbarl\u00e4ndern und dem gesamten Mittelmeerraum sehr verbreitet und im<span class=\"excerpt-hellip\"> [\u2026]<\/span><\/p>\n","protected":false},"author":1,"featured_media":0,"parent":0,"menu_order":0,"comment_status":"closed","ping_status":"closed","template":"","meta":{"footnotes":""},"class_list":["post-26353","page","type-page","status-publish","hentry"],"yoast_head":"<!-- This site is optimized with the Yoast SEO plugin v26.9 - https:\/\/yoast.com\/product\/yoast-seo-wordpress\/ -->\n<title>Die Geschichte der Handgemachte Ornamentfliese aus Zement - Terracota do Algarve<\/title>\n<meta name=\"robots\" content=\"index, follow, max-snippet:-1, max-image-preview:large, max-video-preview:-1\" \/>\n<link rel=\"canonical\" href=\"https:\/\/terracotadoalgarve.com\/de\/die-geschichte-der-handgemachte-ornamentfliese-aus-zement\/\" \/>\n<meta property=\"og:locale\" content=\"de_DE\" \/>\n<meta property=\"og:type\" content=\"article\" \/>\n<meta property=\"og:title\" content=\"Die Geschichte der Handgemachte Ornamentfliese aus Zement - Terracota do Algarve\" \/>\n<meta property=\"og:description\" content=\"[vc_row][vc_column width=&#8220;1\/3&#8243;][vc_single_image image=&#8220;26354&#8243; img_size=&#8220;full&#8220;][\/vc_column][vc_column width=&#8220;2\/3&#8243;][vc_column_text]Die Ornamentfliese aus Zement wurde Mitte 1850 in S\u00fcdfrankreich entwickelt, war in den Nachbarl\u00e4ndern und dem gesamten Mittelmeerraum sehr verbreitet und im [\u2026]\" \/>\n<meta property=\"og:url\" content=\"https:\/\/terracotadoalgarve.com\/de\/die-geschichte-der-handgemachte-ornamentfliese-aus-zement\/\" \/>\n<meta property=\"og:site_name\" content=\"Terracota do Algarve\" \/>\n<meta property=\"article:modified_time\" content=\"2022-05-02T04:27:27+00:00\" \/>\n<meta name=\"twitter:card\" content=\"summary_large_image\" \/>\n<meta name=\"twitter:label1\" content=\"Gesch\u00e4tzte Lesezeit\" \/>\n\t<meta name=\"twitter:data1\" content=\"2\u00a0Minuten\" \/>\n<script type=\"application\/ld+json\" class=\"yoast-schema-graph\">{\"@context\":\"https:\/\/schema.org\",\"@graph\":[{\"@type\":\"WebPage\",\"@id\":\"https:\/\/terracotadoalgarve.com\/de\/die-geschichte-der-handgemachte-ornamentfliese-aus-zement\/\",\"url\":\"https:\/\/terracotadoalgarve.com\/de\/die-geschichte-der-handgemachte-ornamentfliese-aus-zement\/\",\"name\":\"Die Geschichte der Handgemachte Ornamentfliese aus Zement - Terracota do Algarve\",\"isPartOf\":{\"@id\":\"https:\/\/terracotadoalgarve.com\/de\/#website\"},\"datePublished\":\"2021-10-25T16:48:23+00:00\",\"dateModified\":\"2022-05-02T04:27:27+00:00\",\"breadcrumb\":{\"@id\":\"https:\/\/terracotadoalgarve.com\/de\/die-geschichte-der-handgemachte-ornamentfliese-aus-zement\/#breadcrumb\"},\"inLanguage\":\"de\",\"potentialAction\":[{\"@type\":\"ReadAction\",\"target\":[\"https:\/\/terracotadoalgarve.com\/de\/die-geschichte-der-handgemachte-ornamentfliese-aus-zement\/\"]}]},{\"@type\":\"BreadcrumbList\",\"@id\":\"https:\/\/terracotadoalgarve.com\/de\/die-geschichte-der-handgemachte-ornamentfliese-aus-zement\/#breadcrumb\",\"itemListElement\":[{\"@type\":\"ListItem\",\"position\":1,\"name\":\"Home\",\"item\":\"https:\/\/terracotadoalgarve.com\/de\/\"},{\"@type\":\"ListItem\",\"position\":2,\"name\":\"Die Geschichte der Handgemachte Ornamentfliese aus Zement\"}]},{\"@type\":\"WebSite\",\"@id\":\"https:\/\/terracotadoalgarve.com\/de\/#website\",\"url\":\"https:\/\/terracotadoalgarve.com\/de\/\",\"name\":\"Terracota do Algarve\",\"description\":\"Terracota tiles, Hydraulic cement tiles, Glazed tiles\",\"potentialAction\":[{\"@type\":\"SearchAction\",\"target\":{\"@type\":\"EntryPoint\",\"urlTemplate\":\"https:\/\/terracotadoalgarve.com\/de\/?s={search_term_string}\"},\"query-input\":{\"@type\":\"PropertyValueSpecification\",\"valueRequired\":true,\"valueName\":\"search_term_string\"}}],\"inLanguage\":\"de\"}]}<\/script>\n<!-- \/ Yoast SEO plugin. -->","yoast_head_json":{"title":"Die Geschichte der Handgemachte Ornamentfliese aus Zement - Terracota do Algarve","robots":{"index":"index","follow":"follow","max-snippet":"max-snippet:-1","max-image-preview":"max-image-preview:large","max-video-preview":"max-video-preview:-1"},"canonical":"https:\/\/terracotadoalgarve.com\/de\/die-geschichte-der-handgemachte-ornamentfliese-aus-zement\/","og_locale":"de_DE","og_type":"article","og_title":"Die Geschichte der Handgemachte Ornamentfliese aus Zement - Terracota do Algarve","og_description":"[vc_row][vc_column width=&#8220;1\/3&#8243;][vc_single_image image=&#8220;26354&#8243; img_size=&#8220;full&#8220;][\/vc_column][vc_column width=&#8220;2\/3&#8243;][vc_column_text]Die Ornamentfliese aus Zement wurde Mitte 1850 in S\u00fcdfrankreich entwickelt, war in den Nachbarl\u00e4ndern und dem gesamten Mittelmeerraum sehr verbreitet und im [\u2026]","og_url":"https:\/\/terracotadoalgarve.com\/de\/die-geschichte-der-handgemachte-ornamentfliese-aus-zement\/","og_site_name":"Terracota do Algarve","article_modified_time":"2022-05-02T04:27:27+00:00","twitter_card":"summary_large_image","twitter_misc":{"Gesch\u00e4tzte Lesezeit":"2\u00a0Minuten"},"schema":{"@context":"https:\/\/schema.org","@graph":[{"@type":"WebPage","@id":"https:\/\/terracotadoalgarve.com\/de\/die-geschichte-der-handgemachte-ornamentfliese-aus-zement\/","url":"https:\/\/terracotadoalgarve.com\/de\/die-geschichte-der-handgemachte-ornamentfliese-aus-zement\/","name":"Die Geschichte der Handgemachte Ornamentfliese aus Zement - Terracota do Algarve","isPartOf":{"@id":"https:\/\/terracotadoalgarve.com\/de\/#website"},"datePublished":"2021-10-25T16:48:23+00:00","dateModified":"2022-05-02T04:27:27+00:00","breadcrumb":{"@id":"https:\/\/terracotadoalgarve.com\/de\/die-geschichte-der-handgemachte-ornamentfliese-aus-zement\/#breadcrumb"},"inLanguage":"de","potentialAction":[{"@type":"ReadAction","target":["https:\/\/terracotadoalgarve.com\/de\/die-geschichte-der-handgemachte-ornamentfliese-aus-zement\/"]}]},{"@type":"BreadcrumbList","@id":"https:\/\/terracotadoalgarve.com\/de\/die-geschichte-der-handgemachte-ornamentfliese-aus-zement\/#breadcrumb","itemListElement":[{"@type":"ListItem","position":1,"name":"Home","item":"https:\/\/terracotadoalgarve.com\/de\/"},{"@type":"ListItem","position":2,"name":"Die Geschichte der Handgemachte Ornamentfliese aus Zement"}]},{"@type":"WebSite","@id":"https:\/\/terracotadoalgarve.com\/de\/#website","url":"https:\/\/terracotadoalgarve.com\/de\/","name":"Terracota do Algarve","description":"Terracota tiles, Hydraulic cement tiles, Glazed tiles","potentialAction":[{"@type":"SearchAction","target":{"@type":"EntryPoint","urlTemplate":"https:\/\/terracotadoalgarve.com\/de\/?s={search_term_string}"},"query-input":{"@type":"PropertyValueSpecification","valueRequired":true,"valueName":"search_term_string"}}],"inLanguage":"de"}]}},"_links":{"self":[{"href":"https:\/\/terracotadoalgarve.com\/de\/wp-json\/wp\/v2\/pages\/26353","targetHints":{"allow":["GET"]}}],"collection":[{"href":"https:\/\/terracotadoalgarve.com\/de\/wp-json\/wp\/v2\/pages"}],"about":[{"href":"https:\/\/terracotadoalgarve.com\/de\/wp-json\/wp\/v2\/types\/page"}],"author":[{"embeddable":true,"href":"https:\/\/terracotadoalgarve.com\/de\/wp-json\/wp\/v2\/users\/1"}],"replies":[{"embeddable":true,"href":"https:\/\/terracotadoalgarve.com\/de\/wp-json\/wp\/v2\/comments?post=26353"}],"version-history":[{"count":0,"href":"https:\/\/terracotadoalgarve.com\/de\/wp-json\/wp\/v2\/pages\/26353\/revisions"}],"wp:attachment":[{"href":"https:\/\/terracotadoalgarve.com\/de\/wp-json\/wp\/v2\/media?parent=26353"}],"curies":[{"name":"wp","href":"https:\/\/api.w.org\/{rel}","templated":true}]}}