{"id":26339,"date":"2021-10-25T15:56:00","date_gmt":"2021-10-25T15:56:00","guid":{"rendered":"https:\/\/terracotadoalgarve.com\/de\/?page_id=26339"},"modified":"2022-05-09T19:15:17","modified_gmt":"2022-05-09T19:15:17","slug":"platzierung-von-santa-catarina-dachziegel","status":"publish","type":"page","link":"https:\/\/terracotadoalgarve.com\/de\/platzierung-von-santa-catarina-dachziegel\/","title":{"rendered":"Platzierung von Santa Catarina Dachziegel"},"content":{"rendered":"<div class=\"wpb-content-wrapper\"><p>[vc_row][vc_column width=&#8220;1\/5&#8243; offset=&#8220;vc_hidden-sm vc_hidden-xs&#8220;][vc_single_image image=&#8220;26340&#8243; img_size=&#8220;full&#8220; add_caption=&#8220;yes&#8220;][vc_single_image image=&#8220;26341&#8243; img_size=&#8220;full&#8220; add_caption=&#8220;yes&#8220;][vc_single_image image=&#8220;26342&#8243; img_size=&#8220;full&#8220; add_caption=&#8220;yes&#8220;][vc_single_image image=&#8220;26343&#8243; img_size=&#8220;full&#8220; add_caption=&#8220;yes&#8220;][vc_single_image image=&#8220;26344&#8243; img_size=&#8220;full&#8220; add_caption=&#8220;yes&#8220;][vc_single_image image=&#8220;26345&#8243; img_size=&#8220;full&#8220; add_caption=&#8220;yes&#8220;][vc_single_image image=&#8220;26346&#8243; img_size=&#8220;full&#8220; add_caption=&#8220;yes&#8220;][\/vc_column][vc_column width=&#8220;4\/5&#8243;][vc_column_text]Der Santa Catarina Dachziegel ist kein passender Dachziegel, sondern ein sehr einfacher Ziegel, der zum Zeitpunkt des Verlegens besondere Aufmerksamkeit erfordert. Heutzutage wird dieser Dachziegel normalerweise direkt auf einem Dachuntergrund oder auf einer ordnungsgem\u00e4\u00df isolierten Oberfl\u00e4che angebracht. Auf diese Weise wird das Dach vollst\u00e4ndig vor Regen und Feuchtigkeit gesch\u00fctzt.<\/p>\n<p>Bei der Platzierung des Dachziegels m\u00fcssen jedoch einige Aspekte beachtet werden:<\/p>\n<p>Die Platzierung beginnt mit den unteren Kacheln (Kan\u00e4len); Je nach Dachform kann es zweckm\u00e4\u00dfiger sein, die mittlere Reihe anstelle der rechten Endreihe anzuordnen, wie in Schema\u00a0<strong>1 gezeigt<\/strong>.<\/p>\n<p>Die Platzierung der Abdeckungen (oberer Dachziegel) erfolgt gem\u00e4\u00df der Abbildung in\u00a0<strong>Schema 2<\/strong>: Die Dachziegel werden von rechts nach links und von unten nach oben angeordnet. Dies ist die am besten geeignete Vorgehensweise, um geringf\u00fcgige Anpassungen vorzunehmen und gleichzeitig zu verstehen, wie sich das Dach entwickelt. Die Platzierung der Fliese auf diese Weise erleichtert die Ausrichtung der mehreren Reihen entsprechend der Entwicklung des Daches.<\/p>\n<p>Beachten Sie, dass bei der Ausf\u00fchrung von D\u00e4chern mit einer Neigung von mehr als 30% und \/ oder bei starkem Wind die Ziegel im Verh\u00e4ltnis von einem von vier Dachziegeln an der Basis befestigt werden m\u00fcssen. Wenn die Neigung Werte von mehr als 40% aufweist, m\u00fcssen alle Dachziegel befestigt werden.<\/p>\n<p>Die Befestigung kann je nach Art der Unterlage mit Klammern, selbstschneidenden Schrauben, Klebstoff oder Zement erfolgen. Wir empfehlen jedoch die Verwendung eines schwachen M\u00f6rtels, der wie folgt aufbereitet ist: Verwenden Sie f\u00fcr jeden Kubikmeter trockenen Sand eine der folgenden Optionen:\u2022<\/p>\n<ul>\n<li>250 \u2013 350 kg hydraulischer Kalk oder<\/li>\n<li>150 kg Zement und 175 \u2013 225 kg hydraulischer Kalk<\/li>\n<\/ul>\n<p>Hinweis: F\u00fcr die Schrauben- oder Nagelbefestigung muss die Fliese eine Vorbohrung haben, die normalerweise bei Santa Catarina-Dachziegeln fehlt.<\/p>\n<p><strong>Rooftop<\/strong><\/p>\n<p>Es ist der Dachziegel, der das Dach schlie\u00dft, das in der Vereinigung zweier Steigungen angebracht und mit Zement befestigt wurde, gem\u00e4\u00df der Abbildung in\u00a0<strong>Schema 3<\/strong>.<\/p>\n<p>Traufe Fliesen<\/p>\n<p>Die Traufe Dachziegeln (Briefe und Ausl\u00e4ufe) auf der Kante oder Wand aufgebracht, M\u00f6rtel verwendet wird. Es ist wichtig, Folgendes zu beachten:<\/p>\n<ul>\n<li>Kippen, die die Fliesen in Bezug auf die horizontale Ebene des Daches aufweisen m\u00fcssen, mindestens 4% \u2013<strong>\u00a0Schema 4<\/strong><\/li>\n<li>Freie Abmessung der Dachziegel, dh Abmessung, die nicht am Rahmen \/ an der Wand abgest\u00fctzt werden soll, maximal 2\/3 der Kantenl\u00e4nge.<\/li>\n<li>Ausf\u00fchrung von Bel\u00fcftungsl\u00f6chern, die die Bel\u00fcftung der Traufe erm\u00f6glichen, wie in Schema 5 und 6 gezeigt.<\/li>\n<\/ul>\n<p><strong>Fallrohr<\/strong><\/p>\n<p>Es ist die Konvergenz zweier Steigungen, die bei falscher Ausf\u00fchrung zum kompromittierten Bereich des Daches werden. Die Ausf\u00fchrung einer Dachrinne erfordert die Verwendung von metallischen R\u00fcschen, Asphaltb\u00e4ndern oder anderen synthetischen Materialien, die sich auf dem \u00fcblicherweise in M\u00f6rtel ausgef\u00fchrten Profil abst\u00fctzen.<\/p>\n<p>Da es sich um sensible Bereiche eines Daches handelt, sollten die folgenden drei Prinzipien besonders ber\u00fccksichtigt werden:<\/p>\n<p>1\u00ba Das Schneiden der Fliesen, so dass die Dachrinne nach Schema 7 um mindestens 8 cm abgedeckt wird.<br \/>\n2\u00ba Material, das f\u00fcr die Ausf\u00fchrung der Rinne verwendet wird: Das Material, das in der Rinne verwendet werden soll, muss eine lange Lebensdauer gew\u00e4hrleisten. Im Allgemeinen werden metallische oder synthetische Materialien verwendet.<br \/>\n3\u00ba Art des Aufbringens des Materials: Da es sich hierbei um einen kritischen Bereich handelt, sollte sorgf\u00e4ltig auf das Aufbringen des Materials geachtet werden, da sonst das Wasser in diesem Bereich nicht effektiv abflie\u00dft.[\/vc_column_text][vc_row_inner][vc_column_inner offset=&#8220;vc_hidden-lg vc_hidden-md&#8220;][vc_single_image image=&#8220;23328&#8243; img_size=&#8220;full&#8220; add_caption=&#8220;yes&#8220;][vc_single_image image=&#8220;23336&#8243; img_size=&#8220;full&#8220; add_caption=&#8220;yes&#8220;][vc_single_image image=&#8220;23344&#8243; img_size=&#8220;full&#8220; add_caption=&#8220;yes&#8220;][vc_single_image image=&#8220;23352&#8243; img_size=&#8220;full&#8220; add_caption=&#8220;yes&#8220;][vc_single_image image=&#8220;23368&#8243; img_size=&#8220;full&#8220; add_caption=&#8220;yes&#8220;][vc_single_image image=&#8220;23376&#8243; img_size=&#8220;full&#8220; add_caption=&#8220;yes&#8220;][vc_single_image image=&#8220;23360&#8243; img_size=&#8220;full&#8220; add_caption=&#8220;yes&#8220;][\/vc_column_inner][\/vc_row_inner][\/vc_column][\/vc_row]<\/p>\n<\/div>","protected":false},"excerpt":{"rendered":"<p>[vc_row][vc_column width=&#8220;1\/5&#8243; offset=&#8220;vc_hidden-sm vc_hidden-xs&#8220;][vc_single_image image=&#8220;26340&#8243; img_size=&#8220;full&#8220; add_caption=&#8220;yes&#8220;][vc_single_image image=&#8220;26341&#8243; img_size=&#8220;full&#8220; add_caption=&#8220;yes&#8220;][vc_single_image image=&#8220;26342&#8243; img_size=&#8220;full&#8220; add_caption=&#8220;yes&#8220;][vc_single_image image=&#8220;26343&#8243; img_size=&#8220;full&#8220; add_caption=&#8220;yes&#8220;][vc_single_image image=&#8220;26344&#8243; img_size=&#8220;full&#8220; add_caption=&#8220;yes&#8220;][vc_single_image image=&#8220;26345&#8243; img_size=&#8220;full&#8220; add_caption=&#8220;yes&#8220;][vc_single_image image=&#8220;26346&#8243; img_size=&#8220;full&#8220; add_caption=&#8220;yes&#8220;][\/vc_column][vc_column width=&#8220;4\/5&#8243;][vc_column_text]Der<span class=\"excerpt-hellip\"> [\u2026]<\/span><\/p>\n","protected":false},"author":1,"featured_media":0,"parent":0,"menu_order":0,"comment_status":"closed","ping_status":"closed","template":"","meta":{"footnotes":""},"class_list":["post-26339","page","type-page","status-publish","hentry"],"yoast_head":"<!-- This site is optimized with the Yoast SEO plugin v26.9 - https:\/\/yoast.com\/product\/yoast-seo-wordpress\/ -->\n<title>Platzierung von Santa Catarina Dachziegel - Terracota do Algarve<\/title>\n<meta name=\"robots\" content=\"index, follow, max-snippet:-1, max-image-preview:large, max-video-preview:-1\" \/>\n<link rel=\"canonical\" href=\"https:\/\/terracotadoalgarve.com\/de\/platzierung-von-santa-catarina-dachziegel\/\" \/>\n<meta property=\"og:locale\" content=\"de_DE\" \/>\n<meta property=\"og:type\" content=\"article\" \/>\n<meta property=\"og:title\" content=\"Platzierung von Santa Catarina Dachziegel - Terracota do Algarve\" \/>\n<meta property=\"og:description\" content=\"[vc_row][vc_column width=&#8220;1\/5&#8243; offset=&#8220;vc_hidden-sm vc_hidden-xs&#8220;][vc_single_image image=&#8220;26340&#8243; img_size=&#8220;full&#8220; add_caption=&#8220;yes&#8220;][vc_single_image image=&#8220;26341&#8243; img_size=&#8220;full&#8220; add_caption=&#8220;yes&#8220;][vc_single_image image=&#8220;26342&#8243; img_size=&#8220;full&#8220; add_caption=&#8220;yes&#8220;][vc_single_image image=&#8220;26343&#8243; img_size=&#8220;full&#8220; add_caption=&#8220;yes&#8220;][vc_single_image image=&#8220;26344&#8243; img_size=&#8220;full&#8220; add_caption=&#8220;yes&#8220;][vc_single_image image=&#8220;26345&#8243; img_size=&#8220;full&#8220; add_caption=&#8220;yes&#8220;][vc_single_image image=&#8220;26346&#8243; img_size=&#8220;full&#8220; add_caption=&#8220;yes&#8220;][\/vc_column][vc_column width=&#8220;4\/5&#8243;][vc_column_text]Der [\u2026]\" \/>\n<meta property=\"og:url\" content=\"https:\/\/terracotadoalgarve.com\/de\/platzierung-von-santa-catarina-dachziegel\/\" \/>\n<meta property=\"og:site_name\" content=\"Terracota do Algarve\" \/>\n<meta property=\"article:modified_time\" content=\"2022-05-09T19:15:17+00:00\" \/>\n<meta name=\"twitter:card\" content=\"summary_large_image\" \/>\n<meta name=\"twitter:label1\" content=\"Gesch\u00e4tzte Lesezeit\" \/>\n\t<meta name=\"twitter:data1\" content=\"4\u00a0Minuten\" \/>\n<script type=\"application\/ld+json\" class=\"yoast-schema-graph\">{\"@context\":\"https:\/\/schema.org\",\"@graph\":[{\"@type\":\"WebPage\",\"@id\":\"https:\/\/terracotadoalgarve.com\/de\/platzierung-von-santa-catarina-dachziegel\/\",\"url\":\"https:\/\/terracotadoalgarve.com\/de\/platzierung-von-santa-catarina-dachziegel\/\",\"name\":\"Platzierung von Santa Catarina Dachziegel - Terracota do Algarve\",\"isPartOf\":{\"@id\":\"https:\/\/terracotadoalgarve.com\/de\/#website\"},\"datePublished\":\"2021-10-25T15:56:00+00:00\",\"dateModified\":\"2022-05-09T19:15:17+00:00\",\"breadcrumb\":{\"@id\":\"https:\/\/terracotadoalgarve.com\/de\/platzierung-von-santa-catarina-dachziegel\/#breadcrumb\"},\"inLanguage\":\"de\",\"potentialAction\":[{\"@type\":\"ReadAction\",\"target\":[\"https:\/\/terracotadoalgarve.com\/de\/platzierung-von-santa-catarina-dachziegel\/\"]}]},{\"@type\":\"BreadcrumbList\",\"@id\":\"https:\/\/terracotadoalgarve.com\/de\/platzierung-von-santa-catarina-dachziegel\/#breadcrumb\",\"itemListElement\":[{\"@type\":\"ListItem\",\"position\":1,\"name\":\"Home\",\"item\":\"https:\/\/terracotadoalgarve.com\/de\/\"},{\"@type\":\"ListItem\",\"position\":2,\"name\":\"Platzierung von Santa Catarina Dachziegel\"}]},{\"@type\":\"WebSite\",\"@id\":\"https:\/\/terracotadoalgarve.com\/de\/#website\",\"url\":\"https:\/\/terracotadoalgarve.com\/de\/\",\"name\":\"Terracota do Algarve\",\"description\":\"Terracota tiles, Hydraulic cement tiles, Glazed tiles\",\"potentialAction\":[{\"@type\":\"SearchAction\",\"target\":{\"@type\":\"EntryPoint\",\"urlTemplate\":\"https:\/\/terracotadoalgarve.com\/de\/?s={search_term_string}\"},\"query-input\":{\"@type\":\"PropertyValueSpecification\",\"valueRequired\":true,\"valueName\":\"search_term_string\"}}],\"inLanguage\":\"de\"}]}<\/script>\n<!-- \/ Yoast SEO plugin. -->","yoast_head_json":{"title":"Platzierung von Santa Catarina Dachziegel - Terracota do Algarve","robots":{"index":"index","follow":"follow","max-snippet":"max-snippet:-1","max-image-preview":"max-image-preview:large","max-video-preview":"max-video-preview:-1"},"canonical":"https:\/\/terracotadoalgarve.com\/de\/platzierung-von-santa-catarina-dachziegel\/","og_locale":"de_DE","og_type":"article","og_title":"Platzierung von Santa Catarina Dachziegel - Terracota do Algarve","og_description":"[vc_row][vc_column width=&#8220;1\/5&#8243; offset=&#8220;vc_hidden-sm vc_hidden-xs&#8220;][vc_single_image image=&#8220;26340&#8243; img_size=&#8220;full&#8220; add_caption=&#8220;yes&#8220;][vc_single_image image=&#8220;26341&#8243; img_size=&#8220;full&#8220; add_caption=&#8220;yes&#8220;][vc_single_image image=&#8220;26342&#8243; img_size=&#8220;full&#8220; add_caption=&#8220;yes&#8220;][vc_single_image image=&#8220;26343&#8243; img_size=&#8220;full&#8220; add_caption=&#8220;yes&#8220;][vc_single_image image=&#8220;26344&#8243; img_size=&#8220;full&#8220; add_caption=&#8220;yes&#8220;][vc_single_image image=&#8220;26345&#8243; img_size=&#8220;full&#8220; add_caption=&#8220;yes&#8220;][vc_single_image image=&#8220;26346&#8243; img_size=&#8220;full&#8220; add_caption=&#8220;yes&#8220;][\/vc_column][vc_column width=&#8220;4\/5&#8243;][vc_column_text]Der [\u2026]","og_url":"https:\/\/terracotadoalgarve.com\/de\/platzierung-von-santa-catarina-dachziegel\/","og_site_name":"Terracota do Algarve","article_modified_time":"2022-05-09T19:15:17+00:00","twitter_card":"summary_large_image","twitter_misc":{"Gesch\u00e4tzte Lesezeit":"4\u00a0Minuten"},"schema":{"@context":"https:\/\/schema.org","@graph":[{"@type":"WebPage","@id":"https:\/\/terracotadoalgarve.com\/de\/platzierung-von-santa-catarina-dachziegel\/","url":"https:\/\/terracotadoalgarve.com\/de\/platzierung-von-santa-catarina-dachziegel\/","name":"Platzierung von Santa Catarina Dachziegel - Terracota do Algarve","isPartOf":{"@id":"https:\/\/terracotadoalgarve.com\/de\/#website"},"datePublished":"2021-10-25T15:56:00+00:00","dateModified":"2022-05-09T19:15:17+00:00","breadcrumb":{"@id":"https:\/\/terracotadoalgarve.com\/de\/platzierung-von-santa-catarina-dachziegel\/#breadcrumb"},"inLanguage":"de","potentialAction":[{"@type":"ReadAction","target":["https:\/\/terracotadoalgarve.com\/de\/platzierung-von-santa-catarina-dachziegel\/"]}]},{"@type":"BreadcrumbList","@id":"https:\/\/terracotadoalgarve.com\/de\/platzierung-von-santa-catarina-dachziegel\/#breadcrumb","itemListElement":[{"@type":"ListItem","position":1,"name":"Home","item":"https:\/\/terracotadoalgarve.com\/de\/"},{"@type":"ListItem","position":2,"name":"Platzierung von Santa Catarina Dachziegel"}]},{"@type":"WebSite","@id":"https:\/\/terracotadoalgarve.com\/de\/#website","url":"https:\/\/terracotadoalgarve.com\/de\/","name":"Terracota do Algarve","description":"Terracota tiles, Hydraulic cement tiles, Glazed tiles","potentialAction":[{"@type":"SearchAction","target":{"@type":"EntryPoint","urlTemplate":"https:\/\/terracotadoalgarve.com\/de\/?s={search_term_string}"},"query-input":{"@type":"PropertyValueSpecification","valueRequired":true,"valueName":"search_term_string"}}],"inLanguage":"de"}]}},"_links":{"self":[{"href":"https:\/\/terracotadoalgarve.com\/de\/wp-json\/wp\/v2\/pages\/26339","targetHints":{"allow":["GET"]}}],"collection":[{"href":"https:\/\/terracotadoalgarve.com\/de\/wp-json\/wp\/v2\/pages"}],"about":[{"href":"https:\/\/terracotadoalgarve.com\/de\/wp-json\/wp\/v2\/types\/page"}],"author":[{"embeddable":true,"href":"https:\/\/terracotadoalgarve.com\/de\/wp-json\/wp\/v2\/users\/1"}],"replies":[{"embeddable":true,"href":"https:\/\/terracotadoalgarve.com\/de\/wp-json\/wp\/v2\/comments?post=26339"}],"version-history":[{"count":0,"href":"https:\/\/terracotadoalgarve.com\/de\/wp-json\/wp\/v2\/pages\/26339\/revisions"}],"wp:attachment":[{"href":"https:\/\/terracotadoalgarve.com\/de\/wp-json\/wp\/v2\/media?parent=26339"}],"curies":[{"name":"wp","href":"https:\/\/api.w.org\/{rel}","templated":true}]}}