{"id":26333,"date":"2021-10-25T11:30:42","date_gmt":"2021-10-25T11:30:42","guid":{"rendered":"https:\/\/terracotadoalgarve.com\/de\/?page_id=26333"},"modified":"2022-04-26T11:58:33","modified_gmt":"2022-04-26T11:58:33","slug":"warum-dachziegel-aus-ton","status":"publish","type":"page","link":"https:\/\/terracotadoalgarve.com\/de\/warum-dachziegel-aus-ton\/","title":{"rendered":"Warum Dachziegel aus Ton ?"},"content":{"rendered":"<div class=\"wpb-content-wrapper\"><p>[vc_row][vc_column width=&#8220;1\/3&#8243;][vc_single_image image=&#8220;26335&#8243; img_size=&#8220;full&#8220;][vc_single_image image=&#8220;26336&#8243; img_size=&#8220;full&#8220;][\/vc_column][vc_column width=&#8220;2\/3&#8243;][vc_column_text]In einer Umfrage des Verbandes der Hersteller von Dachziegeln aus gebranntem Ton unter Denkmalsch\u00fctzern, Planern, Architekten, Bauherren, Sachverst\u00e4ndigen und Dachdeckerfirmen, best\u00e4tigten 99% der Befragten, da\u00df Lehmdachziegel die Bauausstattung verbessern und 95% benannten den Dachziegel aus Ton als nachhaltigen Baustoff. Die Wahl der Art des Dachziegels, beeinflu\u00dft also sowohl den Charakter als auch letztendlich den wert Ihres Zuhauses.<\/p>\n<p><b>Festigkeit und Best\u00e4ndigkeit:<\/b><\/p>\n<p>Reine Tondachziegel bieten bessere Festigkeit und Langlebigkeit als alle anderen Materialien zur Bedachung. Es existieren viele Beispiele von D\u00e4chern aus reinen Tondachziegeln in makellosem Zustand, welche mehr als 100 Jahre alt sind. Die Best\u00e4ndigkeit der Farbe in Ziegeln aus gebranntem Ton mit seinem nat\u00fcrlichen Farbenspektrum, l\u00e4\u00dft die Ziegel niemals \u201causgewaschen\u201d erscheinen, im Gegenteil, mit zunehmendem Alter wird das Dach in immer sch\u00f6neren, sanften Farben erscheinen.<\/p>\n<p><b>Farbe:<\/b><\/p>\n<p>Das \u00fcberw\u00e4ltigende Argument f\u00fcr reine Tondachziegel, liegt in seiner \u00c4sthetik. Die gro\u00dfe Bandbreite von nat\u00fcrlich gebrannten Farben, von Rot \u00fcber Braun bis hin zu Blau, kann niemals durch k\u00fcnstliche Farben erreicht werden. Ebenso kann die Best\u00e4ndigkeit k\u00fcnstlicher Farben nicht garantiert werden.<\/p>\n<p><b>Vielseitigkeit:<\/b><\/p>\n<p>Die geringe Gr\u00f6\u00dfe reiner Tondachziegel bietet dem Architekten die Vielseitigkeit einzigartige Dachformen zu entwerfen. Gro\u00dfe Ziegelformat bieten diese Flexibilit\u00e4t nicht.<\/p>\n<p><b>Kulturerbe:<\/b><b><\/b><\/p>\n<p>D\u00e4cher aus reinen Tondachziegeln, bilden eine wichtigen Teil des architektonischen Kulturerbes.<\/p>\n<p>Planer und Architekten, die regionale Besonderheiten bewahren m\u00f6chten,\u00a0 schreiben die Verwendung von Tondachziegeln vor.<\/p>\n<p><b>Nachhaltigkeit:<\/b><\/p>\n<p>Reine Tondachziegel sind ein nachhaltiges Produkt, da ihre Langlebigkeit den Einsatz an Energie und Material f\u00fcr die Herstellung in bezug auf die Lebensdauer des Daches, welche meist bei \u00fcber 100 Jahren liegt, mehr als aufwiegt.<\/p>\n<p><b>Zusammengefa\u00dft:<\/b><b><\/b><\/p>\n<p>Die Sch\u00f6nheit nat\u00fcrlicher Lehmfarben ist unerreicht. Tondachziegel reifen und werden sch\u00f6ner je \u00e4lter ein Dach wird.<\/p>\n<p>Die k\u00fcnstlichen Farben von Zement-Dachtziegeln verblassen (Vergleichen Sie 20-30 Jahre alte Betond\u00e4cher mit D\u00e4chern aus Tondachziegeln!).[\/vc_column_text][\/vc_column][\/vc_row]<\/p>\n<\/div>","protected":false},"excerpt":{"rendered":"<p>[vc_row][vc_column width=&#8220;1\/3&#8243;][vc_single_image image=&#8220;26335&#8243; img_size=&#8220;full&#8220;][vc_single_image image=&#8220;26336&#8243; img_size=&#8220;full&#8220;][\/vc_column][vc_column width=&#8220;2\/3&#8243;][vc_column_text]In einer Umfrage des Verbandes der Hersteller von Dachziegeln aus gebranntem Ton unter Denkmalsch\u00fctzern, Planern, Architekten, Bauherren, Sachverst\u00e4ndigen und Dachdeckerfirmen,<span class=\"excerpt-hellip\"> [\u2026]<\/span><\/p>\n","protected":false},"author":1,"featured_media":0,"parent":0,"menu_order":0,"comment_status":"closed","ping_status":"closed","template":"","meta":{"footnotes":""},"class_list":["post-26333","page","type-page","status-publish","hentry"],"yoast_head":"<!-- This site is optimized with the Yoast SEO plugin v26.9 - https:\/\/yoast.com\/product\/yoast-seo-wordpress\/ -->\n<title>Warum Dachziegel aus Ton ? - Terracota do Algarve<\/title>\n<meta name=\"robots\" content=\"index, follow, max-snippet:-1, max-image-preview:large, max-video-preview:-1\" \/>\n<link rel=\"canonical\" href=\"https:\/\/terracotadoalgarve.com\/de\/warum-dachziegel-aus-ton\/\" \/>\n<meta property=\"og:locale\" content=\"de_DE\" \/>\n<meta property=\"og:type\" content=\"article\" \/>\n<meta property=\"og:title\" content=\"Warum Dachziegel aus Ton ? - Terracota do Algarve\" \/>\n<meta property=\"og:description\" content=\"[vc_row][vc_column width=&#8220;1\/3&#8243;][vc_single_image image=&#8220;26335&#8243; img_size=&#8220;full&#8220;][vc_single_image image=&#8220;26336&#8243; img_size=&#8220;full&#8220;][\/vc_column][vc_column width=&#8220;2\/3&#8243;][vc_column_text]In einer Umfrage des Verbandes der Hersteller von Dachziegeln aus gebranntem Ton unter Denkmalsch\u00fctzern, Planern, Architekten, Bauherren, Sachverst\u00e4ndigen und Dachdeckerfirmen, [\u2026]\" \/>\n<meta property=\"og:url\" content=\"https:\/\/terracotadoalgarve.com\/de\/warum-dachziegel-aus-ton\/\" \/>\n<meta property=\"og:site_name\" content=\"Terracota do Algarve\" \/>\n<meta property=\"article:modified_time\" content=\"2022-04-26T11:58:33+00:00\" \/>\n<meta name=\"twitter:card\" content=\"summary_large_image\" \/>\n<meta name=\"twitter:label1\" content=\"Gesch\u00e4tzte Lesezeit\" \/>\n\t<meta name=\"twitter:data1\" content=\"2\u00a0Minuten\" \/>\n<script type=\"application\/ld+json\" class=\"yoast-schema-graph\">{\"@context\":\"https:\/\/schema.org\",\"@graph\":[{\"@type\":\"WebPage\",\"@id\":\"https:\/\/terracotadoalgarve.com\/de\/warum-dachziegel-aus-ton\/\",\"url\":\"https:\/\/terracotadoalgarve.com\/de\/warum-dachziegel-aus-ton\/\",\"name\":\"Warum Dachziegel aus Ton ? - Terracota do Algarve\",\"isPartOf\":{\"@id\":\"https:\/\/terracotadoalgarve.com\/de\/#website\"},\"datePublished\":\"2021-10-25T11:30:42+00:00\",\"dateModified\":\"2022-04-26T11:58:33+00:00\",\"breadcrumb\":{\"@id\":\"https:\/\/terracotadoalgarve.com\/de\/warum-dachziegel-aus-ton\/#breadcrumb\"},\"inLanguage\":\"de\",\"potentialAction\":[{\"@type\":\"ReadAction\",\"target\":[\"https:\/\/terracotadoalgarve.com\/de\/warum-dachziegel-aus-ton\/\"]}]},{\"@type\":\"BreadcrumbList\",\"@id\":\"https:\/\/terracotadoalgarve.com\/de\/warum-dachziegel-aus-ton\/#breadcrumb\",\"itemListElement\":[{\"@type\":\"ListItem\",\"position\":1,\"name\":\"Home\",\"item\":\"https:\/\/terracotadoalgarve.com\/de\/\"},{\"@type\":\"ListItem\",\"position\":2,\"name\":\"Warum Dachziegel aus Ton ?\"}]},{\"@type\":\"WebSite\",\"@id\":\"https:\/\/terracotadoalgarve.com\/de\/#website\",\"url\":\"https:\/\/terracotadoalgarve.com\/de\/\",\"name\":\"Terracota do Algarve\",\"description\":\"Terracota tiles, Hydraulic cement tiles, Glazed tiles\",\"potentialAction\":[{\"@type\":\"SearchAction\",\"target\":{\"@type\":\"EntryPoint\",\"urlTemplate\":\"https:\/\/terracotadoalgarve.com\/de\/?s={search_term_string}\"},\"query-input\":{\"@type\":\"PropertyValueSpecification\",\"valueRequired\":true,\"valueName\":\"search_term_string\"}}],\"inLanguage\":\"de\"}]}<\/script>\n<!-- \/ Yoast SEO plugin. -->","yoast_head_json":{"title":"Warum Dachziegel aus Ton ? - Terracota do Algarve","robots":{"index":"index","follow":"follow","max-snippet":"max-snippet:-1","max-image-preview":"max-image-preview:large","max-video-preview":"max-video-preview:-1"},"canonical":"https:\/\/terracotadoalgarve.com\/de\/warum-dachziegel-aus-ton\/","og_locale":"de_DE","og_type":"article","og_title":"Warum Dachziegel aus Ton ? - Terracota do Algarve","og_description":"[vc_row][vc_column width=&#8220;1\/3&#8243;][vc_single_image image=&#8220;26335&#8243; img_size=&#8220;full&#8220;][vc_single_image image=&#8220;26336&#8243; img_size=&#8220;full&#8220;][\/vc_column][vc_column width=&#8220;2\/3&#8243;][vc_column_text]In einer Umfrage des Verbandes der Hersteller von Dachziegeln aus gebranntem Ton unter Denkmalsch\u00fctzern, Planern, Architekten, Bauherren, Sachverst\u00e4ndigen und Dachdeckerfirmen, [\u2026]","og_url":"https:\/\/terracotadoalgarve.com\/de\/warum-dachziegel-aus-ton\/","og_site_name":"Terracota do Algarve","article_modified_time":"2022-04-26T11:58:33+00:00","twitter_card":"summary_large_image","twitter_misc":{"Gesch\u00e4tzte Lesezeit":"2\u00a0Minuten"},"schema":{"@context":"https:\/\/schema.org","@graph":[{"@type":"WebPage","@id":"https:\/\/terracotadoalgarve.com\/de\/warum-dachziegel-aus-ton\/","url":"https:\/\/terracotadoalgarve.com\/de\/warum-dachziegel-aus-ton\/","name":"Warum Dachziegel aus Ton ? - Terracota do Algarve","isPartOf":{"@id":"https:\/\/terracotadoalgarve.com\/de\/#website"},"datePublished":"2021-10-25T11:30:42+00:00","dateModified":"2022-04-26T11:58:33+00:00","breadcrumb":{"@id":"https:\/\/terracotadoalgarve.com\/de\/warum-dachziegel-aus-ton\/#breadcrumb"},"inLanguage":"de","potentialAction":[{"@type":"ReadAction","target":["https:\/\/terracotadoalgarve.com\/de\/warum-dachziegel-aus-ton\/"]}]},{"@type":"BreadcrumbList","@id":"https:\/\/terracotadoalgarve.com\/de\/warum-dachziegel-aus-ton\/#breadcrumb","itemListElement":[{"@type":"ListItem","position":1,"name":"Home","item":"https:\/\/terracotadoalgarve.com\/de\/"},{"@type":"ListItem","position":2,"name":"Warum Dachziegel aus Ton ?"}]},{"@type":"WebSite","@id":"https:\/\/terracotadoalgarve.com\/de\/#website","url":"https:\/\/terracotadoalgarve.com\/de\/","name":"Terracota do Algarve","description":"Terracota tiles, Hydraulic cement tiles, Glazed tiles","potentialAction":[{"@type":"SearchAction","target":{"@type":"EntryPoint","urlTemplate":"https:\/\/terracotadoalgarve.com\/de\/?s={search_term_string}"},"query-input":{"@type":"PropertyValueSpecification","valueRequired":true,"valueName":"search_term_string"}}],"inLanguage":"de"}]}},"_links":{"self":[{"href":"https:\/\/terracotadoalgarve.com\/de\/wp-json\/wp\/v2\/pages\/26333","targetHints":{"allow":["GET"]}}],"collection":[{"href":"https:\/\/terracotadoalgarve.com\/de\/wp-json\/wp\/v2\/pages"}],"about":[{"href":"https:\/\/terracotadoalgarve.com\/de\/wp-json\/wp\/v2\/types\/page"}],"author":[{"embeddable":true,"href":"https:\/\/terracotadoalgarve.com\/de\/wp-json\/wp\/v2\/users\/1"}],"replies":[{"embeddable":true,"href":"https:\/\/terracotadoalgarve.com\/de\/wp-json\/wp\/v2\/comments?post=26333"}],"version-history":[{"count":0,"href":"https:\/\/terracotadoalgarve.com\/de\/wp-json\/wp\/v2\/pages\/26333\/revisions"}],"wp:attachment":[{"href":"https:\/\/terracotadoalgarve.com\/de\/wp-json\/wp\/v2\/media?parent=26333"}],"curies":[{"name":"wp","href":"https:\/\/api.w.org\/{rel}","templated":true}]}}